{"id":4705,"date":"2023-05-05T15:57:31","date_gmt":"2023-05-05T18:57:31","guid":{"rendered":"https:\/\/sites.uel.br\/prograd\/?page_id=4705"},"modified":"2024-02-07T11:28:59","modified_gmt":"2024-02-07T14:28:59","slug":"projetos-pedagogicos-tecnologia-em-gestao-publica-modalidade-a-distancia","status":"publish","type":"page","link":"https:\/\/sites.uel.br\/prograd\/graduacao\/projetos-pedagogicos\/projetos-pedagogicos-tecnologia-em-gestao-publica-modalidade-a-distancia\/","title":{"rendered":"Projetos Pedag\u00f3gicos"},"content":{"rendered":"\n<hr class=\"wp-block-separator has-alpha-channel-opacity is-style-wide\"\/>\n\n\n\n<h2 class=\"wp-block-heading\">Tecnologia Em Gest\u00e3o P\u00fablica &#8211; Modalidade A Dist\u00e2ncia<\/h2>\n\n\n\n<p><a href=\"https:\/\/sites.uel.br\/prograd\/wp-content\/uploads\/documentos\/resolucoes\/2023\/resolucao_02_23.pdf\" target=\"_blank\" rel=\"noreferrer noopener\"><strong>Resolu\u00e7\u00e3o CEPE\/CA n\u00ba 02\/2023<\/strong><\/a><br>Reformula o Projeto Pedag\u00f3gico do Curso Superior de Tecnologia em Gest\u00e3o P\u00fablica, a ser implantado a partir do ano letivo de 2023<\/p>\n\n\n\n<p><a href=\"https:\/\/sites.uel.br\/prograd\/wp-content\/uploads\/documentos\/resolucoes\/2016\/resolucao_66_16.pdf\" target=\"_blank\" rel=\"noreferrer noopener\"><strong>Resolu\u00e7\u00e3o CEPE n\u00ba 66\/2016<\/strong><\/a><br>Cria o curso Superior de Tecnologia em Gest\u00e3o P\u00fablica &#8211; Modalidade: Educa\u00e7\u00e3o a Dist\u00e2ncia (EAD) e estabelece seu Projeto Pedag\u00f3gico, a vigorar a partir do primeiro semestre de 2017<\/p>\n\n\n\n<hr class=\"wp-block-separator has-text-color has-cinza-color has-css-opacity has-cinza-background-color has-background is-style-wide\"\/>\n\n\n\n<p><strong>Veja tamb\u00e9m:<\/strong><\/p>\n\n\n\n<p><a href=\"https:\/\/sites.uel.br\/prograd\/graduacao\/catalogo-dos-cursos-de-graduacao-indice\/\">Cat\u00e1logo dos Curso de Gradua\u00e7\u00e3o (Organiza\u00e7\u00e3o Curricular, Ementas, Corpo Docente<\/a>)<\/p>\n\n\n\n<p><a href=\"https:\/\/sites.uel.br\/prograd\/regulamentos-tcc-e-estagio\/\">Regulamentos TCC e Est\u00e1gios<\/a><\/p>\n","protected":false},"excerpt":{"rendered":"<p>Tecnologia Em Gest\u00e3o P\u00fablica &#8211; Modalidade A Dist\u00e2ncia Resolu\u00e7\u00e3o CEPE\/CA n\u00ba 02\/2023Reformula o Projeto Pedag\u00f3gico do Curso Superior de Tecnologia em Gest\u00e3o P\u00fablica, a ser implantado a partir do ano letivo de 2023 Resolu\u00e7\u00e3o CEPE n\u00ba 66\/2016Cria o curso Superior de Tecnologia em Gest\u00e3o P\u00fablica &#8211; Modalidade: Educa\u00e7\u00e3o a Dist\u00e2ncia (EAD) e estabelece seu Projeto [&hellip;]<\/p>\n","protected":false},"author":8,"featured_media":0,"parent":174,"menu_order":0,"comment_status":"closed","ping_status":"closed","template":"","meta":{"_acf_changed":false,"_themeisle_gutenberg_block_has_review":false,"footnotes":""},"class_list":["post-4705","page","type-page","status-publish","hentry"],"acf":[],"_links":{"self":[{"href":"https:\/\/sites.uel.br\/prograd\/wp-json\/wp\/v2\/pages\/4705","targetHints":{"allow":["GET"]}}],"collection":[{"href":"https:\/\/sites.uel.br\/prograd\/wp-json\/wp\/v2\/pages"}],"about":[{"href":"https:\/\/sites.uel.br\/prograd\/wp-json\/wp\/v2\/types\/page"}],"author":[{"embeddable":true,"href":"https:\/\/sites.uel.br\/prograd\/wp-json\/wp\/v2\/users\/8"}],"replies":[{"embeddable":true,"href":"https:\/\/sites.uel.br\/prograd\/wp-json\/wp\/v2\/comments?post=4705"}],"version-history":[{"count":10,"href":"https:\/\/sites.uel.br\/prograd\/wp-json\/wp\/v2\/pages\/4705\/revisions"}],"predecessor-version":[{"id":21123,"href":"https:\/\/sites.uel.br\/prograd\/wp-json\/wp\/v2\/pages\/4705\/revisions\/21123"}],"up":[{"embeddable":true,"href":"https:\/\/sites.uel.br\/prograd\/wp-json\/wp\/v2\/pages\/174"}],"wp:attachment":[{"href":"https:\/\/sites.uel.br\/prograd\/wp-json\/wp\/v2\/media?parent=4705"}],"curies":[{"name":"wp","href":"https:\/\/api.w.org\/{rel}","templated":true}]}}