{"id":4687,"date":"2023-05-05T15:52:04","date_gmt":"2023-05-05T18:52:04","guid":{"rendered":"https:\/\/sites.uel.br\/prograd\/?page_id=4687"},"modified":"2024-02-08T11:49:58","modified_gmt":"2024-02-08T14:49:58","slug":"projetos-pedagogicos-matematica-empresarial","status":"publish","type":"page","link":"https:\/\/sites.uel.br\/prograd\/graduacao\/projetos-pedagogicos\/projetos-pedagogicos-matematica-empresarial\/","title":{"rendered":"Projetos Pedag\u00f3gicos"},"content":{"rendered":"\n<hr class=\"wp-block-separator has-alpha-channel-opacity is-style-wide\"\/>\n\n\n\n<h2 class=\"wp-block-heading\">Matem\u00e1tica &#8211; Empresarial<\/h2>\n\n\n\n<p><a href=\"https:\/\/sites.uel.br\/prograd\/wp-content\/uploads\/documentos\/resolucoes\/2018\/resolucao_113_18.pdf\" target=\"_blank\" rel=\"noreferrer noopener\"><strong>Resolu\u00e7\u00e3o CEPE n\u00ba 113\/2018<\/strong><\/a><br>Extingue a oferta da Habilita\u00e7\u00e3o Bacharelado em Matem\u00e1tica Empresarial a partir do ano letivo de 2020<\/p>\n\n\n\n<p><a href=\"https:\/\/sites.uel.br\/prograd\/wp-content\/uploads\/documentos\/deliberacoes\/2018\/deliberacao_18_18.pdf\" target=\"_blank\" rel=\"noreferrer noopener\"><strong>Delibera\u00e7\u00e3o da C\u00e2mara de Gradua\u00e7\u00e3o n\u00ba 18\/2018<\/strong><\/a><br>Altera a vincula\u00e7\u00e3o departamental da atividade acad\u00eamica 2LET005 &#8211; LIBRAS &#8211; L\u00edngua Brasileira de Sinais, do curso de Gradua\u00e7\u00e3o em Matem\u00e1tica, curr\u00edculo 2014<\/p>\n\n\n\n<p><a href=\"https:\/\/sites.uel.br\/prograd\/wp-content\/uploads\/documentos\/resolucoes\/2013\/resolucao_54_13.pdf\" target=\"_blank\" rel=\"noreferrer noopener\"><strong>Resolu\u00e7\u00e3o CEPE\/CA n\u00ba 054\/2013<\/strong><\/a><br>Cria a Habilita\u00e7\u00e3o Bacharelado em Matem\u00e1tica Empresarial, do curso de Matem\u00e1tica, a ser implantado a partir do ano letivo de 2014<\/p>\n\n\n\n<hr class=\"wp-block-separator has-text-color has-cinza-color has-css-opacity has-cinza-background-color has-background is-style-wide\"\/>\n\n\n\n<p><strong>Veja tamb\u00e9m:<\/strong><\/p>\n\n\n\n<p><a href=\"https:\/\/sites.uel.br\/prograd\/graduacao\/catalogo-dos-cursos-de-graduacao-indice\/\">Cat\u00e1logo dos Curso de Gradua\u00e7\u00e3o (Organiza\u00e7\u00e3o Curricular, Ementas, Corpo Docente<\/a>)<\/p>\n\n\n\n<p><a href=\"https:\/\/sites.uel.br\/prograd\/regulamentos-tcc-e-estagio\/\">Regulamentos TCC e Est\u00e1gios<\/a><\/p>\n","protected":false},"excerpt":{"rendered":"<p>Matem\u00e1tica &#8211; Empresarial Resolu\u00e7\u00e3o CEPE n\u00ba 113\/2018Extingue a oferta da Habilita\u00e7\u00e3o Bacharelado em Matem\u00e1tica Empresarial a partir do ano letivo de 2020 Delibera\u00e7\u00e3o da C\u00e2mara de Gradua\u00e7\u00e3o n\u00ba 18\/2018Altera a vincula\u00e7\u00e3o departamental da atividade acad\u00eamica 2LET005 &#8211; LIBRAS &#8211; L\u00edngua Brasileira de Sinais, do curso de Gradua\u00e7\u00e3o em Matem\u00e1tica, curr\u00edculo 2014 Resolu\u00e7\u00e3o CEPE\/CA n\u00ba 054\/2013Cria [&hellip;]<\/p>\n","protected":false},"author":8,"featured_media":0,"parent":174,"menu_order":0,"comment_status":"closed","ping_status":"closed","template":"","meta":{"_acf_changed":false,"_themeisle_gutenberg_block_has_review":false,"footnotes":""},"class_list":["post-4687","page","type-page","status-publish","hentry"],"acf":[],"_links":{"self":[{"href":"https:\/\/sites.uel.br\/prograd\/wp-json\/wp\/v2\/pages\/4687","targetHints":{"allow":["GET"]}}],"collection":[{"href":"https:\/\/sites.uel.br\/prograd\/wp-json\/wp\/v2\/pages"}],"about":[{"href":"https:\/\/sites.uel.br\/prograd\/wp-json\/wp\/v2\/types\/page"}],"author":[{"embeddable":true,"href":"https:\/\/sites.uel.br\/prograd\/wp-json\/wp\/v2\/users\/8"}],"replies":[{"embeddable":true,"href":"https:\/\/sites.uel.br\/prograd\/wp-json\/wp\/v2\/comments?post=4687"}],"version-history":[{"count":9,"href":"https:\/\/sites.uel.br\/prograd\/wp-json\/wp\/v2\/pages\/4687\/revisions"}],"predecessor-version":[{"id":24956,"href":"https:\/\/sites.uel.br\/prograd\/wp-json\/wp\/v2\/pages\/4687\/revisions\/24956"}],"up":[{"embeddable":true,"href":"https:\/\/sites.uel.br\/prograd\/wp-json\/wp\/v2\/pages\/174"}],"wp:attachment":[{"href":"https:\/\/sites.uel.br\/prograd\/wp-json\/wp\/v2\/media?parent=4687"}],"curies":[{"name":"wp","href":"https:\/\/api.w.org\/{rel}","templated":true}]}}