{"id":4681,"date":"2023-05-05T15:50:48","date_gmt":"2023-05-05T18:50:48","guid":{"rendered":"https:\/\/sites.uel.br\/prograd\/?page_id=4681"},"modified":"2024-02-07T11:52:03","modified_gmt":"2024-02-07T14:52:03","slug":"projetos-pedagogicos-licenciatura-em-computacao-modalidade-a-distancia","status":"publish","type":"page","link":"https:\/\/sites.uel.br\/prograd\/graduacao\/projetos-pedagogicos\/projetos-pedagogicos-licenciatura-em-computacao-modalidade-a-distancia\/","title":{"rendered":"Projetos Pedag\u00f3gicos"},"content":{"rendered":"\n<hr class=\"wp-block-separator has-alpha-channel-opacity is-style-wide\"\/>\n\n\n\n<h2 class=\"wp-block-heading\">Licenciatura em Computa\u00e7\u00e3o: Modalidade a Dist\u00e2ncia<\/h2>\n\n\n\n<p><a href=\"https:\/\/sites.uel.br\/prograd\/wp-content\/uploads\/documentos\/deliberacoes\/2018\/deliberacao_20_18.pdf\" target=\"_blank\" rel=\"noreferrer noopener\"><strong>Delibera\u00e7\u00e3o da C\u00e2mara de Gradua\u00e7\u00e3o n\u00ba 20\/2018<\/strong><\/a><br>Cancela os pr\u00e9-requisitos exigidos para as atividades acad\u00eamicas do Curso de Licenciatura em Computa\u00e7\u00e3o, na modalidade a dist\u00e2ncia<\/p>\n\n\n\n<p><a href=\"https:\/\/sites.uel.br\/prograd\/wp-content\/uploads\/documentos\/resolucoes\/2015\/resolucao_69_15.pdf\" target=\"_blank\" rel=\"noreferrer noopener\"><strong>Resolu\u00e7\u00e3o CEPE\/CA n\u00ba 69\/2015<\/strong><\/a><br>Cria o Curso de Licenciatura em Computa\u00e7\u00e3o, na modalidade a dist\u00e2ncia, na Universidade Estadual de Londrina<\/p>\n\n\n\n<hr class=\"wp-block-separator has-text-color has-cinza-color has-css-opacity has-cinza-background-color has-background is-style-wide\"\/>\n\n\n\n<p><strong>Veja tamb\u00e9m:<\/strong><\/p>\n\n\n\n<p><a href=\"https:\/\/sites.uel.br\/prograd\/graduacao\/catalogo-dos-cursos-de-graduacao-indice\/\">Cat\u00e1logo dos Curso de Gradua\u00e7\u00e3o (Organiza\u00e7\u00e3o Curricular, Ementas, Corpo Docente<\/a>)<\/p>\n\n\n\n<p><a href=\"https:\/\/sites.uel.br\/prograd\/regulamentos-tcc-e-estagio\/\">Regulamentos TCC e Est\u00e1gios<\/a><\/p>\n","protected":false},"excerpt":{"rendered":"<p>Licenciatura em Computa\u00e7\u00e3o: Modalidade a Dist\u00e2ncia Delibera\u00e7\u00e3o da C\u00e2mara de Gradua\u00e7\u00e3o n\u00ba 20\/2018Cancela os pr\u00e9-requisitos exigidos para as atividades acad\u00eamicas do Curso de Licenciatura em Computa\u00e7\u00e3o, na modalidade a dist\u00e2ncia Resolu\u00e7\u00e3o CEPE\/CA n\u00ba 69\/2015Cria o Curso de Licenciatura em Computa\u00e7\u00e3o, na modalidade a dist\u00e2ncia, na Universidade Estadual de Londrina Veja tamb\u00e9m: Cat\u00e1logo dos Curso de [&hellip;]<\/p>\n","protected":false},"author":8,"featured_media":0,"parent":174,"menu_order":0,"comment_status":"closed","ping_status":"closed","template":"","meta":{"_acf_changed":false,"_themeisle_gutenberg_block_has_review":false,"footnotes":""},"class_list":["post-4681","page","type-page","status-publish","hentry"],"acf":[],"_links":{"self":[{"href":"https:\/\/sites.uel.br\/prograd\/wp-json\/wp\/v2\/pages\/4681","targetHints":{"allow":["GET"]}}],"collection":[{"href":"https:\/\/sites.uel.br\/prograd\/wp-json\/wp\/v2\/pages"}],"about":[{"href":"https:\/\/sites.uel.br\/prograd\/wp-json\/wp\/v2\/types\/page"}],"author":[{"embeddable":true,"href":"https:\/\/sites.uel.br\/prograd\/wp-json\/wp\/v2\/users\/8"}],"replies":[{"embeddable":true,"href":"https:\/\/sites.uel.br\/prograd\/wp-json\/wp\/v2\/comments?post=4681"}],"version-history":[{"count":9,"href":"https:\/\/sites.uel.br\/prograd\/wp-json\/wp\/v2\/pages\/4681\/revisions"}],"predecessor-version":[{"id":21138,"href":"https:\/\/sites.uel.br\/prograd\/wp-json\/wp\/v2\/pages\/4681\/revisions\/21138"}],"up":[{"embeddable":true,"href":"https:\/\/sites.uel.br\/prograd\/wp-json\/wp\/v2\/pages\/174"}],"wp:attachment":[{"href":"https:\/\/sites.uel.br\/prograd\/wp-json\/wp\/v2\/media?parent=4681"}],"curies":[{"name":"wp","href":"https:\/\/api.w.org\/{rel}","templated":true}]}}