{"id":4678,"date":"2023-05-05T15:49:07","date_gmt":"2023-05-05T18:49:07","guid":{"rendered":"https:\/\/sites.uel.br\/prograd\/?page_id=4678"},"modified":"2025-11-06T13:39:49","modified_gmt":"2025-11-06T16:39:49","slug":"projetos-pedagogicos-letras-ingles","status":"publish","type":"page","link":"https:\/\/sites.uel.br\/prograd\/graduacao\/projetos-pedagogicos\/projetos-pedagogicos-letras-ingles\/","title":{"rendered":"Projetos Pedag\u00f3gicos"},"content":{"rendered":"\n<hr class=\"wp-block-separator has-alpha-channel-opacity is-style-wide\"\/>\n\n\n\n<h2 class=\"wp-block-heading\">Letras Ingl\u00eas<\/h2>\n\n\n\n<p><strong><a href=\"https:\/\/sites.uel.br\/prograd\/wp-content\/uploads\/documentos\/deliberacoes\/2025\/deliberacao_32_25.pdf\" target=\"_blank\" rel=\"noreferrer noopener\">Delibera\u00e7\u00e3o da C\u00e2mara de Gradua\u00e7\u00e3o n\u00ba 32\/2025<\/a><\/strong><br>Constitui o Colegiado do Curso de Letras Ingl\u00eas<\/p>\n\n\n\n<p><strong><a href=\"https:\/\/sites.uel.br\/prograd\/wp-content\/uploads\/documentos\/deliberacoes\/2025\/deliberacao_15_25.pdf\" target=\"_blank\" rel=\"noreferrer noopener\">Delibera\u00e7\u00e3o da C\u00e2mara de Gradua\u00e7\u00e3o n\u00ba 15\/2025<\/a><\/strong><br>Altera o pr\u00e9-requisito exigido para a atividade acad\u00eamica de natureza obrigat\u00f3ria especial 2EST121 \u2013 Est\u00e1gio Curricular Obrigat\u00f3rio em Educa\u00e7\u00e3o Infantil, Ensino Fundamental ou Equivalente, do Curso de Gradua\u00e7\u00e3o em Letras \u2013 Ingl\u00eas<\/p>\n\n\n\n<p><strong><a href=\"https:\/\/sites.uel.br\/prograd\/wp-content\/uploads\/documentos\/deliberacoes\/2024\/deliberacao_08_24.pdf\" target=\"_blank\" rel=\"noreferrer noopener\">Delibera\u00e7\u00e3o da C\u00e2mara de Gradua\u00e7\u00e3o n\u00ba 08\/2024<\/a><\/strong><br>Altera a distribui\u00e7\u00e3o da carga hor\u00e1ria das atividades destinadas ao cumprimento das horas de Atividade Acad\u00eamica Complementar \u2013 AAC no Curso de Letras \u2013 Ingl\u00eas, curr\u00edculo 2019<\/p>\n\n\n\n<p><a href=\"https:\/\/sites.uel.br\/prograd\/wp-content\/uploads\/documentos\/resolucoes\/2023\/resolucao_10_23.pdf\" target=\"_blank\" rel=\"noreferrer noopener\"><strong>Resolu\u00e7\u00e3o CEPE\/CA n\u00ba 10\/2023<\/strong><\/a><br>Reformula o Projeto Pedag\u00f3gico do Curso de Letras-lngl\u00eas, a ser implantado a partir do ano letivo de 2023<\/p>\n\n\n\n<p><a href=\"https:\/\/sites.uel.br\/prograd\/wp-content\/uploads\/documentos\/resolucoes\/2019\/resolucao_79_19.pdf\" target=\"_blank\" rel=\"noreferrer noopener\"><strong>Resolu\u00e7\u00e3o CEPE n\u00ba 79\/2019<\/strong><\/a><br>Extingue, no turno vespertino, a oferta do curso de Letras Ingl\u00eas, modalidade: Licenciatura, Habilita\u00e7\u00e3o: L\u00edngua Inglesa e Literaturas em L\u00edngua Inglesa<\/p>\n\n\n\n<p><a href=\"https:\/\/sites.uel.br\/prograd\/wp-content\/uploads\/documentos\/deliberacoes\/2019\/deliberacao_21_19.pdf\" target=\"_blank\" rel=\"noreferrer noopener\"><strong>Delibera\u00e7\u00e3o da C\u00e2mara de Gradua\u00e7\u00e3o n\u00ba 21\/2019<\/strong><\/a><br>Altera a ementa da atividade acad\u00eamica 6LEM133 &#8211; Literaturas de L\u00edngua Inglesa III do Curso de Gradua\u00e7\u00e3o em Letras Ingl\u00eas, Licenciatura em L\u00edngua Inglesa e Literaturas em L\u00edngua Inglesa<\/p>\n\n\n\n<p><a href=\"https:\/\/sites.uel.br\/prograd\/wp-content\/uploads\/documentos\/resolucoes\/2018\/resolucao_119_18.pdf\" target=\"_blank\" rel=\"noreferrer noopener\"><strong>Resolu\u00e7\u00e3o CEPE\/CA n\u00ba 119\/2018<\/strong><\/a><br>Reformula o Projeto Pedag\u00f3gico do Curso de Letras Ingl\u00eas &#8211; Licenciatura em L\u00edngua Inglesa e Literaturas em L\u00edngua Inglesa, a ser implantado a partir do ano letivo de 2019<\/p>\n\n\n\n<p><a href=\"https:\/\/sites.uel.br\/prograd\/wp-content\/uploads\/documentos\/deliberacoes\/2015\/deliberacao_15_15.pdf\" target=\"_blank\" rel=\"noreferrer noopener\"><strong>Delibera\u00e7\u00e3o da C\u00e2mara de Gradua\u00e7\u00e3o n\u00ba 15\/2015<\/strong><\/a><br>Aprova o Regulamento do NDE &#8211; N\u00facleo Docente Estruturante, do Curso de Letras Ingl\u00eas &#8211; Modalidade: Licenciatura &#8211; Habilita\u00e7\u00e3o: L\u00edngua Inglesa e Literaturas em L\u00edngua Inglesa; Letras Espanhol &#8211; Modalidade: Licenciatura &#8211; Habilita\u00e7\u00e3o: L\u00edngua Espanhola e Literatura Hisp\u00e2nica e Letras Franc\u00eas &#8211; Modalidade: Bacharelado &#8211; Habilita\u00e7\u00e3o: L\u00edngua e Cultura Francesas<\/p>\n\n\n\n<p><a href=\"https:\/\/sites.uel.br\/prograd\/wp-content\/uploads\/documentos\/deliberacoes\/2014\/deliberacao_28_14.pdf\" target=\"_blank\" rel=\"noreferrer noopener\"><strong>Delibera\u00e7\u00e3o da C\u00e2mara de Gradua\u00e7\u00e3o n\u00ba 28\/2014<\/strong><\/a><br>Estabelece adequa\u00e7\u00f5es curriculares no curso de Gradua\u00e7\u00e3o em Letras Ingl\u00eas &#8211; Modalidade: Licenciatura &#8211; Habilita\u00e7\u00e3o: L\u00edngua Inglesa e Literaturas em L\u00edngua Inglesa e Letras Espanhol &#8211; Modalidade: Licenciatura &#8211; Habilita\u00e7\u00e3o: L\u00edngua Espanhola e Literatura Hisp\u00e2nica<\/p>\n\n\n\n<p><a href=\"https:\/\/sites.uel.br\/prograd\/wp-content\/uploads\/documentos\/deliberacoes\/2013\/deliberacao_19_13.pdf\" target=\"_blank\" rel=\"noreferrer noopener\"><strong>Delibera\u00e7\u00e3o da C\u00e2mara de Gradua\u00e7\u00e3o n\u00ba 19\/2013<\/strong><\/a><br>Estabelece adequa\u00e7\u00f5es curriculares nos cursos de Letras Espanhol &#8211; modalidade: Licenciatura &#8211; Habilita\u00e7\u00e3o: L\u00edngua Espanhola e Literatura Hisp\u00e2nica e Letras Ingl\u00eas &#8211; modalidade: Licenciatura &#8211; Habilita\u00e7\u00e3o: L\u00edngua Inglesa e Literaturas em L\u00edngua Inglesa<\/p>\n\n\n\n<p><a href=\"https:\/\/sites.uel.br\/prograd\/wp-content\/uploads\/documentos\/resolucoes\/2013\/resolucao_86_13.pdf\" target=\"_blank\" rel=\"noreferrer noopener\"><strong>Resolu\u00e7\u00e3o CEPE\/CA n\u00ba 086\/2013<\/strong><\/a><br>Suprime o par\u00e1grafo \u00fanico, do Artigo 24, das Resolu\u00e7\u00f5es CEPE\/CA n\u00ba 0276\/2009 e n\u00ba 0281\/2009<\/p>\n\n\n\n<p><a href=\"https:\/\/sites.uel.br\/prograd\/wp-content\/uploads\/documentos\/resolucoes\/2013\/resolucao_49_13.pdf\" target=\"_blank\" rel=\"noreferrer noopener\"><strong>Resolu\u00e7\u00e3o CEPE n\u00ba 049\/2013<\/strong><\/a><br>Altera a denomina\u00e7\u00e3o do Curso de Letras &#8211; modalidade: Licenciatura &#8211; habilita\u00e7\u00e3o L\u00edngua Inglesa e Literaturas em L\u00edngua Inglesa; Letras &#8211; modalidade: Licenciatura &#8211; habilita\u00e7\u00e3o: L\u00edngua Espanhola e Literatura Hisp\u00e2nica; Letras &#8211; modalidade: Bacharelado &#8211; habilita\u00e7\u00e3o: L\u00edngua e Cultura Francesas; Letras &#8211; Modalidade: Licenciatura &#8211; Habilita\u00e7\u00e3o: L\u00edngua Portuguesa e Respectivas Literaturas e Letras &#8211; Modalidade: Bacharelado &#8211; Habilita\u00e7\u00e3o: Estudos Liter\u00e1rios, a vigorar a partir do ano letivo de 2014<\/p>\n\n\n\n<p><a href=\"https:\/\/sites.uel.br\/prograd\/wp-content\/uploads\/documentos\/deliberacoes\/2012\/deliberacao_08_12.pdf\" target=\"_blank\" rel=\"noreferrer noopener\"><strong>Delibera\u00e7\u00e3o da C\u00e2mara de Gradua\u00e7\u00e3o n\u00ba 08\/2012<\/strong><\/a><br>Altera a composi\u00e7\u00e3o do Colegiado do Curso de Letras &#8211; Modalidade &#8211; Bacharelado, Habilita\u00e7\u00e3o: L\u00edngua e Cultura Francesas e Modalidade &#8211; Licenciatura, Habilita\u00e7\u00f5es: L\u00edngua Espanhola e Literatura Hisp\u00e2nica; L\u00edngua Inglesa e Literaturas em L\u00edngua Inglesa<\/p>\n\n\n\n<p><a href=\"https:\/\/sites.uel.br\/prograd\/wp-content\/uploads\/documentos\/deliberacoes\/2011\/deliberacao_18_11.pdf\" target=\"_blank\" rel=\"noreferrer noopener\"><strong>Delibera\u00e7\u00e3o da C\u00e2mara de Gradua\u00e7\u00e3o n\u00ba 18\/2011<\/strong><\/a><br>Altera a ementa da Atividade Acad\u00eamica de Libras &#8211; L\u00edngua Brasileira de Sinais, locada na 2\u00aa s\u00e9rie do curso de Letras &#8211; Modalidade: Licenciatura, Habilita\u00e7\u00e3o Licenciatura em L\u00edngua Espanhola e Literatura Hisp\u00e2nica; e na 4\u00aa s\u00e9rie do curso de Letras &#8211; Modalidade: Licenciatura, Habilita\u00e7\u00e3o: Licenciatura em L\u00edngua Inglesa e Literaturas em L\u00edngua Inglesa, a vigorar a partir do ano letivo de 2012<\/p>\n\n\n\n<p><a href=\"https:\/\/sites.uel.br\/prograd\/wp-content\/uploads\/documentos\/resolucoes\/2009\/resolucao_281_09.pdf\" target=\"_blank\" rel=\"noreferrer noopener\"><strong>Resolu\u00e7\u00e3o CEPE\/CA n\u00ba 0281\/2009<\/strong><\/a><br>Reformula o Projeto Pedag\u00f3gico do Curso de Letras, Modalidade: Licenciatura, Habilita\u00e7\u00e3o: L\u00edngua Inglesa e Respectivas Literaturas, a ser implantado a partir do ano letivo de 2010<\/p>\n\n\n\n<p><a href=\"https:\/\/sites.uel.br\/prograd\/wp-content\/uploads\/documentos\/deliberacoes\/2008\/deliberacao_24_08.pdf\" target=\"_blank\" rel=\"noreferrer noopener\"><strong>Delibera\u00e7\u00e3o da C\u00e2mara de Gradua\u00e7\u00e3o n\u00ba 24\/2008<\/strong><\/a><br>Estabelece adequa\u00e7\u00f5es curriculares para o curso de gradua\u00e7\u00e3o em Letras, Habilita\u00e7\u00e3o: Licenciatura em L\u00edngua Inglesa e Respectivas Literaturas, Licenciatura em L\u00edngua Espanhola e Respetivas Literaturas e Habilita\u00e7\u00e3o Opcional em L\u00edngua e Cultura Francesa, a vigorar a partir do ano letivo de 2009<\/p>\n\n\n\n<p><a href=\"https:\/\/sites.uel.br\/prograd\/wp-content\/uploads\/documentos\/deliberacoes\/2007\/deliberacao_82_07.pdf\" target=\"_blank\" rel=\"noreferrer noopener\"><strong>Delibera\u00e7\u00e3o da C\u00e2mara de Gradua\u00e7\u00e3o n\u00ba 082\/2007<\/strong><\/a><br>Estabelece adequa\u00e7\u00e3o curricular para o Curso de Gradua\u00e7\u00e3o em Letras, Modalidade: Licenciatura \u2013 Habilita\u00e7\u00f5es: L\u00ednguas Espanhola e Inglesa e Respectivas Literaturas, a vigorar a partir do ano letivo de 2008<\/p>\n\n\n\n<p><a href=\"https:\/\/sites.uel.br\/prograd\/wp-content\/uploads\/documentos\/resolucoes\/2007\/resolucao_60_07.pdf\" target=\"_blank\" rel=\"noreferrer noopener\"><strong>Resolu\u00e7\u00e3o CEPE n\u00ba 060\/2007<\/strong><\/a><br>Altera os Artigos 11 e seus \u00a7 1\u00ba e \u00a7 2\u00ba das Resolu\u00e7\u00f5es CEPE n\u00bas 363\/2005 e 364\/2005 que regulamenta o curr\u00edculo pleno do Curso de Letras &#8211; Modalidade: Licenciatura, Habilita\u00e7\u00e3o: L\u00edngua Inglesa e Respectivas Literaturas e Habilita\u00e7\u00e3o: L\u00edngua Espanhola e Respectivas Literaturas passando a vigorar a partir do ano letivo de 2008<\/p>\n\n\n\n<p><a href=\"https:\/\/sites.uel.br\/prograd\/wp-content\/uploads\/documentos\/resolucoes\/2006\/resolucao_193_06.pdf\" target=\"_blank\" rel=\"noreferrer noopener\"><strong>Resolu\u00e7\u00e3o CEPE n\u00ba 193\/2006<\/strong><\/a><br>Revoga a Resolu\u00e7\u00e3o CEPE n\u00ba 362\/2005, que criou o Curso de Letras Estrangeiras Modernas, e d\u00e1 outras provid\u00eancias<\/p>\n\n\n\n<p><a href=\"https:\/\/sites.uel.br\/prograd\/wp-content\/uploads\/documentos\/resolucoes\/2005\/resolucao_363_05.pdf\" target=\"_blank\" rel=\"noreferrer noopener\"><strong>Resolu\u00e7\u00e3o CEPE n\u00ba 363\/2005<\/strong><\/a><br>Estabelece o curr\u00edculo pleno do Curso Letras Estrangeiras Modernas &#8211; Habilita\u00e7\u00e3o: Licenciatura em L\u00edngua Inglesa e Respectivas Literaturas, a ser implantado a partir do ano letivo de 2006<\/p>\n\n\n\n<p><a href=\"https:\/\/sites.uel.br\/prograd\/wp-content\/uploads\/documentos\/resolucoes\/2005\/resolucao_362_05.pdf\" target=\"_blank\" rel=\"noreferrer noopener\"><strong>Resolu\u00e7\u00e3o CEPE n\u00ba 362\/2005<\/strong><\/a><br>Cria o Curso de Letras Estrangeiras Modernas a ser ofertado a partir do ano de 2006<\/p>\n\n\n\n<hr class=\"wp-block-separator has-text-color has-cinza-color has-css-opacity has-cinza-background-color has-background is-style-wide\"\/>\n\n\n\n<p><strong>Veja tamb\u00e9m:<\/strong><\/p>\n\n\n\n<p><a href=\"https:\/\/sites.uel.br\/prograd\/graduacao\/catalogo-dos-cursos-de-graduacao-indice\/\">Cat\u00e1logo dos Curso de Gradua\u00e7\u00e3o (Organiza\u00e7\u00e3o Curricular, Ementas, Corpo Docente<\/a>)<\/p>\n\n\n\n<p><a href=\"https:\/\/sites.uel.br\/prograd\/regulamentos-tcc-e-estagio\/\">Regulamentos TCC e Est\u00e1gios<\/a><\/p>\n","protected":false},"excerpt":{"rendered":"<p>Letras Ingl\u00eas Delibera\u00e7\u00e3o da C\u00e2mara de Gradua\u00e7\u00e3o n\u00ba 32\/2025Constitui o Colegiado do Curso de Letras Ingl\u00eas Delibera\u00e7\u00e3o da C\u00e2mara de Gradua\u00e7\u00e3o n\u00ba 15\/2025Altera o pr\u00e9-requisito exigido para a atividade acad\u00eamica de natureza obrigat\u00f3ria especial 2EST121 \u2013 Est\u00e1gio Curricular Obrigat\u00f3rio em Educa\u00e7\u00e3o Infantil, Ensino Fundamental ou Equivalente, do Curso de Gradua\u00e7\u00e3o em Letras \u2013 Ingl\u00eas Delibera\u00e7\u00e3o [&hellip;]<\/p>\n","protected":false},"author":8,"featured_media":0,"parent":174,"menu_order":0,"comment_status":"closed","ping_status":"closed","template":"","meta":{"_acf_changed":false,"_themeisle_gutenberg_block_has_review":false,"footnotes":""},"class_list":["post-4678","page","type-page","status-publish","hentry"],"acf":[],"_links":{"self":[{"href":"https:\/\/sites.uel.br\/prograd\/wp-json\/wp\/v2\/pages\/4678","targetHints":{"allow":["GET"]}}],"collection":[{"href":"https:\/\/sites.uel.br\/prograd\/wp-json\/wp\/v2\/pages"}],"about":[{"href":"https:\/\/sites.uel.br\/prograd\/wp-json\/wp\/v2\/types\/page"}],"author":[{"embeddable":true,"href":"https:\/\/sites.uel.br\/prograd\/wp-json\/wp\/v2\/users\/8"}],"replies":[{"embeddable":true,"href":"https:\/\/sites.uel.br\/prograd\/wp-json\/wp\/v2\/comments?post=4678"}],"version-history":[{"count":13,"href":"https:\/\/sites.uel.br\/prograd\/wp-json\/wp\/v2\/pages\/4678\/revisions"}],"predecessor-version":[{"id":35788,"href":"https:\/\/sites.uel.br\/prograd\/wp-json\/wp\/v2\/pages\/4678\/revisions\/35788"}],"up":[{"embeddable":true,"href":"https:\/\/sites.uel.br\/prograd\/wp-json\/wp\/v2\/pages\/174"}],"wp:attachment":[{"href":"https:\/\/sites.uel.br\/prograd\/wp-json\/wp\/v2\/media?parent=4678"}],"curies":[{"name":"wp","href":"https:\/\/api.w.org\/{rel}","templated":true}]}}