{"id":4639,"date":"2023-05-05T15:33:20","date_gmt":"2023-05-05T18:33:20","guid":{"rendered":"https:\/\/sites.uel.br\/prograd\/?page_id=4639"},"modified":"2024-02-06T14:28:03","modified_gmt":"2024-02-06T17:28:03","slug":"projetos-pedagogicos-biomedicina","status":"publish","type":"page","link":"https:\/\/sites.uel.br\/prograd\/graduacao\/projetos-pedagogicos\/projetos-pedagogicos-biomedicina\/","title":{"rendered":"Projetos Pedag\u00f3gicos"},"content":{"rendered":"\n<hr class=\"wp-block-separator has-alpha-channel-opacity is-style-wide\"\/>\n\n\n\n<h2 class=\"wp-block-heading\">Biomedicina<\/h2>\n\n\n\n<p><a href=\"https:\/\/sites.uel.br\/prograd\/wp-content\/uploads\/documentos\/resolucoes\/2022\/resolucao_49_22.pdf\" target=\"_blank\" rel=\"noreferrer noopener\"><strong>Resolu\u00e7\u00e3o CEPE\/CA n\u00ba 49\/2022<\/strong><\/a><br>Reformula o Projeto Pedag\u00f3gico do Curso de Biomedicina, a ser implantado a partir do ano letivo de 2023<\/p>\n\n\n\n<p><a href=\"https:\/\/sites.uel.br\/prograd\/wp-content\/uploads\/documentos\/deliberacoes\/2017\/deliberacao_10_17.pdf\" target=\"_blank\" rel=\"noreferrer noopener\"><strong>Delibera\u00e7\u00e3o da C\u00e2mara de Gradua\u00e7\u00e3o n\u00ba 10\/2017<\/strong><\/a><br>Altera a composi\u00e7\u00e3o do Colegiado do Curso de Biomedicina<\/p>\n\n\n\n<p><a href=\"https:\/\/sites.uel.br\/prograd\/wp-content\/uploads\/documentos\/deliberacoes\/2016\/deliberacao_25_16.pdf\" target=\"_blank\" rel=\"noreferrer noopener\"><strong>Delibera\u00e7\u00e3o da C\u00e2mara de Gradua\u00e7\u00e3o n\u00ba 25\/2016<\/strong><\/a><br>Altera a ementa da Atividade Acad\u00eamica 6EST229 &#8211; Pr\u00e1tica em A\u00e7\u00e3o Docente, do Curso de Gradua\u00e7\u00e3o em Biomedicina, curr\u00edculo 2017<\/p>\n\n\n\n<p><a href=\"https:\/\/sites.uel.br\/prograd\/wp-content\/uploads\/documentos\/resolucoes\/2016\/resolucao_54_16.pdf\" target=\"_blank\" rel=\"noreferrer noopener\"><strong>Resolu\u00e7\u00e3o CEPE\/CA n\u00ba 54\/2016<\/strong><\/a><br>Reformula o Projeto Pedag\u00f3gico do Curso de Biomedicina, a ser implantado a partir do ano letivo de 2017<\/p>\n\n\n\n<p><a href=\"https:\/\/sites.uel.br\/prograd\/wp-content\/uploads\/documentos\/deliberacoes\/2014\/deliberacao_42_14.pdf\" target=\"_blank\" rel=\"noreferrer noopener\"><strong>Delibera\u00e7\u00e3o da C\u00e2mara de Gradua\u00e7\u00e3o n\u00ba 42\/2014<\/strong><\/a><br>Altera a ementa da atividade acad\u00eamica 5CIF037 Atualidades em Biomedicina, do curso de Gradua\u00e7\u00e3o em Biomedicina, curr\u00edculo 2010<\/p>\n\n\n\n<p><a href=\"https:\/\/sites.uel.br\/prograd\/wp-content\/uploads\/documentos\/deliberacoes\/2014\/deliberacao_04_14.pdf\" target=\"_blank\" rel=\"noreferrer noopener\"><strong>Delibera\u00e7\u00e3o da C\u00e2mara de Gradua\u00e7\u00e3o n\u00ba 04\/2014<\/strong><\/a><br>Inclui Libras &#8211; L\u00edngua Brasileira de Sinais como disciplina especial no Projeto Pedag\u00f3gico do Curso de Biomedicina, a partir do ano letivo de 2014<\/p>\n\n\n\n<p><a href=\"https:\/\/sites.uel.br\/prograd\/wp-content\/uploads\/documentos\/deliberacoes\/2011\/deliberacao_08_11.pdf\" target=\"_blank\" rel=\"noreferrer noopener\"><strong>Delibera\u00e7\u00e3o da C\u00e2mara de Gradua\u00e7\u00e3o n\u00ba 08\/2011<\/strong><\/a><br>Altera a vincula\u00e7\u00e3o departamental da Atividade Acad\u00eamica 5MED018 &#8211; Epidemiologia Cl\u00ednica, locada na 2\u00aa s\u00e9rie do curso de Biomedicina, curr\u00edculo 2010, a partir do ano letivo de 2012<\/p>\n\n\n\n<p><a href=\"https:\/\/sites.uel.br\/prograd\/wp-content\/uploads\/documentos\/deliberacoes\/2009\/deliberacao_17_09.pdf\" target=\"_blank\" rel=\"noreferrer noopener\"><strong>Delibera\u00e7\u00e3o da C\u00e2mara de Gradua\u00e7\u00e3o n\u00ba 17\/2009<\/strong><\/a><br>Estabece adequa\u00e7\u00e3o curricular no curso de Biomedicina, a vigorar a partir do ano letivo de 2010<\/p>\n\n\n\n<p><a href=\"https:\/\/sites.uel.br\/prograd\/wp-content\/uploads\/documentos\/deliberacoes\/2006\/deliberacao_07_06.pdf\" target=\"_blank\" rel=\"noreferrer noopener\"><strong>Delibera\u00e7\u00e3o da C\u00e2mara de Gradua\u00e7\u00e3o n\u00ba 07\/2006<\/strong><\/a><br>Estabelece adequa\u00e7\u00f5es curriculares para o curso de gradua\u00e7\u00e3o em Biomedicina, a serem implantadas a partir do ano letivo de 2006<\/p>\n\n\n\n<p><a href=\"https:\/\/sites.uel.br\/prograd\/wp-content\/uploads\/documentos\/deliberacoes\/2005\/deliberacao_11_05.pdf\" target=\"_blank\" rel=\"noreferrer noopener\"><strong>Delibera\u00e7\u00e3o da C\u00e2mara de Gradua\u00e7\u00e3o n\u00ba 11\/2005<\/strong><\/a><br>Estabelece adequa\u00e7\u00f5es curriculares para o curso de Biomedicina a serem implantadas a partir do ano letivo de 2006, retroativas aos ingressantes de 2005<\/p>\n\n\n\n<p><a href=\"https:\/\/sites.uel.br\/prograd\/wp-content\/uploads\/documentos\/resolucoes\/2005\/resolucao_21_05.pdf\" target=\"_blank\" rel=\"noreferrer noopener\"><strong>Resolu\u00e7\u00e3o CEPE n\u00ba 21\/2005<\/strong><\/a><br>Estabelece adequa\u00e7\u00f5es curriculares para o curso de Biomedicina a serem implantadas a partir do ano letivo de 2005<\/p>\n\n\n\n<hr class=\"wp-block-separator has-text-color has-cinza-color has-css-opacity has-cinza-background-color has-background is-style-wide\"\/>\n\n\n\n<p><strong>Veja tamb\u00e9m:<\/strong><\/p>\n\n\n\n<p><a href=\"https:\/\/sites.uel.br\/prograd\/graduacao\/catalogo-dos-cursos-de-graduacao-indice\/\">Cat\u00e1logo dos Curso de Gradua\u00e7\u00e3o (Organiza\u00e7\u00e3o Curricular, Ementas, Corpo Docente<\/a>)<\/p>\n\n\n\n<p><a href=\"https:\/\/sites.uel.br\/prograd\/regulamentos-tcc-e-estagio\/\">Regulamentos TCC e Est\u00e1gios<\/a><\/p>\n","protected":false},"excerpt":{"rendered":"<p>Biomedicina Resolu\u00e7\u00e3o CEPE\/CA n\u00ba 49\/2022Reformula o Projeto Pedag\u00f3gico do Curso de Biomedicina, a ser implantado a partir do ano letivo de 2023 Delibera\u00e7\u00e3o da C\u00e2mara de Gradua\u00e7\u00e3o n\u00ba 10\/2017Altera a composi\u00e7\u00e3o do Colegiado do Curso de Biomedicina Delibera\u00e7\u00e3o da C\u00e2mara de Gradua\u00e7\u00e3o n\u00ba 25\/2016Altera a ementa da Atividade Acad\u00eamica 6EST229 &#8211; Pr\u00e1tica em A\u00e7\u00e3o Docente, [&hellip;]<\/p>\n","protected":false},"author":8,"featured_media":0,"parent":174,"menu_order":0,"comment_status":"closed","ping_status":"closed","template":"","meta":{"_acf_changed":false,"_themeisle_gutenberg_block_has_review":false,"footnotes":""},"class_list":["post-4639","page","type-page","status-publish","hentry"],"acf":[],"_links":{"self":[{"href":"https:\/\/sites.uel.br\/prograd\/wp-json\/wp\/v2\/pages\/4639","targetHints":{"allow":["GET"]}}],"collection":[{"href":"https:\/\/sites.uel.br\/prograd\/wp-json\/wp\/v2\/pages"}],"about":[{"href":"https:\/\/sites.uel.br\/prograd\/wp-json\/wp\/v2\/types\/page"}],"author":[{"embeddable":true,"href":"https:\/\/sites.uel.br\/prograd\/wp-json\/wp\/v2\/users\/8"}],"replies":[{"embeddable":true,"href":"https:\/\/sites.uel.br\/prograd\/wp-json\/wp\/v2\/comments?post=4639"}],"version-history":[{"count":11,"href":"https:\/\/sites.uel.br\/prograd\/wp-json\/wp\/v2\/pages\/4639\/revisions"}],"predecessor-version":[{"id":20961,"href":"https:\/\/sites.uel.br\/prograd\/wp-json\/wp\/v2\/pages\/4639\/revisions\/20961"}],"up":[{"embeddable":true,"href":"https:\/\/sites.uel.br\/prograd\/wp-json\/wp\/v2\/pages\/174"}],"wp:attachment":[{"href":"https:\/\/sites.uel.br\/prograd\/wp-json\/wp\/v2\/media?parent=4639"}],"curies":[{"name":"wp","href":"https:\/\/api.w.org\/{rel}","templated":true}]}}