{"id":4574,"date":"2023-05-05T15:28:47","date_gmt":"2023-05-05T18:28:47","guid":{"rendered":"https:\/\/sites.uel.br\/prograd\/?page_id=4574"},"modified":"2025-07-29T16:08:33","modified_gmt":"2025-07-29T19:08:33","slug":"projetos-pedagogicos-quimica-bacharelado","status":"publish","type":"page","link":"https:\/\/sites.uel.br\/prograd\/graduacao\/projetos-pedagogicos\/projetos-pedagogicos-quimica-bacharelado\/","title":{"rendered":"Projetos Pedag\u00f3gicos"},"content":{"rendered":"\n<hr class=\"wp-block-separator has-alpha-channel-opacity is-style-wide\"\/>\n\n\n\n<h2 class=\"wp-block-heading\">Qu\u00edmica &#8211; Bacharelado<\/h2>\n\n\n\n<p><strong><a href=\"https:\/\/sites.uel.br\/prograd\/wp-content\/uploads\/documentos\/deliberacoes\/2025\/deliberacao_18_25.pdf\" target=\"_blank\" rel=\"noreferrer noopener\">Delibera\u00e7\u00e3o da C\u00e2mara de Gradua\u00e7\u00e3o n\u00ba 18\/2025<\/a><\/strong><br>Altera a forma de oferta da atividade acad\u00eamica 2QUI170 \u2013 F\u00edsico-Qu\u00edmica Experimental, do Curso de Gradua\u00e7\u00e3o em Qu\u00edmica \u2013 Bacharelado, curr\u00edculo 2023<\/p>\n\n\n\n<p><strong><a href=\"https:\/\/sites.uel.br\/prograd\/wp-content\/uploads\/documentos\/deliberacoes\/2025\/deliberacao_07_25.pdf\" target=\"_blank\" rel=\"noreferrer noopener\">Delibera\u00e7\u00e3o da C\u00e2mara de Gradua\u00e7\u00e3o n\u00ba 07\/2025<\/a><\/strong><br>Atualiza o quadro de equival\u00eancia de estudos entre as atividades acad\u00eamicas do Curso de Qu\u00edmica \u2013 Bacharelado, curr\u00edculos 2022 e 2014\/2017<\/p>\n\n\n\n<p><strong><a href=\"https:\/\/sites.uel.br\/prograd\/wp-content\/uploads\/documentos\/deliberacoes\/2024\/deliberacao_18_24.pdf\" target=\"_blank\" rel=\"noreferrer noopener\">Delibera\u00e7\u00e3o da C\u00e2mara de Gradua\u00e7\u00e3o n\u00ba 18\/2024<\/a><\/strong><br>Altera a ementa da atividade acad\u00eamica STA009 \u2013 Estat\u00edstica, do curso de Gradua\u00e7\u00e3o em Qu\u00edmica \u2013 Bacharelado, curr\u00edculo 2022<\/p>\n\n\n\n<p><a href=\"https:\/\/sites.uel.br\/prograd\/wp-content\/uploads\/documentos\/resolucoes\/2022\/resolucao_41_22.pdf\" target=\"_blank\" rel=\"noreferrer noopener\"><strong>Resolu\u00e7\u00e3o CEPE n\u00ba 41\/2022<\/strong><\/a><br>Altera o nome do Curso de Bacharelado em Qu\u00edmica com Atribui\u00e7\u00e3o Tecnol\u00f3gica para Qu\u00edmica &#8211; Bacharelado, a vigorar partir do ano letivo de 2022<\/p>\n\n\n\n<p><a href=\"https:\/\/sites.uel.br\/prograd\/wp-content\/uploads\/documentos\/resolucoes\/2021\/resolucao_82_21.pdf\" target=\"_blank\" rel=\"noreferrer noopener\"><strong>Resolu\u00e7\u00e3o CEPE\/CA n\u00ba 82\/2021<\/strong><\/a><br>Reformula o Projeto Pedag\u00f3gico do Curso de Bacharelado em Qu\u00edmica com Atribui\u00e7\u00e3o Tecnol\u00f3gica, a ser implantado a partir do ano letivo de 2022<\/p>\n\n\n\n<p><a href=\"https:\/\/sites.uel.br\/prograd\/wp-content\/uploads\/documentos\/deliberacoes\/2019\/deliberacao_07_19.pdf\" target=\"_blank\" rel=\"noreferrer noopener\"><strong>Delibera\u00e7\u00e3o da C\u00e2mara de Gradua\u00e7\u00e3o n\u00ba 07\/2019<\/strong><\/a><br>Cancela o pr\u00e9-requisito exigido para a atividade acad\u00eamica 2QUI103 &#8211; F\u00edsico-Qu\u00edmica Experimental do Curso de Gradua\u00e7\u00e3o em Qu\u00edmica &#8211; Bacharelado<\/p>\n\n\n\n<p><a href=\"https:\/\/sites.uel.br\/prograd\/wp-content\/uploads\/documentos\/deliberacoes\/2017\/deliberacao_18_17.pdf\" target=\"_blank\" rel=\"noreferrer noopener\"><strong>Delibera\u00e7\u00e3o da C\u00e2mara de Gradua\u00e7\u00e3o n\u00ba 18\/2017<\/strong><\/a><br>Desmembra a atividade acad\u00eamica 2QUI107 &#8211; Qu\u00edmica Tecnol\u00f3gica Inorg\u00e2nica, locada no 3\u00ba ano do curso de Gradua\u00e7\u00e3o em Qu\u00edmica, Habilita\u00e7\u00e3o: bacharelado com op\u00e7\u00e3o em Qu\u00edmica Tecnol\u00f3gica<\/p>\n\n\n\n<p><a href=\"https:\/\/sites.uel.br\/prograd\/wp-content\/uploads\/documentos\/deliberacoes\/2016\/deliberacao_20_16.pdf\" target=\"_blank\" rel=\"noreferrer noopener\"><strong>Delibera\u00e7\u00e3o da C\u00e2mara de Gradua\u00e7\u00e3o n\u00ba 20\/2016<\/strong><\/a><br>Estabelece adequa\u00e7\u00f5es curriculares no curso de gradua\u00e7\u00e3o em Qu\u00edmica, habilita\u00e7\u00e3o: bacharelado e bacharelado com op\u00e7\u00e3o em Qu\u00edmica Tecnol\u00f3gica, curr\u00edculo 2014<\/p>\n\n\n\n<p><a href=\"https:\/\/sites.uel.br\/prograd\/wp-content\/uploads\/documentos\/deliberacoes\/2016\/deliberacao_02_16.pdf\" target=\"_blank\" rel=\"noreferrer noopener\"><strong>Delibera\u00e7\u00e3o da C\u00e2mara de Gradua\u00e7\u00e3o n\u00ba 02\/2016<\/strong><\/a><br>Altera a emenda das atividades acad\u00eamicas 2QUI098 Qu\u00edmica Ambiental I e 2GEO005 Mineralogia, do curso de gradua\u00e7\u00e3o em Qu\u00edmica &#8211; Habilita\u00e7\u00f5es Bacharelado e Bacharelado com op\u00e7\u00e3o em Qu\u00edmica Tecnol\u00f3gica, curr\u00edculo 2014<\/p>\n\n\n\n<p><a href=\"https:\/\/sites.uel.br\/prograd\/wp-content\/uploads\/documentos\/deliberacoes\/2014\/deliberacao_41_14.pdf\" target=\"_blank\" rel=\"noreferrer noopener\"><strong>Delibera\u00e7\u00e3o da C\u00e2mara de Gradua\u00e7\u00e3o n\u00ba 41\/2014<\/strong><\/a><br>Estabelece adequa\u00e7\u00f5es curriculares no Curso de Qu\u00edmica &#8211; Habilita\u00e7\u00f5es: Bacharelado e Bacharelado com Op\u00e7\u00e3o em Qu\u00edmica Tecnol\u00f3gica<\/p>\n\n\n\n<p><a href=\"https:\/\/sites.uel.br\/prograd\/wp-content\/uploads\/documentos\/resolucoes\/2013\/resolucao_56_13.pdf\" target=\"_blank\" rel=\"noreferrer noopener\"><strong>Resolu\u00e7\u00e3o CEPE\/CA n\u00ba 56\/2013<\/strong><\/a><br>Reformula o Projeto Pedag\u00f3gico do curso de Qu\u00edmica &#8211; Habilita\u00e7\u00e3o: Bacharelado e Op\u00e7\u00e3o em Qu\u00edmica Tecnol\u00f3gica, a ser implantado a partir do ano letivo de 2014<\/p>\n\n\n\n<p><a href=\"https:\/\/sites.uel.br\/prograd\/wp-content\/uploads\/documentos\/resolucoes\/2012\/resolucao_176_12.pdf\" target=\"_blank\" rel=\"noreferrer noopener\"><strong>Resolu\u00e7\u00e3o CEPE n\u00ba 176\/2012<\/strong><\/a><br>Estabelece reformula\u00e7\u00e3o no Curso de Qu\u00edmica &#8211; Habilita\u00e7\u00f5es: Bacharelado e Op\u00e7\u00e3o em Qu\u00edmica Tecnol\u00f3gica, alterando a carga hor\u00e1ria de 2 QUI 066 &#8211; Qu\u00edmica Tecnol\u00f3gica Inorg\u00e2nica<\/p>\n\n\n\n<p><a href=\"https:\/\/sites.uel.br\/prograd\/wp-content\/uploads\/documentos\/deliberacoes\/2010\/deliberacao_11_10.pdf\" target=\"_blank\" rel=\"noreferrer noopener\"><strong>Delibera\u00e7\u00e3o da C\u00e2mara de Gradua\u00e7\u00e3o n\u00ba 11\/2010<\/strong><\/a><br>Altera o requisito exigido para cumprir a disciplina 2QUI040 &#8211; T\u00f3picos Especiais em Espectroscopia A, locada na 4\u00aa s\u00e9rie do Curso de Qu\u00edmica &#8211; Habilita\u00e7\u00e3o: Bacharelado, Curr\u00edculo 2005, a partir do ano letivo de 2010<\/p>\n\n\n\n<p><a href=\"https:\/\/sites.uel.br\/prograd\/wp-content\/uploads\/documentos\/deliberacoes\/2009\/deliberacao_36_09.pdf\" target=\"_blank\" rel=\"noreferrer noopener\"><strong>Delibera\u00e7\u00e3o da C\u00e2mara de Gradua\u00e7\u00e3o n\u00ba 36\/2009<\/strong><\/a><br>Estabece adequa\u00e7\u00f5es no Curso de Qu\u00edmica &#8211; Habilita\u00e7\u00f5es: Bacharelado e Op\u00e7\u00e3o em Qu\u00edmica Tecnol\u00f3gica, a vigorar a partir do ano letivo de 2010<\/p>\n\n\n\n<p><a href=\"https:\/\/sites.uel.br\/prograd\/wp-content\/uploads\/documentos\/deliberacoes\/2008\/deliberacao_26_08.pdf\" target=\"_blank\" rel=\"noreferrer noopener\"><strong>Delibera\u00e7\u00e3o da C\u00e2mara de Gradua\u00e7\u00e3o n\u00ba 26\/2008<\/strong><\/a><br>Estabelece adequa\u00e7\u00f5es curriculares para o curso de gradua\u00e7\u00e3o em Qu\u00edmica, Habilita\u00e7\u00e3o: Bacharelado, Bacharelado com op\u00e7\u00e3o em Qu\u00edmica Tecnol\u00f3gica e Licenciatura, a vigorar a partir do ano letivo de 2009<\/p>\n\n\n\n<p><a href=\"https:\/\/sites.uel.br\/prograd\/wp-content\/uploads\/documentos\/deliberacoes\/2007\/deliberacao_72_07.pdf\" target=\"_blank\" rel=\"noreferrer noopener\"><strong>Delibera\u00e7\u00e3o da C\u00e2mara de Gradua\u00e7\u00e3o n\u00ba 072\/2007<\/strong><\/a><br>Estabelece adequa\u00e7\u00f5es curriculares para o Curso de Gradua\u00e7\u00e3o em Qu\u00edmica: Habilita\u00e7\u00f5es &#8211; Bacharelado e op\u00e7\u00e3o em Qu\u00edmica Tecnol\u00f3gica, a serem implantadas a partir do ano letivo de 2008<\/p>\n\n\n\n<p><a href=\"https:\/\/sites.uel.br\/prograd\/wp-content\/uploads\/documentos\/deliberacoes\/2006\/deliberacao_06_06.pdf\" target=\"_blank\" rel=\"noreferrer noopener\"><strong>Delibera\u00e7\u00e3o da C\u00e2mara de Gradua\u00e7\u00e3o n\u00ba 06\/2006<\/strong><\/a><br>Altera ementas de disciplinas do Curr\u00edculo Pleno de curso de Qu\u00edmica &#8211; Habilita\u00e7\u00f5es: Licenciatura e Bacharelado, em implanta\u00e7\u00e3o a partir de ano letivo de 2005<\/p>\n\n\n\n<p><a href=\"https:\/\/sites.uel.br\/prograd\/wp-content\/uploads\/documentos\/resolucoes\/2005\/resolucao_47_05.pdf\" target=\"_blank\" rel=\"noreferrer noopener\"><strong>Resolu\u00e7\u00e3o CEPE n\u00ba 47\/2005<\/strong><\/a><br>Reformula o Projeto Pol\u00edtico-Pedag\u00f3gico do Curso de Qu\u00edmica &#8211; Habilita\u00e7\u00e3o: Bacharelado e Op\u00e7\u00e3o em Qu\u00edmica Tecnol\u00f3gica, a ser implantado a partir do ano letivo de 2005<\/p>\n\n\n\n<hr class=\"wp-block-separator has-text-color has-cinza-color has-css-opacity has-cinza-background-color has-background is-style-wide\"\/>\n\n\n\n<p><strong>Veja tamb\u00e9m:<\/strong><\/p>\n\n\n\n<p><a href=\"https:\/\/sites.uel.br\/prograd\/graduacao\/catalogo-dos-cursos-de-graduacao-indice\/\">Cat\u00e1logo dos Curso de Gradua\u00e7\u00e3o (Organiza\u00e7\u00e3o Curricular, Ementas, Corpo Docente<\/a>)<\/p>\n\n\n\n<p><a href=\"https:\/\/sites.uel.br\/prograd\/regulamentos-tcc-e-estagio\/\">Regulamentos TCC e Est\u00e1gios<\/a><\/p>\n","protected":false},"excerpt":{"rendered":"<p>Qu\u00edmica &#8211; Bacharelado Delibera\u00e7\u00e3o da C\u00e2mara de Gradua\u00e7\u00e3o n\u00ba 18\/2025Altera a forma de oferta da atividade acad\u00eamica 2QUI170 \u2013 F\u00edsico-Qu\u00edmica Experimental, do Curso de Gradua\u00e7\u00e3o em Qu\u00edmica \u2013 Bacharelado, curr\u00edculo 2023 Delibera\u00e7\u00e3o da C\u00e2mara de Gradua\u00e7\u00e3o n\u00ba 07\/2025Atualiza o quadro de equival\u00eancia de estudos entre as atividades acad\u00eamicas do Curso de Qu\u00edmica \u2013 Bacharelado, curr\u00edculos [&hellip;]<\/p>\n","protected":false},"author":8,"featured_media":0,"parent":174,"menu_order":0,"comment_status":"closed","ping_status":"closed","template":"","meta":{"_acf_changed":false,"_themeisle_gutenberg_block_has_review":false,"footnotes":""},"class_list":["post-4574","page","type-page","status-publish","hentry"],"acf":[],"_links":{"self":[{"href":"https:\/\/sites.uel.br\/prograd\/wp-json\/wp\/v2\/pages\/4574","targetHints":{"allow":["GET"]}}],"collection":[{"href":"https:\/\/sites.uel.br\/prograd\/wp-json\/wp\/v2\/pages"}],"about":[{"href":"https:\/\/sites.uel.br\/prograd\/wp-json\/wp\/v2\/types\/page"}],"author":[{"embeddable":true,"href":"https:\/\/sites.uel.br\/prograd\/wp-json\/wp\/v2\/users\/8"}],"replies":[{"embeddable":true,"href":"https:\/\/sites.uel.br\/prograd\/wp-json\/wp\/v2\/comments?post=4574"}],"version-history":[{"count":13,"href":"https:\/\/sites.uel.br\/prograd\/wp-json\/wp\/v2\/pages\/4574\/revisions"}],"predecessor-version":[{"id":34736,"href":"https:\/\/sites.uel.br\/prograd\/wp-json\/wp\/v2\/pages\/4574\/revisions\/34736"}],"up":[{"embeddable":true,"href":"https:\/\/sites.uel.br\/prograd\/wp-json\/wp\/v2\/pages\/174"}],"wp:attachment":[{"href":"https:\/\/sites.uel.br\/prograd\/wp-json\/wp\/v2\/media?parent=4574"}],"curies":[{"name":"wp","href":"https:\/\/api.w.org\/{rel}","templated":true}]}}