{"id":4570,"date":"2023-05-05T15:28:38","date_gmt":"2023-05-05T18:28:38","guid":{"rendered":"https:\/\/sites.uel.br\/prograd\/?page_id=4570"},"modified":"2025-08-07T10:21:04","modified_gmt":"2025-08-07T13:21:04","slug":"projetos-pedagogicos-nutricao","status":"publish","type":"page","link":"https:\/\/sites.uel.br\/prograd\/graduacao\/projetos-pedagogicos\/projetos-pedagogicos-nutricao\/","title":{"rendered":"Projetos Pedag\u00f3gicos"},"content":{"rendered":"\n<hr class=\"wp-block-separator has-alpha-channel-opacity is-style-wide\"\/>\n\n\n\n<h2 class=\"wp-block-heading\">Nutri\u00e7\u00e3o<\/h2>\n\n\n\n<p><strong><a href=\"https:\/\/sites.uel.br\/prograd\/wp-content\/uploads\/documentos\/deliberacoes\/2025\/deliberacao_22_25.pdf\" target=\"_blank\" rel=\"noreferrer noopener\">Delibera\u00e7\u00e3o da C\u00e2mara de Gradua\u00e7\u00e3o n\u00ba 22\/2025<\/a><\/strong><br>Estabelece adequa\u00e7\u00f5es no curso de Gradua\u00e7\u00e3o em Nutri\u00e7\u00e3o<\/p>\n\n\n\n<p><a href=\"https:\/\/sites.uel.br\/prograd\/wp-content\/uploads\/documentos\/deliberacoes\/2023\/deliberacao_08_23.pdf\" target=\"_blank\" rel=\"noreferrer noopener\"><strong>Delibera\u00e7\u00e3o da C\u00e2mara de Gradua\u00e7\u00e3o n\u00ba 08\/2023<\/strong><\/a><br>Estabelece adequa\u00e7\u00f5es no Projeto Pedag\u00f3gico do Curso de Nutri\u00e7\u00e3o<\/p>\n\n\n\n<p><a href=\"https:\/\/sites.uel.br\/prograd\/wp-content\/uploads\/documentos\/deliberacoes\/2021\/deliberacao_02_21.pdf\" target=\"_blank\" rel=\"noreferrer noopener\"><strong>Delibera\u00e7\u00e3o da C\u00e2mara de Gradua\u00e7\u00e3o n\u00ba 02\/2021<\/strong><\/a><br>Estabelece as modalidades e a carga hor\u00e1ria m\u00e1xima que ser\u00e3o aproveitadas para Atividade Acad\u00eamica Complementar (AAC) no curso de Nutri\u00e7\u00e3o<\/p>\n\n\n\n<p><a href=\"https:\/\/sites.uel.br\/prograd\/wp-content\/uploads\/documentos\/deliberacoes\/2020\/deliberacao_01_20.pdf\" target=\"_blank\" rel=\"noreferrer noopener\"><strong>Delibera\u00e7\u00e3o da C\u00e2mara de Gradua\u00e7\u00e3o n\u00ba 01\/2020<\/strong><\/a><br>Constitui o Colegiado do Curso de Nutri\u00e7\u00e3o<\/p>\n\n\n\n<p><a href=\"https:\/\/sites.uel.br\/prograd\/wp-content\/uploads\/documentos\/deliberacoes\/2019\/deliberacao_26_19.pdf\" target=\"_blank\" rel=\"noreferrer noopener\"><strong>Delibera\u00e7\u00e3o da C\u00e2mara de Gradua\u00e7\u00e3o n\u00ba 26\/2019<\/strong><\/a><br>Estabelece adequa\u00e7\u00f5es no Projeto Pedag\u00f3gico do curso de Gradua\u00e7\u00e3o em Nutri\u00e7\u00e3o<\/p>\n\n\n\n<p><a href=\"https:\/\/sites.uel.br\/prograd\/wp-content\/uploads\/documentos\/resolucoes\/2010\/resolucao_65_10.pdf\" target=\"_blank\" rel=\"noreferrer noopener\"><strong>Resolu\u00e7\u00e3o CEPE\/CA n\u00ba 65\/2010<\/strong><\/a><br>Cria e aprova o Projeto Pedag\u00f3gico do Curso de Gradua\u00e7\u00e3o em Nutri\u00e7\u00e3o, a ser implantado a partir do ano letivo de 2012<\/p>\n\n\n\n<hr class=\"wp-block-separator has-text-color has-cinza-color has-css-opacity has-cinza-background-color has-background is-style-wide\"\/>\n\n\n\n<p><strong>Veja tamb\u00e9m:<\/strong><\/p>\n\n\n\n<p><a href=\"https:\/\/sites.uel.br\/prograd\/graduacao\/catalogo-dos-cursos-de-graduacao-indice\/\">Cat\u00e1logo dos Curso de Gradua\u00e7\u00e3o (Organiza\u00e7\u00e3o Curricular, Ementas, Corpo Docente<\/a>)<\/p>\n\n\n\n<p><a href=\"https:\/\/sites.uel.br\/prograd\/regulamentos-tcc-e-estagio\/\">Regulamentos TCC e Est\u00e1gios<\/a><\/p>\n","protected":false},"excerpt":{"rendered":"<p>Nutri\u00e7\u00e3o Delibera\u00e7\u00e3o da C\u00e2mara de Gradua\u00e7\u00e3o n\u00ba 22\/2025Estabelece adequa\u00e7\u00f5es no curso de Gradua\u00e7\u00e3o em Nutri\u00e7\u00e3o Delibera\u00e7\u00e3o da C\u00e2mara de Gradua\u00e7\u00e3o n\u00ba 08\/2023Estabelece adequa\u00e7\u00f5es no Projeto Pedag\u00f3gico do Curso de Nutri\u00e7\u00e3o Delibera\u00e7\u00e3o da C\u00e2mara de Gradua\u00e7\u00e3o n\u00ba 02\/2021Estabelece as modalidades e a carga hor\u00e1ria m\u00e1xima que ser\u00e3o aproveitadas para Atividade Acad\u00eamica Complementar (AAC) no curso de [&hellip;]<\/p>\n","protected":false},"author":8,"featured_media":0,"parent":174,"menu_order":0,"comment_status":"closed","ping_status":"closed","template":"","meta":{"_acf_changed":false,"_themeisle_gutenberg_block_has_review":false,"footnotes":""},"class_list":["post-4570","page","type-page","status-publish","hentry"],"acf":[],"_links":{"self":[{"href":"https:\/\/sites.uel.br\/prograd\/wp-json\/wp\/v2\/pages\/4570","targetHints":{"allow":["GET"]}}],"collection":[{"href":"https:\/\/sites.uel.br\/prograd\/wp-json\/wp\/v2\/pages"}],"about":[{"href":"https:\/\/sites.uel.br\/prograd\/wp-json\/wp\/v2\/types\/page"}],"author":[{"embeddable":true,"href":"https:\/\/sites.uel.br\/prograd\/wp-json\/wp\/v2\/users\/8"}],"replies":[{"embeddable":true,"href":"https:\/\/sites.uel.br\/prograd\/wp-json\/wp\/v2\/comments?post=4570"}],"version-history":[{"count":11,"href":"https:\/\/sites.uel.br\/prograd\/wp-json\/wp\/v2\/pages\/4570\/revisions"}],"predecessor-version":[{"id":35383,"href":"https:\/\/sites.uel.br\/prograd\/wp-json\/wp\/v2\/pages\/4570\/revisions\/35383"}],"up":[{"embeddable":true,"href":"https:\/\/sites.uel.br\/prograd\/wp-json\/wp\/v2\/pages\/174"}],"wp:attachment":[{"href":"https:\/\/sites.uel.br\/prograd\/wp-json\/wp\/v2\/media?parent=4570"}],"curies":[{"name":"wp","href":"https:\/\/api.w.org\/{rel}","templated":true}]}}