{"id":4566,"date":"2023-05-05T15:28:29","date_gmt":"2023-05-05T18:28:29","guid":{"rendered":"https:\/\/sites.uel.br\/prograd\/?page_id=4566"},"modified":"2024-07-02T11:37:49","modified_gmt":"2024-07-02T14:37:49","slug":"projetos-pedagogicos-matematica-licenciatura","status":"publish","type":"page","link":"https:\/\/sites.uel.br\/prograd\/graduacao\/projetos-pedagogicos\/projetos-pedagogicos-matematica-licenciatura\/","title":{"rendered":"Projetos Pedag\u00f3gicos"},"content":{"rendered":"\n<hr class=\"wp-block-separator has-alpha-channel-opacity is-style-wide\"\/>\n\n\n\n<h2 class=\"wp-block-heading\">Matem\u00e1tica &#8211; Licenciatura<\/h2>\n\n\n\n<p><strong><a href=\"https:\/\/sites.uel.br\/prograd\/wp-content\/uploads\/documentos\/deliberacoes\/2023\/deliberacao_21_23.pdf\" target=\"_blank\" rel=\"noreferrer noopener\">Delibera\u00e7\u00e3o da C\u00e2mara de Gradua\u00e7\u00e3o n\u00ba 21\/2023<\/a><\/strong><br>Estabelece adequa\u00e7\u00f5es curriculares no curso de Gradua\u00e7\u00e3o em Matem\u00e1tica \u2013 Licenciatura, curr\u00edculo 2019<\/p>\n\n\n\n<p><a href=\"https:\/\/sites.uel.br\/prograd\/wp-content\/uploads\/documentos\/resolucoes\/2022\/resolucao_89_22.pdf\" target=\"_blank\" rel=\"noreferrer noopener\"><strong>Resolu\u00e7\u00e3o CEPE\/CA n\u00ba 89\/2022<\/strong><\/a><br>Reformula o Projeto Pedag\u00f3gico do Curso de Matem\u00e1tica &#8211; licenciatura, a ser implantado a partir do ano letivo de 2023<\/p>\n\n\n\n<p><a href=\"https:\/\/sites.uel.br\/prograd\/wp-content\/uploads\/documentos\/deliberacoes\/2021\/deliberacao_09_21.pdf\" target=\"_blank\" rel=\"noreferrer noopener\"><strong>Delibera\u00e7\u00e3o da C\u00e2mara de Gradua\u00e7\u00e3o n\u00ba 09\/2021<\/strong><\/a><br>Desmembra as Atividades Acad\u00eamicas de Natureza Obrigat\u00f3ria Especiais 2EST315 &#8211; Pr\u00e1tica e Metodologia do Ensino de Matem\u00e1tica II: Est\u00e1gio Supervisionado (MAT), 2EST320 &#8211; Pr\u00e1tica e Metodologia do Ensino de Matem\u00e1tica I: Est\u00e1gio Supervisionado (MAT) e 2EST321 &#8211; Pr\u00e1t\u00edca e Metodologia do Ensino de Matem\u00e1t\u00edca II: Est\u00e1gio Supervisionado (MAT), curr\u00edculos 2014 e 2019, do curso de Matem\u00e1tica &#8211; Licenciatura<\/p>\n\n\n\n<p><a href=\"https:\/\/sites.uel.br\/prograd\/wp-content\/uploads\/documentos\/resolucoes\/2018\/resolucao_120_18.pdf\" target=\"_blank\" rel=\"noreferrer noopener\"><strong>Resolu\u00e7\u00e3o CEPE\/CA n\u00ba 120\/2018<\/strong><\/a><br>Reformula o Projeto Pedag\u00f3gico do Curso de Matem\u00e1tica &#8211; Licenciatura, a ser implantado a partir do ano letivo de 2019<\/p>\n\n\n\n<p><a href=\"https:\/\/sites.uel.br\/prograd\/wp-content\/uploads\/documentos\/deliberacoes\/2018\/deliberacao_18_18.pdf\" target=\"_blank\" rel=\"noreferrer noopener\"><strong>Delibera\u00e7\u00e3o da C\u00e2mara de Gradua\u00e7\u00e3o n\u00ba 18\/2018<\/strong><\/a><br>Altera a vincula\u00e7\u00e3o departamental da atividade acad\u00eamica 2LET005 &#8211; LIBRAS &#8211; L\u00edngua Brasileira de Sinais, do curso de Gradua\u00e7\u00e3o em Matem\u00e1tica, curr\u00edculo 2014<\/p>\n\n\n\n<p><a href=\"https:\/\/sites.uel.br\/prograd\/wp-content\/uploads\/documentos\/deliberacoes\/2013\/deliberacao_13_13.pdf\" target=\"_blank\" rel=\"noreferrer noopener\"><strong>Delibera\u00e7\u00e3o da C\u00e2mara de Gradua\u00e7\u00e3o n\u00ba 13\/2013<\/strong><\/a><br>Estabelece adequa\u00e7\u00f5es curriculares no curso de Gradua\u00e7\u00e3o em Matem\u00e1tica &#8211; Habilita\u00e7\u00e3o: Bacharelado e Licenciatura, curr\u00edculos 2010, a vigorar a partir do ano letivo de 2014<\/p>\n\n\n\n<p><a href=\"https:\/\/sites.uel.br\/prograd\/wp-content\/uploads\/documentos\/deliberacoes\/2011\/deliberacao_29_11.pdf\" target=\"_blank\" rel=\"noreferrer noopener\"><strong>Delibera\u00e7\u00e3o da C\u00e2mara de Gradua\u00e7\u00e3o n\u00ba 29\/2011<\/strong><\/a><br>Estabelece adequa\u00e7\u00f5es curriculares no curso de Gradua\u00e7\u00e3o em Matem\u00e1tica, curr\u00edculo 2010, a vigorar a partir do ano letivo de 2012<\/p>\n\n\n\n<p><a href=\"https:\/\/sites.uel.br\/prograd\/wp-content\/uploads\/documentos\/resolucoes\/2009\/resolucao_230_09.pdf\" target=\"_blank\" rel=\"noreferrer noopener\"><strong>Resolu\u00e7\u00e3o CEPE n\u00ba 0230\/2009<\/strong><\/a><br>Reformula o Projeto Pedag\u00f3gico do Curso de Matem\u00e1tica &#8211; Habilita\u00e7\u00e3o: Licenciatura, a ser implantado a partir do ano letivo de 2010<\/p>\n\n\n\n<p><a href=\"https:\/\/sites.uel.br\/prograd\/wp-content\/uploads\/documentos\/resolucoes\/2006\/resolucao_126_06.pdf\" target=\"_blank\" rel=\"noreferrer noopener\"><strong>Resolu\u00e7\u00e3o CEPE n\u00ba 126\/2006<\/strong><\/a><br>Estabelece adequa\u00e7\u00f5es curriculares para o curso de gradua\u00e7\u00e3o em Matem\u00e1tica &#8211; Habilita\u00e7\u00e3o: Licenciatura, a serem implantadas a partir do ano letivo de 2007<\/p>\n\n\n\n<p><a href=\"https:\/\/sites.uel.br\/prograd\/wp-content\/uploads\/documentos\/deliberacoes\/2006\/deliberacao_09_06.pdf\" target=\"_blank\" rel=\"noreferrer noopener\"><strong>Delibera\u00e7\u00e3o da C\u00e2mara de Gradua\u00e7\u00e3o n\u00ba 09\/2006<\/strong><\/a><br>Altera ementa da disciplina 6FIS009 F\u00edsica, locada na 2\u00aa s\u00e9rie do Curso de Matem\u00e1tica &#8211; Habilita\u00e7\u00e3o: Licenciatura, referente ao curr\u00edculo em implanta\u00e7\u00e3o a partir do ano letivo de 2005<\/p>\n\n\n\n<p><a href=\"https:\/\/sites.uel.br\/prograd\/wp-content\/uploads\/documentos\/resolucoes\/2005\/resolucao_42_05.pdf\" target=\"_blank\" rel=\"noreferrer noopener\"><strong>Resolu\u00e7\u00e3o CEPE n\u00ba 42\/2005<\/strong><\/a><br>Reformula o Projeto Pol\u00edtico-Pedag\u00f3gico do Curso de Matem\u00e1tica &#8211; Habilita\u00e7\u00e3o: Licenciatura, a ser implantado a partir do ano letivo de 2005<\/p>\n\n\n\n<hr class=\"wp-block-separator has-text-color has-cinza-color has-css-opacity has-cinza-background-color has-background is-style-wide\"\/>\n\n\n\n<p><strong>Veja tamb\u00e9m:<\/strong><\/p>\n\n\n\n<p><a href=\"https:\/\/sites.uel.br\/prograd\/graduacao\/catalogo-dos-cursos-de-graduacao-indice\/\">Cat\u00e1logo dos Curso de Gradua\u00e7\u00e3o (Organiza\u00e7\u00e3o Curricular, Ementas, Corpo Docente<\/a>)<\/p>\n\n\n\n<p><a href=\"https:\/\/sites.uel.br\/prograd\/regulamentos-tcc-e-estagio\/\">Regulamentos TCC e Est\u00e1gios<\/a><\/p>\n","protected":false},"excerpt":{"rendered":"<p>Matem\u00e1tica &#8211; Licenciatura Delibera\u00e7\u00e3o da C\u00e2mara de Gradua\u00e7\u00e3o n\u00ba 21\/2023Estabelece adequa\u00e7\u00f5es curriculares no curso de Gradua\u00e7\u00e3o em Matem\u00e1tica \u2013 Licenciatura, curr\u00edculo 2019 Resolu\u00e7\u00e3o CEPE\/CA n\u00ba 89\/2022Reformula o Projeto Pedag\u00f3gico do Curso de Matem\u00e1tica &#8211; licenciatura, a ser implantado a partir do ano letivo de 2023 Delibera\u00e7\u00e3o da C\u00e2mara de Gradua\u00e7\u00e3o n\u00ba 09\/2021Desmembra as Atividades Acad\u00eamicas [&hellip;]<\/p>\n","protected":false},"author":8,"featured_media":0,"parent":174,"menu_order":0,"comment_status":"closed","ping_status":"closed","template":"","meta":{"_acf_changed":false,"_themeisle_gutenberg_block_has_review":false,"footnotes":""},"class_list":["post-4566","page","type-page","status-publish","hentry"],"acf":[],"_links":{"self":[{"href":"https:\/\/sites.uel.br\/prograd\/wp-json\/wp\/v2\/pages\/4566","targetHints":{"allow":["GET"]}}],"collection":[{"href":"https:\/\/sites.uel.br\/prograd\/wp-json\/wp\/v2\/pages"}],"about":[{"href":"https:\/\/sites.uel.br\/prograd\/wp-json\/wp\/v2\/types\/page"}],"author":[{"embeddable":true,"href":"https:\/\/sites.uel.br\/prograd\/wp-json\/wp\/v2\/users\/8"}],"replies":[{"embeddable":true,"href":"https:\/\/sites.uel.br\/prograd\/wp-json\/wp\/v2\/comments?post=4566"}],"version-history":[{"count":11,"href":"https:\/\/sites.uel.br\/prograd\/wp-json\/wp\/v2\/pages\/4566\/revisions"}],"predecessor-version":[{"id":31009,"href":"https:\/\/sites.uel.br\/prograd\/wp-json\/wp\/v2\/pages\/4566\/revisions\/31009"}],"up":[{"embeddable":true,"href":"https:\/\/sites.uel.br\/prograd\/wp-json\/wp\/v2\/pages\/174"}],"wp:attachment":[{"href":"https:\/\/sites.uel.br\/prograd\/wp-json\/wp\/v2\/media?parent=4566"}],"curies":[{"name":"wp","href":"https:\/\/api.w.org\/{rel}","templated":true}]}}