{"id":4564,"date":"2023-05-05T15:28:25","date_gmt":"2023-05-05T18:28:25","guid":{"rendered":"https:\/\/sites.uel.br\/prograd\/?page_id=4564"},"modified":"2024-02-07T08:28:07","modified_gmt":"2024-02-07T11:28:07","slug":"projetos-pedagogicos-letras-portugues","status":"publish","type":"page","link":"https:\/\/sites.uel.br\/prograd\/graduacao\/projetos-pedagogicos\/projetos-pedagogicos-letras-portugues\/","title":{"rendered":"Projetos Pedag\u00f3gicos"},"content":{"rendered":"\n<hr class=\"wp-block-separator has-alpha-channel-opacity is-style-wide\"\/>\n\n\n\n<h2 class=\"wp-block-heading\">Letras Portugu\u00eas<\/h2>\n\n\n\n<p><a href=\"https:\/\/sites.uel.br\/prograd\/wp-content\/uploads\/documentos\/resolucoes\/2023\/resolucao_51_23.pdf\" target=\"_blank\" rel=\"noreferrer noopener\"><strong>Resolu\u00e7\u00e3o CEPE n\u00ba 51\/2023<\/strong><\/a><br>Altera o turno de oferta do curso de Letras &#8211; Portugu\u00eas, licenciatura, passando do vespertino para o matutino, a partir do ano letivo de 2024<\/p>\n\n\n\n<p><a href=\"https:\/\/sites.uel.br\/prograd\/wp-content\/uploads\/documentos\/resolucoes\/2022\/resolucao_48_22.pdf\" target=\"_blank\" rel=\"noreferrer noopener\"><strong>Resolu\u00e7\u00e3o CEPE\/CA n\u00ba 48\/2022<\/strong><\/a><br>Reformula o Projeto Pedag\u00f3gico do Curso de Letras &#8211; Portugu\u00eas, licenciatura, a ser implantado a partir do ano letivo de 2023<\/p>\n\n\n\n<p><a href=\"https:\/\/sites.uel.br\/prograd\/wp-content\/uploads\/documentos\/deliberacoes\/2019\/deliberacao_02_19.pdf\" target=\"_blank\" rel=\"noreferrer noopener\"><strong>Delibera\u00e7\u00e3o da C\u00e2mara de Gradua\u00e7\u00e3o n\u00ba 02\/2019<\/strong><\/a><br>Estabelece adequa\u00e7\u00f5es curriculares no curso de Gradua\u00e7\u00e3o em Letras Portugu\u00eas &#8211; Licenciatura em L\u00edngua Portuguesa e Respectivas Literaturas<\/p>\n\n\n\n<p><a href=\"https:\/\/sites.uel.br\/prograd\/wp-content\/uploads\/documentos\/deliberacoes\/2018\/deliberacao_34_18.pdf\" target=\"_blank\" rel=\"noreferrer noopener\"><strong>Delibera\u00e7\u00e3o da C\u00e2mara de Gradua\u00e7\u00e3o n\u00ba 34\/2018<\/strong><\/a><br>Estabelece adequa\u00e7\u00f5es curriculares no curso de Gradua\u00e7\u00e3o em Letras Portugu\u00eas &#8211; Licenciatura em L\u00edngua Portuguesa e Respectivas Literaturas<\/p>\n\n\n\n<p><a href=\"https:\/\/sites.uel.br\/prograd\/wp-content\/uploads\/documentos\/resolucoes\/2017\/resolucao_142_17.pdf\" target=\"_blank\" rel=\"noreferrer noopener\"><strong>Resolu\u00e7\u00e3o CEPE\/CA n\u00ba 142\/2017<\/strong><\/a><br>Reformula o Projeto Pedag\u00f3gico do Curso de Letras Portugu\u00eas &#8211; Modalidade: Licenciatura &#8211; Habilita\u00e7\u00e3o: L\u00edngua Portuguesa e Respectivas Literaturas, a ser implantado a partir do ano letivo de 2018<\/p>\n\n\n\n<p><a href=\"https:\/\/sites.uel.br\/prograd\/wp-content\/uploads\/documentos\/deliberacoes\/2014\/deliberacao_22_14.pdf\" target=\"_blank\" rel=\"noreferrer noopener\"><strong>Delibera\u00e7\u00e3o da C\u00e2mara de Gradua\u00e7\u00e3o n\u00ba 22\/2014<\/strong><\/a><br>Estabelece adequa\u00e7\u00f5es curriculares no curso de Gradua\u00e7\u00e3o em Letras Portugu\u00eas &#8211; Modalidade: Bacharelado &#8211; Habilita\u00e7\u00e3o em Estudos Liter\u00e1rios; Modalidade: Licenciatura &#8211; Habilita\u00e7\u00e3o em L\u00edngua Portuguesa e Respectivas Literaturas, curr\u00edculos 2014<\/p>\n\n\n\n<p><a href=\"https:\/\/sites.uel.br\/prograd\/wp-content\/uploads\/documentos\/resolucoes\/2013\/resolucao_49_13.pdf\" target=\"_blank\" rel=\"noreferrer noopener\"><strong>Resolu\u00e7\u00e3o CEPE n\u00ba 049\/2013<\/strong><\/a><br>Altera a denomina\u00e7\u00e3o do Curso de Letras &#8211; modalidade: Licenciatura &#8211; habilita\u00e7\u00e3o L\u00edngua Inglesa e Literaturas em L\u00edngua Inglesa; Letras &#8211; modalidade: Licenciatura &#8211; habilita\u00e7\u00e3o: L\u00edngua Espanhola e Literatura Hisp\u00e2nica; Letras &#8211; modalidade: Bacharelado &#8211; habilita\u00e7\u00e3o: L\u00edngua e Cultura Francesas; Letras &#8211; Modalidade: Licenciatura &#8211; Habilita\u00e7\u00e3o: L\u00edngua Portuguesa e Respectivas Literaturas e Letras &#8211; Modalidade: Bacharelado &#8211; Habilita\u00e7\u00e3o: Estudos Liter\u00e1rios, a vigorar a partir do ano letivo de 2014<\/p>\n\n\n\n<p><a href=\"https:\/\/sites.uel.br\/prograd\/wp-content\/uploads\/documentos\/deliberacoes\/2011\/deliberacao_19_11.pdf\" target=\"_blank\" rel=\"noreferrer noopener\"><strong>Delibera\u00e7\u00e3o da C\u00e2mara de Gradua\u00e7\u00e3o n\u00ba 19\/2011<\/strong><\/a><br>Altera a ementa da Atividade Acad\u00eamica L\u00edngua Brasileira de Sinais &#8211; Libras, do curso de Gradua\u00e7\u00e3o em Letras &#8211; Modalidade: Licenciatura &#8211; Habilita\u00e7\u00e3o: L\u00edngua Portuguesa e Respectivas Literaturas, curr\u00edculo 2010, a vigorar a partir do ano letivo de 2012<\/p>\n\n\n\n<p><a href=\"https:\/\/sites.uel.br\/prograd\/wp-content\/uploads\/documentos\/resolucoes\/2009\/resolucao_274_09.pdf\" target=\"_blank\" rel=\"noreferrer noopener\"><strong>Resolu\u00e7\u00e3o CEPE\/CA n\u00ba 0274\/2009<\/strong><\/a><br>Reformula o Projeto Pedag\u00f3gico do Curso de Letras &#8211; Modalidade: Licenciatura &#8211; Habilita\u00e7\u00e3o: L\u00edngua Portuguesa e Respectivas Literaturas, a ser implantado a partir do ano letivo de 2010<\/p>\n\n\n\n<p><a href=\"https:\/\/sites.uel.br\/prograd\/wp-content\/uploads\/documentos\/deliberacoes\/2007\/deliberacao_71_07.pdf\" target=\"_blank\" rel=\"noreferrer noopener\"><strong>Delibera\u00e7\u00e3o da C\u00e2mara de Gradua\u00e7\u00e3o n\u00ba 071\/2007<\/strong><\/a><br>Estabelece adequa\u00e7\u00f5es curriculares para o Curso de Gradua\u00e7\u00e3o em Letras Modalidade: Licenciatura \u2013 Habilita\u00e7\u00e3o: L\u00edngua Portuguesa e Respectivas Literaturas e Modalidade: Bacharelado \u2013 Habilita\u00e7\u00f5es: Estudos da Linguagem e Estudos Liter\u00e1rios a vigorar para os estudantes ingressantes no curso a partir do ano letivo de 2008<\/p>\n\n\n\n<p><a href=\"https:\/\/sites.uel.br\/prograd\/wp-content\/uploads\/documentos\/resolucoes\/2006\/resolucao_125_06.pdf\" target=\"_blank\" rel=\"noreferrer noopener\"><strong>Resolu\u00e7\u00e3o CEPE n\u00ba 125\/2006<\/strong><\/a><br>Estabelece adequa\u00e7\u00f5es curriculares para o curso de Letras &#8211; Habilita\u00e7\u00f5es: Licenciatura em L\u00edngua Portuguesa e Respectivas Literaturas, Bacharelado em Estudos da Linguagem e Bacharelado em Estudos Liter\u00e1rios, a serem implantadas a partir do ano Letivo de 2007<\/p>\n\n\n\n<p><a href=\"https:\/\/sites.uel.br\/prograd\/wp-content\/uploads\/documentos\/resolucoes\/2005\/resolucao_362_05.pdf\" target=\"_blank\" rel=\"noreferrer noopener\"><strong>Resolu\u00e7\u00e3o CEPE n\u00ba 365\/2005<\/strong><\/a><br>Estabelece o curr\u00edculo pleno do Curso de Letras &#8211; Habilita\u00e7\u00e3o: Licenciatura em L\u00edngua Portuguesa e Respectivas Literaturas a ser implantado a partir do ano letivo de 2006<\/p>\n\n\n\n<hr class=\"wp-block-separator has-text-color has-cinza-color has-css-opacity has-cinza-background-color has-background is-style-wide\"\/>\n\n\n\n<p><strong>Veja tamb\u00e9m:<\/strong><\/p>\n\n\n\n<p><a href=\"https:\/\/sites.uel.br\/prograd\/graduacao\/catalogo-dos-cursos-de-graduacao-indice\/\">Cat\u00e1logo dos Curso de Gradua\u00e7\u00e3o (Organiza\u00e7\u00e3o Curricular, Ementas, Corpo Docente<\/a>)<\/p>\n\n\n\n<p><a href=\"https:\/\/sites.uel.br\/prograd\/regulamentos-tcc-e-estagio\/\">Regulamentos TCC e Est\u00e1gios<\/a><\/p>\n","protected":false},"excerpt":{"rendered":"<p>Letras Portugu\u00eas Resolu\u00e7\u00e3o CEPE n\u00ba 51\/2023Altera o turno de oferta do curso de Letras &#8211; Portugu\u00eas, licenciatura, passando do vespertino para o matutino, a partir do ano letivo de 2024 Resolu\u00e7\u00e3o CEPE\/CA n\u00ba 48\/2022Reformula o Projeto Pedag\u00f3gico do Curso de Letras &#8211; Portugu\u00eas, licenciatura, a ser implantado a partir do ano letivo de 2023 Delibera\u00e7\u00e3o [&hellip;]<\/p>\n","protected":false},"author":8,"featured_media":0,"parent":174,"menu_order":0,"comment_status":"closed","ping_status":"closed","template":"","meta":{"_acf_changed":false,"_themeisle_gutenberg_block_has_review":false,"footnotes":""},"class_list":["post-4564","page","type-page","status-publish","hentry"],"acf":[],"_links":{"self":[{"href":"https:\/\/sites.uel.br\/prograd\/wp-json\/wp\/v2\/pages\/4564","targetHints":{"allow":["GET"]}}],"collection":[{"href":"https:\/\/sites.uel.br\/prograd\/wp-json\/wp\/v2\/pages"}],"about":[{"href":"https:\/\/sites.uel.br\/prograd\/wp-json\/wp\/v2\/types\/page"}],"author":[{"embeddable":true,"href":"https:\/\/sites.uel.br\/prograd\/wp-json\/wp\/v2\/users\/8"}],"replies":[{"embeddable":true,"href":"https:\/\/sites.uel.br\/prograd\/wp-json\/wp\/v2\/comments?post=4564"}],"version-history":[{"count":13,"href":"https:\/\/sites.uel.br\/prograd\/wp-json\/wp\/v2\/pages\/4564\/revisions"}],"predecessor-version":[{"id":21086,"href":"https:\/\/sites.uel.br\/prograd\/wp-json\/wp\/v2\/pages\/4564\/revisions\/21086"}],"up":[{"embeddable":true,"href":"https:\/\/sites.uel.br\/prograd\/wp-json\/wp\/v2\/pages\/174"}],"wp:attachment":[{"href":"https:\/\/sites.uel.br\/prograd\/wp-json\/wp\/v2\/media?parent=4564"}],"curies":[{"name":"wp","href":"https:\/\/api.w.org\/{rel}","templated":true}]}}