{"id":4561,"date":"2023-05-05T15:28:14","date_gmt":"2023-05-05T18:28:14","guid":{"rendered":"https:\/\/sites.uel.br\/prograd\/?page_id=4561"},"modified":"2025-11-06T13:38:25","modified_gmt":"2025-11-06T16:38:25","slug":"projetos-pedagogicos-jornalismo","status":"publish","type":"page","link":"https:\/\/sites.uel.br\/prograd\/graduacao\/projetos-pedagogicos\/projetos-pedagogicos-jornalismo\/","title":{"rendered":"Projetos Pedag\u00f3gicos"},"content":{"rendered":"\n<hr class=\"wp-block-separator has-alpha-channel-opacity is-style-wide\"\/>\n\n\n\n<h2 class=\"wp-block-heading\">Jornalismo<\/h2>\n\n\n\n<p><strong><a href=\"https:\/\/sites.uel.br\/prograd\/wp-content\/uploads\/documentos\/deliberacoes\/2025\/deliberacao_29_25.pdf\" target=\"_blank\" rel=\"noreferrer noopener\">Delibera\u00e7\u00e3o da C\u00e2mara de Gradua\u00e7\u00e3o n\u00ba 29\/2025<\/a><\/strong><br>Cria ementa para a atividade acad\u00eamica de natureza obrigat\u00f3ria especial 2EST631 \u2013 Est\u00e1gio (NIC), do Curso de Gradua\u00e7\u00e3o em Jornalismo<\/p>\n\n\n\n<p><a href=\"https:\/\/sites.uel.br\/prograd\/wp-content\/uploads\/documentos\/resolucoes\/2023\/resolucao_03_23.pdf\" target=\"_blank\" rel=\"noreferrer noopener\"><strong>Resolu\u00e7\u00e3o CEPE\/CA n\u00ba 03\/2023<\/strong><\/a><br>Reformula o Projeto Pedag\u00f3gico do Curso de Jornalismo, a ser implantado a partir do ano letivo de 2023<\/p>\n\n\n\n<p><a href=\"https:\/\/sites.uel.br\/prograd\/wp-content\/uploads\/documentos\/deliberacoes\/2021\/deliberacao_04_21.pdf\" target=\"_blank\" rel=\"noreferrer noopener\"><strong>Delibera\u00e7\u00e3o da C\u00e2mara de Gradua\u00e7\u00e3o n\u00ba 04\/2021<\/strong><\/a><br>Altera o Artigo 13, da Resolu\u00e7\u00e3o CEPE\/CA n\u00ba 04\/2016, sobre o aproveitamento de carga hor\u00e1ria para AAC &#8211; Atividade Acad\u00eamica Complementar do curso de Jornalismo<\/p>\n\n\n\n<p><a href=\"https:\/\/sites.uel.br\/prograd\/wp-content\/uploads\/documentos\/deliberacoes\/2017\/deliberacao_26_17.pdf\" target=\"_blank\" rel=\"noreferrer noopener\"><strong>Delibera\u00e7\u00e3o da C\u00e2mara de Gradua\u00e7\u00e3o n\u00ba 26\/2017<\/strong><\/a><br>Estabelece adequa\u00e7\u00f5es curriculares no curso de Gradua\u00e7\u00e3o em Jornalismo, curr\u00edculo 2016<\/p>\n\n\n\n<p><a href=\"https:\/\/sites.uel.br\/prograd\/wp-content\/uploads\/documentos\/resolucoes\/2016\/resolucao_04_16.pdf\" target=\"_blank\" rel=\"noreferrer noopener\"><strong>Resolu\u00e7\u00e3o CEPE\/CA n\u00ba 04\/2016<\/strong><\/a><br>Reformula o Projeto Pedag\u00f3gico do Curso de Jornalismo, a ser implantado a partir do ano letivo de 2016<\/p>\n\n\n\n<p><a href=\"https:\/\/sites.uel.br\/prograd\/wp-content\/uploads\/documentos\/deliberacoes\/2016\/deliberacao_09_16.pdf\" target=\"_blank\" rel=\"noreferrer noopener\"><strong>Delibera\u00e7\u00e3o da C\u00e2mara de Gradua\u00e7\u00e3o n\u00ba 09\/2016<\/strong><\/a><br>Altera os \u00a7\u00a7 1\u00ba, 4\u00ba e 5\u00ba, do Artigo 1\u00ba, da Resolu\u00e7\u00e3o CEPE\/CA n\u00ba 0267\/2009 do Projeto Pedag\u00f3gico do Curso de Gradua\u00e7\u00e3o em Jornalismo<\/p>\n\n\n\n<p><a href=\"https:\/\/sites.uel.br\/prograd\/wp-content\/uploads\/documentos\/deliberacoes\/2014\/deliberacao_44_14.pdf\" target=\"_blank\" rel=\"noreferrer noopener\"><strong>Delibera\u00e7\u00e3o da C\u00e2mara de Gradua\u00e7\u00e3o n\u00ba 44\/2014<\/strong><\/a><br>Estabelece adequa\u00e7\u00f5es no sistema de promo\u00e7\u00e3o do Curso de Gradua\u00e7\u00e3o em Jornalismo<\/p>\n\n\n\n<hr class=\"wp-block-separator has-text-color has-cinza-color has-css-opacity has-cinza-background-color has-background is-style-wide\"\/>\n\n\n\n<p><strong>Veja tamb\u00e9m:<\/strong><\/p>\n\n\n\n<p><a href=\"https:\/\/sites.uel.br\/prograd\/graduacao\/catalogo-dos-cursos-de-graduacao-indice\/\">Cat\u00e1logo dos Curso de Gradua\u00e7\u00e3o (Organiza\u00e7\u00e3o Curricular, Ementas, Corpo Docente<\/a>)<\/p>\n\n\n\n<p><a href=\"https:\/\/sites.uel.br\/prograd\/regulamentos-tcc-e-estagio\/\">Regulamentos TCC e Est\u00e1gios<\/a><\/p>\n","protected":false},"excerpt":{"rendered":"<p>Jornalismo Delibera\u00e7\u00e3o da C\u00e2mara de Gradua\u00e7\u00e3o n\u00ba 29\/2025Cria ementa para a atividade acad\u00eamica de natureza obrigat\u00f3ria especial 2EST631 \u2013 Est\u00e1gio (NIC), do Curso de Gradua\u00e7\u00e3o em Jornalismo Resolu\u00e7\u00e3o CEPE\/CA n\u00ba 03\/2023Reformula o Projeto Pedag\u00f3gico do Curso de Jornalismo, a ser implantado a partir do ano letivo de 2023 Delibera\u00e7\u00e3o da C\u00e2mara de Gradua\u00e7\u00e3o n\u00ba 04\/2021Altera [&hellip;]<\/p>\n","protected":false},"author":8,"featured_media":0,"parent":174,"menu_order":0,"comment_status":"closed","ping_status":"closed","template":"","meta":{"_acf_changed":false,"_themeisle_gutenberg_block_has_review":false,"footnotes":""},"class_list":["post-4561","page","type-page","status-publish","hentry"],"acf":[],"_links":{"self":[{"href":"https:\/\/sites.uel.br\/prograd\/wp-json\/wp\/v2\/pages\/4561","targetHints":{"allow":["GET"]}}],"collection":[{"href":"https:\/\/sites.uel.br\/prograd\/wp-json\/wp\/v2\/pages"}],"about":[{"href":"https:\/\/sites.uel.br\/prograd\/wp-json\/wp\/v2\/types\/page"}],"author":[{"embeddable":true,"href":"https:\/\/sites.uel.br\/prograd\/wp-json\/wp\/v2\/users\/8"}],"replies":[{"embeddable":true,"href":"https:\/\/sites.uel.br\/prograd\/wp-json\/wp\/v2\/comments?post=4561"}],"version-history":[{"count":10,"href":"https:\/\/sites.uel.br\/prograd\/wp-json\/wp\/v2\/pages\/4561\/revisions"}],"predecessor-version":[{"id":35786,"href":"https:\/\/sites.uel.br\/prograd\/wp-json\/wp\/v2\/pages\/4561\/revisions\/35786"}],"up":[{"embeddable":true,"href":"https:\/\/sites.uel.br\/prograd\/wp-json\/wp\/v2\/pages\/174"}],"wp:attachment":[{"href":"https:\/\/sites.uel.br\/prograd\/wp-json\/wp\/v2\/media?parent=4561"}],"curies":[{"name":"wp","href":"https:\/\/api.w.org\/{rel}","templated":true}]}}