{"id":4558,"date":"2023-05-05T15:28:00","date_gmt":"2023-05-05T18:28:00","guid":{"rendered":"https:\/\/sites.uel.br\/prograd\/?page_id=4558"},"modified":"2025-08-27T08:19:55","modified_gmt":"2025-08-27T11:19:55","slug":"projetos-pedagogicos-geografia-licenciatura","status":"publish","type":"page","link":"https:\/\/sites.uel.br\/prograd\/graduacao\/projetos-pedagogicos\/projetos-pedagogicos-geografia-licenciatura\/","title":{"rendered":"Projetos Pedag\u00f3gicos"},"content":{"rendered":"\n<hr class=\"wp-block-separator has-alpha-channel-opacity is-style-wide\"\/>\n\n\n\n<h2 class=\"wp-block-heading\">Geografia &#8211; Licenciatura<\/h2>\n\n\n\n<p><strong><a href=\"https:\/\/sites.uel.br\/prograd\/wp-content\/uploads\/documentos\/deliberacoes\/2025\/deliberacao_26_25.pdf\" target=\"_blank\" rel=\"noreferrer noopener\">Delibera\u00e7\u00e3o da C\u00e2mara de Gradua\u00e7\u00e3o n\u00ba 26\/2025<\/a><\/strong><br>Altera o item 9.3.2 Atividade Acad\u00eamica Complementar (AAC), da Resolu\u00e7\u00e3o CEPE\/CA n\u00ba 074\/2022, do Projeto Pedag\u00f3gico do Curso de Geografia \u2013 Bacharelado e Resolu\u00e7\u00e3o CEPE\/CA n\u00ba 079\/2022, do Projeto Pedag\u00f3gico do Curso de Geografia \u2013 Licenciatura<\/p>\n\n\n\n<p><strong><a href=\"https:\/\/sites.uel.br\/prograd\/wp-content\/uploads\/documentos\/deliberacoes\/2024\/deliberacao_17_24.pdf\" target=\"_blank\" rel=\"noreferrer noopener\">Delibera\u00e7\u00e3o da C\u00e2mara de Gradua\u00e7\u00e3o n\u00ba 17\/2024<\/a><\/strong><br>Altera a composi\u00e7\u00e3o do Colegiado do Curso de Geografia<\/p>\n\n\n\n<p><a href=\"https:\/\/sites.uel.br\/prograd\/wp-content\/uploads\/documentos\/deliberacoes\/2023\/deliberacao_04_23.pdf\" target=\"_blank\" rel=\"noreferrer noopener\"><strong>Delibera\u00e7\u00e3o da C\u00e2mara de Gradua\u00e7\u00e3o n\u00ba 04\/2023<\/strong><\/a><br>Cancela os pr\u00e9-requisitos exigidos para as atividades acad\u00eamicas 1GEO159 &#8211; Fundamentos de Pesquisa em Geografia, 1GEO131 &#8211; Planejamento e Gest\u00e3o Territorial Urbana, 1GEO132 &#8211; Planejamento e Gest\u00e3o Territorial Rural e 1EST339 &#8211; Est\u00e1gio Curricular Obrigat\u00f3rio, do curso de Geografia &#8211; bacharelado, curr\u00edculo 2019<\/p>\n\n\n\n<p><a href=\"https:\/\/sites.uel.br\/prograd\/wp-content\/uploads\/documentos\/deliberacoes\/2023\/deliberacao_03_23.pdf\" target=\"_blank\" rel=\"noreferrer noopener\"><strong>Delibera\u00e7\u00e3o da C\u00e2mara de Gradua\u00e7\u00e3o n\u00ba 03\/2023<\/strong><\/a><br>Cancela os pr\u00e9-requisitos exigidos para as atividades acad\u00eamicas 1EST335 &#8211; Est\u00e1gio de Viv\u00eancia Docente em Geografia I (GEO), 1EST336 &#8211; Est\u00e1gio de Viv\u00eancia Docente em Geografia II (GEO), 1GEO159 &#8211; Fundamentos de Pesquisa em Geografia, 1EST337 &#8211; Est\u00e1gio de Reg\u00eancia I (GEO), 1GEO168 &#8211; Geopol\u00edtica, 1GEO169 &#8211; Geografia do Brasil I, 1GEO174 &#8211; Geografia do Brasil II e 1EST338 &#8211; Est\u00e1gio de Reg\u00eancia II (GEO), do curso de Geografia &#8211; licenciatura, curr\u00edculo 2019<\/p>\n\n\n\n<p><a href=\"https:\/\/sites.uel.br\/prograd\/wp-content\/uploads\/documentos\/resolucoes\/2022\/resolucao_79_22.pdf\" target=\"_blank\" rel=\"noreferrer noopener\"><strong>Resolu\u00e7\u00e3o CEPE\/CA n\u00ba 79\/2022<\/strong><\/a><br>Reformula o Projeto Pedag\u00f3gico do Curso de Geografia &#8211; Licenciatura, a ser implantado a partir do ano letivo de 2023<\/p>\n\n\n\n<p><a href=\"https:\/\/sites.uel.br\/prograd\/wp-content\/uploads\/documentos\/deliberacoes\/2019\/deliberacao_06_19.pdf\" target=\"_blank\" rel=\"noreferrer noopener\"><strong>Delibera\u00e7\u00e3o da C\u00e2mara de Gradua\u00e7\u00e3o n\u00ba 06\/2019<\/strong><\/a><br>Altera a forma de cumprimento da depend\u00eancia do Curso de Geografia, Bacharelado e Licenciatura<\/p>\n\n\n\n<p><a href=\"https:\/\/sites.uel.br\/prograd\/wp-content\/uploads\/documentos\/resolucoes\/2018\/resolucao_130_18.pdf\" target=\"_blank\" rel=\"noreferrer noopener\"><strong>Resolu\u00e7\u00e3o CEPE\/CA n\u00ba 130\/2018<\/strong><\/a><br>Reformula o Projeto Pedag\u00f3gico do Curso de Geografia &#8211; Licenciatura, a ser implantado a partir do ano letivo de 2019<\/p>\n\n\n\n<p><a href=\"https:\/\/sites.uel.br\/prograd\/wp-content\/uploads\/documentos\/deliberacoes\/2017\/deliberacao_19_17.pdf\" target=\"_blank\" rel=\"noreferrer noopener\"><strong>Delibera\u00e7\u00e3o da C\u00e2mara de Gradua\u00e7\u00e3o n\u00ba 19\/2017<\/strong><\/a><br>Altera a modalidade e carga m\u00e1xima de aproveitamento em Atividade Acad\u00eamica Complementar (AAC) no curso de Geografia &#8211; Habilita\u00e7\u00f5es: Bacharelado e Licenciatura<\/p>\n\n\n\n<p><a href=\"https:\/\/sites.uel.br\/prograd\/wp-content\/uploads\/documentos\/deliberacoes\/2015\/deliberacao_08_15.pdf\" target=\"_blank\" rel=\"noreferrer noopener\"><strong>Delibera\u00e7\u00e3o da C\u00e2mara de Gradua\u00e7\u00e3o n\u00ba 08\/2015<\/strong><\/a><br>Altera o regime de depend\u00eancia do Curso de Geografia, Habilita\u00e7\u00f5es Bacharelado e Licenciatura<\/p>\n\n\n\n<p><a href=\"https:\/\/sites.uel.br\/prograd\/wp-content\/uploads\/documentos\/resolucoes\/2009\/resolucao_265_09.pdf\" target=\"_blank\" rel=\"noreferrer noopener\"><strong>Resolu\u00e7\u00e3o CEPE\/CA n\u00ba 0265\/2009<\/strong><\/a><br>Reformula o Projeto Pedag\u00f3gico do Curso de Geografia &#8211; Habilita\u00e7\u00e3o: Licenciatura, a ser implantado a partir do ano letivo de 2010<\/p>\n\n\n\n<p><a href=\"https:\/\/sites.uel.br\/prograd\/wp-content\/uploads\/documentos\/deliberacoes\/2008\/deliberacao_34_08.pdf\" target=\"_blank\" rel=\"noreferrer noopener\"><strong>Delibera\u00e7\u00e3o da C\u00e2mara de Gradua\u00e7\u00e3o n\u00ba 34\/2008<\/strong><\/a><br>Estabelece adequa\u00e7\u00f5es curriculares para o curso de gradua\u00e7\u00e3o em Geografia, Habilita\u00e7\u00e3o: Bacharelado e Licenciatura, a vigorar a partir do ano letivo de 2009<\/p>\n\n\n\n<p><a href=\"https:\/\/sites.uel.br\/prograd\/wp-content\/uploads\/documentos\/deliberacoes\/2007\/deliberacao_54_07.pdf\" target=\"_blank\" rel=\"noreferrer noopener\"><strong>Delibera\u00e7\u00e3o da C\u00e2mara de Gradua\u00e7\u00e3o n\u00ba 054\/2007<\/strong><\/a><br>Estabelece adequa\u00e7\u00f5es curriculares para o Curso de Gradua\u00e7\u00e3o em Geografia &#8211; Habilita\u00e7\u00f5es: Licenciatura e Bacharelado, a serem implantadas a partir do ano letivo de 2008<\/p>\n\n\n\n<p><a href=\"https:\/\/sites.uel.br\/prograd\/wp-content\/uploads\/documentos\/deliberacoes\/2007\/deliberacao_38_07.pdf\" target=\"_blank\" rel=\"noreferrer noopener\"><strong>Delibera\u00e7\u00e3o da C\u00e2mara de Gradua\u00e7\u00e3o n\u00ba 038\/2007<\/strong><\/a><br>Altera o semestre de oferta da disciplina 6HIS001 \u2013 Hist\u00f3ria do Brasil, locada na 1\u00aa s\u00e9rie do Curso de Gradua\u00e7\u00e3o em Geografia, nas Habilita\u00e7\u00f5es Bacharelado e Licenciatura, a vigorar a partir do ano letivo de 2008<\/p>\n\n\n\n<p><a href=\"https:\/\/sites.uel.br\/prograd\/wp-content\/uploads\/documentos\/deliberacoes\/2006\/deliberacao_14_06.pdf\" target=\"_blank\" rel=\"noreferrer noopener\"><strong>Delibera\u00e7\u00e3o da C\u00e2mara de Gradua\u00e7\u00e3o n\u00ba 14\/2006<\/strong><\/a><br>Estabelece adequa\u00e7\u00f5es no curr\u00edculo pleno do curso de Geografia: Habilita\u00e7\u00f5es: Bacharelado e Licenciatura a serem implantadas a partir do ano letivo de 2007<\/p>\n\n\n\n<p><a href=\"https:\/\/sites.uel.br\/prograd\/wp-content\/uploads\/documentos\/resolucoes\/2005\/resolucao_39_05.pdf\" target=\"_blank\" rel=\"noreferrer noopener\"><strong>Resolu\u00e7\u00e3o CEPE n\u00ba 39\/2005<\/strong><\/a><br>Reformula o Projeto Pol\u00edtico-Pedag\u00f3gico do Curso de Geografia &#8211; Habilita\u00e7\u00e3o: Licenciatura, a ser implantado a partir do ano letivo de 2005<\/p>\n\n\n\n<hr class=\"wp-block-separator has-text-color has-cinza-color has-css-opacity has-cinza-background-color has-background is-style-wide\"\/>\n\n\n\n<p><strong>Veja tamb\u00e9m:<\/strong><\/p>\n\n\n\n<p><a href=\"https:\/\/sites.uel.br\/prograd\/graduacao\/catalogo-dos-cursos-de-graduacao-indice\/\">Cat\u00e1logo dos Curso de Gradua\u00e7\u00e3o (Organiza\u00e7\u00e3o Curricular, Ementas, Corpo Docente<\/a>)<\/p>\n\n\n\n<p><a href=\"https:\/\/sites.uel.br\/prograd\/regulamentos-tcc-e-estagio\/\">Regulamentos TCC e Est\u00e1gios<\/a><\/p>\n","protected":false},"excerpt":{"rendered":"<p>Geografia &#8211; Licenciatura Delibera\u00e7\u00e3o da C\u00e2mara de Gradua\u00e7\u00e3o n\u00ba 26\/2025Altera o item 9.3.2 Atividade Acad\u00eamica Complementar (AAC), da Resolu\u00e7\u00e3o CEPE\/CA n\u00ba 074\/2022, do Projeto Pedag\u00f3gico do Curso de Geografia \u2013 Bacharelado e Resolu\u00e7\u00e3o CEPE\/CA n\u00ba 079\/2022, do Projeto Pedag\u00f3gico do Curso de Geografia \u2013 Licenciatura Delibera\u00e7\u00e3o da C\u00e2mara de Gradua\u00e7\u00e3o n\u00ba 17\/2024Altera a composi\u00e7\u00e3o do [&hellip;]<\/p>\n","protected":false},"author":8,"featured_media":0,"parent":174,"menu_order":0,"comment_status":"closed","ping_status":"closed","template":"","meta":{"_acf_changed":false,"_themeisle_gutenberg_block_has_review":false,"footnotes":""},"class_list":["post-4558","page","type-page","status-publish","hentry"],"acf":[],"_links":{"self":[{"href":"https:\/\/sites.uel.br\/prograd\/wp-json\/wp\/v2\/pages\/4558","targetHints":{"allow":["GET"]}}],"collection":[{"href":"https:\/\/sites.uel.br\/prograd\/wp-json\/wp\/v2\/pages"}],"about":[{"href":"https:\/\/sites.uel.br\/prograd\/wp-json\/wp\/v2\/types\/page"}],"author":[{"embeddable":true,"href":"https:\/\/sites.uel.br\/prograd\/wp-json\/wp\/v2\/users\/8"}],"replies":[{"embeddable":true,"href":"https:\/\/sites.uel.br\/prograd\/wp-json\/wp\/v2\/comments?post=4558"}],"version-history":[{"count":12,"href":"https:\/\/sites.uel.br\/prograd\/wp-json\/wp\/v2\/pages\/4558\/revisions"}],"predecessor-version":[{"id":35485,"href":"https:\/\/sites.uel.br\/prograd\/wp-json\/wp\/v2\/pages\/4558\/revisions\/35485"}],"up":[{"embeddable":true,"href":"https:\/\/sites.uel.br\/prograd\/wp-json\/wp\/v2\/pages\/174"}],"wp:attachment":[{"href":"https:\/\/sites.uel.br\/prograd\/wp-json\/wp\/v2\/media?parent=4558"}],"curies":[{"name":"wp","href":"https:\/\/api.w.org\/{rel}","templated":true}]}}