{"id":4554,"date":"2023-05-05T15:27:51","date_gmt":"2023-05-05T18:27:51","guid":{"rendered":"https:\/\/sites.uel.br\/prograd\/?page_id=4554"},"modified":"2025-11-06T13:20:41","modified_gmt":"2025-11-06T16:20:41","slug":"projetos-pedagogicos-fisica-bacharelado","status":"publish","type":"page","link":"https:\/\/sites.uel.br\/prograd\/graduacao\/projetos-pedagogicos\/projetos-pedagogicos-fisica-bacharelado\/","title":{"rendered":"Projetos Pedag\u00f3gicos"},"content":{"rendered":"\n<hr class=\"wp-block-separator has-alpha-channel-opacity is-style-wide\"\/>\n\n\n\n<h2 class=\"wp-block-heading\">F\u00edsica &#8211; Bacharelado<\/h2>\n\n\n\n<p><strong><a href=\"https:\/\/sites.uel.br\/prograd\/wp-content\/uploads\/documentos\/deliberacoes\/2024\/deliberacao_32_24.pdf\" target=\"_blank\" rel=\"noreferrer noopener\">Delibera\u00e7\u00e3o da C\u00e2mara de Gradua\u00e7\u00e3o n\u00ba 32\/2024<\/a><\/strong><br>Altera o item 9.3.3 \u2013 Trabalho de Conclus\u00e3o de Curso (TCC), da Resolu\u00e7\u00e3o CEPE\/CA 102\/2022, do Projeto Pedag\u00f3gico do Curso de F\u00edsica \u2013 Bacharelado<\/p>\n\n\n\n<p><a href=\"https:\/\/sites.uel.br\/prograd\/wp-content\/uploads\/documentos\/deliberacoes\/2023\/deliberacao_06_23.pdf\" target=\"_blank\" rel=\"noreferrer noopener\"><strong>Delibera\u00e7\u00e3o da C\u00e2mara de Gradua\u00e7\u00e3o n\u00ba 06\/2023<\/strong><\/a><br>Altera os pr\u00e9-requisitos do curso de F\u00edsica &#8211; bacharelado, curr\u00edculo 2010<\/p>\n\n\n\n<p><a href=\"https:\/\/sites.uel.br\/prograd\/wp-content\/uploads\/documentos\/resolucoes\/2022\/resolucao_102_22.pdf\" target=\"_blank\" rel=\"noreferrer noopener\"><strong>Resolu\u00e7\u00e3o CEPE\/CA n\u00ba 102\/2022<\/strong><\/a><br>Reformula o Projeto Pedag\u00f3gico do Curso de F\u00edsica &#8211; bacharelado, a ser implantado a partir do ano letivo de 2023<\/p>\n\n\n\n<p><a href=\"https:\/\/sites.uel.br\/prograd\/wp-content\/uploads\/documentos\/deliberacoes\/2020\/deliberacao_11_20.pdf\" target=\"_blank\" rel=\"noreferrer noopener\"><strong>Delibera\u00e7\u00e3o da C\u00e2mara de Gradua\u00e7\u00e3o n\u00ba 11\/2020<\/strong><\/a><br>Estabelece adequa\u00e7\u00f5es curriculares no Curso de Gradua\u00e7\u00e3o em F\u00edsica, Bacharelado e Licenciatura<\/p>\n\n\n\n<p><a href=\"https:\/\/sites.uel.br\/prograd\/wp-content\/uploads\/documentos\/deliberacoes\/2015\/deliberacao_20_15.pdf\" target=\"_blank\" rel=\"noreferrer noopener\"><strong>Delibera\u00e7\u00e3o da C\u00e2mara de Gradua\u00e7\u00e3o n\u00ba 20\/2015<\/strong><\/a><br>Estabelece adequa\u00e7\u00f5es curriculares no Curso de Gradua\u00e7\u00e3o em F\u00edsica, Habita\u00e7\u00f5es: Bacharelado e Licenciatura<\/p>\n\n\n\n<p><a href=\"https:\/\/sites.uel.br\/prograd\/wp-content\/uploads\/documentos\/deliberacoes\/2014\/deliberacao_38_14.pdf\" target=\"_blank\" rel=\"noreferrer noopener\"><strong>Delibera\u00e7\u00e3o da C\u00e2mara de Gradua\u00e7\u00e3o n\u00ba 38\/2014<\/strong><\/a><br>Estabelece adequa\u00e7\u00f5es curriculares no Curso de Gradua\u00e7\u00e3o em F\u00edsica, Habilita\u00e7\u00f5es: Bacharelado e Licenciatura<\/p>\n\n\n\n<p><a href=\"https:\/\/sites.uel.br\/prograd\/wp-content\/uploads\/documentos\/deliberacoes\/2012\/deliberacao_21_12.pdf\" target=\"_blank\" rel=\"noreferrer noopener\"><strong>Delibera\u00e7\u00e3o da C\u00e2mara de Gradua\u00e7\u00e3o n\u00ba 21\/2012<\/strong><\/a><br>Estabelece adequa\u00e7\u00f5es curriculares no curso de Gradua\u00e7\u00e3o em F\u00edsica, habilita\u00e7\u00e3o &#8211; bacharelado e licenciatura, curr\u00edculo 2010, a vigorar a partir do ano letivo de 2013<\/p>\n\n\n\n<p><a href=\"https:\/\/sites.uel.br\/prograd\/wp-content\/uploads\/documentos\/resolucoes\/2009\/resolucao_272_09.pdf\" target=\"_blank\" rel=\"noreferrer noopener\"><strong>Resolu\u00e7\u00e3o CEPE\/CA n\u00ba 0272\/2009<\/strong><\/a><br>Reformula o Projeto Pedag\u00f3gico do Curso de F\u00edsica &#8211; Habilita\u00e7\u00e3o: Bacharelado, a ser implantado a partir do ano letivo de 2010<\/p>\n\n\n\n<p><a href=\"https:\/\/sites.uel.br\/prograd\/wp-content\/uploads\/documentos\/deliberacoes\/2008\/deliberacao_23_08.pdf\" target=\"_blank\" rel=\"noreferrer noopener\"><strong>Delibera\u00e7\u00e3o da C\u00e2mara de Gradua\u00e7\u00e3o n\u00ba 23\/2008<\/strong><\/a><br>Estabelece adequa\u00e7\u00f5es curriculares para o curso de gradua\u00e7\u00e3o em F\u00edsica, Habilita\u00e7\u00e3o: Bacharelado e Licenciatura, a vigorar a partir do ano letivo de 2009<\/p>\n\n\n\n<p><a href=\"https:\/\/sites.uel.br\/prograd\/wp-content\/uploads\/documentos\/deliberacoes\/2007\/deliberacao_74_07.pdf\" target=\"_blank\" rel=\"noreferrer noopener\"><strong>Delibera\u00e7\u00e3o da C\u00e2mara de Gradua\u00e7\u00e3o n\u00ba 074\/2007<\/strong><\/a><br>Estabelece adequa\u00e7\u00f5es curriculares para o Curso de Gradua\u00e7\u00e3o em F\u00edsica &#8211; Habilita\u00e7\u00f5es: Licenciatura e Bacharelado, a vigorar a partir do ano letivo de 2008<\/p>\n\n\n\n<p><a href=\"https:\/\/sites.uel.br\/prograd\/wp-content\/uploads\/documentos\/deliberacoes\/2006\/deliberacao_27_06.pdf\" target=\"_blank\" rel=\"noreferrer noopener\"><strong>Delibera\u00e7\u00e3o da C\u00e2mara de Gradua\u00e7\u00e3o n\u00ba 27\/2006<\/strong><\/a><br>Regulamenta a oferta em concomit\u00e2ncia e a continuidade de estudos das Habilita\u00e7\u00f5es Bacharelado e Licenciatura do Curso de Gradua\u00e7\u00e3o em F\u00edsica a partir do ano letivo de 2007<\/p>\n\n\n\n<p><a href=\"https:\/\/sites.uel.br\/prograd\/wp-content\/uploads\/documentos\/deliberacoes\/2006\/deliberacao_10_06.pdf\" target=\"_blank\" rel=\"noreferrer noopener\"><strong>Delibera\u00e7\u00e3o da C\u00e2mara de Gradua\u00e7\u00e3o n\u00ba 10\/2006<\/strong><\/a><br>Estabelece adequa\u00e7\u00f5es no curr\u00edculo pleno do curso de F\u00edsica &#8211; Habilita\u00e7\u00f5es: Licenciatura e Bacharelado, em implanta\u00e7\u00e3o a partir do ano letivo de 2005<\/p>\n\n\n\n<p><a href=\"https:\/\/sites.uel.br\/prograd\/wp-content\/uploads\/documentos\/resolucoes\/2005\/resolucao_36_05.pdf\" target=\"_blank\" rel=\"noreferrer noopener\"><strong>Resolu\u00e7\u00e3o CEPE n\u00ba 36\/2005<\/strong><\/a><br>Reformula o Projeto Pol\u00edtico-Pedag\u00f3gico do Curso de F\u00edsica &#8211; Habilita\u00e7\u00e3o: Bacharelado, a ser implantado a partir do ano letivo de 2005<\/p>\n\n\n\n<hr class=\"wp-block-separator has-text-color has-cinza-color has-css-opacity has-cinza-background-color has-background is-style-wide\"\/>\n\n\n\n<p><strong>Veja tamb\u00e9m:<\/strong><\/p>\n\n\n\n<p><a href=\"https:\/\/sites.uel.br\/prograd\/graduacao\/catalogo-dos-cursos-de-graduacao-indice\/\">Cat\u00e1logo dos Curso de Gradua\u00e7\u00e3o (Organiza\u00e7\u00e3o Curricular, Ementas, Corpo Docente<\/a>)<\/p>\n\n\n\n<p><a href=\"https:\/\/sites.uel.br\/prograd\/regulamentos-tcc-e-estagio\/\">Regulamentos TCC e Est\u00e1gios<\/a><\/p>\n","protected":false},"excerpt":{"rendered":"<p>F\u00edsica &#8211; Bacharelado Delibera\u00e7\u00e3o da C\u00e2mara de Gradua\u00e7\u00e3o n\u00ba 32\/2024Altera o item 9.3.3 \u2013 Trabalho de Conclus\u00e3o de Curso (TCC), da Resolu\u00e7\u00e3o CEPE\/CA 102\/2022, do Projeto Pedag\u00f3gico do Curso de F\u00edsica \u2013 Bacharelado Delibera\u00e7\u00e3o da C\u00e2mara de Gradua\u00e7\u00e3o n\u00ba 06\/2023Altera os pr\u00e9-requisitos do curso de F\u00edsica &#8211; bacharelado, curr\u00edculo 2010 Resolu\u00e7\u00e3o CEPE\/CA n\u00ba 102\/2022Reformula o [&hellip;]<\/p>\n","protected":false},"author":8,"featured_media":0,"parent":174,"menu_order":0,"comment_status":"closed","ping_status":"closed","template":"","meta":{"_acf_changed":false,"_themeisle_gutenberg_block_has_review":false,"footnotes":""},"class_list":["post-4554","page","type-page","status-publish","hentry"],"acf":[],"_links":{"self":[{"href":"https:\/\/sites.uel.br\/prograd\/wp-json\/wp\/v2\/pages\/4554","targetHints":{"allow":["GET"]}}],"collection":[{"href":"https:\/\/sites.uel.br\/prograd\/wp-json\/wp\/v2\/pages"}],"about":[{"href":"https:\/\/sites.uel.br\/prograd\/wp-json\/wp\/v2\/types\/page"}],"author":[{"embeddable":true,"href":"https:\/\/sites.uel.br\/prograd\/wp-json\/wp\/v2\/users\/8"}],"replies":[{"embeddable":true,"href":"https:\/\/sites.uel.br\/prograd\/wp-json\/wp\/v2\/comments?post=4554"}],"version-history":[{"count":12,"href":"https:\/\/sites.uel.br\/prograd\/wp-json\/wp\/v2\/pages\/4554\/revisions"}],"predecessor-version":[{"id":35771,"href":"https:\/\/sites.uel.br\/prograd\/wp-json\/wp\/v2\/pages\/4554\/revisions\/35771"}],"up":[{"embeddable":true,"href":"https:\/\/sites.uel.br\/prograd\/wp-json\/wp\/v2\/pages\/174"}],"wp:attachment":[{"href":"https:\/\/sites.uel.br\/prograd\/wp-json\/wp\/v2\/media?parent=4554"}],"curies":[{"name":"wp","href":"https:\/\/api.w.org\/{rel}","templated":true}]}}