{"id":4550,"date":"2023-05-05T15:27:42","date_gmt":"2023-05-05T18:27:42","guid":{"rendered":"https:\/\/sites.uel.br\/prograd\/?page_id=4550"},"modified":"2026-03-17T10:44:06","modified_gmt":"2026-03-17T13:44:06","slug":"projetos-pedagogicos-engenharia-civil","status":"publish","type":"page","link":"https:\/\/sites.uel.br\/prograd\/graduacao\/projetos-pedagogicos\/projetos-pedagogicos-engenharia-civil\/","title":{"rendered":"Projetos Pedag\u00f3gicos"},"content":{"rendered":"\n<hr class=\"wp-block-separator has-alpha-channel-opacity is-style-wide\"\/>\n\n\n\n<h2 class=\"wp-block-heading\">Engenharia Civil<\/h2>\n\n\n\n<p><strong><a href=\"https:\/\/sites.uel.br\/prograd\/wp-content\/uploads\/documentos\/resolucoes\/2025\/deliberacao_39_25.pdf\" target=\"_blank\" rel=\"noreferrer noopener\">Resolu\u00e7\u00e3o CEPE n\u00ba 39\/2025<\/a><\/strong><br>Aprova o Regulamento do Trabalho de Conclus\u00e3o de Curso \u2013 TCC, do Curso de Gradua\u00e7\u00e3o em Engenharia Civil<\/p>\n\n\n\n<p><strong><a href=\"https:\/\/sites.uel.br\/prograd\/wp-content\/uploads\/documentos\/deliberacoes\/2025\/deliberacao_34_25.pdf\" target=\"_blank\" rel=\"noreferrer noopener\">Delibera\u00e7\u00e3o da C\u00e2mara de Gradua\u00e7\u00e3o n\u00ba 34\/2025<\/a><\/strong><br>Altera a reda\u00e7\u00e3o do item 9.3.4 Est\u00e1gio curricular obrigat\u00f3rio da Resolu\u00e7\u00e3o CEPE\/CA n\u00ba 073\/2022, do Projeto Pedag\u00f3gico do Curso de Engenharia Civil<\/p>\n\n\n\n<p><strong><a href=\"https:\/\/sites.uel.br\/prograd\/wp-content\/uploads\/documentos\/deliberacoes\/2024\/deliberacao_24_24.pdf\" target=\"_blank\" rel=\"noreferrer noopener\">Delibera\u00e7\u00e3o da C\u00e2mara de Gradua\u00e7\u00e3o n\u00ba 24\/2024<\/a><\/strong><br>Transfere a atividade acad\u00eamica 2BIO0007 \u2013 Gest\u00e3o Ambiental na Engenharia Civil, do curso de Engenharia Civil, curr\u00edculo 2023, do Departamento de Biologia Geral para o Departamento de Biologia Animal e Vegetal<\/p>\n\n\n\n<p><strong><a href=\"https:\/\/sites.uel.br\/prograd\/wp-content\/uploads\/documentos\/deliberacoes\/2024\/deliberacao_13_24.pdf\" target=\"_blank\" rel=\"noreferrer noopener\">Delibera\u00e7\u00e3o da C\u00e2mara de Gradua\u00e7\u00e3o n\u00ba 13\/2024<\/a><\/strong><br>Altera a distribui\u00e7\u00e3o da carga hor\u00e1ria da atividade acad\u00eamica 6API008 \u2013 Atividade Pedag\u00f3gica Integradora IV, alocada na 5\u00aa s\u00e9rie do curso de Engenharia Civil, curr\u00edculo 2010<\/p>\n\n\n\n<p><strong><a href=\"https:\/\/sites.uel.br\/prograd\/wp-content\/uploads\/documentos\/deliberacoes\/2024\/deliberacao_11_24.pdf\" target=\"_blank\" rel=\"noreferrer noopener\">Delibera\u00e7\u00e3o da C\u00e2mara de Gradua\u00e7\u00e3o n\u00ba 11\/2024<\/a><\/strong><br>Altera a composi\u00e7\u00e3o do Colegiado do Curso de Engenharia Civil<\/p>\n\n\n\n<p><a href=\"https:\/\/sites.uel.br\/prograd\/wp-content\/uploads\/documentos\/resolucoes\/2022\/resolucao_73_22.pdf\" target=\"_blank\" rel=\"noreferrer noopener\"><strong>Resolu\u00e7\u00e3o CEPE\/CA n\u00ba 73\/2022<\/strong><\/a><br>Reformula o Projeto Pedag\u00f3gico do Curso de Engenharia Civil, a ser implantado a partir do ano letivo de 2023<\/p>\n\n\n\n<p><a href=\"https:\/\/sites.uel.br\/prograd\/wp-content\/uploads\/documentos\/deliberacoes\/2018\/deliberacao_06_18.pdf\" target=\"_blank\" rel=\"noreferrer noopener\"><strong>Delibera\u00e7\u00e3o da C\u00e2mara de Gradua\u00e7\u00e3o n\u00ba 06\/2018<\/strong><\/a><br>Altera a vincula\u00e7\u00e3o departamental e redistribui a carga hor\u00e1ria da Atividade Acad\u00eamica 6CIV\/EDU\/TRU031 &#8211; Oficina de Comunica\u00e7\u00e3o e Express\u00e3o para Engenharia Civil, locada na 1\u00aa s\u00e9rie do Curso de Gradua\u00e7\u00e3o em Engenharia &#8211; Habilita\u00e7\u00e3o: Engenharia Civil, curr\u00edculo 2010<\/p>\n\n\n\n<p><a href=\"https:\/\/sites.uel.br\/prograd\/wp-content\/uploads\/documentos\/deliberacoes\/2013\/deliberacao_37_13.pdf\" target=\"_blank\" rel=\"noreferrer noopener\"><strong>Delibera\u00e7\u00e3o da C\u00e2mara de Gradua\u00e7\u00e3o n\u00ba 37\/2013<\/strong><\/a><br>Inclui Libras &#8211; L\u00edngua Brasileira de Sinais como disciplina especial no Projeto Pedag\u00f3gico do Curso de Engenharia &#8211; Habilita\u00e7\u00e3o: Engenharia Civil, a partir do ano letivo de 2014<\/p>\n\n\n\n<p><a href=\"https:\/\/sites.uel.br\/prograd\/wp-content\/uploads\/documentos\/deliberacoes\/2009\/deliberacao_25_09.pdf\" target=\"_blank\" rel=\"noreferrer noopener\"><strong>Delibera\u00e7\u00e3o da C\u00e2mara de Gradua\u00e7\u00e3o n\u00ba 25\/2009<\/strong><\/a><br>Estabelece adequa\u00e7\u00f5es no Projeto Pedag\u00f3gico do Curso de Engenharia &#8211; Habilita\u00e7\u00e3o: Engenharia Civil, a ser implantadas a partir do ano letivo de 2010<\/p>\n\n\n\n<p><a href=\"https:\/\/sites.uel.br\/prograd\/wp-content\/uploads\/documentos\/resolucoes\/2007\/resolucao_200_07.pdf\" target=\"_blank\" rel=\"noreferrer noopener\"><strong>Resolu\u00e7\u00e3o CEPE n\u00ba 0200\/2007<\/strong><\/a><br>Estabelece adequa\u00e7\u00f5es curriculares para o Curso de Gradua\u00e7\u00e3o em Engenharia-Habilita\u00e7\u00e3o: Engenharia Civil, a vigorar a partir do ano letivo de 2008<\/p>\n\n\n\n<p><a href=\"https:\/\/sites.uel.br\/prograd\/wp-content\/uploads\/documentos\/resolucoes\/2006\/resolucao_182_06.pdf\" target=\"_blank\" rel=\"noreferrer noopener\"><strong>Resolu\u00e7\u00e3o CEPE\/CA n\u00ba 182\/2006<\/strong><\/a><br>Estabelece adequa\u00e7\u00f5es curriculares para o curso de gradua\u00e7\u00e3o em Engenharia &#8211; Habilita\u00e7\u00e3o: Engenharia Civil a serem implantadas a partir do ano letivo de 2007<\/p>\n\n\n\n<p><a href=\"https:\/\/sites.uel.br\/prograd\/wp-content\/uploads\/documentos\/deliberacoes\/2005\/deliberacao_05_05.pdf\" target=\"_blank\" rel=\"noreferrer noopener\"><strong>Delibera\u00e7\u00e3o da C\u00e2mara de Gradua\u00e7\u00e3o n\u00ba 05\/2005<\/strong><\/a><br>Estabelece adequa\u00e7\u00f5es curriculares para o curso de Engenharia &#8211; Habilita\u00e7\u00e3o: Engenharia Civil a serem implantadas a partir do ano letivo de 2006<\/p>\n\n\n\n<p><a href=\"https:\/\/sites.uel.br\/prograd\/wp-content\/uploads\/documentos\/resolucoes\/2005\/resolucao_34_05.pdf\" target=\"_blank\" rel=\"noreferrer noopener\"><strong>Resolu\u00e7\u00e3o CEPE n\u00ba 34\/2005<\/strong><\/a><br>Reformula o Projeto Pol\u00edtico-Pedag\u00f3gico do Curso de Engenharia &#8211; Habilita\u00e7\u00e3o: Engenharia Civil, a ser implantado a partir do ano letivo de 2005<\/p>\n\n\n\n<hr class=\"wp-block-separator has-text-color has-cinza-color has-css-opacity has-cinza-background-color has-background is-style-wide\"\/>\n\n\n\n<p><strong>Veja tamb\u00e9m:<\/strong><\/p>\n\n\n\n<p><a href=\"https:\/\/sites.uel.br\/prograd\/graduacao\/catalogo-dos-cursos-de-graduacao-indice\/\">Cat\u00e1logo dos Curso de Gradua\u00e7\u00e3o (Organiza\u00e7\u00e3o Curricular, Ementas, Corpo Docente<\/a>)<\/p>\n\n\n\n<p><a href=\"https:\/\/sites.uel.br\/prograd\/regulamentos-tcc-e-estagio\/\">Regulamentos TCC e Est\u00e1gios<\/a><\/p>\n","protected":false},"excerpt":{"rendered":"<p>Engenharia Civil Resolu\u00e7\u00e3o CEPE n\u00ba 39\/2025Aprova o Regulamento do Trabalho de Conclus\u00e3o de Curso \u2013 TCC, do Curso de Gradua\u00e7\u00e3o em Engenharia Civil Delibera\u00e7\u00e3o da C\u00e2mara de Gradua\u00e7\u00e3o n\u00ba 34\/2025Altera a reda\u00e7\u00e3o do item 9.3.4 Est\u00e1gio curricular obrigat\u00f3rio da Resolu\u00e7\u00e3o CEPE\/CA n\u00ba 073\/2022, do Projeto Pedag\u00f3gico do Curso de Engenharia Civil Delibera\u00e7\u00e3o da C\u00e2mara de [&hellip;]<\/p>\n","protected":false},"author":8,"featured_media":0,"parent":174,"menu_order":0,"comment_status":"closed","ping_status":"closed","template":"","meta":{"_acf_changed":false,"_themeisle_gutenberg_block_has_review":false,"footnotes":""},"class_list":["post-4550","page","type-page","status-publish","hentry"],"acf":[],"_links":{"self":[{"href":"https:\/\/sites.uel.br\/prograd\/wp-json\/wp\/v2\/pages\/4550","targetHints":{"allow":["GET"]}}],"collection":[{"href":"https:\/\/sites.uel.br\/prograd\/wp-json\/wp\/v2\/pages"}],"about":[{"href":"https:\/\/sites.uel.br\/prograd\/wp-json\/wp\/v2\/types\/page"}],"author":[{"embeddable":true,"href":"https:\/\/sites.uel.br\/prograd\/wp-json\/wp\/v2\/users\/8"}],"replies":[{"embeddable":true,"href":"https:\/\/sites.uel.br\/prograd\/wp-json\/wp\/v2\/comments?post=4550"}],"version-history":[{"count":17,"href":"https:\/\/sites.uel.br\/prograd\/wp-json\/wp\/v2\/pages\/4550\/revisions"}],"predecessor-version":[{"id":36986,"href":"https:\/\/sites.uel.br\/prograd\/wp-json\/wp\/v2\/pages\/4550\/revisions\/36986"}],"up":[{"embeddable":true,"href":"https:\/\/sites.uel.br\/prograd\/wp-json\/wp\/v2\/pages\/174"}],"wp:attachment":[{"href":"https:\/\/sites.uel.br\/prograd\/wp-json\/wp\/v2\/media?parent=4550"}],"curies":[{"name":"wp","href":"https:\/\/api.w.org\/{rel}","templated":true}]}}