{"id":4548,"date":"2023-05-05T15:27:36","date_gmt":"2023-05-05T18:27:36","guid":{"rendered":"https:\/\/sites.uel.br\/prograd\/?page_id=4548"},"modified":"2025-05-13T16:08:54","modified_gmt":"2025-05-13T19:08:54","slug":"projetos-pedagogicos-educacao-fisica-licenciatura","status":"publish","type":"page","link":"https:\/\/sites.uel.br\/prograd\/graduacao\/projetos-pedagogicos\/projetos-pedagogicos-educacao-fisica-licenciatura\/","title":{"rendered":"Projetos Pedag\u00f3gicos"},"content":{"rendered":"\n<hr class=\"wp-block-separator has-alpha-channel-opacity is-style-wide\"\/>\n\n\n\n<h2 class=\"wp-block-heading\">Educa\u00e7\u00e3o F\u00edsica \u2013 Licenciatura<\/h2>\n\n\n\n<p><strong><a href=\"https:\/\/sites.uel.br\/prograd\/wp-content\/uploads\/documentos\/deliberacoes\/2024\/deliberacao_28_24.pdf\" target=\"_blank\" rel=\"noreferrer noopener\">Delibera\u00e7\u00e3o da C\u00e2mara de Gradua\u00e7\u00e3o n\u00ba 28\/2024<\/a><\/strong><br>Altera o Artigo 33 da Resolu\u00e7\u00e3o CEPE n\u00ba 0255\/2009, do Projeto Pedag\u00f3gico do Curso de Educa\u00e7\u00e3o F\u00edsica \u2013 Licenciatura<\/p>\n\n\n\n<p><strong><a href=\"https:\/\/sites.uel.br\/prograd\/wp-content\/uploads\/documentos\/deliberacoes\/2024\/deliberacao_22_24.pdf\" target=\"_blank\" rel=\"noreferrer noopener\">Delibera\u00e7\u00e3o da C\u00e2mara de Gradua\u00e7\u00e3o n\u00ba 22\/2024<\/a><\/strong><br>Altera a distribui\u00e7\u00e3o da carga hor\u00e1ria da atividade acad\u00eamica 2DEF008 \u2013 Fisiologia do Exerc\u00edcio, do curso de Educa\u00e7\u00e3o F\u00edsica \u2013 Bacharelado e Licenciatura, curr\u00edculo 2023<\/p>\n\n\n\n<p><a href=\"https:\/\/sites.uel.br\/prograd\/wp-content\/uploads\/documentos\/deliberacoes\/2017\/deliberacao_06_17.pdf\" target=\"_blank\" rel=\"noreferrer noopener\"><strong>Delibera\u00e7\u00e3o da C\u00e2mara de Gradua\u00e7\u00e3o n\u00ba 06\/2017<\/strong><\/a><br>Estabelece adequa\u00e7\u00f5es curriculares no curso de Gradua\u00e7\u00e3o em Educa\u00e7\u00e3o F\u00edsica, habilita\u00e7\u00e3o Licenciatura, curr\u00edculo 2015<\/p>\n\n\n\n<p><a href=\"https:\/\/sites.uel.br\/prograd\/wp-content\/uploads\/documentos\/deliberacoes\/2016\/deliberacao_18_16.pdf\" target=\"_blank\" rel=\"noreferrer noopener\"><strong>Delibera\u00e7\u00e3o da C\u00e2mara de Gradua\u00e7\u00e3o n\u00ba 18\/2016<\/strong><\/a><br>Revoga o artigo 18 da Resolu\u00e7\u00e3o CEPE n\u00ba 0255\/2009, que classifica como &#8220;essenciais&#8221; as atividades acad\u00eamicas de natureza obrigat\u00f3rias especiais 6EST905 &#8211; Est\u00e1gio Curricular Supervisionado I e 6EST906 &#8211; Est\u00e1gio Curricular Supervisionado II, do curso de Gradua\u00e7\u00e3o em Educa\u00e7\u00e3o F\u00edsica &#8211; Habilita\u00e7\u00e3o: Licenciatura<\/p>\n\n\n\n<p><a href=\"https:\/\/sites.uel.br\/prograd\/wp-content\/uploads\/documentos\/deliberacoes\/2014\/deliberacao_34_14.pdf\" target=\"_blank\" rel=\"noreferrer noopener\"><strong>Delibera\u00e7\u00e3o da C\u00e2mara de Gradua\u00e7\u00e3o n\u00ba 34\/2014<\/strong><\/a><br>Altera as ementas das atividades acad\u00eamicas 6EMH039 Hist\u00f3ria da Educa\u00e7\u00e3o F\u00edsica, 6EMH042 Jogos e Educa\u00e7\u00e3o, 6EMH046 Teoria e Metodologia da Dan\u00e7a e 6EMH048 Organiza\u00e7\u00e3o Curricular na Educa\u00e7\u00e3o F\u00edsica II, do curso de Gradua\u00e7\u00e3o em Educa\u00e7\u00e3o F\u00edsica &#8211; Habilita\u00e7\u00e3o: Licenciatura, curr\u00edculos 2010 e 2014<\/p>\n\n\n\n<p><a href=\"https:\/\/sites.uel.br\/prograd\/wp-content\/uploads\/documentos\/deliberacoes\/2014\/deliberacao_16_14.pdf\" target=\"_blank\" rel=\"noreferrer noopener\"><strong>Delibera\u00e7\u00e3o da C\u00e2mara de Gradua\u00e7\u00e3o n\u00ba 16\/2014<\/strong><\/a><br>Estabelece adequa\u00e7\u00f5es curriculares no curso de Gradua\u00e7\u00e3o em Educa\u00e7\u00e3o F\u00edsica &#8211; Habilita\u00e7\u00e3o: licenciatura, curr\u00edculo 2014<\/p>\n\n\n\n<p><a href=\"https:\/\/sites.uel.br\/prograd\/wp-content\/uploads\/documentos\/deliberacoes\/2013\/deliberacao_09_13.pdf\" target=\"_blank\" rel=\"noreferrer noopener\"><strong>Delibera\u00e7\u00e3o da C\u00e2mara de Gradua\u00e7\u00e3o n\u00ba 09\/2013<\/strong><\/a><br>Estabelece adequa\u00e7\u00f5es curriculares no curso de Gradua\u00e7\u00e3o em Educa\u00e7\u00e3o F\u00edsica &#8211; Habilita\u00e7\u00e3o: Licenciatura, curr\u00edculo 2010<\/p>\n\n\n\n<p><a href=\"https:\/\/sites.uel.br\/prograd\/wp-content\/uploads\/documentos\/deliberacoes\/2011\/deliberacao_16_11.pdf\" target=\"_blank\" rel=\"noreferrer noopener\"><strong>Delibera\u00e7\u00e3o da C\u00e2mara de Gradua\u00e7\u00e3o n\u00ba 16\/2011<\/strong><\/a><br>Altera as ementas das Atividades Acad\u00eamicas Teorias e Metodologias do Jogo, Educa\u00e7\u00e3o F\u00edsica e Pessoas com Necessidades Educacionais Especiais I, Educa\u00e7\u00e3o F\u00edsica e Pessoas com Necessidades Educacionais Especiais II e Teoria e Metodologia da Gin\u00e1stica, do curso de Gradua\u00e7\u00e3o em Educa\u00e7\u00e3o F\u00edsica &#8211; Habilita\u00e7\u00e3o: Licenciatura, curr\u00edculo 2010, a vigorar a partir do ano letivo de 2012<\/p>\n\n\n\n<p><a href=\"https:\/\/sites.uel.br\/prograd\/wp-content\/uploads\/documentos\/resolucoes\/2009\/resolucao_255_09.pdf\" target=\"_blank\" rel=\"noreferrer noopener\"><strong>Resolu\u00e7\u00e3o CEPE n\u00ba 0255\/2009<\/strong><\/a><br>Reformula o Projeto Pedag\u00f3gico do Curso de Educa\u00e7\u00e3o F\u00edsica &#8211; Habilita\u00e7\u00e3o: Licenciatura, a ser implantado a partir do ano letivo de 2010<\/p>\n\n\n\n<p><a href=\"https:\/\/sites.uel.br\/prograd\/wp-content\/uploads\/documentos\/deliberacoes\/2008\/deliberacao_30_08.pdf\" target=\"_blank\" rel=\"noreferrer noopener\"><strong>Delibera\u00e7\u00e3o da C\u00e2mara de Gradua\u00e7\u00e3o n\u00ba 30\/2008<\/strong><\/a><br>Desmembra a disciplina 6EMH021 &#8211; T\u00f3picos Especiais de Pesquisas em Educa\u00e7\u00e3o F\u00edsica, locada na 4\u00aa s\u00e9rie do curso de gradua\u00e7\u00e3o em Educa\u00e7\u00e3o F\u00edsica, Habilita\u00e7\u00e3o: Licenciatura, a vigorar a partir do ano letivo de 2009<\/p>\n\n\n\n<p><a href=\"https:\/\/sites.uel.br\/prograd\/wp-content\/uploads\/documentos\/resolucoes\/2005\/resolucao_32_05.pdf\" target=\"_blank\" rel=\"noreferrer noopener\"><strong>Resolu\u00e7\u00e3o CEPE n\u00b0 32\/2005<\/strong><\/a><br>Reformula o Projeto Pol\u00edtico-Pedag\u00f3gico do curso de Educa\u00e7\u00e3o F\u00edsica &#8211; Habilita\u00e7\u00e3o: Licenciatura a ser implantado a partir do ano letivo de 2005<\/p>\n\n\n\n<hr class=\"wp-block-separator has-text-color has-cinza-color has-css-opacity has-cinza-background-color has-background is-style-wide\"\/>\n\n\n\n<p><strong>Veja tamb\u00e9m:<\/strong><\/p>\n\n\n\n<p><a href=\"https:\/\/sites.uel.br\/prograd\/graduacao\/catalogo-dos-cursos-de-graduacao-indice\/\">Cat\u00e1logo dos Curso de Gradua\u00e7\u00e3o (Organiza\u00e7\u00e3o Curricular, Ementas, Corpo Docente<\/a>)<\/p>\n\n\n\n<p><a href=\"https:\/\/sites.uel.br\/prograd\/regulamentos-tcc-e-estagio\/\">Regulamentos TCC e Est\u00e1gios<\/a><\/p>\n","protected":false},"excerpt":{"rendered":"<p>Educa\u00e7\u00e3o F\u00edsica \u2013 Licenciatura Delibera\u00e7\u00e3o da C\u00e2mara de Gradua\u00e7\u00e3o n\u00ba 28\/2024Altera o Artigo 33 da Resolu\u00e7\u00e3o CEPE n\u00ba 0255\/2009, do Projeto Pedag\u00f3gico do Curso de Educa\u00e7\u00e3o F\u00edsica \u2013 Licenciatura Delibera\u00e7\u00e3o da C\u00e2mara de Gradua\u00e7\u00e3o n\u00ba 22\/2024Altera a distribui\u00e7\u00e3o da carga hor\u00e1ria da atividade acad\u00eamica 2DEF008 \u2013 Fisiologia do Exerc\u00edcio, do curso de Educa\u00e7\u00e3o F\u00edsica \u2013 [&hellip;]<\/p>\n","protected":false},"author":8,"featured_media":0,"parent":174,"menu_order":0,"comment_status":"closed","ping_status":"closed","template":"","meta":{"_acf_changed":false,"_themeisle_gutenberg_block_has_review":false,"footnotes":""},"class_list":["post-4548","page","type-page","status-publish","hentry"],"acf":[],"_links":{"self":[{"href":"https:\/\/sites.uel.br\/prograd\/wp-json\/wp\/v2\/pages\/4548","targetHints":{"allow":["GET"]}}],"collection":[{"href":"https:\/\/sites.uel.br\/prograd\/wp-json\/wp\/v2\/pages"}],"about":[{"href":"https:\/\/sites.uel.br\/prograd\/wp-json\/wp\/v2\/types\/page"}],"author":[{"embeddable":true,"href":"https:\/\/sites.uel.br\/prograd\/wp-json\/wp\/v2\/users\/8"}],"replies":[{"embeddable":true,"href":"https:\/\/sites.uel.br\/prograd\/wp-json\/wp\/v2\/comments?post=4548"}],"version-history":[{"count":11,"href":"https:\/\/sites.uel.br\/prograd\/wp-json\/wp\/v2\/pages\/4548\/revisions"}],"predecessor-version":[{"id":34301,"href":"https:\/\/sites.uel.br\/prograd\/wp-json\/wp\/v2\/pages\/4548\/revisions\/34301"}],"up":[{"embeddable":true,"href":"https:\/\/sites.uel.br\/prograd\/wp-json\/wp\/v2\/pages\/174"}],"wp:attachment":[{"href":"https:\/\/sites.uel.br\/prograd\/wp-json\/wp\/v2\/media?parent=4548"}],"curies":[{"name":"wp","href":"https:\/\/api.w.org\/{rel}","templated":true}]}}