{"id":4546,"date":"2023-05-05T15:27:30","date_gmt":"2023-05-05T18:27:30","guid":{"rendered":"https:\/\/sites.uel.br\/prograd\/?page_id=4546"},"modified":"2025-11-06T13:38:57","modified_gmt":"2025-11-06T16:38:57","slug":"projetos-pedagogicos-direito","status":"publish","type":"page","link":"https:\/\/sites.uel.br\/prograd\/graduacao\/projetos-pedagogicos\/projetos-pedagogicos-direito\/","title":{"rendered":"Projetos Pedag\u00f3gicos"},"content":{"rendered":"\n<hr class=\"wp-block-separator has-alpha-channel-opacity is-style-wide\"\/>\n\n\n\n<h2 class=\"wp-block-heading\">Direito<\/h2>\n\n\n\n<p><strong><a href=\"https:\/\/sites.uel.br\/prograd\/wp-content\/uploads\/documentos\/deliberacoes\/2025\/deliberacao_30_25.pdf\" target=\"_blank\" rel=\"noreferrer noopener\">Delibera\u00e7\u00e3o da C\u00e2mara de Gradua\u00e7\u00e3o n\u00ba 30\/2025<\/a><\/strong><br>Altera a ementa da atividade acad\u00eamica 6PUB078 \u2013 Direitos Humanos, do Curso de Gradua\u00e7\u00e3o em Direito, curr\u00edculo 2022<\/p>\n\n\n\n<p><strong><a href=\"https:\/\/sites.uel.br\/prograd\/wp-content\/uploads\/documentos\/deliberacoes\/2025\/deliberacao_10_25.pdf\" target=\"_blank\" rel=\"noreferrer noopener\">Delibera\u00e7\u00e3o da C\u00e2mara de Gradua\u00e7\u00e3o n\u00ba 10\/2025<\/a><\/strong><br>Atualiza o quadro de equival\u00eancia de estudos entre as disciplinas do curso de Direito, curr\u00edculos 2018 e 2022<\/p>\n\n\n\n<p><a href=\"https:\/\/sites.uel.br\/prograd\/wp-content\/uploads\/documentos\/resolucoes\/2023\/resolucao_46_23.pdf\" target=\"_blank\" rel=\"noreferrer noopener\"><strong>Resolu\u00e7\u00e3o CEPE n\u00ba 46\/2023<\/strong><\/a><br>Altera, para a categoria de essencial, a atividade acad\u00eamica de natureza obrigat\u00f3ria especial 6EST435 &#8211; Est\u00e1gio Supervisionado das Disciplinas Jur\u00eddicas Profissionalizantes, do curso de Direito, curr\u00edculo 2018<\/p>\n\n\n\n<p><a href=\"https:\/\/sites.uel.br\/prograd\/wp-content\/uploads\/documentos\/deliberacoes\/2022\/deliberacao_02_22.pdf\" target=\"_blank\" rel=\"noreferrer noopener\"><strong>Delibera\u00e7\u00e3o da C\u00e2mara de Gradua\u00e7\u00e3o n\u00ba 02\/2022<\/strong><\/a><br>Estabelece adequa\u00e7\u00e3o curricular no curso de gradua\u00e7\u00e3o em Direito &#8211; Bacharelado<\/p>\n\n\n\n<p><a href=\"https:\/\/sites.uel.br\/prograd\/wp-content\/uploads\/documentos\/resolucoes\/2021\/resolucao_80_21.pdf\" target=\"_blank\" rel=\"noreferrer noopener\"><strong>Resolu\u00e7\u00e3o CEPE\/CA n\u00ba 80\/2021<\/strong><\/a><br>Reformula o Projeto Pedag\u00f3gico do Curso de Direito, a ser implantado a partir do ano letivo de 2022<\/p>\n\n\n\n<p><a href=\"https:\/\/sites.uel.br\/prograd\/wp-content\/uploads\/documentos\/deliberacoes\/2020\/deliberacao_10_20.pdf\" target=\"_blank\" rel=\"noreferrer noopener\"><strong>Delibera\u00e7\u00e3o da C\u00e2mara de Gradua\u00e7\u00e3o n\u00ba 10\/2020<\/strong><\/a><br>Altera o Artigo 4\u00ba, da Delibera\u00e7\u00e2o &#8211; C\u00e2mara de Gradua\u00e7\u00e3o N\u00ba 028\/2017, que inclui a op\u00e7\u00e3o IV &#8211; Direito Constitucional, Administrativo e Tribut\u00e1rio no Projeto Pedag\u00f3gico do Curso de Direito<\/p>\n\n\n\n<p><a href=\"https:\/\/sites.uel.br\/prograd\/wp-content\/uploads\/documentos\/deliberacoes\/2017\/deliberacao_28_17.pdf\" target=\"_blank\" rel=\"noreferrer noopener\"><strong>Delibera\u00e7\u00e3o da C\u00e2mara de Gradua\u00e7\u00e3o n\u00ba 28\/2017<\/strong><\/a><br>Inclui a op\u00e7\u00e3o IV &#8211; Direito Constitucional, Administrativo e Tribut\u00e1rio no Projeto Pedag\u00f3gico do Curso de Direito, implantado a partir do ano letivo de 2010<\/p>\n\n\n\n<p><a href=\"https:\/\/sites.uel.br\/prograd\/wp-content\/uploads\/documentos\/resolucoes\/2017\/resolucao_50_17.pdf\" target=\"_blank\" rel=\"noreferrer noopener\"><strong>Resolu\u00e7\u00e3o CEPE\/CA n\u00ba 50\/2017<\/strong><\/a><br>Reformula o Projeto Pedag\u00f3gico do Curso de Gradua\u00e7\u00e3o em Direito, a ser implantado a partir do ano letivo de 2018<\/p>\n\n\n\n<p><a href=\"https:\/\/sites.uel.br\/prograd\/wp-content\/uploads\/documentos\/deliberacoes\/2016\/deliberacao_14_16.pdf\" target=\"_blank\" rel=\"noreferrer noopener\"><strong>Delibera\u00e7\u00e3o da C\u00e2mara de Gradua\u00e7\u00e3o n\u00ba 14\/2016<\/strong><\/a><br>Altera a ementa das atividades acad\u00eamicas 6PUB010 &#8211; Teoria Geral do Processo, 6PUB012 &#8211; Direito Processual Civil I, 6PUB014 &#8211; Direito Processual Civil II, do Curso de Gradua\u00e7\u00e3o em Direito, curr\u00edculo 2012<\/p>\n\n\n\n<p><a href=\"https:\/\/sites.uel.br\/prograd\/wp-content\/uploads\/documentos\/deliberacoes\/2015\/deliberacao_19_15.pdf\" target=\"_blank\" rel=\"noreferrer noopener\"><strong>Delibera\u00e7\u00e3o da C\u00e2mara de Gradua\u00e7\u00e3o n\u00ba 19\/2015<\/strong><\/a><br>Estabelece procedimentos de inscri\u00e7\u00e3o e crit\u00e9rios \u00e0s op\u00e7\u00f5es de est\u00e1gio ofertadas nas 4\u00aa e 5\u00aa s\u00e9ries do Curso de Direito, no Escrit\u00f3rio de Aplica\u00e7\u00e3o de Assuntos Jur\u00eddicos (EAAJ)<\/p>\n\n\n\n<p><a href=\"https:\/\/sites.uel.br\/prograd\/wp-content\/uploads\/documentos\/deliberacoes\/2014\/deliberacao_31_14.pdf\" target=\"_blank\" rel=\"noreferrer noopener\"><strong>Delibera\u00e7\u00e3o da C\u00e2mara de Gradua\u00e7\u00e3o n\u00ba 31\/2014<\/strong><\/a><br>Estabelece procedimentos de inscri\u00e7\u00e3o e crit\u00e9rios \u00e0s op\u00e7\u00f5es de est\u00e1gio ofertadas nas 4\u00aa e 5\u00aa s\u00e9ries do Curso de Direito, no Escrit\u00f3rio de Aplica\u00e7\u00e3o de Assuntos Jur\u00eddicos (EAAJ)<\/p>\n\n\n\n<p><a href=\"https:\/\/sites.uel.br\/prograd\/wp-content\/uploads\/documentos\/deliberacoes\/2011\/deliberacao_17_11.pdf\" target=\"_blank\" rel=\"noreferrer noopener\"><strong>Delibera\u00e7\u00e3o da C\u00e2mara de Gradua\u00e7\u00e3o n\u00ba 17\/2011<\/strong><\/a><br>Estabelece adequa\u00e7\u00f5es curriculares no curso de Gradua\u00e7\u00e3o em Direito, curr\u00edculo 2010, a vigorar a partir do ano letivo de 2012<\/p>\n\n\n\n<p><a href=\"https:\/\/sites.uel.br\/prograd\/wp-content\/uploads\/documentos\/resolucoes\/2010\/resolucao_31_10.pdf\" target=\"_blank\" rel=\"noreferrer noopener\"><strong>Resolu\u00e7\u00e3o CEPE\/CA n\u00ba 31\/2010<\/strong><\/a><br>Altera a distribui\u00e7\u00e3o do n\u00famero de vagas a serem ofertadas no curso de Direito, no Processo Seletivo Concurso Vestibular do ano letivo de 2011<\/p>\n\n\n\n<p><a href=\"https:\/\/sites.uel.br\/prograd\/wp-content\/uploads\/documentos\/resolucoes\/2009\/resolucao_278_09.pdf\" target=\"_blank\" rel=\"noreferrer noopener\"><strong>Resolu\u00e7\u00e3o CEPE\/CA n\u00ba 0278\/2009<\/strong><\/a><br>Reformula o Projeto Pedag\u00f3gico do Curso de Direito, a ser implantado a partir do ano letivo de 2010<\/p>\n\n\n\n<p><a href=\"https:\/\/sites.uel.br\/prograd\/wp-content\/uploads\/documentos\/deliberacoes\/2009\/deliberacao_29_09.pdf\" target=\"_blank\" rel=\"noreferrer noopener\"><strong>Delibera\u00e7\u00e3o da C\u00e2mara de Gradua\u00e7\u00e3o n\u00ba 29\/2009<\/strong><\/a><br>Estabelece procedimentos de inscri\u00e7\u00e3o e crit\u00e9rios de acesso \u00e0s op\u00e7\u00f5es de est\u00e1gio ofertadas na 4\u00aa e 5\u00aa s\u00e9ries do Curso de Direito<\/p>\n\n\n\n<p><a href=\"https:\/\/sites.uel.br\/prograd\/wp-content\/uploads\/documentos\/deliberacoes\/2008\/deliberacao_41_08.pdf\" target=\"_blank\" rel=\"noreferrer noopener\"><strong>Delibera\u00e7\u00e3o da C\u00e2mara de Gradua\u00e7\u00e3o n\u00ba 41\/2008<\/strong><\/a><br>Estabelece procedimentos de inscri\u00e7\u00e3o e crit\u00e9rios de acesso \u00e0s op\u00e7\u00f5es de est\u00e1gio ofertadas na 4\u00aa e 5\u00aa s\u00e9ries do curso de gradua\u00e7\u00e3o em Direito, a partir do ano letivo de 2009<\/p>\n\n\n\n<p><a href=\"https:\/\/sites.uel.br\/prograd\/wp-content\/uploads\/documentos\/deliberacoes\/2006\/deliberacao_18_06.pdf\" target=\"_blank\" rel=\"noreferrer noopener\"><strong>Delibera\u00e7\u00e3o da C\u00e2mara de Gradua\u00e7\u00e3o n\u00ba 18\/2006<\/strong><\/a><br>Altera ementa da disciplina 3PRI025 Direito Civil IV A, locada na 4\u00aa s\u00e9rie do curso de Gradua\u00e7\u00e3o em Direito<\/p>\n\n\n\n<hr class=\"wp-block-separator has-text-color has-cinza-color has-css-opacity has-cinza-background-color has-background is-style-wide\"\/>\n\n\n\n<p><strong>Veja tamb\u00e9m:<\/strong><\/p>\n\n\n\n<p><a href=\"https:\/\/sites.uel.br\/prograd\/graduacao\/catalogo-dos-cursos-de-graduacao-indice\/\">Cat\u00e1logo dos Curso de Gradua\u00e7\u00e3o (Organiza\u00e7\u00e3o Curricular, Ementas, Corpo Docente<\/a>)<\/p>\n\n\n\n<p><a href=\"https:\/\/sites.uel.br\/prograd\/regulamentos-tcc-e-estagio\/\">Regulamentos TCC e Est\u00e1gios<\/a><\/p>\n","protected":false},"excerpt":{"rendered":"<p>Direito Delibera\u00e7\u00e3o da C\u00e2mara de Gradua\u00e7\u00e3o n\u00ba 30\/2025Altera a ementa da atividade acad\u00eamica 6PUB078 \u2013 Direitos Humanos, do Curso de Gradua\u00e7\u00e3o em Direito, curr\u00edculo 2022 Delibera\u00e7\u00e3o da C\u00e2mara de Gradua\u00e7\u00e3o n\u00ba 10\/2025Atualiza o quadro de equival\u00eancia de estudos entre as disciplinas do curso de Direito, curr\u00edculos 2018 e 2022 Resolu\u00e7\u00e3o CEPE n\u00ba 46\/2023Altera, para a [&hellip;]<\/p>\n","protected":false},"author":8,"featured_media":0,"parent":174,"menu_order":0,"comment_status":"closed","ping_status":"closed","template":"","meta":{"_acf_changed":false,"_themeisle_gutenberg_block_has_review":false,"footnotes":""},"class_list":["post-4546","page","type-page","status-publish","hentry"],"acf":[],"_links":{"self":[{"href":"https:\/\/sites.uel.br\/prograd\/wp-json\/wp\/v2\/pages\/4546","targetHints":{"allow":["GET"]}}],"collection":[{"href":"https:\/\/sites.uel.br\/prograd\/wp-json\/wp\/v2\/pages"}],"about":[{"href":"https:\/\/sites.uel.br\/prograd\/wp-json\/wp\/v2\/types\/page"}],"author":[{"embeddable":true,"href":"https:\/\/sites.uel.br\/prograd\/wp-json\/wp\/v2\/users\/8"}],"replies":[{"embeddable":true,"href":"https:\/\/sites.uel.br\/prograd\/wp-json\/wp\/v2\/comments?post=4546"}],"version-history":[{"count":14,"href":"https:\/\/sites.uel.br\/prograd\/wp-json\/wp\/v2\/pages\/4546\/revisions"}],"predecessor-version":[{"id":35787,"href":"https:\/\/sites.uel.br\/prograd\/wp-json\/wp\/v2\/pages\/4546\/revisions\/35787"}],"up":[{"embeddable":true,"href":"https:\/\/sites.uel.br\/prograd\/wp-json\/wp\/v2\/pages\/174"}],"wp:attachment":[{"href":"https:\/\/sites.uel.br\/prograd\/wp-json\/wp\/v2\/media?parent=4546"}],"curies":[{"name":"wp","href":"https:\/\/api.w.org\/{rel}","templated":true}]}}