{"id":4545,"date":"2023-05-05T15:27:28","date_gmt":"2023-05-05T18:27:28","guid":{"rendered":"https:\/\/sites.uel.br\/prograd\/?page_id=4545"},"modified":"2025-07-03T08:20:59","modified_gmt":"2025-07-03T11:20:59","slug":"projetos-pedagogicos-design-grafico","status":"publish","type":"page","link":"https:\/\/sites.uel.br\/prograd\/graduacao\/projetos-pedagogicos\/projetos-pedagogicos-design-grafico\/","title":{"rendered":"Projetos Pedag\u00f3gicos"},"content":{"rendered":"\n<hr class=\"wp-block-separator has-alpha-channel-opacity is-style-wide\"\/>\n\n\n\n<h2 class=\"wp-block-heading\">Design Gr\u00e1fico<\/h2>\n\n\n\n<p><strong><a href=\"https:\/\/sites.uel.br\/prograd\/wp-content\/uploads\/documentos\/deliberacoes\/2025\/deliberacao_14_25.pdf\" target=\"_blank\" rel=\"noreferrer noopener\">Delibera\u00e7\u00e3o da C\u00e2mara de Gradua\u00e7\u00e3o n\u00ba 14\/2025<\/a><\/strong><br>Atualiza a equival\u00eancia de estudos para a atividade acad\u00eamica 6DGN255 \u2013 Marketing e Tend\u00eancias, do curso de Gradua\u00e7\u00e3o em Design Gr\u00e1fico<\/p>\n\n\n\n<p><strong><a href=\"https:\/\/sites.uel.br\/prograd\/wp-content\/uploads\/documentos\/deliberacoes\/2024\/deliberacao_23_24.pdf\" target=\"_blank\" rel=\"noreferrer noopener\">Delibera\u00e7\u00e3o da C\u00e2mara de Gradua\u00e7\u00e3o n\u00ba 23\/2024<\/a><\/strong><br>Estabelece adequa\u00e7\u00f5es curriculares no curso de Design Gr\u00e1fico, curr\u00edculo 2023<\/p>\n\n\n\n<p><a href=\"https:\/\/sites.uel.br\/prograd\/wp-content\/uploads\/documentos\/resolucoes\/2022\/resolucao_111_22.pdf\" target=\"_blank\" rel=\"noreferrer noopener\"><strong>Resolu\u00e7\u00e3o CEPE\/CA n\u00ba 111\/2022<\/strong><\/a><br>Reformula o Projeto Pedag\u00f3gico do Curso de Design Gr\u00e1fico, a ser implantado a partir do ano letivo de 2023<\/p>\n\n\n\n<p><a href=\"https:\/\/sites.uel.br\/prograd\/wp-content\/uploads\/documentos\/resolucoes\/2022\/resolucao_14_22.pdf\" target=\"_blank\" rel=\"noreferrer noopener\"><strong>Resolu\u00e7\u00e3o CEPE\/CA n\u00ba 14\/2022<\/strong><\/a><br>Amplia o n\u00famero de vagas para ingressantes no Curso de Design Gr\u00e1fico, passando de 20 para 30 vagas anuais, a partir do ano letivo de 2023<\/p>\n\n\n\n<p><a href=\"https:\/\/sites.uel.br\/prograd\/wp-content\/uploads\/documentos\/deliberacoes\/2018\/deliberacao_35_18.pdf\" target=\"_blank\" rel=\"noreferrer noopener\"><strong>Delibera\u00e7\u00e3o da C\u00e2mara de Gradua\u00e7\u00e3o n\u00ba 35\/2018<\/strong><\/a><br>Estabelece altera\u00e7\u00f5es na Delibera\u00e7\u00e3o C\u00e2mara de Gradua\u00e7\u00e3o n\u00ba 28\/2018, que estabelece adequa\u00e7\u00f5es curriculares no curso de Gradua\u00e7\u00e3o em Design Gr\u00e1fico<\/p>\n\n\n\n<p><a href=\"https:\/\/sites.uel.br\/prograd\/wp-content\/uploads\/documentos\/deliberacoes\/2018\/deliberacao_28_18.pdf\" target=\"_blank\" rel=\"noreferrer noopener\"><strong>Delibera\u00e7\u00e3o da C\u00e2mara de Gradua\u00e7\u00e3o n\u00ba 28\/2018<\/strong><\/a><br>Estabelece adequa\u00e7\u00f5es curriculares no curso de Gradua\u00e7\u00e3o em Design Gr\u00e1fico<\/p>\n\n\n\n<p><a href=\"https:\/\/sites.uel.br\/prograd\/wp-content\/uploads\/documentos\/deliberacoes\/2017\/deliberacao_29_17.pdf\" target=\"_blank\" rel=\"noreferrer noopener\"><strong>Delibera\u00e7\u00e3o da C\u00e2mara de Gradua\u00e7\u00e3o n\u00ba 29\/2017<\/strong><\/a><br>Altera a carga hor\u00e1ria das atividades acad\u00eamicas 6DGN146 &#8211; Produ\u00e7\u00e3o e An\u00e1lise da Imagem, 6DGN150 &#8211; Design em Movimento, 6DGN152 &#8211; Design Digital, 6DGN153 &#8211; Design Promocional, 6DGN154 &#8211; Design e Sustentabilidade, 6DGN155 &#8211; Embalagem, 6DGN157 &#8211; Design Editorial, 6DGN158 &#8211; M\u00eddias M\u00f3veis, 6DGN161 &#8211; Gest\u00e3o de Design e 6DGN162 &#8211; Gest\u00e3o e Embalagem, do curso de Gradua\u00e7\u00e3o em Design Gr\u00e1fico, curr\u00edculo 2016<\/p>\n\n\n\n<p><a href=\"https:\/\/sites.uel.br\/prograd\/wp-content\/uploads\/documentos\/deliberacoes\/2017\/deliberacao_03_17.pdf\" target=\"_blank\" rel=\"noreferrer noopener\"><strong>Delibera\u00e7\u00e3o da C\u00e2mara de Gradua\u00e7\u00e3o n\u00ba 03\/2017<\/strong><\/a><br>Estabelece adequa\u00e7\u00f5es curriculares no curso de Gradua\u00e7\u00e3o em Design Gr\u00e1fico, curr\u00edculo 2016<\/p>\n\n\n\n<p><a href=\"https:\/\/sites.uel.br\/prograd\/wp-content\/uploads\/documentos\/resolucoes\/2015\/resolucao_73_15.pdf\" target=\"_blank\" rel=\"noreferrer noopener\"><strong>Resolu\u00e7\u00e3o CEPE\/CA n\u00ba 73\/2015<\/strong><\/a><br>Reformula o Projeto Pedag\u00f3gico do Curso de Design Gr\u00e1fico, a ser implantado a partir do ano letivo de 2016<\/p>\n\n\n\n<p><a href=\"https:\/\/sites.uel.br\/prograd\/wp-content\/uploads\/documentos\/deliberacoes\/2015\/deliberacao_09_15.pdf\" target=\"_blank\" rel=\"noreferrer noopener\"><strong>Delibera\u00e7\u00e3o da C\u00e2mara de Gradua\u00e7\u00e3o n\u00ba 09\/2015<\/strong><\/a><br>Exclui, da categoria de atividade acad\u00eamica essencial do curso de Design Gr\u00e1fico, 6DGN092 &#8211; Criatividade<\/p>\n\n\n\n<p><a href=\"https:\/\/sites.uel.br\/prograd\/wp-content\/uploads\/documentos\/deliberacoes\/2013\/deliberacao_40_13.pdf\" target=\"_blank\" rel=\"noreferrer noopener\"><strong>Delibera\u00e7\u00e3o da C\u00e2mara de Gradua\u00e7\u00e3o n\u00ba 40\/2013<\/strong><\/a><br>Inclui Libras &#8211; L\u00edngua Brasileira de Sinais como disciplina especial no Projeto Pedag\u00f3gico do Curso de Design Gr\u00e1fico, a partir do ano letivo 2014<\/p>\n\n\n\n<p><a href=\"https:\/\/sites.uel.br\/prograd\/wp-content\/uploads\/documentos\/deliberacoes\/2010\/deliberacao_19_10.pdf\" target=\"_blank\" rel=\"noreferrer noopener\"><strong>Delibera\u00e7\u00e3o da C\u00e2mara de Gradua\u00e7\u00e3o n\u00ba 19\/2010<\/strong><\/a><br>Altera a distribui\u00e7\u00e3o da carga hor\u00e1ria m\u00e1xima, por \u00e1rea, a ser cumprida nas Atividades Acad\u00eamicas Complementares no curso de Design Gr\u00e1fico a vigorar para os estudantes do curr\u00edculo 2010<\/p>\n\n\n\n<p><a href=\"https:\/\/sites.uel.br\/prograd\/wp-content\/uploads\/documentos\/deliberacoes\/2010\/deliberacao_02_10.pdf\" target=\"_blank\" rel=\"noreferrer noopener\"><strong>Delibera\u00e7\u00e3o da C\u00e2mara de Gradua\u00e7\u00e3o n\u00ba 02\/2010<\/strong><\/a><br>Estabelece adequa\u00e7\u00f5es curriculares no Curso de Design Gr\u00e1fico, curr\u00edculos 2005 e 2009, a vigorar a partir do ano letivo de 2010<\/p>\n\n\n\n<p><a href=\"https:\/\/sites.uel.br\/prograd\/wp-content\/uploads\/documentos\/resolucoes\/2009\/resolucao_249_09.pdf\" target=\"_blank\" rel=\"noreferrer noopener\"><strong>Resolu\u00e7\u00e3o CEPE n\u00ba 0249\/2009<\/strong><\/a><br>Reformula o Projeto Pedag\u00f3gico do Curso de Design Gr\u00e1fico, a ser implantado a partir do ano letivo de 2010<\/p>\n\n\n\n<p><a href=\"https:\/\/sites.uel.br\/prograd\/wp-content\/uploads\/documentos\/deliberacoes\/2008\/deliberacao_17_08.pdf\" target=\"_blank\" rel=\"noreferrer noopener\"><strong>Delibera\u00e7\u00e3o da C\u00e2mara de Gradua\u00e7\u00e3o n\u00ba 17\/2008<\/strong><\/a><br>Estabelece adequa\u00e7\u00f5es curriculares para o curso de gradua\u00e7\u00e3o em Design Gr\u00e1fico, a vigorar para os estudantes ingressantes no curso a partir do ano letivo de 2009<\/p>\n\n\n\n<p><a href=\"https:\/\/sites.uel.br\/prograd\/wp-content\/uploads\/documentos\/resolucoes\/2005\/resolucao_29_05.pdf\" target=\"_blank\" rel=\"noreferrer noopener\"><strong>Resolu\u00e7\u00e3o CEPE n\u00b0 29\/2005<\/strong><\/a><br>Reformula o Projeto Pol\u00edtico-Pedag\u00f3gico do Curso de Design Gr\u00e1fico, a ser implantado a partir do ano letivo de 2005<\/p>\n\n\n\n<hr class=\"wp-block-separator has-text-color has-cinza-color has-css-opacity has-cinza-background-color has-background is-style-wide\"\/>\n\n\n\n<p><strong>Veja tamb\u00e9m:<\/strong><\/p>\n\n\n\n<p><a href=\"https:\/\/sites.uel.br\/prograd\/graduacao\/catalogo-dos-cursos-de-graduacao-indice\/\">Cat\u00e1logo dos Curso de Gradua\u00e7\u00e3o (Organiza\u00e7\u00e3o Curricular, Ementas, Corpo Docente<\/a>)<\/p>\n\n\n\n<p><a href=\"https:\/\/sites.uel.br\/prograd\/regulamentos-tcc-e-estagio\/\">Regulamentos TCC e Est\u00e1gios<\/a><\/p>\n","protected":false},"excerpt":{"rendered":"<p>Design Gr\u00e1fico Delibera\u00e7\u00e3o da C\u00e2mara de Gradua\u00e7\u00e3o n\u00ba 14\/2025Atualiza a equival\u00eancia de estudos para a atividade acad\u00eamica 6DGN255 \u2013 Marketing e Tend\u00eancias, do curso de Gradua\u00e7\u00e3o em Design Gr\u00e1fico Delibera\u00e7\u00e3o da C\u00e2mara de Gradua\u00e7\u00e3o n\u00ba 23\/2024Estabelece adequa\u00e7\u00f5es curriculares no curso de Design Gr\u00e1fico, curr\u00edculo 2023 Resolu\u00e7\u00e3o CEPE\/CA n\u00ba 111\/2022Reformula o Projeto Pedag\u00f3gico do Curso de [&hellip;]<\/p>\n","protected":false},"author":8,"featured_media":0,"parent":174,"menu_order":0,"comment_status":"closed","ping_status":"closed","template":"","meta":{"_acf_changed":false,"_themeisle_gutenberg_block_has_review":false,"footnotes":""},"class_list":["post-4545","page","type-page","status-publish","hentry"],"acf":[],"_links":{"self":[{"href":"https:\/\/sites.uel.br\/prograd\/wp-json\/wp\/v2\/pages\/4545","targetHints":{"allow":["GET"]}}],"collection":[{"href":"https:\/\/sites.uel.br\/prograd\/wp-json\/wp\/v2\/pages"}],"about":[{"href":"https:\/\/sites.uel.br\/prograd\/wp-json\/wp\/v2\/types\/page"}],"author":[{"embeddable":true,"href":"https:\/\/sites.uel.br\/prograd\/wp-json\/wp\/v2\/users\/8"}],"replies":[{"embeddable":true,"href":"https:\/\/sites.uel.br\/prograd\/wp-json\/wp\/v2\/comments?post=4545"}],"version-history":[{"count":15,"href":"https:\/\/sites.uel.br\/prograd\/wp-json\/wp\/v2\/pages\/4545\/revisions"}],"predecessor-version":[{"id":34596,"href":"https:\/\/sites.uel.br\/prograd\/wp-json\/wp\/v2\/pages\/4545\/revisions\/34596"}],"up":[{"embeddable":true,"href":"https:\/\/sites.uel.br\/prograd\/wp-json\/wp\/v2\/pages\/174"}],"wp:attachment":[{"href":"https:\/\/sites.uel.br\/prograd\/wp-json\/wp\/v2\/media?parent=4545"}],"curies":[{"name":"wp","href":"https:\/\/api.w.org\/{rel}","templated":true}]}}