{"id":4543,"date":"2023-05-05T15:27:23","date_gmt":"2023-05-05T18:27:23","guid":{"rendered":"https:\/\/sites.uel.br\/prograd\/?page_id=4543"},"modified":"2024-07-30T10:43:20","modified_gmt":"2024-07-30T13:43:20","slug":"projetos-pedagogicos-ciencias-sociais-licenciatura","status":"publish","type":"page","link":"https:\/\/sites.uel.br\/prograd\/graduacao\/projetos-pedagogicos\/projetos-pedagogicos-ciencias-sociais-licenciatura\/","title":{"rendered":"Projetos Pedag\u00f3gicos"},"content":{"rendered":"\n<hr class=\"wp-block-separator has-alpha-channel-opacity is-style-wide\"\/>\n\n\n\n<h2 class=\"wp-block-heading\">Ci\u00eancias Sociais &#8211; Licenciatura<\/h2>\n\n\n\n<p><strong><a href=\"https:\/\/sites.uel.br\/prograd\/wp-content\/uploads\/documentos\/deliberacoes\/2024\/deliberacao_15_24.pdf\" target=\"_blank\" rel=\"noreferrer noopener\">Delibera\u00e7\u00e3o da C\u00e2mara de Gradua\u00e7\u00e3o n\u00ba 15\/2024<\/a><\/strong><br>Altera as ementas das atividades acad\u00eamicas 2SOC011 \u2013 Introdu\u00e7\u00e3o \u00e0 Ci\u00eancia Pol\u00edtica, 2SOC014 \u2013 Ci\u00eancia Pol\u00edtica I, 2SOC017 \u2013 Ci\u00eancia Pol\u00edtica II, 2 SOC035 \u2013 Introdu\u00e7\u00e3o \u00e0 Ci\u00eancia Pol\u00edtica, 2SOC040 \u2013 Ci\u00eancia Pol\u00edtica I e 2SOC043 \u2013 Ci\u00eancia Pol\u00edtica II, do Curso de Gradua\u00e7\u00e3o em Ci\u00eancias Sociais \u2013 Bacharelado e Licenciatura, curr\u00edculos 2023<\/p>\n\n\n\n<p><a href=\"https:\/\/sites.uel.br\/prograd\/wp-content\/uploads\/documentos\/resolucoes\/2022\/resolucao_91_22.pdf\" target=\"_blank\" rel=\"noreferrer noopener\"><strong>Resolu\u00e7\u00e3o CEPE\/CA n\u00ba 91\/2022<\/strong><\/a><br>Reformula o Projeto Pedag\u00f3gico do Curso de Ci\u00eancias Sociais &#8211; Licenciatura, a ser implantado a partir do ano letivo de 2023<\/p>\n\n\n\n<p><a href=\"https:\/\/sites.uel.br\/prograd\/wp-content\/uploads\/documentos\/resolucoes\/2018\/resolucao_128_18.pdf\" target=\"_blank\" rel=\"noreferrer noopener\"><strong>Resolu\u00e7\u00e3o CEPE\/CA n\u00ba 128\/2018<\/strong><\/a><br>Reformula o Projeto Pedag\u00f3gico do Curso de Ci\u00eancias Sociais &#8211; Licenciatura, a ser implantado a partir do ano letivo de 2019<\/p>\n\n\n\n<p><a href=\"https:\/\/sites.uel.br\/prograd\/wp-content\/uploads\/documentos\/deliberacoes\/2018\/deliberacao_24_18.pdf\" target=\"_blank\" rel=\"noreferrer noopener\"><strong>Delibera\u00e7\u00e3o da C\u00e2mara de Gradua\u00e7\u00e3o n\u00ba 24\/2018<\/strong><\/a><br>Altera a vincula\u00e7\u00e3o departamental da atividade acad\u00eamica 1LET095 &#8211; L\u00edngua Brasileira de Sinais &#8211; Libras, do curso de Gradua\u00e7\u00e3o em Ci\u00eancias Sociais &#8211; Licenciatura &#8211; curr\u00edculo 2010<\/p>\n\n\n\n<p><a href=\"https:\/\/sites.uel.br\/prograd\/wp-content\/uploads\/documentos\/deliberacoes\/2016\/deliberacao_26_16.pdf\" target=\"_blank\" rel=\"noreferrer noopener\"><strong>Delibera\u00e7\u00e3o da C\u00e2mara de Gradua\u00e7\u00e3o n\u00ba 26\/2016<\/strong><\/a><br>Altera a ementa das atividades acad\u00eamicas 1SOC729 &#8211; Introdu\u00e7\u00e3o \u00e0 Antropologia, 1 SOC733 &#8211; Antropologia I, 1SOC737 &#8211; Antropologia II e 1SOC741 &#8211; Antropologia III, do curso de gradua\u00e7\u00e3o em Ci\u00eancias Sociais, Habilita\u00e7\u00f5es: Bacharelado e Licenciatura, curr\u00edculo 2010<\/p>\n\n\n\n<p><a href=\"https:\/\/sites.uel.br\/prograd\/wp-content\/uploads\/documentos\/deliberacoes\/2015\/deliberacao_25_15.pdf\" target=\"_blank\" rel=\"noreferrer noopener\"><strong>Delibera\u00e7\u00e3o da C\u00e2mara de Gradua\u00e7\u00e3o n\u00ba 25\/2015<\/strong><\/a><br>Estabelece adequa\u00e7\u00f5es curriculares no Curso de Gradua\u00e7\u00e3o em Ci\u00eancias Sociais &#8211; Habilita\u00e7\u00e3o Bacharelado e Licenciatura, curr\u00edculo 2010, a vigorar a partir do ano letivo de 2016<\/p>\n\n\n\n<p><a href=\"https:\/\/sites.uel.br\/prograd\/wp-content\/uploads\/documentos\/deliberacoes\/2014\/deliberacao_37_14.pdf\" target=\"_blank\" rel=\"noreferrer noopener\"><strong>Delibera\u00e7\u00e3o da C\u00e2mara de Gradua\u00e7\u00e3o n\u00ba 37\/2014<\/strong><\/a><br>Altera as ementas das atividades acad\u00eamicas 1SOC742 &#8211; Sociologia III, 1SOC743 &#8211; Ci\u00eancia Pol\u00edtica III e 1SOC748 &#8211; Educa\u00e7\u00e3o e Sociedade, do curso de Gradua\u00e7\u00e3o em Ci\u00eancias Sociais &#8211; Habilita\u00e7\u00e3o: Licenciatura e Bacharelado, curr\u00edculo 2010<\/p>\n\n\n\n<p><a href=\"https:\/\/sites.uel.br\/prograd\/wp-content\/uploads\/documentos\/deliberacoes\/2014\/deliberacao_30_14.pdf\" target=\"_blank\" rel=\"noreferrer noopener\"><strong>Delibera\u00e7\u00e3o da C\u00e2mara de Gradua\u00e7\u00e3o n\u00ba 30\/2014<\/strong><\/a><br>Altera as ementas das atividades acad\u00eamicas 1SOC731 &#8211; Introdu\u00e7\u00e3o \u00e0 Ci\u00eancia Pol\u00edtica, 1SOC735 &#8211; Ci\u00eancia Pol\u00edtica I, 1SOC739 &#8211; Ci\u00eancia Pol\u00edtica II, 1SOC743 &#8211; Ci\u00eancia Pol\u00edtica III e 1SOC747 &#8211; Teoria e M\u00e9todo em Ci\u00eancia Pol\u00edtica, do curso de Gradua\u00e7\u00e3o em Ci\u00eancias Sociais &#8211; Habilita\u00e7\u00e3o: Licenciatura e Bacharelado, curr\u00edculo 2010<\/p>\n\n\n\n<p><a href=\"https:\/\/sites.uel.br\/prograd\/wp-content\/uploads\/documentos\/resolucoes\/2009\/resolucao_269_09.pdf\" target=\"_blank\" rel=\"noreferrer noopener\"><strong>Resolu\u00e7\u00e3o CEPE\/CA n\u00ba 0269\/2009<\/strong><\/a><br>Reformula o Projeto Pedag\u00f3gico do Curso de Ci\u00eancias Sociais &#8211; Habilita\u00e7\u00e3o: Licenciatura, a ser implantado a partir do ano letivo de 2010<\/p>\n\n\n\n<p><a href=\"https:\/\/sites.uel.br\/prograd\/wp-content\/uploads\/documentos\/deliberacoes\/2008\/deliberacao_35_08.pdf\" target=\"_blank\" rel=\"noreferrer noopener\"><strong>Delibera\u00e7\u00e3o da C\u00e2mara de Gradua\u00e7\u00e3o n\u00ba 35\/2008<\/strong><\/a><br>Estabelece adequa\u00e7\u00f5es curriculares para o curso de gradua\u00e7\u00e3o em Ci\u00eancias Sociais, Habilita\u00e7\u00e3o Licenciatura, a vigorar a partir do ano letivo de 2009<\/p>\n\n\n\n<p><a href=\"https:\/\/sites.uel.br\/prograd\/wp-content\/uploads\/documentos\/deliberacoes\/2008\/deliberacao_32_08.pdf\" target=\"_blank\" rel=\"noreferrer noopener\"><strong>Delibera\u00e7\u00e3o da C\u00e2mara de Gradua\u00e7\u00e3o n\u00ba 32\/2008<\/strong><\/a><br>Estabelece adequa\u00e7\u00f5es curriculares para o curso de gradua\u00e7\u00e3o em Ci\u00eancias Sociais, Habilita\u00e7\u00e3o: Bacharelado e Licenciatura, a vigorar a partir do ano letivo de 2009<\/p>\n\n\n\n<p><a href=\"https:\/\/sites.uel.br\/prograd\/wp-content\/uploads\/documentos\/deliberacoes\/2007\/deliberacao_37_07.pdf\" target=\"_blank\" rel=\"noreferrer noopener\"><strong>Delibera\u00e7\u00e3o da C\u00e2mara de Gradua\u00e7\u00e3o n\u00ba 037\/2007<\/strong><\/a><br>Estabelece adequa\u00e7\u00f5es curriculares para o Curso de Gradua\u00e7\u00e3o em Ci\u00eancias Sociais, Habilita\u00e7\u00e3o: Bacharelado e Licenciatura, para os estudantes ingressantes no curso a partir do ano letivo de 2008<\/p>\n\n\n\n<p><strong><a href=\"https:\/\/sites.uel.br\/prograd\/wp-content\/uploads\/documentos\/resolucoes\/2005\/resolucao_26_05.pdf\" target=\"_blank\" rel=\"noreferrer noopener\">Resolu\u00e7\u00e3o CEPE n\u00b0 26\/2005<\/a><\/strong><br>Reformula o Projeto Pol\u00edtico-Pedag\u00f3gico do Curso de Ci\u00eancias Sociais &#8211; Habilita\u00e7\u00e3o: Licenciatura, a ser implantado a partir do ano letivo de 2005<\/p>\n\n\n\n<hr class=\"wp-block-separator has-text-color has-cinza-color has-css-opacity has-cinza-background-color has-background is-style-wide\"\/>\n\n\n\n<p><strong>Veja tamb\u00e9m:<\/strong><\/p>\n\n\n\n<p><a href=\"https:\/\/sites.uel.br\/prograd\/graduacao\/catalogo-dos-cursos-de-graduacao-indice\/\">Cat\u00e1logo dos Curso de Gradua\u00e7\u00e3o (Organiza\u00e7\u00e3o Curricular, Ementas, Corpo Docente<\/a>)<\/p>\n\n\n\n<p><a href=\"https:\/\/sites.uel.br\/prograd\/regulamentos-tcc-e-estagio\/\">Regulamentos TCC e Est\u00e1gios<\/a><\/p>\n","protected":false},"excerpt":{"rendered":"<p>Ci\u00eancias Sociais &#8211; Licenciatura Delibera\u00e7\u00e3o da C\u00e2mara de Gradua\u00e7\u00e3o n\u00ba 15\/2024Altera as ementas das atividades acad\u00eamicas 2SOC011 \u2013 Introdu\u00e7\u00e3o \u00e0 Ci\u00eancia Pol\u00edtica, 2SOC014 \u2013 Ci\u00eancia Pol\u00edtica I, 2SOC017 \u2013 Ci\u00eancia Pol\u00edtica II, 2 SOC035 \u2013 Introdu\u00e7\u00e3o \u00e0 Ci\u00eancia Pol\u00edtica, 2SOC040 \u2013 Ci\u00eancia Pol\u00edtica I e 2SOC043 \u2013 Ci\u00eancia Pol\u00edtica II, do Curso de Gradua\u00e7\u00e3o em [&hellip;]<\/p>\n","protected":false},"author":8,"featured_media":0,"parent":174,"menu_order":0,"comment_status":"closed","ping_status":"closed","template":"","meta":{"_acf_changed":false,"_themeisle_gutenberg_block_has_review":false,"footnotes":""},"class_list":["post-4543","page","type-page","status-publish","hentry"],"acf":[],"_links":{"self":[{"href":"https:\/\/sites.uel.br\/prograd\/wp-json\/wp\/v2\/pages\/4543","targetHints":{"allow":["GET"]}}],"collection":[{"href":"https:\/\/sites.uel.br\/prograd\/wp-json\/wp\/v2\/pages"}],"about":[{"href":"https:\/\/sites.uel.br\/prograd\/wp-json\/wp\/v2\/types\/page"}],"author":[{"embeddable":true,"href":"https:\/\/sites.uel.br\/prograd\/wp-json\/wp\/v2\/users\/8"}],"replies":[{"embeddable":true,"href":"https:\/\/sites.uel.br\/prograd\/wp-json\/wp\/v2\/comments?post=4543"}],"version-history":[{"count":13,"href":"https:\/\/sites.uel.br\/prograd\/wp-json\/wp\/v2\/pages\/4543\/revisions"}],"predecessor-version":[{"id":31680,"href":"https:\/\/sites.uel.br\/prograd\/wp-json\/wp\/v2\/pages\/4543\/revisions\/31680"}],"up":[{"embeddable":true,"href":"https:\/\/sites.uel.br\/prograd\/wp-json\/wp\/v2\/pages\/174"}],"wp:attachment":[{"href":"https:\/\/sites.uel.br\/prograd\/wp-json\/wp\/v2\/media?parent=4543"}],"curies":[{"name":"wp","href":"https:\/\/api.w.org\/{rel}","templated":true}]}}