{"id":4541,"date":"2023-05-05T15:27:18","date_gmt":"2023-05-05T18:27:18","guid":{"rendered":"https:\/\/sites.uel.br\/prograd\/?page_id=4541"},"modified":"2024-02-06T14:48:26","modified_gmt":"2024-02-06T17:48:26","slug":"projetos-pedagogicos-ciencias-economicas","status":"publish","type":"page","link":"https:\/\/sites.uel.br\/prograd\/graduacao\/projetos-pedagogicos\/projetos-pedagogicos-ciencias-economicas\/","title":{"rendered":"Projetos Pedag\u00f3gicos"},"content":{"rendered":"\n<hr class=\"wp-block-separator has-alpha-channel-opacity is-style-wide\"\/>\n\n\n\n<h2 class=\"wp-block-heading\">Ci\u00eancias Econ\u00f4micas<\/h2>\n\n\n\n<p><a href=\"https:\/\/sites.uel.br\/prograd\/wp-content\/uploads\/documentos\/resolucoes\/2021\/resolucao_36_21.pdf\" target=\"_blank\" rel=\"noreferrer noopener\"><strong>Resolu\u00e7\u00e3o CEPE\/CA n\u00ba 36\/2021<\/strong><\/a><br>Reformula o Projeto Pedag\u00f3gico do Curso de Ci\u00eancias Econ\u00f4micas, a ser implantado a partir do ano letivo de 2022<\/p>\n\n\n\n<p><a href=\"https:\/\/sites.uel.br\/prograd\/wp-content\/uploads\/documentos\/resolucoes\/2009\/resolucao_111_09.pdf\" target=\"_blank\" rel=\"noreferrer noopener\"><strong>Resolu\u00e7\u00e3o CEPE\/CA n\u00ba 0111\/2009<\/strong><\/a><br>Estabelece reformula\u00e7\u00e3o curricular no Curso de Gradua\u00e7\u00e3o em Ci\u00eancias Econ\u00f4micas a ser implantada a partir do ano letivo de 2010<\/p>\n\n\n\n<p><a href=\"https:\/\/sites.uel.br\/prograd\/wp-content\/uploads\/documentos\/resolucoes\/2005\/resolucao_353_05.pdf\" target=\"_blank\" rel=\"noreferrer noopener\"><strong>Resolu\u00e7\u00e3o CEPE n\u00ba 353\/2005<\/strong><\/a><br>Estabelece reformula\u00e7\u00e3o curricular do Curso de Ci\u00eancias Econ\u00f4micas a ser implantada a partir do ano letivo de 2006<\/p>\n\n\n\n<hr class=\"wp-block-separator has-text-color has-cinza-color has-css-opacity has-cinza-background-color has-background is-style-wide\"\/>\n\n\n\n<p><strong>Veja tamb\u00e9m:<\/strong><\/p>\n\n\n\n<p><a href=\"https:\/\/sites.uel.br\/prograd\/graduacao\/catalogo-dos-cursos-de-graduacao-indice\/\">Cat\u00e1logo dos Curso de Gradua\u00e7\u00e3o (Organiza\u00e7\u00e3o Curricular, Ementas, Corpo Docente<\/a>)<\/p>\n\n\n\n<p><a href=\"https:\/\/sites.uel.br\/prograd\/regulamentos-tcc-e-estagio\/\">Regulamentos TCC e Est\u00e1gios<\/a><\/p>\n","protected":false},"excerpt":{"rendered":"<p>Ci\u00eancias Econ\u00f4micas Resolu\u00e7\u00e3o CEPE\/CA n\u00ba 36\/2021Reformula o Projeto Pedag\u00f3gico do Curso de Ci\u00eancias Econ\u00f4micas, a ser implantado a partir do ano letivo de 2022 Resolu\u00e7\u00e3o CEPE\/CA n\u00ba 0111\/2009Estabelece reformula\u00e7\u00e3o curricular no Curso de Gradua\u00e7\u00e3o em Ci\u00eancias Econ\u00f4micas a ser implantada a partir do ano letivo de 2010 Resolu\u00e7\u00e3o CEPE n\u00ba 353\/2005Estabelece reformula\u00e7\u00e3o curricular do Curso [&hellip;]<\/p>\n","protected":false},"author":8,"featured_media":0,"parent":174,"menu_order":0,"comment_status":"closed","ping_status":"closed","template":"","meta":{"_acf_changed":false,"_themeisle_gutenberg_block_has_review":false,"footnotes":""},"class_list":["post-4541","page","type-page","status-publish","hentry"],"acf":[],"_links":{"self":[{"href":"https:\/\/sites.uel.br\/prograd\/wp-json\/wp\/v2\/pages\/4541","targetHints":{"allow":["GET"]}}],"collection":[{"href":"https:\/\/sites.uel.br\/prograd\/wp-json\/wp\/v2\/pages"}],"about":[{"href":"https:\/\/sites.uel.br\/prograd\/wp-json\/wp\/v2\/types\/page"}],"author":[{"embeddable":true,"href":"https:\/\/sites.uel.br\/prograd\/wp-json\/wp\/v2\/users\/8"}],"replies":[{"embeddable":true,"href":"https:\/\/sites.uel.br\/prograd\/wp-json\/wp\/v2\/comments?post=4541"}],"version-history":[{"count":10,"href":"https:\/\/sites.uel.br\/prograd\/wp-json\/wp\/v2\/pages\/4541\/revisions"}],"predecessor-version":[{"id":20976,"href":"https:\/\/sites.uel.br\/prograd\/wp-json\/wp\/v2\/pages\/4541\/revisions\/20976"}],"up":[{"embeddable":true,"href":"https:\/\/sites.uel.br\/prograd\/wp-json\/wp\/v2\/pages\/174"}],"wp:attachment":[{"href":"https:\/\/sites.uel.br\/prograd\/wp-json\/wp\/v2\/media?parent=4541"}],"curies":[{"name":"wp","href":"https:\/\/api.w.org\/{rel}","templated":true}]}}