{"id":4538,"date":"2023-05-05T15:27:11","date_gmt":"2023-05-05T18:27:11","guid":{"rendered":"https:\/\/sites.uel.br\/prograd\/?page_id=4538"},"modified":"2024-04-10T12:59:39","modified_gmt":"2024-04-10T15:59:39","slug":"projetos-pedagogicos-ciencias-biologicas-bacharelado","status":"publish","type":"page","link":"https:\/\/sites.uel.br\/prograd\/graduacao\/projetos-pedagogicos\/projetos-pedagogicos-ciencias-biologicas-bacharelado\/","title":{"rendered":"Projetos Pedag\u00f3gicos"},"content":{"rendered":"\n<hr class=\"wp-block-separator has-alpha-channel-opacity is-style-wide\"\/>\n\n\n\n<h2 class=\"wp-block-heading\">Ci\u00eancias Biol\u00f3gicas &#8211; Bacharelado<\/h2>\n\n\n\n<p><strong><a href=\"https:\/\/sites.uel.br\/prograd\/wp-content\/uploads\/documentos\/deliberacoes\/2024\/deliberacao_05_24.pdf\" target=\"_blank\" rel=\"noreferrer noopener\">Delibera\u00e7\u00e3o da C\u00e2mara de Gradua\u00e7\u00e3o n\u00ba 05\/2024<\/a><\/strong><br>Altera o per\u00edodo de oferta e o pr\u00e9-requisito da Atividade Acad\u00eamica de Natureza Obrigat\u00f3ria Especial 2TCC202 &#8211; Trabalho de Conclus\u00e3o de Curso, 4\u00ba ano, do Curso de Ci\u00eancias Biol\u00f3gicas &#8211; Bacharelado, curr\u00edculo 2023<\/p>\n\n\n\n<p><a href=\"https:\/\/sites.uel.br\/prograd\/wp-content\/uploads\/documentos\/resolucoes\/2022\/resolucao_72_22.pdf\" target=\"_blank\" rel=\"noreferrer noopener\"><strong>Resolu\u00e7\u00e3o CEPE\/CA n\u00ba 72\/2022<\/strong><\/a><br>Reformula o Projeto Pedag\u00f3gico do Curso de Ci\u00eancias Biol\u00f3gicas &#8211; bacharelado, a ser implantado a partir do ano letivo de 2023<\/p>\n\n\n\n<p><a href=\"https:\/\/sites.uel.br\/prograd\/wp-content\/uploads\/documentos\/deliberacoes\/2019\/deliberacao_19_19.pdf\" target=\"_blank\" rel=\"noreferrer noopener\"><strong>Delibera\u00e7\u00e3o da C\u00e2mara de Gradua\u00e7\u00e3o n\u00ba 19\/2019<\/strong><\/a><br>Estabelece adequa\u00e7\u00f5es curriculares no curso de Gradua\u00e7\u00e3o em Ci\u00eancias Biol\u00f3gicas &#8211; Licenciatura e Bacharelado<\/p>\n\n\n\n<p><a href=\"https:\/\/sites.uel.br\/prograd\/wp-content\/uploads\/documentos\/deliberacoes\/2019\/deliberacao_01_19.pdf\" target=\"_blank\" rel=\"noreferrer noopener\"><strong>Delibera\u00e7\u00e3o da C\u00e2mara de Gradua\u00e7\u00e3o n\u00ba 01\/2019<\/strong><\/a><br>D\u00e1 nova reda\u00e7\u00e3o aos artigos 4\u00ba e 5\u00ba da Delibera\u00e7\u00e3o &#8211; C\u00e2mara de Gradua\u00e7\u00e3o n\u00ba 012\/2017, que aprova o regulamento do N\u00facleo Docente Estruturante (NDE) do Curso de Ci\u00eancias Biol\u00f3gicas<\/p>\n\n\n\n<p><a href=\"https:\/\/sites.uel.br\/prograd\/wp-content\/uploads\/documentos\/deliberacoes\/2017\/deliberacao_25_17.pdf\" target=\"_blank\" rel=\"noreferrer noopener\"><strong>Delibera\u00e7\u00e3o da C\u00e2mara de Gradua\u00e7\u00e3o n\u00ba 25\/2017<\/strong><\/a><br>Estabele adequa\u00e7\u00f5es curriculares no curso de gradua\u00e7\u00e3o em Ci\u00eancias Biol\u00f3gicas, Habilita\u00e7\u00e3o: Bacharelado e Licenciatura<\/p>\n\n\n\n<p><a href=\"https:\/\/sites.uel.br\/prograd\/wp-content\/uploads\/documentos\/deliberacoes\/2017\/deliberacao_12_17.pdf\" target=\"_blank\" rel=\"noreferrer noopener\"><strong>Delibera\u00e7\u00e3o da C\u00e2mara de Gradua\u00e7\u00e3o n\u00ba 12\/2017<\/strong><\/a><br>Aprova o regulamento do N\u00facleo Docente Estruturante (NDE) do Curso de Ci\u00eancias Biol\u00f3gicas<\/p>\n\n\n\n<p><a href=\"https:\/\/sites.uel.br\/prograd\/wp-content\/uploads\/documentos\/deliberacoes\/2017\/deliberacao_05_17.pdf\" target=\"_blank\" rel=\"noreferrer noopener\"><strong>Delibera\u00e7\u00e3o da C\u00e2mara de Gradua\u00e7\u00e3o n\u00ba 05\/2017<\/strong><\/a><br>Aprova o Regulamento do Trabalho de Conclus\u00e3o de Curso de Ci\u00eancias Biol\u00f3gicas &#8211; Habilita\u00e7\u00e3o Bacharelado<\/p>\n\n\n\n<p><a href=\"https:\/\/sites.uel.br\/prograd\/wp-content\/uploads\/documentos\/deliberacoes\/2016\/deliberacao_23_16.pdf\" target=\"_blank\" rel=\"noreferrer noopener\"><strong>Delibera\u00e7\u00e3o da C\u00e2mara de Gradua\u00e7\u00e3o n\u00ba 23\/2016<\/strong><\/a><br>Estabelece adequa\u00e7\u00f5es curriculares no curso de gradua\u00e7\u00e3o em Ci\u00eancias Biol\u00f3gicas, habilita\u00e7\u00f5es: bacharelado e licenciatura, curr\u00edculos 2010 e 2015<\/p>\n\n\n\n<p><a href=\"https:\/\/sites.uel.br\/prograd\/wp-content\/uploads\/documentos\/resolucoes\/2014\/resolucao_124_14.pdf\" target=\"_blank\" rel=\"noreferrer noopener\"><strong>Resolu\u00e7\u00e3o CEPE\/CA n\u00ba 124\/2014<\/strong><\/a><br>Reformula o Projeto Pedag\u00f3gico do curso de Ci\u00eancias Biol\u00f3gicas &#8211; Habilita\u00e7\u00e3o: Bacharelado, a vigorar a partir do ano letivo de 2015<\/p>\n\n\n\n<p><a href=\"https:\/\/sites.uel.br\/prograd\/wp-content\/uploads\/documentos\/deliberacoes\/2010\/deliberacao_21_10.pdf\" target=\"_blank\" rel=\"noreferrer noopener\"><strong>Delibera\u00e7\u00e3o da C\u00e2mara de Gradua\u00e7\u00e3o n\u00ba 21\/2010<\/strong><\/a><br>Estabelece adequa\u00e7\u00f5es \u00e0s Resolu\u00e7\u00f5es CEPE n\u00ba 0257\/2009 e CEPE n\u00ba 0277\/2009, do curso de Ci\u00eancias Biol\u00f3gicas, habilita\u00e7\u00f5es: Bacharelado e Licenciatura, a vigorar a partir do ano letivo de 2011<\/p>\n\n\n\n<p><a href=\"https:\/\/sites.uel.br\/prograd\/wp-content\/uploads\/documentos\/resolucoes\/2009\/resolucao_257_09.pdf\" target=\"_blank\" rel=\"noreferrer noopener\"><strong>Resolu\u00e7\u00e3o CEPE n\u00ba 0257\/2009<\/strong><\/a><br>Reformula o Projeto Pedag\u00f3gico do Curso de Ci\u00eancias Biol\u00f3gicas &#8211; Habilita\u00e7\u00e3o: Bacharelado, a ser implantado a partir do ano letivo de 2010<\/p>\n\n\n\n<p><a href=\"https:\/\/sites.uel.br\/prograd\/wp-content\/uploads\/documentos\/deliberacoes\/2009\/deliberacao_38_09.pdf\" target=\"_blank\" rel=\"noreferrer noopener\"><strong>Delibera\u00e7\u00e3o da C\u00e2mara de Gradua\u00e7\u00e3o n\u00ba 38\/2009<\/strong><\/a><br>Estabece adequa\u00e7\u00f5es no Curso de Ci\u00eancias Biol\u00f3gicas &#8211; Habilita\u00e7\u00f5es: Bacharelado e Licenciatura, a vigorar a partir do ano letivo de 2010<\/p>\n\n\n\n<p><a href=\"https:\/\/sites.uel.br\/prograd\/wp-content\/uploads\/documentos\/deliberacoes\/2008\/deliberacao_40_08.pdf\" target=\"_blank\" rel=\"noreferrer noopener\"><strong>Delibera\u00e7\u00e3o da C\u00e2mara de Gradua\u00e7\u00e3o n\u00ba 40\/2008<\/strong><\/a><br>Altera a forma de oferta da disciplina 6BIO013 &#8211; Embriologia, do curso de gradua\u00e7\u00e3o em Ci\u00eancias Biol\u00f3gicas, Habilita\u00e7\u00e3o: Bacharelado e Licenciatura, a vigorar a partir do ano letivo de 2009<\/p>\n\n\n\n<p><a href=\"https:\/\/sites.uel.br\/prograd\/wp-content\/uploads\/documentos\/deliberacoes\/2008\/deliberacao_14_08.pdf\" target=\"_blank\" rel=\"noreferrer noopener\"><strong>Delibera\u00e7\u00e3o da C\u00e2mara de Gradua\u00e7\u00e3o n\u00ba 14\/2008<\/strong><\/a><br>Altera a distribui\u00e7\u00e3o da carga hor\u00e1ria da disciplina 6BIO020 &#8211; Gen\u00e9tica Aplicada \u00e0 Biotecnologia, do curso de gradua\u00e7\u00e3o em Ci\u00eancias Biol\u00f3gicas, Habilita\u00e7\u00e3o: Bacharelado e Licenciatura, a vigorar a partir do ano letivo de 2009<\/p>\n\n\n\n<p><a href=\"https:\/\/sites.uel.br\/prograd\/wp-content\/uploads\/documentos\/deliberacoes\/2007\/deliberacao_73_07.pdf\" target=\"_blank\" rel=\"noreferrer noopener\"><strong>Delibera\u00e7\u00e3o da C\u00e2mara de Gradua\u00e7\u00e3o n\u00ba 073\/2007<\/strong><\/a><br>Estabelece adequa\u00e7\u00e3o curricular para o Curso de Gradua\u00e7\u00e3o em Ci\u00eancias Biol\u00f3gicas &#8211; Habilita\u00e7\u00f5es: Licenciatura e Bacharelado, a vigorar a partir do ano letivo de 2008<\/p>\n\n\n\n<p><a href=\"https:\/\/sites.uel.br\/prograd\/wp-content\/uploads\/documentos\/deliberacoes\/2006\/deliberacao_17_06.pdf\" target=\"_blank\" rel=\"noreferrer noopener\"><strong>Delibera\u00e7\u00e3o da C\u00e2mara de Gradua\u00e7\u00e3o n\u00ba 17\/2006<\/strong><\/a><br>Estabelece adequa\u00e7\u00f5es curriculares para o curso de gradua\u00e7\u00e3o em Ci\u00eancias Biol\u00f3gicas a serem implantadas a partir do ano letivo de 2007<\/p>\n\n\n\n<p><a href=\"https:\/\/sites.uel.br\/prograd\/wp-content\/uploads\/documentos\/deliberacoes\/2006\/deliberacao_01_06.pdf\" target=\"_blank\" rel=\"noreferrer noopener\"><strong>Delibera\u00e7\u00e3o da C\u00e2mara de Gradua\u00e7\u00e3o n\u00ba 02\/2006<\/strong><\/a><br>Altera distribui\u00e7\u00e3o da carga hor\u00e1ria da disciplina 6MOR008 Anatomia Humana A, do curso de Ci\u00eancias Biol\u00f3gicas &#8211; Habilita\u00e7\u00f5es: Licenciatura e Bacharelado, referente ao curr\u00edculo em implanta\u00e7\u00e3o a partir do ano letivo de 2006<\/p>\n\n\n\n<p><a href=\"https:\/\/sites.uel.br\/prograd\/wp-content\/uploads\/documentos\/resolucoes\/2005\/resolucao_356_05.pdf\" target=\"_blank\" rel=\"noreferrer noopener\"><strong>Resolu\u00e7\u00e3o CEPE n\u00b0 356\/2005<\/strong><\/a><br>Reformula o Projeto Pol\u00edtico-Pedag\u00f3gico do curso de Ci\u00eancias Biol\u00f3gicas &#8211; Habilita\u00e7\u00e3o: Bacharelado, a ser implantado a partir do ano letivo de 2006<\/p>\n\n\n\n<hr class=\"wp-block-separator has-text-color has-cinza-color has-css-opacity has-cinza-background-color has-background is-style-wide\"\/>\n\n\n\n<p><strong>Veja tamb\u00e9m:<\/strong><\/p>\n\n\n\n<p><a href=\"https:\/\/sites.uel.br\/prograd\/graduacao\/catalogo-dos-cursos-de-graduacao-indice\/\">Cat\u00e1logo dos Curso de Gradua\u00e7\u00e3o (Organiza\u00e7\u00e3o Curricular, Ementas, Corpo Docente<\/a>)<\/p>\n\n\n\n<p><a href=\"https:\/\/sites.uel.br\/prograd\/regulamentos-tcc-e-estagio\/\">Regulamentos TCC e Est\u00e1gios<\/a><\/p>\n","protected":false},"excerpt":{"rendered":"<p>Ci\u00eancias Biol\u00f3gicas &#8211; Bacharelado Delibera\u00e7\u00e3o da C\u00e2mara de Gradua\u00e7\u00e3o n\u00ba 05\/2024Altera o per\u00edodo de oferta e o pr\u00e9-requisito da Atividade Acad\u00eamica de Natureza Obrigat\u00f3ria Especial 2TCC202 &#8211; Trabalho de Conclus\u00e3o de Curso, 4\u00ba ano, do Curso de Ci\u00eancias Biol\u00f3gicas &#8211; Bacharelado, curr\u00edculo 2023 Resolu\u00e7\u00e3o CEPE\/CA n\u00ba 72\/2022Reformula o Projeto Pedag\u00f3gico do Curso de Ci\u00eancias Biol\u00f3gicas [&hellip;]<\/p>\n","protected":false},"author":8,"featured_media":0,"parent":174,"menu_order":0,"comment_status":"closed","ping_status":"closed","template":"","meta":{"_acf_changed":false,"_themeisle_gutenberg_block_has_review":false,"footnotes":""},"class_list":["post-4538","page","type-page","status-publish","hentry"],"acf":[],"_links":{"self":[{"href":"https:\/\/sites.uel.br\/prograd\/wp-json\/wp\/v2\/pages\/4538","targetHints":{"allow":["GET"]}}],"collection":[{"href":"https:\/\/sites.uel.br\/prograd\/wp-json\/wp\/v2\/pages"}],"about":[{"href":"https:\/\/sites.uel.br\/prograd\/wp-json\/wp\/v2\/types\/page"}],"author":[{"embeddable":true,"href":"https:\/\/sites.uel.br\/prograd\/wp-json\/wp\/v2\/users\/8"}],"replies":[{"embeddable":true,"href":"https:\/\/sites.uel.br\/prograd\/wp-json\/wp\/v2\/comments?post=4538"}],"version-history":[{"count":11,"href":"https:\/\/sites.uel.br\/prograd\/wp-json\/wp\/v2\/pages\/4538\/revisions"}],"predecessor-version":[{"id":27989,"href":"https:\/\/sites.uel.br\/prograd\/wp-json\/wp\/v2\/pages\/4538\/revisions\/27989"}],"up":[{"embeddable":true,"href":"https:\/\/sites.uel.br\/prograd\/wp-json\/wp\/v2\/pages\/174"}],"wp:attachment":[{"href":"https:\/\/sites.uel.br\/prograd\/wp-json\/wp\/v2\/media?parent=4538"}],"curies":[{"name":"wp","href":"https:\/\/api.w.org\/{rel}","templated":true}]}}