{"id":4537,"date":"2023-05-05T15:27:08","date_gmt":"2023-05-05T18:27:08","guid":{"rendered":"https:\/\/sites.uel.br\/prograd\/?page_id=4537"},"modified":"2024-07-02T13:22:36","modified_gmt":"2024-07-02T16:22:36","slug":"projetos-pedagogicos-ciencia-da-computacao","status":"publish","type":"page","link":"https:\/\/sites.uel.br\/prograd\/graduacao\/projetos-pedagogicos\/projetos-pedagogicos-ciencia-da-computacao\/","title":{"rendered":"Projetos Pedag\u00f3gicos"},"content":{"rendered":"\n<hr class=\"wp-block-separator has-alpha-channel-opacity is-style-wide\"\/>\n\n\n\n<h2 class=\"wp-block-heading\">Ci\u00eancia da Computa\u00e7\u00e3o<\/h2>\n\n\n\n<p><strong><a href=\"https:\/\/sites.uel.br\/prograd\/wp-content\/uploads\/documentos\/deliberacoes\/2023\/deliberacao_24_23.pdf\" target=\"_blank\" rel=\"noreferrer noopener\">Delibera\u00e7\u00e3o da C\u00e2mara de Gradua\u00e7\u00e3o n\u00ba 24\/2023<\/a><\/strong><br>Estabelece adequa\u00e7\u00f5es curriculares no Curso de Ci\u00eancia da Computa\u00e7\u00e3o, curr\u00edculos 2020 e 2023<\/p>\n\n\n\n<p><a href=\"https:\/\/sites.uel.br\/prograd\/wp-content\/uploads\/documentos\/resolucoes\/2022\/resolucao_109_22.pdf\" target=\"_blank\" rel=\"noreferrer noopener\"><strong>Resolu\u00e7\u00e3o CEPE\/CA n\u00ba 109\/2022<\/strong><\/a><br>Reformula o Projeto Pedag\u00f3gico do Curso de Ci\u00eancia da Computa\u00e7\u00e3o, a ser implantado a partir do ano letivo de 2023<\/p>\n\n\n\n<p><a href=\"https:\/\/sites.uel.br\/prograd\/wp-content\/uploads\/documentos\/resolucoes\/2021\/resolucao_70_21.pdf\" target=\"_blank\" rel=\"noreferrer noopener\"><strong>Resolu\u00e7\u00e3o CEPE n\u00ba 70\/2021<\/strong><\/a><br>Altera o nome do Curso de Licenciatura em Computa\u00e7\u00e3o, modalidade a dist\u00e2ncia, da Universidade Estadual de Londrina<\/p>\n\n\n\n<p><a href=\"https:\/\/sites.uel.br\/prograd\/wp-content\/uploads\/documentos\/deliberacoes\/2020\/deliberacao_04_20.pdf\" target=\"_blank\" rel=\"noreferrer noopener\"><strong>Delibera\u00e7\u00e3o da C\u00e2mara de Gradua\u00e7\u00e3o n\u00ba 04\/2020<\/strong><\/a><br>Altera o sistema de promo\u00e7\u00e3o do Curso de Ci\u00eancia da Computa\u00e7\u00e3o, regulamentado pela Delibera\u00e7\u00e3o &#8211; C\u00e2mara de Gradua\u00e7\u00e3o n\u00ba 009\/2011<\/p>\n\n\n\n<p><a href=\"https:\/\/sites.uel.br\/prograd\/wp-content\/uploads\/documentos\/resolucoes\/2019\/resolucao_65_19.pdf\" target=\"_blank\" rel=\"noreferrer noopener\"><strong>Resolu\u00e7\u00e3o CEPE\/CA n\u00ba 65\/2019<\/strong><\/a><br>Reformula o Projeto Pedag\u00f3gico do Curso de Ci\u00eancia da Computa\u00e7\u00e3o &#8211; Bacharelado, a ser implantado a partir do ano letivo de 2020<\/p>\n\n\n\n<p><a href=\"https:\/\/sites.uel.br\/prograd\/wp-content\/uploads\/documentos\/deliberacoes\/2016\/deliberacao_11_16.pdf\" target=\"_blank\" rel=\"noreferrer noopener\"><strong>Delibera\u00e7\u00e3o da C\u00e2mara de Gradua\u00e7\u00e3o n\u00ba 11\/2016<\/strong><\/a><br>Aprova o Regulamento do NDE &#8211; N\u00facleo Docente Estruturante do Curso de Ci\u00eancia da Computa\u00e7\u00e3o<\/p>\n\n\n\n<p><a href=\"https:\/\/sites.uel.br\/prograd\/wp-content\/uploads\/documentos\/deliberacoes\/2015\/deliberacao_10_15.pdf\" target=\"_blank\" rel=\"noreferrer noopener\"><strong>Delibera\u00e7\u00e3o da C\u00e2mara de Gradua\u00e7\u00e3o n\u00ba 10\/2015<\/strong><\/a><br>Altera a ementa da atividade acad\u00eamica 5EMA081 &#8211; Probabilidade e Processos Estoc\u00e1sticos, do curso de Gradua\u00e7\u00e3o em Ci\u00eancia da Computa\u00e7\u00e3o, curr\u00edculo 2014<\/p>\n\n\n\n<p><a href=\"https:\/\/sites.uel.br\/prograd\/wp-content\/uploads\/documentos\/deliberacoes\/2013\/deliberacao_28_13.pdf\" target=\"_blank\" rel=\"noreferrer noopener\"><strong>Delibera\u00e7\u00e3o da C\u00e2mara de Gradua\u00e7\u00e3o n\u00ba 28\/2013<\/strong><\/a><br>Estabelece adequa\u00e7\u00f5es no Projeto Pedag\u00f3gico do Curso de Gradua\u00e7\u00e3o em Ci\u00eancia a Computa\u00e7\u00e3o<\/p>\n\n\n\n<p><strong><a href=\"https:\/\/sites.uel.br\/prograd\/wp-content\/uploads\/documentos\/deliberacoes\/2009\/deliberacao_26_09.pdf\" target=\"_blank\" rel=\"noreferrer noopener\">Delibera\u00e7\u00e3o da C\u00e2mara de Gradua\u00e7\u00e3o n\u00ba 26\/2009<\/a><\/strong><br>Estabece adequa\u00e7\u00f5es no Curso de Ci\u00eancia da Computa\u00e7\u00e3o, a vigorar a partir do ano letivo de 2010<\/p>\n\n\n\n<p><a href=\"https:\/\/sites.uel.br\/prograd\/wp-content\/uploads\/documentos\/deliberacoes\/2008\/deliberacao_28_08.pdf\" target=\"_blank\" rel=\"noreferrer noopener\"><strong>Delibera\u00e7\u00e3o da C\u00e2mara de Gradua\u00e7\u00e3o n\u00ba 28\/2008<\/strong><\/a><br>Altera a denomina\u00e7\u00e3o das disciplinas 5COP082 &#8211; Organiza\u00e7\u00f5es de Computadores C e 5COP067 &#8211; Comunica\u00e7\u00e3o de Dados A, locadas, respectivamente, na 2\u00aa e 3\u00aa s\u00e9rie do curso de gradua\u00e7\u00e3o em Ci\u00eancia da Computa\u00e7\u00e3o, a vigorar a partir do ano letivo de 2009<\/p>\n\n\n\n<hr class=\"wp-block-separator has-text-color has-cinza-color has-css-opacity has-cinza-background-color has-background is-style-wide\"\/>\n\n\n\n<p><strong>Veja tamb\u00e9m:<\/strong><\/p>\n\n\n\n<p><a href=\"https:\/\/sites.uel.br\/prograd\/graduacao\/catalogo-dos-cursos-de-graduacao-indice\/\">Cat\u00e1logo dos Curso de Gradua\u00e7\u00e3o (Organiza\u00e7\u00e3o Curricular, Ementas, Corpo Docente<\/a>)<\/p>\n\n\n\n<p><a href=\"https:\/\/sites.uel.br\/prograd\/regulamentos-tcc-e-estagio\/\">Regulamentos TCC e Est\u00e1gios<\/a><\/p>\n","protected":false},"excerpt":{"rendered":"<p>Ci\u00eancia da Computa\u00e7\u00e3o Delibera\u00e7\u00e3o da C\u00e2mara de Gradua\u00e7\u00e3o n\u00ba 24\/2023Estabelece adequa\u00e7\u00f5es curriculares no Curso de Ci\u00eancia da Computa\u00e7\u00e3o, curr\u00edculos 2020 e 2023 Resolu\u00e7\u00e3o CEPE\/CA n\u00ba 109\/2022Reformula o Projeto Pedag\u00f3gico do Curso de Ci\u00eancia da Computa\u00e7\u00e3o, a ser implantado a partir do ano letivo de 2023 Resolu\u00e7\u00e3o CEPE n\u00ba 70\/2021Altera o nome do Curso de Licenciatura [&hellip;]<\/p>\n","protected":false},"author":8,"featured_media":0,"parent":174,"menu_order":0,"comment_status":"closed","ping_status":"closed","template":"","meta":{"_acf_changed":false,"_themeisle_gutenberg_block_has_review":false,"footnotes":""},"class_list":["post-4537","page","type-page","status-publish","hentry"],"acf":[],"_links":{"self":[{"href":"https:\/\/sites.uel.br\/prograd\/wp-json\/wp\/v2\/pages\/4537","targetHints":{"allow":["GET"]}}],"collection":[{"href":"https:\/\/sites.uel.br\/prograd\/wp-json\/wp\/v2\/pages"}],"about":[{"href":"https:\/\/sites.uel.br\/prograd\/wp-json\/wp\/v2\/types\/page"}],"author":[{"embeddable":true,"href":"https:\/\/sites.uel.br\/prograd\/wp-json\/wp\/v2\/users\/8"}],"replies":[{"embeddable":true,"href":"https:\/\/sites.uel.br\/prograd\/wp-json\/wp\/v2\/comments?post=4537"}],"version-history":[{"count":12,"href":"https:\/\/sites.uel.br\/prograd\/wp-json\/wp\/v2\/pages\/4537\/revisions"}],"predecessor-version":[{"id":31019,"href":"https:\/\/sites.uel.br\/prograd\/wp-json\/wp\/v2\/pages\/4537\/revisions\/31019"}],"up":[{"embeddable":true,"href":"https:\/\/sites.uel.br\/prograd\/wp-json\/wp\/v2\/pages\/174"}],"wp:attachment":[{"href":"https:\/\/sites.uel.br\/prograd\/wp-json\/wp\/v2\/media?parent=4537"}],"curies":[{"name":"wp","href":"https:\/\/api.w.org\/{rel}","templated":true}]}}