{"id":4523,"date":"2023-05-05T11:34:57","date_gmt":"2023-05-05T14:34:57","guid":{"rendered":"https:\/\/sites.uel.br\/prograd\/?page_id=4523"},"modified":"2025-05-06T14:27:57","modified_gmt":"2025-05-06T17:27:57","slug":"programa-de-estudantes-convenio-de-graduacao-pec-g","status":"publish","type":"page","link":"https:\/\/sites.uel.br\/prograd\/programa-de-estudantes-convenio-de-graduacao-pec-g\/","title":{"rendered":"Programa de Estudantes-Conv\u00eanio de Gradua\u00e7\u00e3o (PEC-G)"},"content":{"rendered":"\n<hr class=\"wp-block-separator has-alpha-channel-opacity is-style-wide\"\/>\n\n\n\n<p><strong><a href=\"https:\/\/sites.uel.br\/prograd\/wp-content\/uploads\/documentos\/resolucoes\/2025\/resolucao_27_25.pdf\" target=\"_blank\" rel=\"noreferrer noopener\">Resolu\u00e7\u00e3o CEPE n\u00ba 27\/2025<\/a><\/strong><br>Estabelece o n\u00famero de vagas na Universidade Estadual de Londrina para atender ao Programa Estudantes \u2013 Conv\u00eanio de Gradua\u00e7\u00e3o \u2013 PEC-G, do Minist\u00e9rio das Rela\u00e7\u00f5es Exteriores e do Minist\u00e9rio da Educa\u00e7\u00e3o<\/p>\n\n\n\n<p><a rel=\"noreferrer noopener\" href=\"https:\/\/www.gov.br\/mre\/pt-br\/assuntos\/cultura-e-educacao\/temas-educacionais\/programas-de-estudo-para-estrangeiros\/pec-g\/informacoes-ao-estudante-convenio#bolsas-de-estudo-e-passagem-de-retorno\" target=\"_blank\"><strong>Bolsas de Estudo do Minist\u00e9rio das Rela\u00e7\u00f5es Exteriores<\/strong><\/a><\/p>\n\n\n\n<p><a href=\"https:\/\/sites.uel.br\/prograd\/wp-content\/uploads\/pec-g\/documentos\/decreto_7948_2013.pdf\" target=\"_blank\" rel=\"noreferrer noopener\"><strong>Decreto N\u00ba 7.948, de 12 de mar\u00e7o de 2013<\/strong><\/a>&nbsp;&#8211; Disp\u00f5e sobre o Programa de Estudantes-Conv\u00eanio de Gradua\u00e7\u00e3o &#8211; PEC-G<\/p>\n\n\n\n<p><a href=\"https:\/\/sites.uel.br\/prograd\/wp-content\/uploads\/pec-g\/documentos\/manualpec-g.pdf\" target=\"_blank\" rel=\"noreferrer noopener\"><strong>Manual do Programa de Estudantes<\/strong><\/a>&nbsp;&#8211; Conv\u00eanio de Gradua\u00e7\u00e3o &#8211; PEC-G<\/p>\n\n\n\n<p><strong><a href=\"https:\/\/www.gov.br\/mec\/pt-br\/acesso-a-informacao\/institucional\/estrutura-organizacional\/orgaos-especificos-singulares\/secretaria-de-educacao-superior\" target=\"_blank\" rel=\"noreferrer noopener\">Portal do MEC &#8211; SESu<\/a><\/strong>&nbsp;&#8211; Secretaria de Educa\u00e7\u00e3o Superior<\/p>\n\n\n\n<p><a href=\"https:\/\/www.gov.br\/mre\/pt-br\/assuntos\/cultura-e-educacao\/temas-educacionais\/programas-de-estudo-para-estrangeiros\/pec-g\" target=\"_blank\" rel=\"noreferrer noopener\"><strong>Portal do Minist\u00e9rio de Rela\u00e7\u00f5es Exteriores &#8211; PECG<\/strong><\/a><\/p>\n\n\n\n<p><a href=\"https:\/\/www.gov.br\/pf\/pt-br\/assuntos\/imigracao\" target=\"_blank\" rel=\"noreferrer noopener\"><strong>Pol\u00edcia Federal &#8211; Imigra\u00e7\u00e3o<\/strong><\/a><\/p>\n\n\n\n<p><a href=\"http:\/\/portal.imprensanacional.gov.br\/\" target=\"_blank\" rel=\"noreferrer noopener\"><strong>Imprensa Nacional &#8211; Consulta ao Di\u00e1rio Oficial da Uni\u00e3o<\/strong><\/a><\/p>\n","protected":false},"excerpt":{"rendered":"<p>Resolu\u00e7\u00e3o CEPE n\u00ba 27\/2025Estabelece o n\u00famero de vagas na Universidade Estadual de Londrina para atender ao Programa Estudantes \u2013 Conv\u00eanio de Gradua\u00e7\u00e3o \u2013 PEC-G, do Minist\u00e9rio das Rela\u00e7\u00f5es Exteriores e do Minist\u00e9rio da Educa\u00e7\u00e3o Bolsas de Estudo do Minist\u00e9rio das Rela\u00e7\u00f5es Exteriores Decreto N\u00ba 7.948, de 12 de mar\u00e7o de 2013&nbsp;&#8211; Disp\u00f5e sobre o Programa [&hellip;]<\/p>\n","protected":false},"author":8,"featured_media":0,"parent":0,"menu_order":0,"comment_status":"closed","ping_status":"closed","template":"","meta":{"_acf_changed":false,"_themeisle_gutenberg_block_has_review":false,"footnotes":""},"class_list":["post-4523","page","type-page","status-publish","hentry"],"acf":[],"_links":{"self":[{"href":"https:\/\/sites.uel.br\/prograd\/wp-json\/wp\/v2\/pages\/4523","targetHints":{"allow":["GET"]}}],"collection":[{"href":"https:\/\/sites.uel.br\/prograd\/wp-json\/wp\/v2\/pages"}],"about":[{"href":"https:\/\/sites.uel.br\/prograd\/wp-json\/wp\/v2\/types\/page"}],"author":[{"embeddable":true,"href":"https:\/\/sites.uel.br\/prograd\/wp-json\/wp\/v2\/users\/8"}],"replies":[{"embeddable":true,"href":"https:\/\/sites.uel.br\/prograd\/wp-json\/wp\/v2\/comments?post=4523"}],"version-history":[{"count":8,"href":"https:\/\/sites.uel.br\/prograd\/wp-json\/wp\/v2\/pages\/4523\/revisions"}],"predecessor-version":[{"id":34246,"href":"https:\/\/sites.uel.br\/prograd\/wp-json\/wp\/v2\/pages\/4523\/revisions\/34246"}],"wp:attachment":[{"href":"https:\/\/sites.uel.br\/prograd\/wp-json\/wp\/v2\/media?parent=4523"}],"curies":[{"name":"wp","href":"https:\/\/api.w.org\/{rel}","templated":true}]}}