{"id":4517,"date":"2023-05-05T10:44:39","date_gmt":"2023-05-05T13:44:39","guid":{"rendered":"https:\/\/sites.uel.br\/prograd\/?page_id=4517"},"modified":"2024-06-03T14:57:58","modified_gmt":"2024-06-03T17:57:58","slug":"fundo-de-apoio-ao-ensino-a-pesquisa-e-a-extensao-faepe-documentos","status":"publish","type":"page","link":"https:\/\/sites.uel.br\/prograd\/fundo-de-apoio-ao-ensino-a-pesquisa-e-a-extensao-faepe-documentos\/","title":{"rendered":"Fundo de Apoio ao Ensino, \u00e0 Pesquisa e \u00e0 Extens\u00e3o (FAEPE)"},"content":{"rendered":"\n<hr class=\"wp-block-separator has-alpha-channel-opacity is-style-wide\"\/>\n\n\n\n<h2 class=\"wp-block-heading\">Documentos<\/h2>\n\n\n\n<p><strong>2022<\/strong><\/p>\n\n\n\n<p><a href=\"https:\/\/sites.uel.br\/prograd\/wp-content\/uploads\/faepe\/documentos\/portaria_3562_2022.pdf\" target=\"_blank\" rel=\"noreferrer noopener\">Portaria 3562 &#8211; Nomea\u00e7\u00e3o Comit\u00ea Acad\u00eamico<\/a><\/p>\n\n\n\n<p><a href=\"https:\/\/sites.uel.br\/prograd\/wp-content\/uploads\/documentos\/editais\/2022\/prograd\/edital_72_22.pdf\" target=\"_blank\" rel=\"noreferrer noopener\">Edital 72\/2022 &#8211; Torna p\u00fablico o resultado da 2\u00aa etapa do processo de sele\u00e7\u00e3o de cadastro de reserva para orientadores de bolsas (PAB) concedidas pelo Fundo de Apoio \u00e0 Universidade Estadual de Londrina &#8211; FAEPE<\/a><\/p>\n\n\n\n<p><a href=\"https:\/\/sites.uel.br\/prograd\/wp-content\/uploads\/documentos\/editais\/2022\/prograd\/edital_71_22.pdf\" target=\"_blank\" rel=\"noreferrer noopener\">Edital 71\/2022 &#8211; Torna p\u00fablico o resultado da 1\u00aa etapa do processo de sele\u00e7\u00e3o de cadastro de reserva para orientadores de bolsas (PAB) concedidas pelo Fundo de Apoio \u00e0 Universidade Estadual de Londrina &#8211; FAEPE<\/a><\/p>\n\n\n\n<p><a href=\"https:\/\/sites.uel.br\/prograd\/wp-content\/uploads\/documentos\/editais\/2022\/faepe\/edital_faep_01_22.pdf\" target=\"_blank\" rel=\"noreferrer noopener\">Edital FAEPE\/UEL n\u00ba 01\/2022 &#8211; Torna p\u00fablico edital visando libera\u00e7\u00e3o de recursos para concess\u00e3o de bolsas a estudantes de gradua\u00e7\u00e3o da Universidade Estadual de Londrina<\/a><\/p>\n\n\n\n<div style=\"height:20px\" aria-hidden=\"true\" class=\"wp-block-spacer\"><\/div>\n\n\n\n<p><strong>2021<\/strong><\/p>\n\n\n\n<p><a href=\"https:\/\/sites.uel.br\/prograd\/wp-content\/uploads\/faepe\/documentos\/portaria_1954_2021.pdf\" target=\"_blank\" rel=\"noreferrer noopener\">Portaria 1954 &#8211; Nomea\u00e7\u00e3o Comit\u00ea Acad\u00eamico<\/a><\/p>\n\n\n\n<p><a href=\"https:\/\/sites.uel.br\/prograd\/wp-content\/uploads\/faepe\/documentos\/portaria_1801_2021.pdf\" target=\"_blank\" rel=\"noreferrer noopener\">Portaria 1801 &#8211; Nomea\u00e7\u00e3o Comit\u00ea Acad\u00eamico<\/a><\/p>\n\n\n\n<p><a href=\"https:\/\/sites.uel.br\/prograd\/wp-content\/uploads\/documentos\/editais\/2021\/prograd\/edital_34_21.pdf\" target=\"_blank\" rel=\"noreferrer noopener\">Edital 34\/2021 &#8211; Torna p\u00fablico as corre\u00e7\u00f5es dos itens 4.1.4 e 10.2 do Edital Prograd\/PAB 032\/2021<\/a><\/p>\n\n\n\n<p><a href=\"https:\/\/sites.uel.br\/prograd\/wp-content\/uploads\/documentos\/editais\/2021\/prograd\/edital_32_21.pdf\" target=\"_blank\" rel=\"noreferrer noopener\">Edital 32\/2021 &#8211; Torna p\u00fablico as inscri\u00e7\u00f5es de Coordenadores de Projetos de Pesquisa em Ensino ou de Programas de Forma\u00e7\u00e3o Complementar interessados em concorrer ao processo de sele\u00e7\u00e3o para concess\u00e3o de bolsas FAEPE (Fundo de Apoio ao Ensino, Pesquisa e Extens\u00e3o), por meio do PAB da Universidade Estadual de Londrina<\/a><\/p>\n\n\n\n<p><a href=\"https:\/\/sites.uel.br\/prograd\/wp-content\/uploads\/documentos\/editais\/2021\/prograd\/edital_32_21_anexo_i.doc\" target=\"_blank\" rel=\"noreferrer noopener\"><strong>Anexo I<\/strong>&nbsp;(edital 32\/2021): Formul\u00e1rio de Inscri\u00e7\u00e3o para Bolsa de Ensino<\/a><br><a href=\"https:\/\/sites.uel.br\/prograd\/wp-content\/uploads\/documentos\/editais\/2021\/prograd\/edital_32_21_anexo_ii.doc\" target=\"_blank\" rel=\"noreferrer noopener\"><strong>Anexo II<\/strong>&nbsp;(edital 32\/2021): Tabela de Pontua\u00e7\u00e3o Docente<\/a><br><a href=\"https:\/\/sites.uel.br\/prograd\/wp-content\/uploads\/documentos\/editais\/2021\/prograd\/edital_32_21_anexo_iii.doc\" target=\"_blank\" rel=\"noreferrer noopener\"><strong>Anexo III<\/strong>&nbsp;(edital 32\/2021): Indica\u00e7\u00e3o de Bolsista e Termo de Compromisso<\/a><br><a href=\"https:\/\/sites.uel.br\/prograd\/wp-content\/uploads\/documentos\/editais\/2021\/prograd\/edital_32_21_anexo_iv.doc\" target=\"_blank\" rel=\"noreferrer noopener\"><strong>Anexo IV<\/strong>&nbsp;(edital 32\/2021): Modelo para Elabora\u00e7\u00e3o do Roteiro de Estudos das Bolsas<\/a><\/p>\n\n\n\n<p><a href=\"https:\/\/sites.uel.br\/prograd\/wp-content\/uploads\/documentos\/editais\/2021\/faepe\/edital_faep_01_21.pdf\" target=\"_blank\" rel=\"noreferrer noopener\">Edital FAEPE\/UEL n\u00ba 01\/2021 &#8211; Torna p\u00fablico edital visando libera\u00e7\u00e3o de recursos para concess\u00e3o de bolsas a estudantes de gradua\u00e7\u00e3o da Universidade Estadual de Londrina<\/a><\/p>\n\n\n\n<p><a href=\"https:\/\/sites.uel.br\/prograd\/wp-content\/uploads\/faepe\/documentos\/portaria_1596_2021.pdf\" target=\"_blank\" rel=\"noreferrer noopener\">Portaria 1596 &#8211; Designa\u00e7\u00e3o Representante Suplente<\/a><\/p>\n\n\n\n<div style=\"height:20px\" aria-hidden=\"true\" class=\"wp-block-spacer\"><\/div>\n\n\n\n<p><strong>2019<\/strong><\/p>\n\n\n\n<p><a href=\"https:\/\/sites.uel.br\/prograd\/wp-content\/uploads\/documentos\/editais\/2019\/faepe\/edital_faep_01_19.pdf\" target=\"_blank\" rel=\"noreferrer noopener\">Edital FAEPE\/UEL n\u00ba 01\/2019 &#8211; Prorroga\u00e7\u00e3o do prazo de execu\u00e7\u00e3o e conclus\u00e3o das propostas aprovadas por meio dos Editais FAEPE 2015 PROEX 01\/2015 (item 10), FAEPE 2015 PROGRAD 02\/2015 (item 9) e FAEPE 2015 PROPPG 03\/2015 (item 8)<\/a><\/p>\n\n\n\n<div style=\"height:20px\" aria-hidden=\"true\" class=\"wp-block-spacer\"><\/div>\n\n\n\n<p><strong>2018<\/strong><\/p>\n\n\n\n<p><a href=\"https:\/\/sites.uel.br\/prograd\/wp-content\/uploads\/faepe\/documentos\/portaria_5515_2018.pdf\" target=\"_blank\" rel=\"noreferrer noopener\">Portaria 5515 &#8211; Nomea\u00e7\u00e3o Integrantes Grupo Gestor<\/a><\/p>\n\n\n\n<p><a href=\"https:\/\/sites.uel.br\/prograd\/wp-content\/uploads\/faepe\/documentos\/portaria_4883_2018.pdf\" target=\"_blank\" rel=\"noreferrer noopener\">Portaria 4883 &#8211; Nomea\u00e7\u00e3o Comit\u00ea Acad\u00eamico<\/a><\/p>\n\n\n\n<p><a href=\"https:\/\/sites.uel.br\/prograd\/wp-content\/uploads\/faepe\/documentos\/portaria_3160_2018.pdf\" target=\"_blank\" rel=\"noreferrer noopener\">Portaria 3160 &#8211; Nomea\u00e7\u00e3o Grupo Gestor<\/a><\/p>\n\n\n\n<p><a href=\"https:\/\/sites.uel.br\/prograd\/wp-content\/uploads\/faepe\/documentos\/portaria_3113_2018.pdf\" target=\"_blank\" rel=\"noreferrer noopener\">Portaria 3113 &#8211; Nomea\u00e7\u00e3o Grupo Gestor<\/a><\/p>\n\n\n\n<p><a href=\"https:\/\/sites.uel.br\/prograd\/wp-content\/uploads\/documentos\/editais\/2018\/faepe\/edital_faep_01_18.pdf\" target=\"_blank\" rel=\"noreferrer noopener\">Edital FAEPE\/UEL n\u00ba 01\/2018 &#8211; Prorroga\u00e7\u00e3o do prazo de execu\u00e7\u00e3o e conclus\u00e3o das propostas aprovadas por meio dos Editais FAEPE 2015 PROEX 01\/2015 (item 10), FAEPE 2015 PROGRAD 02\/2015 (item 9) e FAEPE 2015 PROPPG 03\/2015 (item 8)<\/a><\/p>\n\n\n\n<div style=\"height:20px\" aria-hidden=\"true\" class=\"wp-block-spacer\"><\/div>\n\n\n\n<p><strong>2015<\/strong><\/p>\n\n\n\n<p>FAEPE 2015 PROGRAD EDITAL 04 2015<br>(via PROEX)<\/p>\n\n\n\n<p>FAEPE 2015 PROGRAD EDITAL 02 2015<br>(via PROEX)<\/p>\n\n\n\n<p>Formul\u00e1rio PROGRAD &#8211; APOIO AOS COLEGIADOS &#8211; ANEXO A &#8211; Edital 02-2015<br>(via&nbsp;PROEX)<\/p>\n\n\n\n<p>Formul\u00e1rio PROGRAD &#8211; APOIO A PROGRAMAS E PROJETOS &#8211; ANEXO B &#8211; Edital 02-2015<br>(via&nbsp;PROEX)<\/p>\n\n\n\n<p><a href=\"https:\/\/sites.uel.br\/proex\/\" target=\"_blank\" rel=\"noreferrer noopener\">Demais editais e formul\u00e1rios FAEPE: dispon\u00edveis no site da Pr\u00f3-Reitoria de Extens\u00e3o &#8211; PROEX<\/a><\/p>\n\n\n\n<div style=\"height:20px\" aria-hidden=\"true\" class=\"wp-block-spacer\"><\/div>\n\n\n\n<p><strong>2004<\/strong><\/p>\n\n\n\n<p><a href=\"https:\/\/sites.uel.br\/prograd\/wp-content\/uploads\/documentos\/resolucoes\/2004\/resolucao_147_04.pdf\" target=\"_blank\" rel=\"noreferrer noopener\">Resolu\u00e7\u00e3o CEPE\/CA n\u00ba 147\/2004<\/a><br>Regulamenta o Fundo de Apoio ao Ensino, \u00e0 Pesquisa e \u00e0 Extens\u00e3o da Universidade Estadual de Londrina &#8211; FAEPE\/UEL, institu\u00eddo pela Resolu\u00e7\u00e3o CEPE e CA n\u00ba 96\/2003<\/p>\n","protected":false},"excerpt":{"rendered":"<p>Documentos 2022 Portaria 3562 &#8211; Nomea\u00e7\u00e3o Comit\u00ea Acad\u00eamico Edital 72\/2022 &#8211; Torna p\u00fablico o resultado da 2\u00aa etapa do processo de sele\u00e7\u00e3o de cadastro de reserva para orientadores de bolsas (PAB) concedidas pelo Fundo de Apoio \u00e0 Universidade Estadual de Londrina &#8211; FAEPE Edital 71\/2022 &#8211; Torna p\u00fablico o resultado da 1\u00aa etapa do processo [&hellip;]<\/p>\n","protected":false},"author":8,"featured_media":0,"parent":0,"menu_order":0,"comment_status":"closed","ping_status":"closed","template":"","meta":{"_acf_changed":false,"_themeisle_gutenberg_block_has_review":false,"footnotes":""},"class_list":["post-4517","page","type-page","status-publish","hentry"],"acf":[],"_links":{"self":[{"href":"https:\/\/sites.uel.br\/prograd\/wp-json\/wp\/v2\/pages\/4517","targetHints":{"allow":["GET"]}}],"collection":[{"href":"https:\/\/sites.uel.br\/prograd\/wp-json\/wp\/v2\/pages"}],"about":[{"href":"https:\/\/sites.uel.br\/prograd\/wp-json\/wp\/v2\/types\/page"}],"author":[{"embeddable":true,"href":"https:\/\/sites.uel.br\/prograd\/wp-json\/wp\/v2\/users\/8"}],"replies":[{"embeddable":true,"href":"https:\/\/sites.uel.br\/prograd\/wp-json\/wp\/v2\/comments?post=4517"}],"version-history":[{"count":14,"href":"https:\/\/sites.uel.br\/prograd\/wp-json\/wp\/v2\/pages\/4517\/revisions"}],"predecessor-version":[{"id":30401,"href":"https:\/\/sites.uel.br\/prograd\/wp-json\/wp\/v2\/pages\/4517\/revisions\/30401"}],"wp:attachment":[{"href":"https:\/\/sites.uel.br\/prograd\/wp-json\/wp\/v2\/media?parent=4517"}],"curies":[{"name":"wp","href":"https:\/\/api.w.org\/{rel}","templated":true}]}}