{"id":4440,"date":"2023-05-04T10:36:16","date_gmt":"2023-05-04T13:36:16","guid":{"rendered":"https:\/\/sites.uel.br\/prograd\/?page_id=4440"},"modified":"2026-04-17T15:33:18","modified_gmt":"2026-04-17T18:33:18","slug":"programa-de-educacao-tutorial-pet","status":"publish","type":"page","link":"https:\/\/sites.uel.br\/prograd\/programa-de-educacao-tutorial-pet\/","title":{"rendered":"Programa de Educa\u00e7\u00e3o Tutorial (PET)"},"content":{"rendered":"\n<hr class=\"wp-block-separator has-alpha-channel-opacity is-style-wide\"\/>\n\n\n\n<p class=\"has-text-align-center\">Atua\u00e7\u00e3o em Sa\u00fade Bucal<\/p>\n\n\n\n<p class=\"has-text-align-center\"><a href=\"https:\/\/sites.uel.br\/petbio\/\" target=\"_blank\" rel=\"noreferrer noopener\">Biologia<\/a><\/p>\n\n\n\n<p class=\"has-text-align-center\">Computa\u00e7\u00e3o &amp; Design<\/p>\n\n\n\n<p class=\"has-text-align-center\"><a href=\"https:\/\/geografiapetuel.wixsite.com\/website\" target=\"_blank\" rel=\"noreferrer noopener\">Geografia<\/a><\/p>\n\n\n\n<p class=\"has-text-align-center\"><a href=\"https:\/\/sites.uel.br\/petef\/\" target=\"_blank\" rel=\"noreferrer noopener\">Educa\u00e7\u00e3o F\u00edsica<\/a><\/p>\n\n\n\n<p class=\"has-text-align-center\"><a href=\"https:\/\/www.instagram.com\/petfisicauel\/\" target=\"_blank\" rel=\"noreferrer noopener\">F\u00edsica<\/a><\/p>\n\n\n\n<p class=\"has-text-align-center\"><a href=\"https:\/\/www.uel.br\/programas\/petmat\/\" target=\"_blank\" rel=\"noreferrer noopener\">Matem\u00e1tica<\/a><\/p>\n\n\n\n<p class=\"has-text-align-center\"><a href=\"https:\/\/www.instagram.com\/pet_quimica_uel\/\" target=\"_blank\" rel=\"noreferrer noopener\">Qu\u00edmica<\/a><\/p>\n\n\n\n<p class=\"has-text-align-center\"><a rel=\"noreferrer noopener\" href=\"http:\/\/www.uel.br\/pet\/zootecnia\/\" target=\"_blank\">Zootecnia<\/a><\/p>\n","protected":false},"excerpt":{"rendered":"<p>Atua\u00e7\u00e3o em Sa\u00fade Bucal Biologia Computa\u00e7\u00e3o &amp; Design Geografia Educa\u00e7\u00e3o F\u00edsica F\u00edsica Matem\u00e1tica Qu\u00edmica Zootecnia<\/p>\n","protected":false},"author":8,"featured_media":0,"parent":0,"menu_order":0,"comment_status":"closed","ping_status":"closed","template":"","meta":{"_acf_changed":false,"_themeisle_gutenberg_block_has_review":false,"footnotes":""},"class_list":["post-4440","page","type-page","status-publish","hentry"],"acf":[],"_links":{"self":[{"href":"https:\/\/sites.uel.br\/prograd\/wp-json\/wp\/v2\/pages\/4440","targetHints":{"allow":["GET"]}}],"collection":[{"href":"https:\/\/sites.uel.br\/prograd\/wp-json\/wp\/v2\/pages"}],"about":[{"href":"https:\/\/sites.uel.br\/prograd\/wp-json\/wp\/v2\/types\/page"}],"author":[{"embeddable":true,"href":"https:\/\/sites.uel.br\/prograd\/wp-json\/wp\/v2\/users\/8"}],"replies":[{"embeddable":true,"href":"https:\/\/sites.uel.br\/prograd\/wp-json\/wp\/v2\/comments?post=4440"}],"version-history":[{"count":13,"href":"https:\/\/sites.uel.br\/prograd\/wp-json\/wp\/v2\/pages\/4440\/revisions"}],"predecessor-version":[{"id":37232,"href":"https:\/\/sites.uel.br\/prograd\/wp-json\/wp\/v2\/pages\/4440\/revisions\/37232"}],"wp:attachment":[{"href":"https:\/\/sites.uel.br\/prograd\/wp-json\/wp\/v2\/media?parent=4440"}],"curies":[{"name":"wp","href":"https:\/\/api.w.org\/{rel}","templated":true}]}}