{"id":4434,"date":"2023-05-04T10:32:37","date_gmt":"2023-05-04T13:32:37","guid":{"rendered":"https:\/\/sites.uel.br\/prograd\/?page_id=4434"},"modified":"2024-05-17T16:39:21","modified_gmt":"2024-05-17T19:39:21","slug":"politicas-de-cotas-da-uel-candidatos-com-deficiencia","status":"publish","type":"page","link":"https:\/\/sites.uel.br\/prograd\/graduacao\/acoes-afirmativas\/politicas-de-cotas-da-uel-candidatos-com-deficiencia\/","title":{"rendered":"Pol\u00edticas de Cotas da UEL"},"content":{"rendered":"\n<hr class=\"wp-block-separator has-alpha-channel-opacity is-style-wide\"\/>\n\n\n\n<h3 class=\"wp-block-heading\">CANDIDATOS COM DEFICI\u00caNCIA<\/h3>\n\n\n\n<p><strong><a href=\"https:\/\/sites.uel.br\/prograd\/wp-content\/uploads\/documentos\/resolucoes\/2021\/resolucao_44_21.pdf\" target=\"_blank\" rel=\"noreferrer noopener\">Resolu\u00e7\u00e3o CEPE n\u00ba 44\/2021<\/a><\/strong><br>Estabelece a reserva de vagas para pessoas com defici\u00eancia nos processos seletivos para ingresso nos cursos de Gradua\u00e7\u00e3o da UEL, como cumprimento da Lei n\u00ba 20.443\/2020<\/p>\n\n\n\n<p><strong><a href=\"https:\/\/sites.uel.br\/prograd\/wp-content\/uploads\/cotas\/documentos\/portaria_1192_2022.pdf\" target=\"_blank\" rel=\"noreferrer noopener\">Portaria n\u00ba 1192 de 06\/04\/2022<\/a><\/strong><br>Nomeia a Comiss\u00e3o de Homologa\u00e7\u00e3o de vagas para candidatos com defici\u00eancia, para ingresso nos cursos de Gradua\u00e7\u00e3o da UEL<\/p>\n","protected":false},"excerpt":{"rendered":"<p>CANDIDATOS COM DEFICI\u00caNCIA Resolu\u00e7\u00e3o CEPE n\u00ba 44\/2021Estabelece a reserva de vagas para pessoas com defici\u00eancia nos processos seletivos para ingresso nos cursos de Gradua\u00e7\u00e3o da UEL, como cumprimento da Lei n\u00ba 20.443\/2020 Portaria n\u00ba 1192 de 06\/04\/2022Nomeia a Comiss\u00e3o de Homologa\u00e7\u00e3o de vagas para candidatos com defici\u00eancia, para ingresso nos cursos de Gradua\u00e7\u00e3o da UEL<\/p>\n","protected":false},"author":8,"featured_media":0,"parent":164,"menu_order":0,"comment_status":"closed","ping_status":"closed","template":"","meta":{"_acf_changed":false,"_themeisle_gutenberg_block_has_review":false,"footnotes":""},"class_list":["post-4434","page","type-page","status-publish","hentry"],"acf":[],"_links":{"self":[{"href":"https:\/\/sites.uel.br\/prograd\/wp-json\/wp\/v2\/pages\/4434","targetHints":{"allow":["GET"]}}],"collection":[{"href":"https:\/\/sites.uel.br\/prograd\/wp-json\/wp\/v2\/pages"}],"about":[{"href":"https:\/\/sites.uel.br\/prograd\/wp-json\/wp\/v2\/types\/page"}],"author":[{"embeddable":true,"href":"https:\/\/sites.uel.br\/prograd\/wp-json\/wp\/v2\/users\/8"}],"replies":[{"embeddable":true,"href":"https:\/\/sites.uel.br\/prograd\/wp-json\/wp\/v2\/comments?post=4434"}],"version-history":[{"count":7,"href":"https:\/\/sites.uel.br\/prograd\/wp-json\/wp\/v2\/pages\/4434\/revisions"}],"predecessor-version":[{"id":29936,"href":"https:\/\/sites.uel.br\/prograd\/wp-json\/wp\/v2\/pages\/4434\/revisions\/29936"}],"up":[{"embeddable":true,"href":"https:\/\/sites.uel.br\/prograd\/wp-json\/wp\/v2\/pages\/164"}],"wp:attachment":[{"href":"https:\/\/sites.uel.br\/prograd\/wp-json\/wp\/v2\/media?parent=4434"}],"curies":[{"name":"wp","href":"https:\/\/api.w.org\/{rel}","templated":true}]}}