{"id":4417,"date":"2023-05-04T09:59:52","date_gmt":"2023-05-04T12:59:52","guid":{"rendered":"https:\/\/sites.uel.br\/prograd\/?page_id=4417"},"modified":"2024-09-19T16:01:42","modified_gmt":"2024-09-19T19:01:42","slug":"diplomas","status":"publish","type":"page","link":"https:\/\/sites.uel.br\/prograd\/estudante\/diplomas\/","title":{"rendered":"Diplomas"},"content":{"rendered":"\n<hr class=\"wp-block-separator has-alpha-channel-opacity is-style-wide\"\/>\n\n\n\n<div style=\"height:20px\" aria-hidden=\"true\" class=\"wp-block-spacer\"><\/div>\n\n\n\n<h3 class=\"wp-block-heading\"><strong>2\u00aa Via do Diploma<\/strong> Digital<\/h3>\n\n\n\n<div style=\"height:20px\" aria-hidden=\"true\" class=\"wp-block-spacer\"><\/div>\n\n\n\n<p>Os procedimentos para a solicita\u00e7\u00e3o de&nbsp;<strong>2\u00aa via do Diploma<\/strong>&nbsp;ser\u00e3o:<\/p>\n\n\n\n<p>&#8211; <a href=\"https:\/\/sites.uel.br\/prograd\/wp-content\/uploads\/diplomas\/documentos\/declaracao_2_via.doc\" target=\"_blank\" rel=\"noreferrer noopener\">Declara\u00e7\u00e3o<\/a> com&nbsp;<strong>firma reconhecida<\/strong>&nbsp;de extravio do diploma, cancelando a 1\u00aa via e solicitando a 2\u00aa via;<\/p>\n\n\n\n<p>&#8211; Anexar ao processo c\u00f3pia do RG leg\u00edvel;<\/p>\n\n\n\n<p>&#8211; Em caso de altera\u00e7\u00e3o de nome, anexar ao processo, nova certid\u00e3o de nascimento ou casamento.<\/p>\n\n\n\n<p>Esses documentos dever\u00e3o ser anexados ao <a rel=\"noreferrer noopener\" href=\"http:\/\/www.eprotocolo.pr.gov.br\" target=\"_blank\">sistema Eprotocolo<\/a>.&nbsp;<\/p>\n\n\n\n<p class=\"has-text-align-center has-verde-claro-background-color has-background\"><strong><a href=\"https:\/\/sites.uel.br\/eprotocolo\/\" target=\"_blank\" rel=\"noreferrer noopener\">Como acessar o Eprotocolo<\/a><\/strong><\/p>\n\n\n\n<p>Ap\u00f3s a anexa\u00e7\u00e3o desses documentos, enviaremos pelo sistema, o boleto banc\u00e1rio para pagamento (o boleto poder\u00e1 ser de R$ 158,00 &#8211; cento e cinquenta e oito reais).<\/p>\n\n\n\n<p>A retirada do Diploma ser\u00e1 efetuada por meio do <a href=\"http:\/\/www.uel.br\/portaldoestudante\/\" target=\"_blank\" rel=\"noreferrer noopener\">Portal do Estudante de Gradua\u00e7\u00e3o<\/a>.<\/p>\n\n\n\n<div style=\"height:40px\" aria-hidden=\"true\" class=\"wp-block-spacer\"><\/div>\n\n\n\n<h3 class=\"wp-block-heading\">Apostilamento<\/h3>\n\n\n\n<p>O graduado ap\u00f3s a conclus\u00e3o de nova habilita\u00e7\u00e3o, dever\u00e1 requerer pelo <a href=\"http:\/\/www.eprotocolo.pr.gov.br\" target=\"_blank\" rel=\"noreferrer noopener\">sistema<\/a>,&nbsp;o apostilamento do diploma.<\/p>\n\n\n\n<p>Ap\u00f3s o pedido no sistema, o diploma original deve ser entregue pessoalmente na PROGRAD.<\/p>\n\n\n\n<div style=\"height:40px\" aria-hidden=\"true\" class=\"wp-block-spacer\"><\/div>\n\n\n\n<h3 class=\"wp-block-heading\">Ausentes em Cola\u00e7\u00e3o de Grau<\/h3>\n\n\n\n<p>O concluinte dever\u00e1 requerer cola\u00e7\u00e3o de grau especial ou conjunta, justificando a aus\u00eancia &#8211; taxa de R$ 133,00 (cento e trinta e tr\u00eas reais).<\/p>\n\n\n\n<div style=\"height:40px\" aria-hidden=\"true\" class=\"wp-block-spacer\"><\/div>\n\n\n\n<h3 class=\"wp-block-heading\">Cola\u00e7\u00e3o de Grau Antecipada<\/h3>\n\n\n\n<p>Para requerer Cola\u00e7\u00e3o de Grau antecipada junto \u00e0 PROGRAD, o graduando deve aguardar as notas do \u00faltimo semestre e com base na&nbsp;<a href=\"https:\/\/sites.uel.br\/prograd\/wp-content\/uploads\/documentos\/resolucoes\/2007\/resolucao_140_07.pdf\" target=\"_blank\" rel=\"noreferrer noopener\">Resolu\u00e7\u00e3o CU n\u00ba 0140\/2007<\/a>, atender o disposto no Art. 10.<\/p>\n\n\n\n<div class=\"wp-block-uel-card\">\n<p>Art.10. A antecipa\u00e7\u00e3o de solenidade de formatura poder\u00e1 ser deferida pelo Reitor, ap\u00f3s o t\u00e9rmino do per\u00edodo letivo regular, em conformidade com o Calend\u00e1rio das atividades de Ensino de gradua\u00e7\u00e3o, ouvida a Comiss\u00e3o Executiva do Colegiado de Curso se amparada em motivo justificado, quais sejam:<\/p>\n\n\n\n<p>I \u2013 aprova\u00e7\u00e3o em Concurso P\u00fablico Municipal, Estadual ou Federal, devidamente<br>comprovada por edital p\u00fablico de convoca\u00e7\u00e3o;<br>II-\u00a0 problema de sa\u00fade, devidamente comprovado por laudo m\u00e9dico;<br>III- aprova\u00e7\u00e3o em processo seletivo para cursar p\u00f3s-gradua\u00e7\u00e3o lato sensu ou stricto sensu, desde que apresentados os documentos comprobat\u00f3rios pertinentes;<br>IV-\u00a0 outros motivos desde que apresentadas as justificativas e comprova\u00e7\u00f5es necess\u00e1rias.<\/p>\n\n\n\n<p>Par\u00e1grafo \u00fanico: O estudante concluinte que participar de formatura antecipada n\u00e3o poder\u00e1 faz\u00ea-lo em nova solenidade, exceto se formalizar solicita\u00e7\u00e3o em contr\u00e1rio \u00e0 PROGRAD, com anteced\u00eancia m\u00ednima de 20 (vinte) dias.<\/p>\n<\/div>\n\n\n\n<div style=\"height:40px\" aria-hidden=\"true\" class=\"wp-block-spacer\"><\/div>\n\n\n\n<h3 class=\"wp-block-heading\">Revalida\u00e7\u00e3o de Diploma Estrangeiro<\/h3>\n\n\n\n<p><strong><a href=\"https:\/\/sites.uel.br\/prograd\/wp-content\/uploads\/documentos\/resolucoes\/2022\/resolucao_116_22.pdf\" target=\"_blank\" rel=\"noreferrer noopener\">Resolu\u00e7\u00e3o CEPE n\u00ba 116\/2022<\/a><\/strong>&nbsp;&#8211; Atualiza e disp\u00f5e sobre as normas e procedimentos gerais de tramita\u00e7\u00e3o de processos de solicita\u00e7\u00e3o de revalida\u00e7\u00e3o de diplomas de gradua\u00e7\u00e3o estrangeiros expedidos por estabelecimentos estrangeiros de ensino superior<\/p>\n\n\n\n<p><strong><a href=\"https:\/\/sites.uel.br\/prograd\/wp-content\/uploads\/documentos\/resolucoes\/2022\/resolucao_84_22.pdf\" target=\"_blank\" rel=\"noreferrer noopener\">Resolu\u00e7\u00e3o CA n\u00ba 84\/2022<\/a><\/strong>&nbsp;&#8211; Revoga a Resolu\u00e7\u00e3o CA n\u00b0 0007\/2009, e atualiza o pre\u00e7o p\u00fablico para revalida\u00e7\u00e3o de diplomas de cursos superiores estrangeiros de gradua\u00e7\u00e3o no \u00e2mbito da Universidade Estadual de Londrina<\/p>\n\n\n\n<p><a href=\"https:\/\/sites.uel.br\/prograd\/wp-content\/uploads\/diplomas\/documentos\/resolucao_cne_ces_1_25_07_2022.pdf\" target=\"_blank\" rel=\"noreferrer noopener\"><strong>Resolu\u00e7\u00e3o n\u00ba 1, de 25 de julho de 2022<\/strong><\/a>&nbsp;&#8211; Disp\u00f5e sobre normas referentes \u00e0 revalida\u00e7\u00e3o de diplomas de cursos de gradua\u00e7\u00e3o e ao reconhecimento de diplomas de p\u00f3s-gradua\u00e7\u00e3o stricto sensu (mestrado e doutorado), expedidos por estabelecimentos estrangeiros de ensino superior.<\/p>\n\n\n\n<div style=\"height:20px\" aria-hidden=\"true\" class=\"wp-block-spacer\"><\/div>\n\n\n\n<hr class=\"wp-block-separator has-text-color has-cinza-claro-color has-alpha-channel-opacity has-cinza-claro-background-color has-background is-style-wide\"\/>\n\n\n\n<p>Caso necessite de outras informa\u00e7\u00f5es, d\u00favidas ou esclarecimentos, voc\u00ea poder\u00e1 entrar em contato diretamente com a&nbsp;<strong>Divis\u00e3o Especial de Registro de Diplomas da Prograd<\/strong>:<\/p>\n\n\n\n<p><strong>Telefone<\/strong>: 3371-4383 (WhatsApp) \/ 3371-4443<\/p>\n\n\n\n<p><strong>E-mail<\/strong>:&nbsp;<a href=\"mailto:diplomas@uel.br\">diplomas@uel.br<\/a><\/p>\n","protected":false},"excerpt":{"rendered":"<p>2\u00aa Via do Diploma Digital Os procedimentos para a solicita\u00e7\u00e3o de&nbsp;2\u00aa via do Diploma&nbsp;ser\u00e3o: &#8211; Declara\u00e7\u00e3o com&nbsp;firma reconhecida&nbsp;de extravio do diploma, cancelando a 1\u00aa via e solicitando a 2\u00aa via; &#8211; Anexar ao processo c\u00f3pia do RG leg\u00edvel; &#8211; Em caso de altera\u00e7\u00e3o de nome, anexar ao processo, nova certid\u00e3o de nascimento ou casamento. Esses [&hellip;]<\/p>\n","protected":false},"author":8,"featured_media":0,"parent":15,"menu_order":0,"comment_status":"closed","ping_status":"closed","template":"","meta":{"_acf_changed":false,"_themeisle_gutenberg_block_has_review":false,"footnotes":""},"class_list":["post-4417","page","type-page","status-publish","hentry"],"acf":[],"_links":{"self":[{"href":"https:\/\/sites.uel.br\/prograd\/wp-json\/wp\/v2\/pages\/4417","targetHints":{"allow":["GET"]}}],"collection":[{"href":"https:\/\/sites.uel.br\/prograd\/wp-json\/wp\/v2\/pages"}],"about":[{"href":"https:\/\/sites.uel.br\/prograd\/wp-json\/wp\/v2\/types\/page"}],"author":[{"embeddable":true,"href":"https:\/\/sites.uel.br\/prograd\/wp-json\/wp\/v2\/users\/8"}],"replies":[{"embeddable":true,"href":"https:\/\/sites.uel.br\/prograd\/wp-json\/wp\/v2\/comments?post=4417"}],"version-history":[{"count":46,"href":"https:\/\/sites.uel.br\/prograd\/wp-json\/wp\/v2\/pages\/4417\/revisions"}],"predecessor-version":[{"id":32697,"href":"https:\/\/sites.uel.br\/prograd\/wp-json\/wp\/v2\/pages\/4417\/revisions\/32697"}],"up":[{"embeddable":true,"href":"https:\/\/sites.uel.br\/prograd\/wp-json\/wp\/v2\/pages\/15"}],"wp:attachment":[{"href":"https:\/\/sites.uel.br\/prograd\/wp-json\/wp\/v2\/media?parent=4417"}],"curies":[{"name":"wp","href":"https:\/\/api.w.org\/{rel}","templated":true}]}}