{"id":4405,"date":"2023-05-03T15:51:05","date_gmt":"2023-05-03T18:51:05","guid":{"rendered":"https:\/\/sites.uel.br\/prograd\/?page_id=4405"},"modified":"2024-05-23T15:28:43","modified_gmt":"2024-05-23T18:28:43","slug":"matriculas-trancamento-de-matricula","status":"publish","type":"page","link":"https:\/\/sites.uel.br\/prograd\/matriculas-trancamento-de-matricula\/","title":{"rendered":"Matr\u00edculas"},"content":{"rendered":"\n<hr class=\"wp-block-separator has-alpha-channel-opacity is-style-wide\"\/>\n\n\n\n<h2 class=\"wp-block-heading\">Trancamento de Matr\u00edcula<\/h2>\n\n\n\n<p>O trancamento de matr\u00edcula consiste na suspens\u00e3o, tempor\u00e1ria, requerida pelo discente, de todas as suas atividades acad\u00eamicas de gradua\u00e7\u00e3o, sem perda do v\u00ednculo com a Universidade Estadual de Londrina.<br><br>O trancamento de matr\u00edcula assegura o v\u00ednculo entre o estudante e a Universidade Estadual de Londrina, possibilitando a renova\u00e7\u00e3o de matr\u00edcula em prazo regular para o pr\u00f3ximo per\u00edodo acad\u00eamico. Ao realizar o trancamento de matr\u00edcula, o estudante n\u00e3o ser\u00e1 mais um estudante regularmente matriculado e sim um estudante com matr\u00edcula suspensa.<br><br>O aluno poder\u00e1 solicitar o trancamento de sua matr\u00edcula AT\u00c9 O LIMITE das datas previstas no Calend\u00e1rio Acad\u00eamico da Gradua\u00e7\u00e3o, conforme Sistema Acad\u00eamico do seu curso.<\/p>\n\n\n\n<p>O ato de trancamento da matr\u00edcula acarreta a elimina\u00e7\u00e3o das atividades produzidas durante aquele semestre\/ ano, conforme Sistema Acad\u00eamico do seu curso, devendo o aluno ent\u00e3o, ao regularizar sua situa\u00e7\u00e3o, reiniciar o semestre\/ ano letivo \u2013 n\u00e3o podendo realizar o aproveitamento de quaisquer atividades realizadas anteriormente ao ato de trancamento de sua matr\u00edcula.<br><br>Durante o per\u00edodo de trancamento de Matr\u00edcula o estudante N\u00c3O poder\u00e1:<br><br>&#8211; participar das atividades acad\u00eamicas vinculadas \u00e0 gradua\u00e7\u00e3o;<br><br>&#8211; usufruir de benef\u00edcios subsidiados pela UEL como moradia estudantil, subs\u00eddio do Restaurante Universit\u00e1rio, bolsas para perman\u00eancia estudantil, recebimento de bolsas de apoio financeiro em pesquisa, ensino ou extens\u00e3o ou aux\u00edlios de qualquer natureza;<br><br>&#8211; participar de processos seletivos para bolsas de ensino, pesquisa ou extens\u00e3o, nem mesmo outros programas acad\u00eamicos;<br><br>&#8211; realizar est\u00e1gios obrigat\u00f3rios e ou n\u00e3o-obrigat\u00f3rios;<br><br>&#8211; ser representante do seu curso ou centro em conselhos da UEL.<br><br>Os efeitos impeditivos do trancamento de matr\u00edcula ser\u00e3o suspensos assim que o aluno regularize sua matr\u00edcula e volte \u00e0 condi\u00e7\u00e3o de estudante regularmente matriculado.<\/p>\n\n\n\n<div style=\"height:20px\" aria-hidden=\"true\" class=\"wp-block-spacer\"><\/div>\n\n\n\n<hr class=\"wp-block-separator has-text-color has-cinza-color has-css-opacity has-cinza-background-color has-background is-style-wide\"\/>\n\n\n\n<p><strong>Aten\u00e7\u00e3o:<\/strong><\/p>\n\n\n\n<p>Verificar as datas limites de Requerimento para cada Sistema no Calend\u00e1rio das Atividades de Ensino dos Cursos de Gradua\u00e7\u00e3o, Procedimentos e Crit\u00e9rios<\/p>\n\n\n\n<p><a href=\"https:\/\/sites.uel.br\/prograd\/estudante\/calendario\/\">Clique aqui para visualizar o Calend\u00e1rio das Atividades de Ensino dos Cursos de Gradua\u00e7\u00e3o<\/a><\/p>\n","protected":false},"excerpt":{"rendered":"<p>Trancamento de Matr\u00edcula O trancamento de matr\u00edcula consiste na suspens\u00e3o, tempor\u00e1ria, requerida pelo discente, de todas as suas atividades acad\u00eamicas de gradua\u00e7\u00e3o, sem perda do v\u00ednculo com a Universidade Estadual de Londrina. O trancamento de matr\u00edcula assegura o v\u00ednculo entre o estudante e a Universidade Estadual de Londrina, possibilitando a renova\u00e7\u00e3o de matr\u00edcula em prazo [&hellip;]<\/p>\n","protected":false},"author":8,"featured_media":0,"parent":0,"menu_order":0,"comment_status":"closed","ping_status":"closed","template":"","meta":{"_acf_changed":false,"_themeisle_gutenberg_block_has_review":false,"footnotes":""},"class_list":["post-4405","page","type-page","status-publish","hentry"],"acf":[],"_links":{"self":[{"href":"https:\/\/sites.uel.br\/prograd\/wp-json\/wp\/v2\/pages\/4405","targetHints":{"allow":["GET"]}}],"collection":[{"href":"https:\/\/sites.uel.br\/prograd\/wp-json\/wp\/v2\/pages"}],"about":[{"href":"https:\/\/sites.uel.br\/prograd\/wp-json\/wp\/v2\/types\/page"}],"author":[{"embeddable":true,"href":"https:\/\/sites.uel.br\/prograd\/wp-json\/wp\/v2\/users\/8"}],"replies":[{"embeddable":true,"href":"https:\/\/sites.uel.br\/prograd\/wp-json\/wp\/v2\/comments?post=4405"}],"version-history":[{"count":9,"href":"https:\/\/sites.uel.br\/prograd\/wp-json\/wp\/v2\/pages\/4405\/revisions"}],"predecessor-version":[{"id":30256,"href":"https:\/\/sites.uel.br\/prograd\/wp-json\/wp\/v2\/pages\/4405\/revisions\/30256"}],"wp:attachment":[{"href":"https:\/\/sites.uel.br\/prograd\/wp-json\/wp\/v2\/media?parent=4405"}],"curies":[{"name":"wp","href":"https:\/\/api.w.org\/{rel}","templated":true}]}}