{"id":4394,"date":"2023-05-03T15:47:21","date_gmt":"2023-05-03T18:47:21","guid":{"rendered":"https:\/\/sites.uel.br\/prograd\/?page_id=4394"},"modified":"2024-05-23T15:28:34","modified_gmt":"2024-05-23T18:28:34","slug":"matriculas-rematricula","status":"publish","type":"page","link":"https:\/\/sites.uel.br\/prograd\/matriculas-rematricula\/","title":{"rendered":"Matr\u00edculas"},"content":{"rendered":"\n<hr class=\"wp-block-separator has-alpha-channel-opacity is-style-wide\"\/>\n\n\n\n<h2 class=\"wp-block-heading\">Rematr\u00edcula<\/h2>\n\n\n\n<p>Aten\u00e7\u00e3o: Verificar as datas limites de Requerimento para cada Sistema no Calend\u00e1rio das Atividades de Ensino dos Cursos de Gradua\u00e7\u00e3o, Procedimentos e Crit\u00e9rios<\/p>\n\n\n\n<p><a href=\"https:\/\/sites.uel.br\/prograd\/estudante\/calendario\/\">Clique aqui para visualizar o Calend\u00e1rio das Atividades de Ensino dos Cursos de Gradua\u00e7\u00e3o<\/a><\/p>\n","protected":false},"excerpt":{"rendered":"<p>Rematr\u00edcula Aten\u00e7\u00e3o: Verificar as datas limites de Requerimento para cada Sistema no Calend\u00e1rio das Atividades de Ensino dos Cursos de Gradua\u00e7\u00e3o, Procedimentos e Crit\u00e9rios Clique aqui para visualizar o Calend\u00e1rio das Atividades de Ensino dos Cursos de Gradua\u00e7\u00e3o<\/p>\n","protected":false},"author":8,"featured_media":0,"parent":0,"menu_order":0,"comment_status":"closed","ping_status":"closed","template":"","meta":{"_acf_changed":false,"_themeisle_gutenberg_block_has_review":false,"footnotes":""},"class_list":["post-4394","page","type-page","status-publish","hentry"],"acf":[],"_links":{"self":[{"href":"https:\/\/sites.uel.br\/prograd\/wp-json\/wp\/v2\/pages\/4394","targetHints":{"allow":["GET"]}}],"collection":[{"href":"https:\/\/sites.uel.br\/prograd\/wp-json\/wp\/v2\/pages"}],"about":[{"href":"https:\/\/sites.uel.br\/prograd\/wp-json\/wp\/v2\/types\/page"}],"author":[{"embeddable":true,"href":"https:\/\/sites.uel.br\/prograd\/wp-json\/wp\/v2\/users\/8"}],"replies":[{"embeddable":true,"href":"https:\/\/sites.uel.br\/prograd\/wp-json\/wp\/v2\/comments?post=4394"}],"version-history":[{"count":7,"href":"https:\/\/sites.uel.br\/prograd\/wp-json\/wp\/v2\/pages\/4394\/revisions"}],"predecessor-version":[{"id":30254,"href":"https:\/\/sites.uel.br\/prograd\/wp-json\/wp\/v2\/pages\/4394\/revisions\/30254"}],"wp:attachment":[{"href":"https:\/\/sites.uel.br\/prograd\/wp-json\/wp\/v2\/media?parent=4394"}],"curies":[{"name":"wp","href":"https:\/\/api.w.org\/{rel}","templated":true}]}}