{"id":4389,"date":"2023-05-03T15:42:24","date_gmt":"2023-05-03T18:42:24","guid":{"rendered":"https:\/\/sites.uel.br\/prograd\/?page_id=4389"},"modified":"2024-06-13T14:24:51","modified_gmt":"2024-06-13T17:24:51","slug":"aproveitamento-de-estudos","status":"publish","type":"page","link":"https:\/\/sites.uel.br\/prograd\/estudante\/aproveitamento-de-estudos\/","title":{"rendered":"Aproveitamento de Estudos"},"content":{"rendered":"\n<hr class=\"wp-block-separator has-alpha-channel-opacity is-style-wide\"\/>\n\n\n\n<div style=\"height:20px\" aria-hidden=\"true\" class=\"wp-block-spacer\"><\/div>\n\n\n\n<h3 class=\"wp-block-heading\">O<strong>utras Institui\u00e7\u00f5es de Ensino Superior<\/strong><\/h3>\n\n\n\n<p><strong>O requerimento para Aproveitamento de Estudos deve ser realizado no&nbsp;<a rel=\"noreferrer noopener\" href=\"https:\/\/sistemas.uel.br\/portaldoestudante\/index\" target=\"_blank\">Portal do Estudante de Gradua\u00e7\u00e3o<\/a>.<\/strong><\/p>\n\n\n\n<p>1) Acesse o <a rel=\"noreferrer noopener\" href=\"https:\/\/sistemas.uel.br\/portaldoestudante\/index\" target=\"_blank\">P<\/a><a rel=\"noreferrer noopener\" href=\"https:\/\/sistemas.uel.br\/portaldoestudante\/index\" target=\"_blank\">o<\/a><a rel=\"noreferrer noopener\" href=\"https:\/\/sistemas.uel.br\/portaldoestudante\/index\" target=\"_blank\">r<\/a><a rel=\"noreferrer noopener\" href=\"https:\/\/sistemas.uel.br\/portaldoestudante\/index\" target=\"_blank\">t<\/a><a rel=\"noreferrer noopener\" href=\"https:\/\/sistemas.uel.br\/portaldoestudante\/index\" target=\"_blank\">a<\/a><a rel=\"noreferrer noopener\" href=\"https:\/\/sistemas.uel.br\/portaldoestudante\/index\" target=\"_blank\">l<\/a><a rel=\"noreferrer noopener\" href=\"https:\/\/sistemas.uel.br\/portaldoestudante\/index\" target=\"_blank\"> <\/a><a rel=\"noreferrer noopener\" href=\"https:\/\/sistemas.uel.br\/portaldoestudante\/index\" target=\"_blank\">d<\/a><a rel=\"noreferrer noopener\" href=\"https:\/\/sistemas.uel.br\/portaldoestudante\/index\" target=\"_blank\">o<\/a><a rel=\"noreferrer noopener\" href=\"https:\/\/sistemas.uel.br\/portaldoestudante\/index\" target=\"_blank\"> <\/a><a rel=\"noreferrer noopener\" href=\"https:\/\/sistemas.uel.br\/portaldoestudante\/index\" target=\"_blank\">E<\/a><a rel=\"noreferrer noopener\" href=\"https:\/\/sistemas.uel.br\/portaldoestudante\/index\" target=\"_blank\">s<\/a><a rel=\"noreferrer noopener\" href=\"https:\/\/sistemas.uel.br\/portaldoestudante\/index\" target=\"_blank\">t<\/a><a rel=\"noreferrer noopener\" href=\"https:\/\/sistemas.uel.br\/portaldoestudante\/index\" target=\"_blank\">u<\/a><a rel=\"noreferrer noopener\" href=\"https:\/\/sistemas.uel.br\/portaldoestudante\/index\" target=\"_blank\">d<\/a><a rel=\"noreferrer noopener\" href=\"https:\/\/sistemas.uel.br\/portaldoestudante\/index\" target=\"_blank\">a<\/a><a rel=\"noreferrer noopener\" href=\"https:\/\/sistemas.uel.br\/portaldoestudante\/index\" target=\"_blank\">n<\/a><a rel=\"noreferrer noopener\" href=\"https:\/\/sistemas.uel.br\/portaldoestudante\/index\" target=\"_blank\">t<\/a><a rel=\"noreferrer noopener\" href=\"https:\/\/sistemas.uel.br\/portaldoestudante\/index\" target=\"_blank\">e<\/a>&nbsp;;<\/p>\n\n\n\n<p>2) Fa\u00e7a seu login;<\/p>\n\n\n\n<p>3) V\u00e1 at\u00e9 a Categoria &#8220;<strong>Servi\u00e7os<\/strong>&#8220;;<\/p>\n\n\n\n<p>4) Procure por &#8220;<strong>Requerimentos<\/strong>&#8220;;<\/p>\n\n\n\n<p>5) Em seguida &#8220;<strong>Requerimento de Aproveitamento de Estudos<\/strong>&#8221; para acessar o formul\u00e1rio eletr\u00f4nico.<\/p>\n\n\n\n<div style=\"height:40px\" aria-hidden=\"true\" class=\"wp-block-spacer\"><\/div>\n\n\n\n<h3 class=\"wp-block-heading\">L\u00edngua Estrangeira<\/h3>\n\n\n\n<p>Para obter aproveitamento de estudos, referentes \u00e0s disciplinas de l\u00edngua estrangeira cumpridas em outros sistemas de ensino, nos termos da Resolu\u00e7\u00e3o&nbsp;<a href=\"https:\/\/sites.uel.br\/prograd\/wp-content\/uploads\/documentos\/resolucoes\/2011\/resolucao_175_11.pdf\" target=\"_blank\" rel=\"noreferrer noopener\">CEPE n\u00ba 175\/2011<\/a>, o estudante de gradua\u00e7\u00e3o dever\u00e1 formalizar requerimento no per\u00edodo previsto no&nbsp;<a href=\"https:\/\/sites.uel.br\/prograd\/estudante\/calendario\/\">Calend\u00e1rio das Atividades de Ensino dos Cursos de Gradua\u00e7\u00e3o<\/a>, junto \u00e0 Pr\u00f3-Reitoria de Gradua\u00e7\u00e3o &#8211; PROGRAD, anexando c\u00f3pia do certificado respectivo, devidamente autenticado.<\/p>\n\n\n\n<div style=\"height:20px\" aria-hidden=\"true\" class=\"wp-block-spacer\"><\/div>\n\n\n\n<hr class=\"wp-block-separator has-text-color has-cinza-color has-css-opacity has-cinza-background-color has-background is-style-wide\"\/>\n\n\n\n<p><strong>Veja tamb\u00e9m:<\/strong><\/p>\n\n\n\n<p><strong>TUTORIAIS<\/strong><\/p>\n\n\n\n<p>&#8211; <a href=\"https:\/\/sites.uel.br\/prograd\/tutoriais-portal-do-estudante-de-graduacao-aproveitamento-de-estudos-disciplinas-do-mesmo-curso-cursadas-na-uel-sem-aac\/\">Aproveitamento de Estudos (disciplinas do mesmo curso, cursadas na UEL) \u2013 sem AAC<\/a><\/p>\n\n\n\n<p>&#8211; <a href=\"https:\/\/sites.uel.br\/prograd\/tutoriais-portal-do-estudante-de-graduacao-aproveitamento-de-estudos-disciplinas-do-mesmo-curso-cursadas-na-uel-com-aac\/\">Aproveitamento de Estudos (disciplinas do mesmo curso, cursadas na UEL) \u2013 com AAC<\/a><\/p>\n\n\n\n<p>&#8211; <a href=\"https:\/\/sites.uel.br\/prograd\/tutoriais-portal-do-estudante-de-graduacao-aproveitamento-de-estudos-disciplinas-de-outros-cursos-ou-cursadas-em-outras-instituicoes-sem-aac\/\">Aproveitamento de Estudos (disciplinas de outros cursos ou cursadas em outras institui\u00e7\u00f5es) \u2013 sem AAC<\/a><\/p>\n\n\n\n<p>&#8211; <a href=\"https:\/\/sites.uel.br\/prograd\/tutoriais-portal-do-estudante-de-graduacao-aproveitamento-de-estudos-disciplinas-de-outros-cursos-ou-cursadas-em-outras-instituicoes-com-aac\/\">Aproveitamento de Estudos (disciplinas de outros cursos ou cursadas em outras institui\u00e7\u00f5es) \u2013 com AAC<\/a>\u00a0<\/p>\n","protected":false},"excerpt":{"rendered":"<p>Outras Institui\u00e7\u00f5es de Ensino Superior O requerimento para Aproveitamento de Estudos deve ser realizado no&nbsp;Portal do Estudante de Gradua\u00e7\u00e3o. 1) Acesse o Portal do Estudante&nbsp;; 2) Fa\u00e7a seu login; 3) V\u00e1 at\u00e9 a Categoria &#8220;Servi\u00e7os&#8220;; 4) Procure por &#8220;Requerimentos&#8220;; 5) Em seguida &#8220;Requerimento de Aproveitamento de Estudos&#8221; para acessar o formul\u00e1rio eletr\u00f4nico. L\u00edngua Estrangeira Para [&hellip;]<\/p>\n","protected":false},"author":8,"featured_media":0,"parent":15,"menu_order":0,"comment_status":"closed","ping_status":"closed","template":"","meta":{"_acf_changed":false,"_themeisle_gutenberg_block_has_review":false,"footnotes":""},"class_list":["post-4389","page","type-page","status-publish","hentry"],"acf":[],"_links":{"self":[{"href":"https:\/\/sites.uel.br\/prograd\/wp-json\/wp\/v2\/pages\/4389","targetHints":{"allow":["GET"]}}],"collection":[{"href":"https:\/\/sites.uel.br\/prograd\/wp-json\/wp\/v2\/pages"}],"about":[{"href":"https:\/\/sites.uel.br\/prograd\/wp-json\/wp\/v2\/types\/page"}],"author":[{"embeddable":true,"href":"https:\/\/sites.uel.br\/prograd\/wp-json\/wp\/v2\/users\/8"}],"replies":[{"embeddable":true,"href":"https:\/\/sites.uel.br\/prograd\/wp-json\/wp\/v2\/comments?post=4389"}],"version-history":[{"count":22,"href":"https:\/\/sites.uel.br\/prograd\/wp-json\/wp\/v2\/pages\/4389\/revisions"}],"predecessor-version":[{"id":30569,"href":"https:\/\/sites.uel.br\/prograd\/wp-json\/wp\/v2\/pages\/4389\/revisions\/30569"}],"up":[{"embeddable":true,"href":"https:\/\/sites.uel.br\/prograd\/wp-json\/wp\/v2\/pages\/15"}],"wp:attachment":[{"href":"https:\/\/sites.uel.br\/prograd\/wp-json\/wp\/v2\/media?parent=4389"}],"curies":[{"name":"wp","href":"https:\/\/api.w.org\/{rel}","templated":true}]}}