{"id":4380,"date":"2023-05-03T15:18:19","date_gmt":"2023-05-03T18:18:19","guid":{"rendered":"https:\/\/sites.uel.br\/prograd\/?page_id=4380"},"modified":"2024-05-23T15:28:39","modified_gmt":"2024-05-23T18:28:39","slug":"matriculas-ajuste-de-matricula","status":"publish","type":"page","link":"https:\/\/sites.uel.br\/prograd\/matriculas-ajuste-de-matricula\/","title":{"rendered":"Matr\u00edculas"},"content":{"rendered":"\n<hr class=\"wp-block-separator has-alpha-channel-opacity is-style-wide\"\/>\n\n\n\n<h2 class=\"wp-block-heading\">Ajuste de Matr\u00edcula<\/h2>\n\n\n\n<p>O Ajuste de Matr\u00edcula \u00e9 o per\u00edodo dispon\u00edvel para que os estudantes &#8211; cr\u00e9dito semestral e anual &#8211; regularmente matriculados, possam solicitar ajustes ou altera\u00e7\u00f5es em sua organiza\u00e7\u00e3o curricular.<br><br>O estudante poder\u00e1 requerer ou solicitar o cancelamento de disciplinas\/turmas, al\u00e9m de requerer disciplinas especiais e optativas.<\/p>\n\n\n\n<p>Para o Sistema de Cr\u00e9dito Anual o ajuste ocorre no in\u00edcio do primeiro semestre letivo. Para o Sistema de Cr\u00e9dito Semestral ocorre no in\u00edcio de cada semestre letivo<\/p>\n\n\n\n<p>No per\u00edodo de Ajuste de Matr\u00edcula o estudante do sistema de Cr\u00e9dito pode requerer disciplinas, cancelar disciplinas\/turmas matriculadas. Para mudar uma turma matriculada dever\u00e1 requerer o cancelamento e efetivar o requerimento na turma pretendida. Os prazos s\u00e3o definidos em Calend\u00e1rio Escolar.<\/p>\n","protected":false},"excerpt":{"rendered":"<p>Ajuste de Matr\u00edcula O Ajuste de Matr\u00edcula \u00e9 o per\u00edodo dispon\u00edvel para que os estudantes &#8211; cr\u00e9dito semestral e anual &#8211; regularmente matriculados, possam solicitar ajustes ou altera\u00e7\u00f5es em sua organiza\u00e7\u00e3o curricular. O estudante poder\u00e1 requerer ou solicitar o cancelamento de disciplinas\/turmas, al\u00e9m de requerer disciplinas especiais e optativas. Para o Sistema de Cr\u00e9dito Anual [&hellip;]<\/p>\n","protected":false},"author":8,"featured_media":0,"parent":0,"menu_order":0,"comment_status":"closed","ping_status":"closed","template":"","meta":{"_acf_changed":false,"_themeisle_gutenberg_block_has_review":false,"footnotes":""},"class_list":["post-4380","page","type-page","status-publish","hentry"],"acf":[],"_links":{"self":[{"href":"https:\/\/sites.uel.br\/prograd\/wp-json\/wp\/v2\/pages\/4380","targetHints":{"allow":["GET"]}}],"collection":[{"href":"https:\/\/sites.uel.br\/prograd\/wp-json\/wp\/v2\/pages"}],"about":[{"href":"https:\/\/sites.uel.br\/prograd\/wp-json\/wp\/v2\/types\/page"}],"author":[{"embeddable":true,"href":"https:\/\/sites.uel.br\/prograd\/wp-json\/wp\/v2\/users\/8"}],"replies":[{"embeddable":true,"href":"https:\/\/sites.uel.br\/prograd\/wp-json\/wp\/v2\/comments?post=4380"}],"version-history":[{"count":6,"href":"https:\/\/sites.uel.br\/prograd\/wp-json\/wp\/v2\/pages\/4380\/revisions"}],"predecessor-version":[{"id":30255,"href":"https:\/\/sites.uel.br\/prograd\/wp-json\/wp\/v2\/pages\/4380\/revisions\/30255"}],"wp:attachment":[{"href":"https:\/\/sites.uel.br\/prograd\/wp-json\/wp\/v2\/media?parent=4380"}],"curies":[{"name":"wp","href":"https:\/\/api.w.org\/{rel}","templated":true}]}}