{"id":4376,"date":"2023-05-03T15:17:13","date_gmt":"2023-05-03T18:17:13","guid":{"rendered":"https:\/\/sites.uel.br\/prograd\/?page_id=4376"},"modified":"2024-05-23T15:29:12","modified_gmt":"2024-05-23T18:29:12","slug":"matriculas-matricula-de-aprovados-vestibular","status":"publish","type":"page","link":"https:\/\/sites.uel.br\/prograd\/matriculas-matricula-de-aprovados-vestibular\/","title":{"rendered":"Matr\u00edculas"},"content":{"rendered":"\n<hr class=\"wp-block-separator has-alpha-channel-opacity is-style-wide\"\/>\n\n\n\n<figure class=\"wp-block-table\"><table class=\"has-verde-claro-background-color has-background\"><tbody><tr><td class=\"has-text-align-center\" data-align=\"center\"><strong>ATEN\u00c7\u00c3O:<\/strong><br><br><a rel=\"noreferrer noopener\" href=\"https:\/\/www.cops.uel.br\/\" target=\"_blank\">Consultem o Manual do Candidato Vestibular para as datas e per\u00edodos, no site da Coordenadoria Processos Seletivos &#8211; COPS<\/a><\/td><\/tr><\/tbody><\/table><\/figure>\n\n\n\n<h2 class=\"wp-block-heading\"><strong><strong><strong>Matr\u00edcula de Aprovados \u2013 Vestibular<\/strong><\/strong><\/strong><\/h2>\n\n\n\n<p><strong>Pr\u00e9-Matr\u00edcula<\/strong><\/p>\n\n\n\n<p>A Pr\u00e9-Matr\u00edcula dos aprovados no Vestibular dever\u00e1 ser feita no Portal do Estudante de Gradua\u00e7\u00e3o pelo <a href=\"http:\/\/www.uel.br\/portaldoestudante\" target=\"_blank\" rel=\"noreferrer noopener\">Portal do Estudante<\/a>.<\/p>\n\n\n\n<p>Observa\u00e7\u00e3o: A n\u00e3o efetiva\u00e7\u00e3o da pr\u00e9-matr\u00edcula implicar\u00e1 a exclus\u00e3o do convocado do Processo Seletivo Vestibular.<\/p>\n\n\n\n<div style=\"height:20px\" aria-hidden=\"true\" class=\"wp-block-spacer\"><\/div>\n\n\n\n<p><strong>Confirma\u00e7\u00e3o de Matr\u00edcula<\/strong><\/p>\n\n\n\n<p>A Confirma\u00e7\u00e3o de Matr\u00edcula dos aprovados no Vestibular dever\u00e1 ser feita no Portal do Estudante de Gradua\u00e7\u00e3o pelo <a href=\"http:\/\/www.uel.br\/portaldoestudante\" target=\"_blank\" rel=\"noreferrer noopener\">Portal do Estudante<\/a>.<\/p>\n\n\n\n<p>Observa\u00e7\u00e3o: A n\u00e3o efetiva\u00e7\u00e3o da confirma\u00e7\u00e3o de matr\u00edcula implicar\u00e1 a exclus\u00e3o do convocado do Processo Seletivo Vestibular.<\/p>\n\n\n\n<div style=\"height:20px\" aria-hidden=\"true\" class=\"wp-block-spacer\"><\/div>\n\n\n\n<p><strong>Cancelamento de Matr\u00edcula<\/strong><br><br>O Cancelamento de Matr\u00edcula poder\u00e1 dever\u00e1 ser feita no Portal do Estudante de Gradua\u00e7\u00e3o pelo <a href=\"http:\/\/www.uel.br\/portaldoestudante\" target=\"_blank\" rel=\"noreferrer noopener\">Portal do Estudante<\/a>.<br><br>Ser\u00e1 cancelada a matr\u00edcula do candidato que:<\/p>\n\n\n\n<p>&#8211; n\u00e3o efetivar sua pr\u00e9-matr\u00edcula no per\u00edodo estabelecido no Calend\u00e1rio de Convoca\u00e7\u00f5es e em edital espec\u00edfico para cada convoca\u00e7\u00e3o;<\/p>\n\n\n\n<p>&#8211; n\u00e3o atender aos dispostos em resolu\u00e7\u00e3o espec\u00edfica, que estabelece as normas para o Processo Seletivo Vestibular;<\/p>\n\n\n\n<p>&#8211; n\u00e3o enviar a documenta\u00e7\u00e3o conforme calend\u00e1rio constante do Manual do Candidato;<\/p>\n\n\n\n<p>&#8211; n\u00e3o enviar documenta\u00e7\u00e3o exigida neste Manual;<\/p>\n\n\n\n<p>&#8211; n\u00e3o confirmar matr\u00edcula durante os 5 (cinco) primeiros dias corridos.<\/p>\n\n\n\n<div style=\"height:20px\" aria-hidden=\"true\" class=\"wp-block-spacer\"><\/div>\n\n\n\n<p><strong>Matr\u00edculas Simult\u00e2neas<\/strong><br><br>De acordo com o regimento geral da UEL, Art. 39, fica estabelecido o impedimento de matr\u00edculas simult\u00e2neas em 2 (dois) ou mais cursos regulares de gradua\u00e7\u00e3o na UEL, em outra Institui\u00e7\u00e3o P\u00fablica de Ensino Superior Brasileira ou ser benefici\u00e1rio do PROUNI.<br><br>O candidato classificado que j\u00e1 estiver matriculado em outro curso na UEL, ao efetivar a sua matr\u00edcula, dever\u00e1 efetuar o cancelamento de matr\u00edcula do outro curso. Caso o estudante n\u00e3o efetue o devido cancelamento, ter\u00e1 sua matr\u00edcula anterior cancelada automaticamente.<\/p>\n\n\n\n<div style=\"height:20px\" aria-hidden=\"true\" class=\"wp-block-spacer\"><\/div>\n\n\n\n<p><strong>Trancamento de Matr\u00edculas<\/strong><br><br>O trancamento de matr\u00edcula n\u00e3o poder\u00e1 ocorrer na 1\u00aa s\u00e9rie\/per\u00edodo do curso, salvo por motivo de sa\u00fade devidamente justificado e atestado por m\u00e9dico conforme&nbsp;<a rel=\"noreferrer noopener\" href=\"http:\/\/www.uel.br\/prograd\/docs_prograd\/resolucoes\/resolucao_133_06.pdf\" target=\"_blank\">Resolu\u00e7\u00e3o CEPE n\u00ba 133\/2006<\/a>.<\/p>\n\n\n\n<div style=\"height:20px\" aria-hidden=\"true\" class=\"wp-block-spacer\"><\/div>\n\n\n\n<p><strong>Contato<\/strong><br>Pr\u00f3-Reitoria de Gradua\u00e7\u00e3o<br>Divis\u00e3o de Matr\u00edcula e Documenta\u00e7\u00e3o<br><a href=\"mailto:matricula@uel.br\">matricula@uel.br<\/a><br>(43) 3371-4413<\/p>\n","protected":false},"excerpt":{"rendered":"<p>ATEN\u00c7\u00c3O: Consultem o Manual do Candidato Vestibular para as datas e per\u00edodos, no site da Coordenadoria Processos Seletivos &#8211; COPS Matr\u00edcula de Aprovados \u2013 Vestibular Pr\u00e9-Matr\u00edcula A Pr\u00e9-Matr\u00edcula dos aprovados no Vestibular dever\u00e1 ser feita no Portal do Estudante de Gradua\u00e7\u00e3o pelo Portal do Estudante. Observa\u00e7\u00e3o: A n\u00e3o efetiva\u00e7\u00e3o da pr\u00e9-matr\u00edcula implicar\u00e1 a exclus\u00e3o do [&hellip;]<\/p>\n","protected":false},"author":8,"featured_media":0,"parent":0,"menu_order":0,"comment_status":"closed","ping_status":"closed","template":"","meta":{"_acf_changed":false,"_themeisle_gutenberg_block_has_review":false,"footnotes":""},"class_list":["post-4376","page","type-page","status-publish","hentry"],"acf":[],"_links":{"self":[{"href":"https:\/\/sites.uel.br\/prograd\/wp-json\/wp\/v2\/pages\/4376","targetHints":{"allow":["GET"]}}],"collection":[{"href":"https:\/\/sites.uel.br\/prograd\/wp-json\/wp\/v2\/pages"}],"about":[{"href":"https:\/\/sites.uel.br\/prograd\/wp-json\/wp\/v2\/types\/page"}],"author":[{"embeddable":true,"href":"https:\/\/sites.uel.br\/prograd\/wp-json\/wp\/v2\/users\/8"}],"replies":[{"embeddable":true,"href":"https:\/\/sites.uel.br\/prograd\/wp-json\/wp\/v2\/comments?post=4376"}],"version-history":[{"count":24,"href":"https:\/\/sites.uel.br\/prograd\/wp-json\/wp\/v2\/pages\/4376\/revisions"}],"predecessor-version":[{"id":30257,"href":"https:\/\/sites.uel.br\/prograd\/wp-json\/wp\/v2\/pages\/4376\/revisions\/30257"}],"wp:attachment":[{"href":"https:\/\/sites.uel.br\/prograd\/wp-json\/wp\/v2\/media?parent=4376"}],"curies":[{"name":"wp","href":"https:\/\/api.w.org\/{rel}","templated":true}]}}