{"id":4361,"date":"2023-05-03T11:26:34","date_gmt":"2023-05-03T14:26:34","guid":{"rendered":"https:\/\/sites.uel.br\/prograd\/?page_id=4361"},"modified":"2023-11-22T16:42:21","modified_gmt":"2023-11-22T19:42:21","slug":"cartao-de-transporte-escolar-tcgl","status":"publish","type":"page","link":"https:\/\/sites.uel.br\/prograd\/estudante\/cartao-de-transporte-escolar-tcgl\/","title":{"rendered":"Cart\u00e3o de Transporte Escolar (TCGL)"},"content":{"rendered":"\n<hr class=\"wp-block-separator has-alpha-channel-opacity is-style-wide\"\/>\n\n\n\n<div style=\"height:20px\" aria-hidden=\"true\" class=\"wp-block-spacer\"><\/div>\n\n\n\n<p>Os alunos da rede p\u00fablica e particular de ensino poder\u00e3o realizar o agendamento, por meio da plataforma <a rel=\"noreferrer noopener\" href=\"http:\/\/estudante.tcgrandelondrina.com.br\/sicade\" target=\"_blank\">SiCadE Web<\/a>.<\/p>\n\n\n\n<p>D\u00favidas ou esclarecimentos: 0800 400 70 20.&nbsp;<\/p>\n\n\n\n<p><\/p>\n","protected":false},"excerpt":{"rendered":"<p>Os alunos da rede p\u00fablica e particular de ensino poder\u00e3o realizar o agendamento, por meio da plataforma SiCadE Web. D\u00favidas ou esclarecimentos: 0800 400 70 20.&nbsp;<\/p>\n","protected":false},"author":8,"featured_media":0,"parent":15,"menu_order":0,"comment_status":"closed","ping_status":"closed","template":"","meta":{"_acf_changed":false,"_themeisle_gutenberg_block_has_review":false,"footnotes":""},"class_list":["post-4361","page","type-page","status-publish","hentry"],"acf":[],"_links":{"self":[{"href":"https:\/\/sites.uel.br\/prograd\/wp-json\/wp\/v2\/pages\/4361","targetHints":{"allow":["GET"]}}],"collection":[{"href":"https:\/\/sites.uel.br\/prograd\/wp-json\/wp\/v2\/pages"}],"about":[{"href":"https:\/\/sites.uel.br\/prograd\/wp-json\/wp\/v2\/types\/page"}],"author":[{"embeddable":true,"href":"https:\/\/sites.uel.br\/prograd\/wp-json\/wp\/v2\/users\/8"}],"replies":[{"embeddable":true,"href":"https:\/\/sites.uel.br\/prograd\/wp-json\/wp\/v2\/comments?post=4361"}],"version-history":[{"count":5,"href":"https:\/\/sites.uel.br\/prograd\/wp-json\/wp\/v2\/pages\/4361\/revisions"}],"predecessor-version":[{"id":15473,"href":"https:\/\/sites.uel.br\/prograd\/wp-json\/wp\/v2\/pages\/4361\/revisions\/15473"}],"up":[{"embeddable":true,"href":"https:\/\/sites.uel.br\/prograd\/wp-json\/wp\/v2\/pages\/15"}],"wp:attachment":[{"href":"https:\/\/sites.uel.br\/prograd\/wp-json\/wp\/v2\/media?parent=4361"}],"curies":[{"name":"wp","href":"https:\/\/api.w.org\/{rel}","templated":true}]}}