{"id":4185,"date":"2023-04-18T15:00:57","date_gmt":"2023-04-18T18:00:57","guid":{"rendered":"https:\/\/sites.uel.br\/prograd\/?page_id=4185"},"modified":"2024-07-08T16:27:40","modified_gmt":"2024-07-08T19:27:40","slug":"tutoriais-portal-do-estudante-de-graduacao-como-registrar-um-feedback-sobre-o-portal-do-estudante-de-graduacao","status":"publish","type":"page","link":"https:\/\/sites.uel.br\/prograd\/tutoriais-portal-do-estudante-de-graduacao-como-registrar-um-feedback-sobre-o-portal-do-estudante-de-graduacao\/","title":{"rendered":"Tutoriais (Portal do Estudante de Gradua\u00e7\u00e3o)"},"content":{"rendered":"\n<hr class=\"wp-block-separator has-alpha-channel-opacity is-style-wide\"\/>\n\n\n\n<p class=\"has-text-align-center\"><strong>CONHE\u00c7A O PORTAL DO ESTUDANTE DE GRADUA\u00c7\u00c3O<\/strong><br><a rel=\"noreferrer noopener\" href=\"http:\/\/www.uel.br\/portaldoestudante\/\" target=\"_blank\">www.uel.br\/portaldoestudante<\/a><\/p>\n\n\n\n<h2 class=\"wp-block-heading\"><strong>Utilidades<\/strong><\/h2>\n\n\n\n<h2 class=\"wp-block-heading\"><strong>Como registrar um Feedback sobre o Portal do Estudante de Gradua\u00e7\u00e3o<\/strong><\/h2>\n\n\n\n<div style=\"height:30px\" aria-hidden=\"true\" class=\"wp-block-spacer\"><\/div>\n\n\n\n<div class=\"wp-block-columns is-layout-flex wp-container-core-columns-is-layout-9d6595d7 wp-block-columns-is-layout-flex\">\n<div class=\"wp-block-column is-layout-flow wp-block-column-is-layout-flow\"><div class=\"wp-block-image\">\n<figure class=\"aligncenter size-full\"><img loading=\"lazy\" decoding=\"async\" width=\"40\" height=\"40\" src=\"https:\/\/sites.uel.br\/prograd\/wp-content\/uploads\/2023\/04\/icone_pdf_site.fw_.png\" alt=\"\" class=\"wp-image-4048\"\/><\/figure>\n<\/div>\n\n\n<p class=\"has-text-align-center\"><a href=\"https:\/\/www.uel.br\/prograd\/\/tutoriais\/documentos\/conheca_portal_do_estudante\/documentos\/tutorial_documentos_comprovante_renovacao_matricula.pdf\" target=\"_blank\" rel=\"noreferrer noopener\"><\/a><a href=\"http:\/\/www.uel.br\/prograd\/tutoriais\/documentos\/conheca_portal_do_estudante\/documentos\/tutorial_documentos_disciplinas_especiais_programadas.pdf\" target=\"_blank\" rel=\"noreferrer noopener\"><\/a><a href=\"http:\/\/www.uel.br\/prograd\/tutoriais\/documentos\/conheca_portal_do_estudante\/servicos\/requerimentos\/tutorial_servicos_requerimentos_amparos_servico_militar.pdf\" target=\"_blank\" rel=\"noreferrer noopener\"><\/a><a href=\"https:\/\/sites.uel.br\/prograd\/wp-content\/uploads\/tutoriais\/portal_estudante\/utilidades\/tutorial_utilidades_feedback.pdf\" target=\"_blank\" rel=\"noreferrer noopener\">Acesse o tutorial no formato PDF<\/a><\/p>\n<\/div>\n\n\n\n<div class=\"wp-block-column is-layout-flow wp-block-column-is-layout-flow\"><div class=\"wp-block-image\">\n<figure class=\"aligncenter size-full\"><img loading=\"lazy\" decoding=\"async\" width=\"40\" height=\"23\" src=\"https:\/\/sites.uel.br\/prograd\/wp-content\/uploads\/2023\/04\/icone_youtube_site.fw_.png\" alt=\"\" class=\"wp-image-4049\"\/><\/figure>\n<\/div>\n\n\n<p class=\"has-text-align-center\"><a rel=\"noreferrer noopener\" href=\"https:\/\/youtu.be\/1Uz-4UGWqQE\" target=\"_blank\"><\/a><a rel=\"noreferrer noopener\" href=\"https:\/\/youtu.be\/GT9IrRzzeck\" target=\"_blank\">Acesse o tutorial em v\u00eddeo<\/a><\/p>\n<\/div>\n<\/div>\n\n\n\n<hr class=\"wp-block-separator has-text-color has-cinza-claro-color has-alpha-channel-opacity has-cinza-claro-background-color has-background is-style-wide\"\/>\n\n\n\n<p><strong>Veja mais:<\/strong><\/p>\n\n\n\n<p><a href=\"https:\/\/sites.uel.br\/prograd\/tutoriais-portal-do-estudante-de-graduacao\/\">Tutoriais (Portal do Estudante de Gradua\u00e7\u00e3o)<\/a><\/p>\n","protected":false},"excerpt":{"rendered":"<p>CONHE\u00c7A O PORTAL DO ESTUDANTE DE GRADUA\u00c7\u00c3Owww.uel.br\/portaldoestudante Utilidades Como registrar um Feedback sobre o Portal do Estudante de Gradua\u00e7\u00e3o Acesse o tutorial no formato PDF Acesse o tutorial em v\u00eddeo Veja mais: Tutoriais (Portal do Estudante de Gradua\u00e7\u00e3o)<\/p>\n","protected":false},"author":8,"featured_media":0,"parent":0,"menu_order":0,"comment_status":"closed","ping_status":"closed","template":"","meta":{"_acf_changed":false,"_themeisle_gutenberg_block_has_review":false,"footnotes":""},"class_list":["post-4185","page","type-page","status-publish","hentry"],"acf":[],"_links":{"self":[{"href":"https:\/\/sites.uel.br\/prograd\/wp-json\/wp\/v2\/pages\/4185","targetHints":{"allow":["GET"]}}],"collection":[{"href":"https:\/\/sites.uel.br\/prograd\/wp-json\/wp\/v2\/pages"}],"about":[{"href":"https:\/\/sites.uel.br\/prograd\/wp-json\/wp\/v2\/types\/page"}],"author":[{"embeddable":true,"href":"https:\/\/sites.uel.br\/prograd\/wp-json\/wp\/v2\/users\/8"}],"replies":[{"embeddable":true,"href":"https:\/\/sites.uel.br\/prograd\/wp-json\/wp\/v2\/comments?post=4185"}],"version-history":[{"count":6,"href":"https:\/\/sites.uel.br\/prograd\/wp-json\/wp\/v2\/pages\/4185\/revisions"}],"predecessor-version":[{"id":31359,"href":"https:\/\/sites.uel.br\/prograd\/wp-json\/wp\/v2\/pages\/4185\/revisions\/31359"}],"wp:attachment":[{"href":"https:\/\/sites.uel.br\/prograd\/wp-json\/wp\/v2\/media?parent=4185"}],"curies":[{"name":"wp","href":"https:\/\/api.w.org\/{rel}","templated":true}]}}