{"id":4169,"date":"2023-04-18T14:50:05","date_gmt":"2023-04-18T17:50:05","guid":{"rendered":"https:\/\/sites.uel.br\/prograd\/?page_id=4169"},"modified":"2024-07-08T16:26:31","modified_gmt":"2024-07-08T19:26:31","slug":"tutoriais-portal-do-estudante-de-graduacao-como-solicitar-outros-atestados","status":"publish","type":"page","link":"https:\/\/sites.uel.br\/prograd\/tutoriais-portal-do-estudante-de-graduacao-como-solicitar-outros-atestados\/","title":{"rendered":"Tutoriais (Portal do Estudante de Gradua\u00e7\u00e3o)"},"content":{"rendered":"\n<hr class=\"wp-block-separator has-alpha-channel-opacity is-style-wide\"\/>\n\n\n\n<p class=\"has-text-align-center\"><strong>CONHE\u00c7A O PORTAL DO ESTUDANTE DE GRADUA\u00c7\u00c3O<\/strong><br><a rel=\"noreferrer noopener\" href=\"http:\/\/www.uel.br\/portaldoestudante\/\" target=\"_blank\">www.uel.br\/portaldoestudante<\/a><\/p>\n\n\n\n<h2 class=\"wp-block-heading\"><strong><strong><strong>Servi\u00e7os Sem Autentica\u00e7\u00e3o&nbsp;\u2013 Solicita\u00e7\u00e3o de Documentos<\/strong><\/strong><\/strong><\/h2>\n\n\n\n<h2 class=\"wp-block-heading\"><strong><strong><strong><strong><strong>Como solicitar Outros Atestados<\/strong><\/strong><\/strong><\/strong><\/strong><\/h2>\n\n\n\n<div style=\"height:30px\" aria-hidden=\"true\" class=\"wp-block-spacer\"><\/div>\n\n\n\n<div class=\"wp-block-columns is-layout-flex wp-container-core-columns-is-layout-9d6595d7 wp-block-columns-is-layout-flex\">\n<div class=\"wp-block-column is-layout-flow wp-block-column-is-layout-flow\"><div class=\"wp-block-image\">\n<figure class=\"aligncenter size-full\"><img loading=\"lazy\" decoding=\"async\" width=\"40\" height=\"40\" src=\"https:\/\/sites.uel.br\/prograd\/wp-content\/uploads\/2023\/04\/icone_pdf_site.fw_.png\" alt=\"\" class=\"wp-image-4048\"\/><\/figure>\n<\/div>\n\n\n<p class=\"has-text-align-center\"><a href=\"https:\/\/www.uel.br\/prograd\/\/tutoriais\/documentos\/conheca_portal_do_estudante\/documentos\/tutorial_documentos_comprovante_renovacao_matricula.pdf\" target=\"_blank\" rel=\"noreferrer noopener\"><\/a><a href=\"http:\/\/www.uel.br\/prograd\/tutoriais\/documentos\/conheca_portal_do_estudante\/documentos\/tutorial_documentos_disciplinas_especiais_programadas.pdf\" target=\"_blank\" rel=\"noreferrer noopener\"><\/a><a href=\"http:\/\/www.uel.br\/prograd\/tutoriais\/documentos\/conheca_portal_do_estudante\/servicos\/requerimentos\/tutorial_servicos_requerimentos_amparos_servico_militar.pdf\" target=\"_blank\" rel=\"noreferrer noopener\"><\/a><a href=\"http:\/\/www.uel.br\/prograd\/tutoriais\/documentos\/conheca_portal_do_estudante\/servicos_sem_autenticacao\/numero_matricula\/tutorial_servicos_sem_autenticacao_numero_matricula.pdf\" target=\"_blank\" rel=\"noreferrer noopener\"><\/a><a href=\"https:\/\/sites.uel.br\/prograd\/wp-content\/uploads\/tutoriais\/portal_estudante\/servicos_sem_autenticacao\/solicitacao_documentos\/tutorial_servicos_sem_autenticacao_outros_atestados.pdf\" target=\"_blank\" rel=\"noreferrer noopener\">Acesse o tutorial no formato PDF<\/a><\/p>\n<\/div>\n\n\n\n<div class=\"wp-block-column is-layout-flow wp-block-column-is-layout-flow\"><div class=\"wp-block-image\">\n<figure class=\"aligncenter size-full\"><img loading=\"lazy\" decoding=\"async\" width=\"40\" height=\"23\" src=\"https:\/\/sites.uel.br\/prograd\/wp-content\/uploads\/2023\/04\/icone_youtube_site.fw_.png\" alt=\"\" class=\"wp-image-4049\"\/><\/figure>\n<\/div>\n\n\n<p class=\"has-text-align-center\"><a rel=\"noreferrer noopener\" href=\"https:\/\/youtu.be\/1Uz-4UGWqQE\" target=\"_blank\"><\/a><a rel=\"noreferrer noopener\" href=\"https:\/\/youtu.be\/w7lxVl5bQAs\" target=\"_blank\"><\/a><a rel=\"noreferrer noopener\" href=\"https:\/\/youtu.be\/9edzZ2jpqlM\" target=\"_blank\">Acesse o tutorial em v\u00eddeo<\/a><\/p>\n<\/div>\n<\/div>\n\n\n\n<hr class=\"wp-block-separator has-text-color has-cinza-claro-color has-alpha-channel-opacity has-cinza-claro-background-color has-background is-style-wide\"\/>\n\n\n\n<p><strong>Veja mais:<\/strong><\/p>\n\n\n\n<p><a href=\"https:\/\/sites.uel.br\/prograd\/tutoriais-portal-do-estudante-de-graduacao\/\">Tutoriais (Portal do Estudante de Gradua\u00e7\u00e3o)<\/a><\/p>\n","protected":false},"excerpt":{"rendered":"<p>CONHE\u00c7A O PORTAL DO ESTUDANTE DE GRADUA\u00c7\u00c3Owww.uel.br\/portaldoestudante Servi\u00e7os Sem Autentica\u00e7\u00e3o&nbsp;\u2013 Solicita\u00e7\u00e3o de Documentos Como solicitar Outros Atestados Acesse o tutorial no formato PDF Acesse o tutorial em v\u00eddeo Veja mais: Tutoriais (Portal do Estudante de Gradua\u00e7\u00e3o)<\/p>\n","protected":false},"author":8,"featured_media":0,"parent":0,"menu_order":0,"comment_status":"closed","ping_status":"closed","template":"","meta":{"_acf_changed":false,"_themeisle_gutenberg_block_has_review":false,"footnotes":""},"class_list":["post-4169","page","type-page","status-publish","hentry"],"acf":[],"_links":{"self":[{"href":"https:\/\/sites.uel.br\/prograd\/wp-json\/wp\/v2\/pages\/4169","targetHints":{"allow":["GET"]}}],"collection":[{"href":"https:\/\/sites.uel.br\/prograd\/wp-json\/wp\/v2\/pages"}],"about":[{"href":"https:\/\/sites.uel.br\/prograd\/wp-json\/wp\/v2\/types\/page"}],"author":[{"embeddable":true,"href":"https:\/\/sites.uel.br\/prograd\/wp-json\/wp\/v2\/users\/8"}],"replies":[{"embeddable":true,"href":"https:\/\/sites.uel.br\/prograd\/wp-json\/wp\/v2\/comments?post=4169"}],"version-history":[{"count":6,"href":"https:\/\/sites.uel.br\/prograd\/wp-json\/wp\/v2\/pages\/4169\/revisions"}],"predecessor-version":[{"id":31350,"href":"https:\/\/sites.uel.br\/prograd\/wp-json\/wp\/v2\/pages\/4169\/revisions\/31350"}],"wp:attachment":[{"href":"https:\/\/sites.uel.br\/prograd\/wp-json\/wp\/v2\/media?parent=4169"}],"curies":[{"name":"wp","href":"https:\/\/api.w.org\/{rel}","templated":true}]}}