{"id":409,"date":"2023-01-26T15:08:14","date_gmt":"2023-01-26T18:08:14","guid":{"rendered":"https:\/\/sites.uel.br\/prograd\/?page_id=409"},"modified":"2024-05-22T16:49:48","modified_gmt":"2024-05-22T19:49:48","slug":"canais-de-atendimento-colegiados","status":"publish","type":"page","link":"https:\/\/sites.uel.br\/prograd\/canais-de-atendimento-colegiados\/","title":{"rendered":"Colegiados"},"content":{"rendered":"\n<hr class=\"wp-block-separator has-alpha-channel-opacity is-style-wide\"\/>\n\n\n\n<figure class=\"wp-block-table is-style-stripes\"><table class=\"has-cinza-claro-background-color has-background\"><tbody><tr><td class=\"has-text-align-center\" data-align=\"center\"><a href=\"https:\/\/sites.uel.br\/prograd\/canais-de-atendimento-colegiados-coordenadores-e-vices\/\"><strong>Coordena\u00e7\u00e3o dos Cursos de Gradua\u00e7\u00e3o<\/strong><\/a><\/td><\/tr><\/tbody><\/table><\/figure>\n\n\n\n<figure class=\"wp-block-table is-style-stripes\"><table class=\"has-cinza-claro-background-color has-background\"><tbody><tr><td class=\"has-text-align-center\" data-align=\"center\"><a href=\"https:\/\/sites.uel.br\/prograd\/wp-content\/uploads\/colegiados\/coordenadores_vices_tcc.pdf\" target=\"_blank\" rel=\"noreferrer noopener\"><strong>Coordena\u00e7\u00e3o de TCC<\/strong><\/a><\/td><\/tr><\/tbody><\/table><\/figure>\n\n\n\n<figure class=\"wp-block-table is-style-stripes\"><table class=\"has-cinza-claro-background-color has-background\"><tbody><tr><td class=\"has-text-align-center\" data-align=\"center\"><a href=\"https:\/\/sites.uel.br\/prograd\/wp-content\/uploads\/colegiados\/coordenadores_estagios.pdf\" target=\"_blank\" rel=\"noreferrer noopener\"><strong>Coordena\u00e7\u00e3o de Est\u00e1gios<\/strong><\/a><\/td><\/tr><\/tbody><\/table><\/figure>\n\n\n\n<p class=\"has-text-align-center\"><\/p>\n","protected":false},"excerpt":{"rendered":"<p>Coordena\u00e7\u00e3o dos Cursos de Gradua\u00e7\u00e3o Coordena\u00e7\u00e3o de TCC Coordena\u00e7\u00e3o de Est\u00e1gios<\/p>\n","protected":false},"author":8,"featured_media":0,"parent":0,"menu_order":0,"comment_status":"closed","ping_status":"closed","template":"","meta":{"_acf_changed":false,"_themeisle_gutenberg_block_has_review":false,"footnotes":""},"class_list":["post-409","page","type-page","status-publish","hentry"],"acf":[],"_links":{"self":[{"href":"https:\/\/sites.uel.br\/prograd\/wp-json\/wp\/v2\/pages\/409","targetHints":{"allow":["GET"]}}],"collection":[{"href":"https:\/\/sites.uel.br\/prograd\/wp-json\/wp\/v2\/pages"}],"about":[{"href":"https:\/\/sites.uel.br\/prograd\/wp-json\/wp\/v2\/types\/page"}],"author":[{"embeddable":true,"href":"https:\/\/sites.uel.br\/prograd\/wp-json\/wp\/v2\/users\/8"}],"replies":[{"embeddable":true,"href":"https:\/\/sites.uel.br\/prograd\/wp-json\/wp\/v2\/comments?post=409"}],"version-history":[{"count":20,"href":"https:\/\/sites.uel.br\/prograd\/wp-json\/wp\/v2\/pages\/409\/revisions"}],"predecessor-version":[{"id":30161,"href":"https:\/\/sites.uel.br\/prograd\/wp-json\/wp\/v2\/pages\/409\/revisions\/30161"}],"wp:attachment":[{"href":"https:\/\/sites.uel.br\/prograd\/wp-json\/wp\/v2\/media?parent=409"}],"curies":[{"name":"wp","href":"https:\/\/api.w.org\/{rel}","templated":true}]}}