{"id":3969,"date":"2023-04-17T10:10:39","date_gmt":"2023-04-17T13:10:39","guid":{"rendered":"https:\/\/sites.uel.br\/prograd\/?page_id=3969"},"modified":"2023-10-25T11:40:38","modified_gmt":"2023-10-25T14:40:38","slug":"politicas-de-cotas-da-uel-eventos","status":"publish","type":"page","link":"https:\/\/sites.uel.br\/prograd\/graduacao\/acoes-afirmativas\/politicas-de-cotas-da-uel-eventos\/","title":{"rendered":"Pol\u00edticas de Cotas da UEL"},"content":{"rendered":"\n<hr class=\"wp-block-separator has-alpha-channel-opacity is-style-wide\" \/>\n\n\n\n<h3 class=\"wp-block-heading\">EVENTOS<\/h3>\n\n\n\n<p><strong>REALIZADOS<\/strong><\/p>\n\n\n\n<p>As A\u00e7\u00f5es Afirmativas e as Cotas na UEL: Avalia\u00e7\u00e3o e Perspectivas<\/p>\n\n\n\n<p>F\u00f3rum Sobre Pol\u00edtica de Cotas na UEL<\/p>\n\n\n\n<p>Lan\u00e7amento do Livro \u201cRela\u00e7\u00f5es Etnicorraciais: Saberes e Experi\u00eancias no Cotidiano Escolar\u201d<\/p>\n","protected":false},"excerpt":{"rendered":"<p>EVENTOS REALIZADOS As A\u00e7\u00f5es Afirmativas e as Cotas na UEL: Avalia\u00e7\u00e3o e Perspectivas F\u00f3rum Sobre Pol\u00edtica de Cotas na UEL Lan\u00e7amento do Livro \u201cRela\u00e7\u00f5es Etnicorraciais: Saberes e Experi\u00eancias no Cotidiano Escolar\u201d<\/p>\n","protected":false},"author":8,"featured_media":0,"parent":164,"menu_order":0,"comment_status":"closed","ping_status":"closed","template":"","meta":{"_acf_changed":false,"_themeisle_gutenberg_block_has_review":false,"footnotes":""},"class_list":["post-3969","page","type-page","status-publish","hentry"],"acf":[],"_links":{"self":[{"href":"https:\/\/sites.uel.br\/prograd\/wp-json\/wp\/v2\/pages\/3969","targetHints":{"allow":["GET"]}}],"collection":[{"href":"https:\/\/sites.uel.br\/prograd\/wp-json\/wp\/v2\/pages"}],"about":[{"href":"https:\/\/sites.uel.br\/prograd\/wp-json\/wp\/v2\/types\/page"}],"author":[{"embeddable":true,"href":"https:\/\/sites.uel.br\/prograd\/wp-json\/wp\/v2\/users\/8"}],"replies":[{"embeddable":true,"href":"https:\/\/sites.uel.br\/prograd\/wp-json\/wp\/v2\/comments?post=3969"}],"version-history":[{"count":8,"href":"https:\/\/sites.uel.br\/prograd\/wp-json\/wp\/v2\/pages\/3969\/revisions"}],"predecessor-version":[{"id":13869,"href":"https:\/\/sites.uel.br\/prograd\/wp-json\/wp\/v2\/pages\/3969\/revisions\/13869"}],"up":[{"embeddable":true,"href":"https:\/\/sites.uel.br\/prograd\/wp-json\/wp\/v2\/pages\/164"}],"wp:attachment":[{"href":"https:\/\/sites.uel.br\/prograd\/wp-json\/wp\/v2\/media?parent=3969"}],"curies":[{"name":"wp","href":"https:\/\/api.w.org\/{rel}","templated":true}]}}