{"id":3968,"date":"2023-04-17T10:10:31","date_gmt":"2023-04-17T13:10:31","guid":{"rendered":"https:\/\/sites.uel.br\/prograd\/?page_id=3968"},"modified":"2025-05-28T10:21:50","modified_gmt":"2025-05-28T13:21:50","slug":"politicas-de-cotas-da-uel-documentos","status":"publish","type":"page","link":"https:\/\/sites.uel.br\/prograd\/graduacao\/acoes-afirmativas\/politicas-de-cotas-da-uel-documentos\/","title":{"rendered":"Pol\u00edticas de Cotas da UEL"},"content":{"rendered":"\n<hr class=\"wp-block-separator has-alpha-channel-opacity is-style-wide\"\/>\n\n\n\n<h3 class=\"wp-block-heading\">DOCUMENTOS<\/h3>\n\n\n\n<div style=\"height:20px\" aria-hidden=\"true\" class=\"wp-block-spacer\"><\/div>\n\n\n\n<p><a href=\"https:\/\/sites.uel.br\/prograd\/wp-content\/uploads\/cotas\/documentos\/relatorio_bienal_2019_2020.pdf\" target=\"_blank\" rel=\"noreferrer noopener\">Relat\u00f3rio Bienal 2019-2020<\/a><br>Comiss\u00e3o de Acompanhamento e Avalia\u00e7\u00e3o da Pol\u00edtica de Cotas da Universidade Estadual de Londrina<\/p>\n\n\n\n<p><a href=\"https:\/\/sites.uel.br\/prograd\/wp-content\/uploads\/documentos\/resolucoes\/2024\/resolucao_31_24.pdf\" target=\"_blank\" rel=\"noreferrer noopener\">Resolu\u00e7\u00e3o CU n\u00ba 31\/2024<\/a><br>Revoga a Resolu\u00e7\u00e3o CU n\u00ba 008\/2017 e 042\/2017, institui a Prova Paran\u00e1 Mais como uma das formas de ingresso nos cursos de gradua\u00e7\u00e3o da UEL e estabelece a reserva de vagas no Processo Seletivo Vestibular e no Sistema de Sele\u00e7\u00e3o Unificada do Minist\u00e9rio da Educa\u00e7\u00e3o para candidatos oriundos de institui\u00e7\u00f5es p\u00fablicas brasileiras de ensino e para aqueles que se autodeclararem negros<\/p>\n\n\n\n<p><a href=\"https:\/\/sites.uel.br\/prograd\/wp-content\/uploads\/cotas\/documentos\/portaria_1712_2022.pdf\" target=\"_blank\" rel=\"noreferrer noopener\">Portaria n\u00ba 1712\/2022<\/a><br>Designa representante na C\u00e2mara de Gradua\u00e7\u00e3o e Comiss\u00e3o Pr\u00f3pria de Avalia\u00e7\u00e3o &#8211; CPA, na Comiss\u00e3o Permanente de Acompanhamento e Avalia\u00e7\u00e3o da Pol\u00edtica de Cotas na UEL<\/p>\n\n\n\n<p><a href=\"https:\/\/sites.uel.br\/prograd\/wp-content\/uploads\/cotas\/documentos\/portaria_676_2021.pdf\" target=\"_blank\" rel=\"noreferrer noopener\">Portaria n\u00ba 676\/2021<\/a><br>Nomeaia a Comiss\u00e3o de Homologa\u00e7\u00e3o de Matr\u00edcula dos Candidatos que optarem pela reserva de vagas para negros, por meio do Sistema de Sele\u00e7\u00e3o Unificada &#8211; SISU e Processo Seletivo Vestibular 2022<\/p>\n\n\n\n<p><a href=\"https:\/\/sites.uel.br\/prograd\/wp-content\/uploads\/cotas\/documentos\/relatorio_bienal_2016_2018.pdf\" target=\"_blank\" rel=\"noreferrer noopener\">Relat\u00f3rio Bienal 2016-2018<\/a><br>Comiss\u00e3o de Acompanhamento e Avalia\u00e7\u00e3o da Pol\u00edtica de Cotas da Universidade Estadual de Londrina<\/p>\n\n\n\n<p><a href=\"https:\/\/sites.uel.br\/prograd\/wp-content\/uploads\/cotas\/documentos\/portaria_1895_2021.pdf\" target=\"_blank\" rel=\"noreferrer noopener\">Portaria n\u00ba 1895\/2021<\/a><br>Designa representante do Conselho Universit\u00e1rio para integrar Comiss\u00e3o constitu\u00edda por meio da Portaria n\u00ba 4943\/2018<\/p>\n\n\n\n<p><a href=\"https:\/\/sites.uel.br\/prograd\/wp-content\/uploads\/cotas\/documentos\/portaria_1379_2021.pdf\" target=\"_blank\" rel=\"noreferrer noopener\">Portaria n\u00ba 1379\/2021<\/a><br>Designa representante discente, indicado pelo Diret\u00f3rio Central dos Estudantes, para composi\u00e7\u00e3o da Comiss\u00e3o de Acompanhamento e Avalia\u00e7\u00e3o da Pol\u00edtica de Cotas na UEL<\/p>\n\n\n\n<p><a href=\"https:\/\/sites.uel.br\/prograd\/wp-content\/uploads\/cotas\/documentos\/portaria_1355_2021.pdf\" target=\"_blank\" rel=\"noreferrer noopener\">Portaria n\u00ba 1355\/2021<\/a><br>Nomeia a Comiss\u00e3o de Homologa\u00e7\u00e3o de Matr\u00edcula dos Candidatos que optarem pela reserva de vagas para negros, por meio do Sistema de Sele\u00e7\u00e3o Unificada &#8211; SISU e Processo Seletivo Vestibular 2021<\/p>\n\n\n\n<p><a href=\"https:\/\/sites.uel.br\/prograd\/wp-content\/uploads\/cotas\/documentos\/portaria_5695_2019.pdf\" target=\"_blank\" rel=\"noreferrer noopener\">Portaria n\u00ba 5695\/2019<\/a><br>Nomeia a Comiss\u00e3o de Homologa\u00e7\u00e3o de Matr\u00edcula dos Candidatos que optarem pela reserva de vagas para negros, por meio do Sistema de Sele\u00e7\u00e3o Unificada &#8211; SISU e Processo Vestibular 2020<\/p>\n\n\n\n<p><a href=\"https:\/\/sites.uel.br\/prograd\/wp-content\/uploads\/cotas\/documentos\/portaria_5294_2018.pdf\" target=\"_blank\" rel=\"noreferrer noopener\">Portaria n\u00ba 5294\/2018<\/a><br>Nomeia a Comiss\u00e3o de Homologa\u00e7\u00e3o de Matr\u00edcula dos Candidatos que optarem pela reserva de vagas para negros, por meio do Sistema de Sele\u00e7\u00e3o Unificada &#8211; SISU e Processo Vestibular 2019<\/p>\n\n\n\n<p><a href=\"https:\/\/sites.uel.br\/prograd\/wp-content\/uploads\/cotas\/documentos\/portaria_4943_2018.pdf\" target=\"_blank\" rel=\"noreferrer noopener\">Portaria n\u00ba 4943\/2018<\/a><br>Constitui a Comiss\u00e3o Permanente de Acompanhamento e Avalia\u00e7\u00e3o da Pol\u00edtica de Cotas na UEL<\/p>\n\n\n\n<p><a href=\"https:\/\/sites.uel.br\/prograd\/wp-content\/uploads\/cotas\/documentos\/portaria_714_2018.pdf\" target=\"_blank\" rel=\"noreferrer noopener\">Portaria n\u00ba 714\/2018<\/a><br>Indica\u00e7\u00e3o para representante da COPS na Comiss\u00e3o de Homologa\u00e7\u00e3o de Matr\u00edcula dos Candidatos que optarem pela reserva de vagas para negros, por meio do Sistema de Sele\u00e7\u00e3o Unificada &#8211; SISU e Processo Vestibular 2018&nbsp;e retifica\u00e7\u00e3o de nome para representante do Conselho Municipal de Promo\u00e7\u00e3o de Igualdade Racial &#8211; CMPIR<\/p>\n\n\n\n<p><a href=\"https:\/\/sites.uel.br\/prograd\/wp-content\/uploads\/documentos\/instrucoes_servico\/2018\/instrucao_servico_03_18.pdf\" target=\"_blank\" rel=\"noreferrer noopener\">Instru\u00e7\u00e3o de Servi\u00e7o Prograd n\u00ba 03\/2018<\/a><br>Estabelece procedimentos para a Comiss\u00e3o de Homologa\u00e7\u00e3o de Matr\u00edculas de candidatos autodeclarados negros nos termos da Resolu\u00e7\u00e3o CU n\u00ba 008\/2017<\/p>\n\n\n\n<p><a href=\"https:\/\/sites.uel.br\/prograd\/wp-content\/uploads\/cotas\/documentos\/portaria_311_2018.pdf\" target=\"_blank\" rel=\"noreferrer noopener\">Portaria n\u00ba 311\/2018<\/a><br>Retifica o nome de representante discente indicada pelo DCE para compor a Comiss\u00e3o de Homologa\u00e7\u00e3o de Matr\u00edcula dos Candidatos que optarem pela reserva de vagas para negros, por meio do Sistema de Sele\u00e7\u00e3o Unificada &#8211; SISU e Processo Vestibular 2018<\/p>\n\n\n\n<p><a href=\"https:\/\/sites.uel.br\/prograd\/wp-content\/uploads\/cotas\/documentos\/portaria_10_2018.pdf\" target=\"_blank\" rel=\"noreferrer noopener\">Portaria n\u00ba 10\/2018<\/a><br>Comiss\u00e3o de Homologa\u00e7\u00e3o de Matr\u00edcula dos Candidatos que optarem pela reserva de vagas para negros, por meio do Sistema de Sele\u00e7\u00e3o Unificada &#8211; SISU e Processo Vestibular 2018<\/p>\n\n\n\n<p>Resolu\u00e7\u00e3o CU n\u00ba 008\/2017 (revogada pela <a href=\"https:\/\/sites.uel.br\/prograd\/wp-content\/uploads\/documentos\/resolucoes\/2024\/resolucao_31_24.pdf\" target=\"_blank\" rel=\"noreferrer noopener\">Resolu\u00e7\u00e3o CU 031\/2024<\/a>)<br>Estabelece a reserva de vagas no Processo Seletivo Vestibular e no Sistema de Sele\u00e7\u00e3o Unificada do Minist\u00e9rio da Educa\u00e7\u00e3o para candidatos oriundos de institui\u00e7\u00f5es p\u00fablicas brasileiras de ensino e para aqueles que se autodeclararem negros<\/p>\n\n\n\n<p><a href=\"https:\/\/sites.uel.br\/prograd\/wp-content\/uploads\/cotas\/documentos\/portaria_166_2017.pdf\" target=\"_blank\" rel=\"noreferrer noopener\">Portaria n\u00ba 166\/2017<\/a><br>Comiss\u00e3o para Homologa\u00e7\u00e3o de Matr\u00edcula dos Candidatos que se Autodeclararem Negros no Processo Seletivo Vestibular para ingresso no ano de 2017 e para o Sistema de Sele\u00e7\u00e3o Unificada &#8211; SISU &#8211; 2017<\/p>\n\n\n\n<p><a href=\"https:\/\/sites.uel.br\/prograd\/wp-content\/uploads\/cotas\/documentos\/portaria_7084_2016.pdf\" target=\"_blank\" rel=\"noreferrer noopener\">Portaria n\u00ba 7084\/2016<\/a><br>Designa\u00e7\u00e3o para integrar a Comiss\u00e3o Permanente de Acompanhamento e Avalia\u00e7\u00e3o da Pol\u00edtica de Cotas na UEL<\/p>\n\n\n\n<p><a href=\"https:\/\/sites.uel.br\/prograd\/wp-content\/uploads\/cotas\/documentos\/relatorio_candidatos_negros_sisu_vestibular_2016.pdf\" target=\"_blank\" rel=\"noreferrer noopener\">Relat\u00f3rio de Homologa\u00e7\u00e3o de Matr\u00edculas dos Candidatos que se Autodeclararam Negros &#8211; Processos Seletivos SISU e Vestibular\/2016<\/a><\/p>\n\n\n\n<p><a href=\"https:\/\/sites.uel.br\/prograd\/wp-content\/uploads\/cotas\/documentos\/portaria_178_2016.pdf\" target=\"_blank\" rel=\"noreferrer noopener\">Portaria n\u00ba 178\/2016<\/a><br>Nomea\u00e7\u00e3o da Comiss\u00e3o para Homologa\u00e7\u00e3o de Matr\u00edcula dos Candidatos que se Autodeclararem Negros no Processo Seletivo Vestibular para ingresso no ano de 2016<\/p>\n\n\n\n<p><a href=\"https:\/\/sites.uel.br\/prograd\/wp-content\/uploads\/cotas\/documentos\/portaria_6470_2014.pdf\" target=\"_blank\" rel=\"noreferrer noopener\">Portaria n\u00ba 6470\/2014<\/a><br>Nomea\u00e7\u00e3o da Comiss\u00e3o de Homologa\u00e7\u00e3o das Matr\u00edculas dos Candidatos que optarem pela reserva de vagas para negros, no Processo Seletivo Vestibular, para ingresso no ano de 2015<\/p>\n\n\n\n<p><a href=\"https:\/\/sites.uel.br\/prograd\/wp-content\/uploads\/cotas\/documentos\/portaria_5961_2014.pdf\" target=\"_blank\" rel=\"noreferrer noopener\">Portaria n\u00ba 5961\/2014<\/a><br>Constitui a Comiss\u00e3o Permanente de Acompanhamento e Avalia\u00e7\u00e3o da Pol\u00edtica de Cotas na UEL<\/p>\n\n\n\n<p><a href=\"https:\/\/sites.uel.br\/prograd\/wp-content\/uploads\/cotas\/documentos\/ato_executivo_144_2014.pdf\" target=\"_blank\" rel=\"noreferrer noopener\">Ato Executivo n\u00ba 144\/2014<\/a><br>Estabelece procedimentos para o desenvolvimento dos trabalhos da Comiss\u00e3o designada pelo conselho de Ensino, Pesquisa e Extens\u00e3o, com fulcro no art. 8\u00ba da Resolu\u00e7\u00e3o CU n\u00ba 15\/2012<\/p>\n\n\n\n<p>Relat\u00f3rio de Homologa\u00e7\u00e3o de Matr\u00edculas dos Candidatos Aprovados no Vestibular de 2014 que se Autodeclararam Negros no Vestibular de 2014<\/p>\n\n\n\n<p>Relat\u00f3rio Final de Homologa\u00e7\u00e3o de Matr\u00edcula de Candidatos Optantes pela Reserva de Vagas que se Autodeclararam Negros, no Processo Seletivo Vestibular para o ano letivo de 2013<\/p>\n\n\n\n<p><a href=\"https:\/\/sites.uel.br\/prograd\/wp-content\/uploads\/documentos\/resolucoes\/2012\/resolucao_15_12.pdf\" target=\"_blank\" rel=\"noreferrer noopener\">Resolu\u00e7\u00e3o CU n\u00ba 015\/2012<\/a><br>Estabelece a reserva de vagas no Processo Seletivo Vestibular para candidatos oriundos de institui\u00e7\u00f5es p\u00fablicas brasileiras de ensino e para aqueles que se autodeclararem negros<\/p>\n\n\n\n<p>Relat\u00f3rio de Homologa\u00e7\u00e3o de Matr\u00edculas dos Candidatos Aprovados e que se Autodeclararam Negros, no Processo Seletivo Vestibular 2012<\/p>\n\n\n\n<p>Relat\u00f3rio de Homologa\u00e7\u00e3o de Matr\u00edculas dos Candidatos Aprovados e que se Autodeclararam Negros, no Processo Seletivo Vestibular 2011<\/p>\n\n\n\n<p><a href=\"https:\/\/sites.uel.br\/prograd\/wp-content\/uploads\/cotas\/documentos\/ingressantes_matriculados_cota_uel.xls\" target=\"_blank\" rel=\"noreferrer noopener\">Total de ingressantes na UEL por meio de vestibular de 2005 a 2011 &#8211; por cota de matr\u00edcula<\/a><\/p>\n\n\n\n<p><a href=\"https:\/\/sites.uel.br\/prograd\/wp-content\/uploads\/cotas\/documentos\/media_aritmetica_cota_matricula.xlsx\" target=\"_blank\" rel=\"noreferrer noopener\">M\u00e9dia aritm\u00e9tica dos estudantes ingressantes na UEL&nbsp; por Vestibular realizado de 2005 a 2009 \u2013 por cota de matr\u00edcula<\/a><\/p>\n\n\n\n<p><a href=\"https:\/\/sites.uel.br\/prograd\/wp-content\/uploads\/cotas\/documentos\/relatorio_cotas.pdf\" target=\"_blank\" rel=\"noreferrer noopener\">Relat\u00f3rio COPS\/Prograd<\/a>&nbsp;&#8211; PROCESSO N\u00ba 23792\/2010 &#8211; Este processo foi encaminhado pela Prograd \u00e0 Reitoria em 19 de agosto de 2010 e visa o atendimento do artigo 4\u00ba da&nbsp;<a href=\"https:\/\/sites.uel.br\/prograd\/wp-content\/uploads\/documentos\/resolucoes\/2004\/resolucao_78_04.pdf\" target=\"_blank\" rel=\"noreferrer noopener\">Resolu\u00e7\u00e3o n\u00ba 78\/2004<\/a>&nbsp;do Conselho Universit\u00e1rio. No processo podem ser encontradas informa\u00e7\u00f5es sobre a situa\u00e7\u00e3o do sistema de cotas da UEL, bem como de outras institui\u00e7\u00f5es de ensino superior.<\/p>\n\n\n\n<p><a href=\"https:\/\/sites.uel.br\/prograd\/wp-content\/uploads\/cotas\/documentos\/evolucao_cursos_graduacao_uel.xls\" target=\"_blank\" rel=\"noreferrer noopener\">Evolu\u00e7\u00e3o dos cursos de Gradua\u00e7\u00e3o da Uel de 1992 a 2011 &#8211; posi\u00e7\u00e3o em abril\/2011<\/a><\/p>\n\n\n\n<p><a href=\"https:\/\/sites.uel.br\/proplan\/\" target=\"_blank\" rel=\"noreferrer noopener\">Perfil do Aluno \u2013 Ingressante \/ Perfil do Candidato<\/a><\/p>\n\n\n\n<p><a href=\"https:\/\/sites.uel.br\/prograd\/wp-content\/uploads\/cotas\/documentos\/inscritos_distribuicao_vagas_cota_vestibular.xls\" target=\"_blank\" rel=\"noreferrer noopener\">Inscritos e distribui\u00e7\u00e3o de vagas por cota-vestibular<\/a><\/p>\n\n\n\n<p><a href=\"https:\/\/sites.uel.br\/prograd\/wp-content\/uploads\/cotas\/documentos\/resultado_academico_cota_matricula.xls\" target=\"_blank\" rel=\"noreferrer noopener\">Resultado acad\u00eamico por cota de matr\u00edcula<\/a><\/p>\n\n\n\n<p><a href=\"https:\/\/sites.uel.br\/prograd\/wp-content\/uploads\/cotas\/documentos\/relatorio_acompanhamento_cotas_2009.pdf\" target=\"_blank\" rel=\"noreferrer noopener\">Relat\u00f3rio da Comiss\u00e3o Permanente de Acompanhamento e de Avalia\u00e7\u00e3o da Implementa\u00e7\u00e3o da Pol\u00edtica de Cotas na Universidade Estadual de Londrina (2009)<\/a><\/p>\n\n\n\n<p><a href=\"https:\/\/sites.uel.br\/prograd\/wp-content\/uploads\/cotas\/documentos\/cotas_relatorio_completo.pdf\" target=\"_blank\" rel=\"noreferrer noopener\">Relat\u00f3rio de Homologa\u00e7\u00e3o de Matr\u00edculas dos Candidatos Aprovados e que se Autodeclararam Negros, no Processo Seletivo Vestibular 2009<\/a><\/p>\n\n\n\n<p><a href=\"https:\/\/sites.uel.br\/prograd\/wp-content\/uploads\/cotas\/documentos\/relatorio_acompanhamento_cotas_2008.pdf\" target=\"_blank\" rel=\"noreferrer noopener\">Relat\u00f3rio da Comiss\u00e3o Permanente de Acompanhamento e de Avalia\u00e7\u00e3o da Implementa\u00e7\u00e3o da Pol\u00edtica de Cotas na Universidade Estadual de Londrina (2008)<\/a><\/p>\n\n\n\n<p><a href=\"https:\/\/sites.uel.br\/prograd\/wp-content\/uploads\/cotas\/documentos\/relatorio_acompanhamento_cotas_2008_anexo01.xls\" target=\"_blank\" rel=\"noreferrer noopener\">Anexo 01 do Relat\u00f3rio da Comiss\u00e3o Permanente de Acompanhamento e de Avalia\u00e7\u00e3o da Implementa\u00e7\u00e3o da Pol\u00edtica de Cotas na Universidade Estadual de Londrina<em>&nbsp;(Total de Ingressantes na UEL em 2008 atrav\u00e9s de Vestibular &#8211; Por Cota de Matr\u00edcula)<\/em><\/a><\/p>\n\n\n\n<p><a href=\"https:\/\/sites.uel.br\/prograd\/wp-content\/uploads\/cotas\/documentos\/relatorio_acompanhamento_cotas_2008_anexo02.pdf\" target=\"_blank\" rel=\"noreferrer noopener\">Anexo 02 do Relat\u00f3rio da Comiss\u00e3o Permanente de Acompanhamento e de Avalia\u00e7\u00e3o da Implementa\u00e7\u00e3o da Pol\u00edtica de Cotas na Universidade Estadual de Londrina<em>&nbsp;(Diversos)<\/em><\/a><\/p>\n\n\n\n<p><a href=\"https:\/\/sites.uel.br\/prograd\/wp-content\/uploads\/cotas\/documentos\/rel_matric_negros.pdf\" target=\"_blank\" rel=\"noreferrer noopener\">Relat\u00f3rio de Homologa\u00e7\u00e3o de Matr\u00edculas dos Candidatos Aprovados e que se Autodeclararam Negros, no Concurso Vestibular 2008<\/a><\/p>\n\n\n\n<p><a href=\"https:\/\/sites.uel.br\/prograd\/wp-content\/uploads\/cotas\/documentos\/rel_matric_negros.pdf\" target=\"_blank\" rel=\"noreferrer noopener\">Anexo do Relat\u00f3rio de Homologa\u00e7\u00e3o de Matr\u00edculas dos Candidatos Aprovados e que se Autodeclaram Negros, no Concurso Vestibular 2008<\/a><\/p>\n\n\n\n<p>I F\u00f3rum de A\u00e7\u00f5es Afirmativas na Universidade &#8211; Reflex\u00f5es e Perspectivas sobre a Pol\u00edtica de Cotas<\/p>\n\n\n\n<p><a href=\"https:\/\/sites.uel.br\/prograd\/wp-content\/uploads\/cotas\/documentos\/rel_homologacao.pdf\" target=\"_blank\" rel=\"noreferrer noopener\">Relat\u00f3rio de homologa\u00e7\u00e3o de matr\u00edculas 2007<\/a><\/p>\n\n\n\n<p><a href=\"https:\/\/sites.uel.br\/prograd\/wp-content\/uploads\/documentos\/resolucoes\/2004\/resolucao_78_04.pdf\" target=\"_blank\" rel=\"noreferrer noopener\">Resolu\u00e7\u00e3o n\u00ba 78\/2004 do Conselho Universit\u00e1rio<\/a><\/p>\n\n\n\n<p><\/p>\n","protected":false},"excerpt":{"rendered":"<p>DOCUMENTOS Relat\u00f3rio Bienal 2019-2020Comiss\u00e3o de Acompanhamento e Avalia\u00e7\u00e3o da Pol\u00edtica de Cotas da Universidade Estadual de Londrina Resolu\u00e7\u00e3o CU n\u00ba 31\/2024Revoga a Resolu\u00e7\u00e3o CU n\u00ba 008\/2017 e 042\/2017, institui a Prova Paran\u00e1 Mais como uma das formas de ingresso nos cursos de gradua\u00e7\u00e3o da UEL e estabelece a reserva de vagas no Processo Seletivo Vestibular [&hellip;]<\/p>\n","protected":false},"author":8,"featured_media":0,"parent":164,"menu_order":0,"comment_status":"closed","ping_status":"closed","template":"","meta":{"_acf_changed":false,"_themeisle_gutenberg_block_has_review":false,"footnotes":""},"class_list":["post-3968","page","type-page","status-publish","hentry"],"acf":[],"_links":{"self":[{"href":"https:\/\/sites.uel.br\/prograd\/wp-json\/wp\/v2\/pages\/3968","targetHints":{"allow":["GET"]}}],"collection":[{"href":"https:\/\/sites.uel.br\/prograd\/wp-json\/wp\/v2\/pages"}],"about":[{"href":"https:\/\/sites.uel.br\/prograd\/wp-json\/wp\/v2\/types\/page"}],"author":[{"embeddable":true,"href":"https:\/\/sites.uel.br\/prograd\/wp-json\/wp\/v2\/users\/8"}],"replies":[{"embeddable":true,"href":"https:\/\/sites.uel.br\/prograd\/wp-json\/wp\/v2\/comments?post=3968"}],"version-history":[{"count":49,"href":"https:\/\/sites.uel.br\/prograd\/wp-json\/wp\/v2\/pages\/3968\/revisions"}],"predecessor-version":[{"id":34449,"href":"https:\/\/sites.uel.br\/prograd\/wp-json\/wp\/v2\/pages\/3968\/revisions\/34449"}],"up":[{"embeddable":true,"href":"https:\/\/sites.uel.br\/prograd\/wp-json\/wp\/v2\/pages\/164"}],"wp:attachment":[{"href":"https:\/\/sites.uel.br\/prograd\/wp-json\/wp\/v2\/media?parent=3968"}],"curies":[{"name":"wp","href":"https:\/\/api.w.org\/{rel}","templated":true}]}}