{"id":3945,"date":"2023-04-17T09:09:21","date_gmt":"2023-04-17T12:09:21","guid":{"rendered":"https:\/\/sites.uel.br\/prograd\/?page_id=3945"},"modified":"2026-02-13T11:32:50","modified_gmt":"2026-02-13T14:32:50","slug":"tutoriais-portal-do-estudante-de-graduacao","status":"publish","type":"page","link":"https:\/\/sites.uel.br\/prograd\/tutoriais-portal-do-estudante-de-graduacao\/","title":{"rendered":"Tutoriais (Portal do Estudante de Gradua\u00e7\u00e3o)"},"content":{"rendered":"\n<hr class=\"wp-block-separator has-alpha-channel-opacity is-style-wide\"\/>\n\n\n\n<h3 class=\"wp-block-heading\"><strong>Documentos<\/strong><\/h3>\n\n\n\n<p>&#8211;&nbsp;<a href=\"https:\/\/sites.uel.br\/prograd\/tutoriais-portal-do-estudante-de-graduacao-como-baixar-seu-comprovante-de-renovacao-de-matricula\/\">Comprovante de Renova\u00e7\u00e3o de Matr\u00edcula<\/a><br>&#8211;&nbsp;<a href=\"https:\/\/sites.uel.br\/prograd\/tutoriais-portal-do-estudante-de-graduacao-como-visualizar-suas-disciplinas-matriculadas-e-baixar-o-registro-de-matricula\/\">Disciplinas Matriculadas e Registro de Matr\u00edcula<\/a><br>&#8211;&nbsp;<a href=\"https:\/\/sites.uel.br\/prograd\/tutoriais-portal-do-estudante-de-graduacao-como-visualizar-suas-disciplinas-especiais-programadas\/\">Disciplinas Especiais Programadas<\/a><br>&#8211;&nbsp;<a href=\"https:\/\/sites.uel.br\/prograd\/tutoriais-portal-do-estudante-de-graduacao-como-baixar-suas-disciplinas-optativas\/\">Disciplinas Optativas<\/a><br>&#8211;&nbsp;<a href=\"https:\/\/sites.uel.br\/prograd\/tutoriais-portal-do-estudante-de-graduacao-como-emitir-sua-carteirinha\/\">Emiss\u00e3o de Carteirinha<\/a>&nbsp;<br>&#8211;&nbsp;<a href=\"https:\/\/sites.uel.br\/prograd\/tutoriais-portal-do-estudante-de-graduacao-como-baixar-seu-historico-de-atividade-academica-complementar-aac\/\">Hist\u00f3rico de Atividade Acad\u00eamica Complementar (AAC)<\/a><br>&#8211;&nbsp;<a href=\"https:\/\/sites.uel.br\/prograd\/tutoriais-portal-do-estudante-de-graduacao-como-baixar-seu-historico-escolar\/\">Hist\u00f3rico Escolar<\/a><br>&#8211;&nbsp;<a href=\"https:\/\/sites.uel.br\/prograd\/tutoriais-portal-do-estudante-de-graduacao-como-baixar-sua-matriz-curricular\/\">Matriz Curricular<\/a><\/p>\n\n\n\n<div style=\"height:20px\" aria-hidden=\"true\" class=\"wp-block-spacer\"><\/div>\n\n\n\n<h3 class=\"wp-block-heading\"><strong><strong>Documentos &#8211; Atestados<\/strong><\/strong><\/h3>\n\n\n\n<p>&#8211;&nbsp;<a href=\"https:\/\/sites.uel.br\/prograd\/tutoriais-portal-do-estudante-de-graduacao-como-baixar-seu-atestado-de-atividade-de-monitoria\/\">Atestado de Atividade de Monitoria<\/a>&nbsp;<br>&#8211;&nbsp;<a href=\"https:\/\/sites.uel.br\/prograd\/tutoriais-portal-do-estudante-de-graduacao-como-baixar-seu-atestado-de-estagio-curricular-nao-obrigatorio\/\">Atestado de Est\u00e1gio Curricular N\u00e3o Obrigat\u00f3rio<\/a>&nbsp;<br>&#8211;&nbsp;<a href=\"https:\/\/sites.uel.br\/prograd\/tutoriais-portal-do-estudante-de-graduacao-como-baixar-seu-atestado-de-matricula\/\">Atestado de Matr\u00edcula<\/a>&nbsp;<br>&#8211;&nbsp;<a href=\"https:\/\/sites.uel.br\/prograd\/tutoriais-portal-do-estudante-de-graduacao-como-baixar-seu-atestado-de-provavel-formando\/\">Atestado de Prov\u00e1vel Formando<\/a><br>&#8211;&nbsp;<a href=\"https:\/\/sites.uel.br\/prograd\/tutoriais-portal-do-estudante-de-graduacao-como-baixar-seu-atestado-de-renovacao\/\">Atestado de Renova\u00e7\u00e3o<\/a><br>&#8211;&nbsp;<a href=\"https:\/\/sites.uel.br\/prograd\/tutoriais-portal-do-estudante-de-graduacao-como-baixar-seu-atestado-de-situacao-em-relacao-ao-enade\/\">Atestado de situa\u00e7\u00e3o em rela\u00e7\u00e3o ao ENADE<\/a><\/p>\n\n\n\n<div style=\"height:20px\" aria-hidden=\"true\" class=\"wp-block-spacer\"><\/div>\n\n\n\n<h3 class=\"wp-block-heading\">Matr\u00edculas<\/h3>\n\n\n\n<p>&#8211; <a href=\"https:\/\/sites.uel.br\/prograd\/wp-content\/uploads\/tutoriais\/portal_estudante\/matriculas\/tutorial_confirmacao_matricula.pdf\" target=\"_blank\" rel=\"noreferrer noopener\">Confirma\u00e7\u00e3o de Matr\u00edcula<\/a><br>&#8211;&nbsp;<a href=\"https:\/\/sites.uel.br\/prograd\/wp-content\/uploads\/tutoriais\/portal_estudante\/matriculas\/tutorial_pre_matricula.pdf\" target=\"_blank\" rel=\"noreferrer noopener\">Pr\u00e9-matr\u00edcula<\/a>&nbsp;<\/p>\n\n\n\n<div style=\"height:20px\" aria-hidden=\"true\" class=\"wp-block-spacer\"><\/div>\n\n\n\n<h3 class=\"wp-block-heading\">Servi\u00e7os<\/h3>\n\n\n\n<p>&#8211;&nbsp;<a href=\"https:\/\/sites.uel.br\/prograd\/tutoriais-portal-do-estudante-de-graduacao-como-efetuar-a-analise-curricular-de-seu-curso\/\">An\u00e1lise Curricular<\/a><br>&#8211;&nbsp;<a href=\"https:\/\/sites.uel.br\/prograd\/tutoriais-portal-do-estudante-de-graduacao-como-acessar-seu-boletim\/\">Boletim<\/a><br>&#8211;&nbsp;<a href=\"https:\/\/sites.uel.br\/prograd\/tutoriais-portal-do-estudante-de-graduacao-como-efetuar-cancelamento-de-disciplina\/\">Cancelamento de Disciplina<\/a><br>&#8211;&nbsp;<a href=\"https:\/\/sites.uel.br\/prograd\/tutoriais-portal-do-estudante-de-graduacao-como-acessar-seus-certificados-e-declaracoes-projetos-em-ensino-pesquisa-e-extensao\/\">Certificados e Declara\u00e7\u00f5es (Projetos em Ensino, Pesquisa e Extens\u00e3o)<\/a><br>&#8211;&nbsp;<a href=\"https:\/\/sites.uel.br\/prograd\/tutoriais-portal-do-estudante-de-graduacao-como-confirmar-sua-matricula\/\">Confirma\u00e7\u00e3o de Matr\u00edcula<\/a><br>&#8211;&nbsp;<a href=\"https:\/\/sites.uel.br\/prograd\/tutoriais-portal-do-estudante-de-graduacao-como-consultar-e-comprar-creditos-do-restaurante-universitario\/\">Consultar e comprar cr\u00e9ditos do Restaurante Universit\u00e1rio<\/a>&nbsp;<br>&#8211; <a href=\"https:\/\/sites.uel.br\/prograd\/tutoriais-portal-do-estudante-de-graduacao-como-consultar-o-catalogo-de-atividades-de-extensao-aex\/\">Consultar o Cat\u00e1logo de Atividades de Extens\u00e3o (AEX)<\/a><br>&#8211;&nbsp;<a href=\"https:\/\/sites.uel.br\/prograd\/tutoriais-portal-do-estudante-de-graduacao-como-enviar-relatorio-final-de-participacao-em-projetos-de-ensino-e-extensao\/\">Enviar relat\u00f3rio final de participa\u00e7\u00e3o em projetos de ensino e extens\u00e3o<\/a>&nbsp;<\/p>\n\n\n\n<div style=\"height:20px\" aria-hidden=\"true\" class=\"wp-block-spacer\"><\/div>\n\n\n\n<h3 class=\"wp-block-heading\"><strong><strong>Servi\u00e7os &#8211; Publica\u00e7\u00f5es<\/strong><\/strong><\/h3>\n\n\n\n<p>&#8211;&nbsp;<a href=\"https:\/\/sites.uel.br\/prograd\/tutoriais-portal-do-estudante-de-graduacao-como-consultar-seu-fechamento-bimestral-e-rendimento-final\/\">Fechamento Bimestral e Rendimento Final<\/a><\/p>\n\n\n\n<div style=\"height:20px\" aria-hidden=\"true\" class=\"wp-block-spacer\"><\/div>\n\n\n\n<h3 class=\"wp-block-heading\"><strong><strong>Servi\u00e7os &#8211; Requerimentos<\/strong><\/strong><\/h3>\n\n\n\n<p>&#8211;\u00a0<a href=\"https:\/\/sites.uel.br\/prograd\/tutoriais-portal-do-estudante-de-graduacao-como-requerer-aproveitamento-de-eventos-cursos-para-aac\/\">Requerimento de Aproveitamento de Eventos\/Cursos para AAC<\/a><br>&#8211;\u00a0<a href=\"https:\/\/sites.uel.br\/prograd\/tutoriais-portal-do-estudante-de-graduacao-como-requerer-aproveitamento-de-projetos-programas-para-aac\/\">Requerimento de Aproveitamento de Projetos\/Programas para AAC<\/a>\u00a0<br>&#8211; <a href=\"https:\/\/sites.uel.br\/prograd\/tutoriais-portal-do-estudante-de-graduacao-como-requerer-devolutiva-do-resultado-de-avaliacao\/\">Requerimento de Devolutiva do Resultado de Avalia\u00e7\u00e3o<\/a><br>&#8211;\u00a0<a href=\"https:\/\/sites.uel.br\/prograd\/tutoriais-portal-do-estudante-de-graduacao-como-emitir-requerimento-de-habilitacao\/\">Requerimento de Habilita\u00e7\u00e3o<\/a><br>&#8211;\u00a0<a href=\"https:\/\/sites.uel.br\/prograd\/tutoriais-portal-do-estudante-de-graduacao-como-requerer-matricula-inicial-ou-ajuste-de-matricula-credito\/\">Requerimento de Matr\u00edcula Inicial ou Ajuste de Matr\u00edcula (Cr\u00e9dito)<\/a><br>&#8211;\u00a0<a href=\"https:\/\/sites.uel.br\/prograd\/tutoriais-portal-do-estudante-de-graduacao-como-requerer-permuta-de-turno\/\">Requerimento de Permuta de Turno<\/a>\u00a0<br>&#8211; <a href=\"https:\/\/sites.uel.br\/prograd\/tutoriais-portal-do-estudante-de-graduacao-como-requerer-retificacao-de-frequencia-ou-rendimento-escolar\/\">Requerimento de Retifica\u00e7\u00e3o de Frequ\u00eancia ou Rendimento Escolar<\/a><br>&#8211;\u00a0<a href=\"https:\/\/sites.uel.br\/prograd\/tutoriais-portal-do-estudante-de-graduacao-como-requerer-segunda-chamada\/\">Requerimento de Segunda Chamada<\/a><br>&#8211;\u00a0<a href=\"https:\/\/sites.uel.br\/prograd\/tutoriais-portal-do-estudante-de-graduacao-como-requerer-transferencia-interna-de-turno\/\">Requerimento de Transfer\u00eancia Interna de Turno<\/a>\u00a0<br>&#8211;\u00a0<a href=\"https:\/\/sites.uel.br\/prograd\/tutoriais-portal-do-estudante-de-graduacao-como-requerer-vista-formal\/\">Requerimento de Vista Formal<\/a><\/p>\n\n\n\n<div style=\"height:20px\" aria-hidden=\"true\" class=\"wp-block-spacer\"><\/div>\n\n\n\n<h3 class=\"wp-block-heading\"><strong><strong><strong><strong>Servi\u00e7os &#8211; Requerimento<\/strong><\/strong><\/strong>s &#8211; Amparos<\/strong><\/h3>\n\n\n\n<p>&#8211; <a href=\"https:\/\/sites.uel.br\/prograd\/tutoriais-portal-do-estudante-de-graduacao-como-requerer-uma-solicitacao-de-amparo-acompanhamento-de-pessoa-com-doenca-grave\/\">Acompanhamento de pessoa com doen\u00e7a grave<\/a><br>&#8211;<a href=\"https:\/\/sites.uel.br\/prograd\/tutoriais-portal-do-estudante-de-graduacao-como-requerer-uma-solicitacao-de-amparo-adocao-ou-guarda\/\"> Ado\u00e7\u00e3o ou guarda (90 dias de afastamento)<\/a><br>&#8211; <a href=\"https:\/\/sites.uel.br\/prograd\/tutoriais-portal-do-estudante-de-graduacao-como-requerer-uma-solicitacao-de-amparo-gestante\/\">Gesta\u00e7\u00e3o (90 dias de afastamento)<\/a><br>&#8211; <a href=\"https:\/\/sites.uel.br\/prograd\/tutoriais-portal-do-estudante-de-graduacao-como-requerer-uma-solicitacao-de-amparo-intermitente\/\">Intermitente<\/a><br>&#8211; <a href=\"https:\/\/sites.uel.br\/prograd\/tutoriais-portal-do-estudante-de-graduacao-como-requerer-uma-solicitacao-de-amparo-luto\/\">Luto<\/a><br>&#8211; <a href=\"https:\/\/sites.uel.br\/prograd\/tutoriais-portal-do-estudante-de-graduacao-como-requerer-uma-solicitacao-de-amparo-parceiroa-com-condicao-de-saude-incapacitante-para-o-cuidado-da-crianca\/\">Parceiro(a) de pessoa com condi\u00e7\u00e3o de sa\u00fade incapacitante para o cuidado da crian\u00e7a &#8211; no primeiro ano de vida (90 dias de afastamento)<\/a> <br>&#8211; <a href=\"https:\/\/sites.uel.br\/prograd\/tutoriais-portal-do-estudante-de-graduacao-como-requerer-uma-solicitacao-de-amparo-parceiroa-de-pessoa-com-gestacao-biologica-adocao-ou-guarda\/\">Parceiro(a) de pessoa com gesta\u00e7\u00e3o biol\u00f3gica, ado\u00e7\u00e3o ou guarda (10 dias de afastamento)<\/a><br>&#8211; <a href=\"https:\/\/sites.uel.br\/prograd\/tutoriais-portal-do-estudante-de-graduacao-como-requerer-uma-solicitacao-de-amparo-parceiroa-de-pessoa-falecida-no-parto-puerperio-ou-primeiro-ano-de-vida\/\">Parceiro(a) de pessoa falecida no parto, puerp\u00e9rio ou primeiro ano de vida (90 dias de afastamento)<\/a><br><a href=\"https:\/\/sites.uel.br\/prograd\/tutoriais-portal-do-estudante-de-graduacao-como-requerer-uma-solicitacao-de-amparo-participacao-em-evento-cultural-artistico-ou-cientifico\/\">&#8211; Participa\u00e7\u00e3o em evento cultural, art\u00edstico ou cient\u00edfico<\/a><br>&#8211; <a href=\"https:\/\/sites.uel.br\/prograd\/tutoriais-portal-do-estudante-de-graduacao-como-requerer-uma-solicitacao-de-amparo-participacao-em-evento-desportivo\/\">Participa\u00e7\u00e3o em evento desportivo<\/a><br>&#8211; <a href=\"https:\/\/sites.uel.br\/prograd\/tutoriais-portal-do-estudante-de-graduacao-como-requerer-uma-solicitacao-de-amparo-participacao-em-evento-institucional\/\">Participa\u00e7\u00e3o em evento institucional<\/a><br>&#8211; <a href=\"https:\/\/sites.uel.br\/prograd\/tutoriais-portal-do-estudante-de-graduacao-como-requerer-uma-solicitacao-de-amparo-problemas-de-saude\/\">Problemas de sa\u00fade<\/a> <br>&#8211; <a href=\"https:\/\/sites.uel.br\/prograd\/tutoriais-portal-do-estudante-de-graduacao-como-requerer-uma-solicitacao-de-amparo-representacao-estudantil-em-reuniao-na-uel\/\">Representa\u00e7\u00e3o estudantil em reuni\u00e3o na UEL<\/a><br>&#8211; <a href=\"https:\/\/sites.uel.br\/prograd\/tutoriais-portal-do-estudante-de-graduacao-como-requerer-uma-solicitacao-de-amparo-servico-militar\/\">Servi\u00e7o militar<\/a> <\/p>\n\n\n\n<div style=\"height:20px\" aria-hidden=\"true\" class=\"wp-block-spacer\"><\/div>\n\n\n\n<h3 class=\"wp-block-heading\"><strong><strong><strong><strong>Servi\u00e7os &#8211; Requerimentos<\/strong><\/strong> &#8211; Aproveitamento de Estudos<\/strong><\/strong><\/h3>\n\n\n\n<p>&#8211;&nbsp;<a href=\"https:\/\/sites.uel.br\/prograd\/tutoriais-portal-do-estudante-de-graduacao-aproveitamento-de-estudos-disciplinas-do-mesmo-curso-cursadas-na-uel-sem-aac\/\">Aproveitamento de Estudos (disciplinas do mesmo curso, cursadas na UEL) \u2013 sem AAC<\/a><br>&#8211;&nbsp;<a href=\"https:\/\/sites.uel.br\/prograd\/tutoriais-portal-do-estudante-de-graduacao-aproveitamento-de-estudos-disciplinas-do-mesmo-curso-cursadas-na-uel-com-aac\/\">Aproveitamento de Estudos (disciplinas do mesmo curso, cursadas na UEL) \u2013 com AAC<\/a><br>&#8211;&nbsp;<a href=\"https:\/\/sites.uel.br\/prograd\/tutoriais-portal-do-estudante-de-graduacao-aproveitamento-de-estudos-disciplinas-de-outros-cursos-ou-cursadas-em-outras-instituicoes-sem-aac\/\">Aproveitamento de Estudos (disciplinas de outros cursos ou cursadas em outras institui\u00e7\u00f5es) \u2013 sem AAC<\/a><br>&#8211;&nbsp;<a href=\"https:\/\/sites.uel.br\/prograd\/tutoriais-portal-do-estudante-de-graduacao-aproveitamento-de-estudos-disciplinas-de-outros-cursos-ou-cursadas-em-outras-instituicoes-com-aac\/\">Aproveitamento de Estudos (disciplinas de outros cursos ou cursadas em outras institui\u00e7\u00f5es) \u2013 com AAC<\/a>&nbsp;<\/p>\n\n\n\n<div style=\"height:20px\" aria-hidden=\"true\" class=\"wp-block-spacer\"><\/div>\n\n\n\n<h3 class=\"wp-block-heading\"><strong><strong>Servi\u00e7os Sem Autentica\u00e7\u00e3o<\/strong><\/strong><\/h3>\n\n\n\n<p>&#8211;&nbsp;<a href=\"https:\/\/sites.uel.br\/prograd\/tutoriais-portal-do-estudante-de-graduacao-como-saber-seu-numero-de-matricula-estudantes-ativos\/\">Meu N\u00famero de Matr\u00edcula<\/a><\/p>\n\n\n\n<div style=\"height:20px\" aria-hidden=\"true\" class=\"wp-block-spacer\"><\/div>\n\n\n\n<h3 class=\"wp-block-heading\"><strong><strong><strong><strong>Servi\u00e7os Sem Autentica\u00e7\u00e3o<\/strong><\/strong> &#8211; Solicita\u00e7\u00e3o de Documentos<\/strong><\/strong><\/h3>\n\n\n\n<p>&#8211;&nbsp;<a href=\"https:\/\/sites.uel.br\/prograd\/tutoriais-portal-do-estudante-de-graduacao-como-solicitar-atestado-de-conclusao-de-curso\/\">Atestado de Conclus\u00e3o de Curso<\/a>&nbsp;<br>&#8211;&nbsp;<a href=\"https:\/\/sites.uel.br\/prograd\/tutoriais-portal-do-estudante-de-graduacao-como-solicitar-certificado-de-estagio-curricular-nao-obrigatorio\/\">Certificado de Est\u00e1gio Curricular N\u00e3o Obrigat\u00f3rio<\/a><a href=\"https:\/\/www.uel.br\/prograd\/?content=tutoriais\/conheca_portal_do_estudante\/servicos_sem_autenticacao\/solicitacao_documentos\/certificado_estagio_curricular_nao_obrigatorio\/certificado_estagio_curricular_nao_obrigatorio.html\">&nbsp;<\/a><br>&#8211;&nbsp;<a href=\"https:\/\/sites.uel.br\/prograd\/tutoriais-portal-do-estudante-de-graduacao-como-solicitar-historico-escolar-boletim-2a-via\/\">Hist\u00f3rico Escolar &#8211; Boletim &#8211; 2\u00aa Via<\/a>&nbsp;<br><strong>&#8211;&nbsp;<\/strong><a href=\"https:\/\/sites.uel.br\/prograd\/tutoriais-portal-do-estudante-de-graduacao-como-solicitar-historico-escolar-dados-pessoais\/\">Hist\u00f3rico Escolar (Dados Pessoais)<\/a>&nbsp;<br>&#8211;&nbsp;<a href=\"https:\/\/sites.uel.br\/prograd\/tutoriais-portal-do-estudante-de-graduacao-como-solicitar-outros-atestados\/\">Outros Atestados<\/a>&nbsp;<\/p>\n\n\n\n<div style=\"height:20px\" aria-hidden=\"true\" class=\"wp-block-spacer\"><\/div>\n\n\n\n<h3 class=\"wp-block-heading\"><strong><strong><strong><strong>Servi\u00e7os Sem Autentica\u00e7\u00e3o<\/strong><\/strong> &#8211; Emiss\u00e3o de Certificados<\/strong><\/strong><\/h3>\n\n\n\n<p>&#8211;&nbsp;<a href=\"https:\/\/sites.uel.br\/prograd\/tutoriais-portal-do-estudante-de-graduacao-como-emitir-certificados-de-atividades-de-monitoria-academica\/\">Certificados de Atividades de Monitoria Acad\u00eamica<\/a>&nbsp;<br>&#8211;&nbsp;<a href=\"https:\/\/sites.uel.br\/prograd\/tutoriais-portal-do-estudante-de-graduacao-como-emitir-certificados-de-estagio-curricular-nao-obrigatorio\/\">Certificados de Est\u00e1gio Curricular N\u00e3o Obrigat\u00f3rio<\/a>&nbsp;<\/p>\n\n\n\n<div style=\"height:20px\" aria-hidden=\"true\" class=\"wp-block-spacer\"><\/div>\n\n\n\n<h3 class=\"wp-block-heading\"><strong><strong>Utilidades<\/strong><\/strong><\/h3>\n\n\n\n<p>&#8211;&nbsp;<a href=\"https:\/\/sites.uel.br\/prograd\/tutoriais-portal-do-estudante-de-graduacao-como-alterar-seu-e-mail\/\">Alterar E-mail<\/a><br>&#8211;&nbsp;<a href=\"https:\/\/sites.uel.br\/prograd\/tutoriais-portal-do-estudante-de-graduacao-como-alterar-seu-endereco\/\">Alterar Endere\u00e7o<\/a><br>&#8211;&nbsp;<a href=\"https:\/\/sites.uel.br\/prograd\/tutoriais-portal-do-estudante-de-graduacao-como-alterar-sua-foto-upload-de-arquivo\/\">Alterar Foto (Upload de Arquivo)<\/a><br>&#8211;&nbsp;<a href=\"https:\/\/sites.uel.br\/prograd\/tutoriais-portal-do-estudante-de-graduacao-como-alterar-sua-senha\/\">Alterar Senha<\/a><br>&#8211;&nbsp;<a href=\"https:\/\/sites.uel.br\/prograd\/tutoriais-portal-do-estudante-de-graduacao-como-baixar-seu-comprovante-de-rendimentos\/\">Comprovante de Rendimentos<\/a><br>&#8211;&nbsp;<a href=\"https:\/\/sites.uel.br\/prograd\/tutoriais-portal-do-estudante-de-graduacao-como-visualizar-seus-dados-pessoais\/\">Dados Pessoais<\/a><br>&#8211;&nbsp;<a href=\"https:\/\/sites.uel.br\/prograd\/tutoriais-portal-do-estudante-de-graduacao-como-registrar-um-feedback-sobre-o-portal-do-estudante-de-graduacao\/\">Feedback sobre o Portal do Estudante de Gradua\u00e7\u00e3o<\/a><br>&#8211;&nbsp;<a href=\"https:\/\/sites.uel.br\/prograd\/tutoriais-portal-do-estudante-de-graduacao-como-habilitar-os-servicos-digitais-uel-e-criar-login-uel-br-para-acesso-ao-gmail\/\">Habilitar os Servi\u00e7os Digitais UEL e Criar login (@uel.br) para acesso ao Gmail<\/a><br>&#8211;&nbsp;<a href=\"https:\/\/sites.uel.br\/prograd\/tutoriais-portal-do-estudante-de-graduacao-como-habilitar-o-uso-dos-servicos-digitais-da-uel\/\">Servi\u00e7os Digitais UEL<\/a><br>&#8211;&nbsp;<a href=\"https:\/\/sites.uel.br\/prograd\/tutoriais-portal-do-estudante-de-graduacao-como-informar-sua-situacao-eleitoral\/\">Situa\u00e7\u00e3o Eleitoral<\/a><\/p>\n\n\n\n<hr class=\"wp-block-separator has-text-color has-cinza-color has-css-opacity has-cinza-background-color has-background is-style-wide\"\/>\n\n\n\n<p><strong>Veja tamb\u00e9m:<\/strong><\/p>\n\n\n\n<p><a rel=\"noreferrer noopener\" href=\"https:\/\/www.youtube.com\/channel\/UChp6UslEG9b-69Ai3ZJoL3w\/videos\" target=\"_blank\">Tutoriais da Assessoria de Tecnologia de Informa\u00e7\u00e3o<\/a><\/p>\n","protected":false},"excerpt":{"rendered":"<p>Documentos &#8211;&nbsp;Comprovante de Renova\u00e7\u00e3o de Matr\u00edcula&#8211;&nbsp;Disciplinas Matriculadas e Registro de Matr\u00edcula&#8211;&nbsp;Disciplinas Especiais Programadas&#8211;&nbsp;Disciplinas Optativas&#8211;&nbsp;Emiss\u00e3o de Carteirinha&nbsp;&#8211;&nbsp;Hist\u00f3rico de Atividade Acad\u00eamica Complementar (AAC)&#8211;&nbsp;Hist\u00f3rico Escolar&#8211;&nbsp;Matriz Curricular Documentos &#8211; Atestados &#8211;&nbsp;Atestado de Atividade de Monitoria&nbsp;&#8211;&nbsp;Atestado de Est\u00e1gio Curricular N\u00e3o Obrigat\u00f3rio&nbsp;&#8211;&nbsp;Atestado de Matr\u00edcula&nbsp;&#8211;&nbsp;Atestado de Prov\u00e1vel Formando&#8211;&nbsp;Atestado de Renova\u00e7\u00e3o&#8211;&nbsp;Atestado de situa\u00e7\u00e3o em rela\u00e7\u00e3o ao ENADE Matr\u00edculas &#8211; Confirma\u00e7\u00e3o de Matr\u00edcula&#8211;&nbsp;Pr\u00e9-matr\u00edcula&nbsp; Servi\u00e7os [&hellip;]<\/p>\n","protected":false},"author":8,"featured_media":0,"parent":0,"menu_order":0,"comment_status":"closed","ping_status":"closed","template":"","meta":{"_acf_changed":false,"_themeisle_gutenberg_block_has_review":false,"footnotes":""},"class_list":["post-3945","page","type-page","status-publish","hentry"],"acf":[],"_links":{"self":[{"href":"https:\/\/sites.uel.br\/prograd\/wp-json\/wp\/v2\/pages\/3945","targetHints":{"allow":["GET"]}}],"collection":[{"href":"https:\/\/sites.uel.br\/prograd\/wp-json\/wp\/v2\/pages"}],"about":[{"href":"https:\/\/sites.uel.br\/prograd\/wp-json\/wp\/v2\/types\/page"}],"author":[{"embeddable":true,"href":"https:\/\/sites.uel.br\/prograd\/wp-json\/wp\/v2\/users\/8"}],"replies":[{"embeddable":true,"href":"https:\/\/sites.uel.br\/prograd\/wp-json\/wp\/v2\/comments?post=3945"}],"version-history":[{"count":90,"href":"https:\/\/sites.uel.br\/prograd\/wp-json\/wp\/v2\/pages\/3945\/revisions"}],"predecessor-version":[{"id":36795,"href":"https:\/\/sites.uel.br\/prograd\/wp-json\/wp\/v2\/pages\/3945\/revisions\/36795"}],"wp:attachment":[{"href":"https:\/\/sites.uel.br\/prograd\/wp-json\/wp\/v2\/media?parent=3945"}],"curies":[{"name":"wp","href":"https:\/\/api.w.org\/{rel}","templated":true}]}}