{"id":3931,"date":"2023-04-14T16:35:18","date_gmt":"2023-04-14T19:35:18","guid":{"rendered":"https:\/\/sites.uel.br\/prograd\/?page_id=3931"},"modified":"2024-06-12T16:25:00","modified_gmt":"2024-06-12T19:25:00","slug":"cuia-comissao-universidade-para-os-indigenas-contato","status":"publish","type":"page","link":"https:\/\/sites.uel.br\/prograd\/graduacao\/acoes-afirmativas\/cuia-comissao-universidade-para-os-indigenas-contato\/","title":{"rendered":"CUIA (Comiss\u00e3o Universidade Para os Ind\u00edgenas)"},"content":{"rendered":"\n<hr class=\"wp-block-separator has-alpha-channel-opacity is-style-wide\"\/>\n\n\n\n<h3 class=\"wp-block-heading\">CONTATO<\/h3>\n\n\n\n<div style=\"height:20px\" aria-hidden=\"true\" class=\"wp-block-spacer\"><\/div>\n\n\n\n<p>Divis\u00e3o de Pol\u00edticas de Gradua\u00e7\u00e3o (PROGRAD\/UEL)<\/p>\n\n\n\n<p>E-mail: <a href=\"mailto:prograddpg@uel.br\">prograddpg@uel.br<\/a><\/p>\n\n\n\n<p>Telefone: 3371-4363\/3371-4353<\/p>\n","protected":false},"excerpt":{"rendered":"<p>CONTATO Divis\u00e3o de Pol\u00edticas de Gradua\u00e7\u00e3o (PROGRAD\/UEL) E-mail: prograddpg@uel.br Telefone: 3371-4363\/3371-4353<\/p>\n","protected":false},"author":8,"featured_media":0,"parent":164,"menu_order":0,"comment_status":"closed","ping_status":"closed","template":"","meta":{"_acf_changed":false,"_themeisle_gutenberg_block_has_review":false,"footnotes":""},"class_list":["post-3931","page","type-page","status-publish","hentry"],"acf":[],"_links":{"self":[{"href":"https:\/\/sites.uel.br\/prograd\/wp-json\/wp\/v2\/pages\/3931","targetHints":{"allow":["GET"]}}],"collection":[{"href":"https:\/\/sites.uel.br\/prograd\/wp-json\/wp\/v2\/pages"}],"about":[{"href":"https:\/\/sites.uel.br\/prograd\/wp-json\/wp\/v2\/types\/page"}],"author":[{"embeddable":true,"href":"https:\/\/sites.uel.br\/prograd\/wp-json\/wp\/v2\/users\/8"}],"replies":[{"embeddable":true,"href":"https:\/\/sites.uel.br\/prograd\/wp-json\/wp\/v2\/comments?post=3931"}],"version-history":[{"count":8,"href":"https:\/\/sites.uel.br\/prograd\/wp-json\/wp\/v2\/pages\/3931\/revisions"}],"predecessor-version":[{"id":30560,"href":"https:\/\/sites.uel.br\/prograd\/wp-json\/wp\/v2\/pages\/3931\/revisions\/30560"}],"up":[{"embeddable":true,"href":"https:\/\/sites.uel.br\/prograd\/wp-json\/wp\/v2\/pages\/164"}],"wp:attachment":[{"href":"https:\/\/sites.uel.br\/prograd\/wp-json\/wp\/v2\/media?parent=3931"}],"curies":[{"name":"wp","href":"https:\/\/api.w.org\/{rel}","templated":true}]}}