{"id":3899,"date":"2023-04-14T14:19:54","date_gmt":"2023-04-14T17:19:54","guid":{"rendered":"https:\/\/sites.uel.br\/prograd\/?page_id=3899"},"modified":"2024-05-22T11:04:20","modified_gmt":"2024-05-22T14:04:20","slug":"prope-programa-de-apoio-ao-acesso-e-permanencia-para-a-formacao-do-estudante-da-uel-documentos","status":"publish","type":"page","link":"https:\/\/sites.uel.br\/prograd\/prope-programa-de-apoio-ao-acesso-e-permanencia-para-a-formacao-do-estudante-da-uel-documentos\/","title":{"rendered":"PROPE (Programa de Apoio ao Acesso e Perman\u00eancia para a Forma\u00e7\u00e3o do Estudante da UEL)"},"content":{"rendered":"\n<hr class=\"wp-block-separator has-alpha-channel-opacity is-style-wide\"\/>\n\n\n\n<h2 class=\"wp-block-heading\">Documentos<\/h2>\n\n\n\n<h3 class=\"wp-block-heading\">Resolu\u00e7\u00f5es<\/h3>\n\n\n\n<div style=\"height:20px\" aria-hidden=\"true\" class=\"wp-block-spacer\"><\/div>\n\n\n\n<p><strong><a href=\"https:\/\/sites.uel.br\/prograd\/wp-content\/uploads\/documentos\/resolucoes\/2017\/resolucao_143_17.pdf\" target=\"_blank\" rel=\"noreferrer noopener\">Resolu\u00e7\u00e3o CEPE\/CA n\u00ba 143\/2017<\/a><\/strong><br>Altera o Art. 4, \u00a7 3\u00ba, da Resolu\u00e7\u00e3o CEPE\/CA N\u00ba 011\/2016, que disp\u00f5e sobre o Programa de Apoio ao Acesso e Perman\u00eancia para a Forma\u00e7\u00e3o do Estudante da UEL (PROPE)<\/p>\n\n\n\n<p><strong><a href=\"https:\/\/sites.uel.br\/prograd\/wp-content\/uploads\/documentos\/resolucoes\/2016\/resolucao_11_16.pdf\" target=\"_blank\" rel=\"noreferrer noopener\">Resolu\u00e7\u00e3o CEPE\/CA n\u00ba 11\/2016<\/a><\/strong><br>Reformula o Programa de Apoio ao Acesso e Perman\u00eancia para a Forma\u00e7\u00e3o do Estudante da UEL (PROPE)<\/p>\n\n\n\n<p><strong><a href=\"https:\/\/sites.uel.br\/prograd\/wp-content\/uploads\/documentos\/resolucoes\/2015\/resolucao_15_15.pdf\" target=\"_blank\" rel=\"noreferrer noopener\">Resolu\u00e7\u00e3o CA n\u00ba 15\/2015<\/a><\/strong><br>Altera as modalidades de bolsa para rec\u00e9m-graduados e para graduandos na Universidade Estadual de Londrina para o Programa PROPE<\/p>\n\n\n\n<p><strong><a href=\"https:\/\/sites.uel.br\/prograd\/wp-content\/uploads\/documentos\/resolucoes\/2015\/resolucao_14_15.pdf\" target=\"_blank\" rel=\"noreferrer noopener\">Resolu\u00e7\u00e3o CEPE\/CA n\u00ba 14\/2015<\/a><\/strong><br>Reformula o Programa de Apoio ao Acesso e Perman\u00eancia para a Forma\u00e7\u00e3o do Estudante da UEL (PROPE)<\/p>\n\n\n\n<p><strong><a href=\"https:\/\/sites.uel.br\/prograd\/wp-content\/uploads\/documentos\/resolucoes\/2014\/resolucao_122_14.pdf\" target=\"_blank\" rel=\"noreferrer noopener\">Resolu\u00e7\u00e3o CA n\u00ba 122\/2014<\/a><\/strong><br>Altera as modalidades de bolsa para rec\u00e9m-graduados e para graduandos na Universidade Estadual de Londrina para o Programa PROPE<\/p>\n\n\n\n<p><strong><a href=\"https:\/\/sites.uel.br\/prograd\/wp-content\/uploads\/documentos\/resolucoes\/2013\/resolucao_83_13.pdf\" target=\"_blank\" rel=\"noreferrer noopener\">Resolu\u00e7\u00e3o CEPE\/CA n\u00ba 083\/2013<\/a><\/strong><br>Institui e Regulamenta o Programa de Apoio ao Acesso e Perman\u00eancia para a Forma\u00e7\u00e3o do Estudante da UEL (PROPE)<\/p>\n\n\n\n<p><strong><a href=\"https:\/\/sites.uel.br\/prograd\/wp-content\/uploads\/documentos\/resolucoes\/2013\/resolucao_90_13.pdf\" target=\"_blank\" rel=\"noreferrer noopener\">Resolu\u00e7\u00e3o CEPE n\u00ba 090\/2013<\/a><\/strong><br>Cria as modalidades de bolsa para rec\u00e9m-graduados e para graduandos na Universidade Estadual de Londrina para o Programa PROPE<\/p>\n\n\n\n<div style=\"height:20px\" aria-hidden=\"true\" class=\"wp-block-spacer\"><\/div>\n\n\n\n<h3 class=\"wp-block-heading\">Portarias<\/h3>\n\n\n\n<div style=\"height:20px\" aria-hidden=\"true\" class=\"wp-block-spacer\"><\/div>\n\n\n\n<p><a href=\"https:\/\/sites.uel.br\/prograd\/wp-content\/uploads\/prope\/documentos\/portaria_1566_2021.pdf\" target=\"_blank\" rel=\"noreferrer noopener\"><strong>Portaria n\u00ba 1566\/2021<\/strong><\/a><br>Designa\u00e7\u00e3o para integrar o Grupo Gestor do Programa de Apoio ao Acesso e Perman\u00eancia para a Forma\u00e7\u00e3o do Estudante da UEL-PROPE<\/p>\n\n\n\n<p><a href=\"https:\/\/sites.uel.br\/prograd\/wp-content\/uploads\/prope\/documentos\/portaria_1563_2021.pdf\" target=\"_blank\" rel=\"noreferrer noopener\"><strong>Portaria n\u00ba 1563\/2021<\/strong><\/a><br>Constituir o Grupo Gestor do Programa de Apoio ao Acesso e Perman\u00eancia para a Forma\u00e7\u00e3o do Estudante da UEL-PROPE<\/p>\n\n\n\n<p><a href=\"https:\/\/sites.uel.br\/prograd\/wp-content\/uploads\/prope\/documentos\/portaria_1686_2019.pdf\" target=\"_blank\" rel=\"noreferrer noopener\"><strong>Portaria n\u00ba 1686\/2019<\/strong><\/a><br>Constituir o Grupo Gestor do Programa de Apoio ao Acesso e Perman\u00eancia para a Forma\u00e7\u00e3o do Estudante da UEL-PROPE<\/p>\n\n\n\n<p><a href=\"https:\/\/sites.uel.br\/prograd\/wp-content\/uploads\/prope\/documentos\/portaria_1808_2018.pdf\" target=\"_blank\" rel=\"noreferrer noopener\"><strong>Portaria n\u00ba 1808\/2018<\/strong><\/a><br>Designa\u00e7\u00e3o para integrar o Grupo Gestor do Programa de Apoio ao Acesso e Perman\u00eancia para a Forma\u00e7\u00e3o do Estudante da UEL-PROPE<\/p>\n\n\n\n<p><a href=\"https:\/\/sites.uel.br\/prograd\/wp-content\/uploads\/prope\/documentos\/portaria_184_2018.pdf\" target=\"_blank\" rel=\"noreferrer noopener\"><strong>Portaria n\u00ba 184\/2018<\/strong><\/a><br>Constitui\u00e7\u00e3o do Grupo Gestor do Programa de Apoio ao Acesso e Perman\u00eancia para a Forma\u00e7\u00e3o do Estudante da UEL-PROPE<\/p>\n","protected":false},"excerpt":{"rendered":"<p>Documentos Resolu\u00e7\u00f5es Resolu\u00e7\u00e3o CEPE\/CA n\u00ba 143\/2017Altera o Art. 4, \u00a7 3\u00ba, da Resolu\u00e7\u00e3o CEPE\/CA N\u00ba 011\/2016, que disp\u00f5e sobre o Programa de Apoio ao Acesso e Perman\u00eancia para a Forma\u00e7\u00e3o do Estudante da UEL (PROPE) Resolu\u00e7\u00e3o CEPE\/CA n\u00ba 11\/2016Reformula o Programa de Apoio ao Acesso e Perman\u00eancia para a Forma\u00e7\u00e3o do Estudante da UEL (PROPE) [&hellip;]<\/p>\n","protected":false},"author":8,"featured_media":0,"parent":0,"menu_order":0,"comment_status":"closed","ping_status":"closed","template":"","meta":{"_acf_changed":false,"_themeisle_gutenberg_block_has_review":false,"footnotes":""},"class_list":["post-3899","page","type-page","status-publish","hentry"],"acf":[],"_links":{"self":[{"href":"https:\/\/sites.uel.br\/prograd\/wp-json\/wp\/v2\/pages\/3899","targetHints":{"allow":["GET"]}}],"collection":[{"href":"https:\/\/sites.uel.br\/prograd\/wp-json\/wp\/v2\/pages"}],"about":[{"href":"https:\/\/sites.uel.br\/prograd\/wp-json\/wp\/v2\/types\/page"}],"author":[{"embeddable":true,"href":"https:\/\/sites.uel.br\/prograd\/wp-json\/wp\/v2\/users\/8"}],"replies":[{"embeddable":true,"href":"https:\/\/sites.uel.br\/prograd\/wp-json\/wp\/v2\/comments?post=3899"}],"version-history":[{"count":14,"href":"https:\/\/sites.uel.br\/prograd\/wp-json\/wp\/v2\/pages\/3899\/revisions"}],"predecessor-version":[{"id":30046,"href":"https:\/\/sites.uel.br\/prograd\/wp-json\/wp\/v2\/pages\/3899\/revisions\/30046"}],"wp:attachment":[{"href":"https:\/\/sites.uel.br\/prograd\/wp-json\/wp\/v2\/media?parent=3899"}],"curies":[{"name":"wp","href":"https:\/\/api.w.org\/{rel}","templated":true}]}}