{"id":388,"date":"2023-01-26T14:29:08","date_gmt":"2023-01-26T17:29:08","guid":{"rendered":"https:\/\/sites.uel.br\/prograd\/?page_id=388"},"modified":"2024-06-18T10:34:48","modified_gmt":"2024-06-18T13:34:48","slug":"canais-de-atendimento-telefones","status":"publish","type":"page","link":"https:\/\/sites.uel.br\/prograd\/canais-de-atendimento-telefones\/","title":{"rendered":"Canais de Atendimento"},"content":{"rendered":"\n<hr class=\"wp-block-separator has-alpha-channel-opacity is-style-wide\"\/>\n\n\n\n<h2 class=\"wp-block-heading\">Telefones<\/h2>\n\n\n\n<figure class=\"wp-block-table\"><table class=\"has-verde-claro-background-color has-background\"><tbody><tr><td class=\"has-text-align-center\" data-align=\"center\">Estes telefones correspondem <strong>apenas aos ramais da Pr\u00f3-Reitoria de Gradua\u00e7\u00e3o da UEL<\/strong>.<br>Para consultar outros n\u00fameros, <strong><a href=\"https:\/\/sites.uel.br\/proplan\/lista-telefonica-da-uel\/\" target=\"_blank\" rel=\"noreferrer noopener\">acesse aqui<\/a><\/strong> a lista telef\u00f4nica da Universidade.<br>A UEL n\u00e3o possui telefonista para atendimento geral.<\/td><\/tr><\/tbody><\/table><\/figure>\n\n\n\n<figure class=\"wp-block-table is-style-regular\"><table class=\"has-fixed-layout\"><thead><tr><th class=\"has-text-align-center\" data-align=\"center\"><strong>SETOR<\/strong><\/th><th class=\"has-text-align-center\" data-align=\"center\"><strong>TELEFONE(S)<\/strong><\/th><\/tr><\/thead><tbody><tr><td class=\"has-text-align-center\" data-align=\"center\">Secretaria<\/td><td class=\"has-text-align-center\" data-align=\"center\">3371-4746<\/td><\/tr><\/tbody><\/table><\/figure>\n\n\n\n<figure class=\"wp-block-table is-style-regular\"><table class=\"has-cinza-claro-background-color has-background\"><tbody><tr><td class=\"has-text-align-center\" data-align=\"center\"><strong>DIRETORIA DE APOIO \u00c0 A\u00c7\u00c3O PEDAG\u00d3GICA<\/strong><\/td><\/tr><\/tbody><\/table><\/figure>\n\n\n\n<figure class=\"wp-block-table is-style-regular\"><table class=\"has-fixed-layout\"><thead><tr><th class=\"has-text-align-center\" data-align=\"center\"><strong>DIVIS\u00c3O<\/strong>\/SETOR<\/th><th class=\"has-text-align-center\" data-align=\"center\"><strong>TELEFONE(S)<\/strong><\/th><\/tr><\/thead><tbody><tr><td class=\"has-text-align-center\" data-align=\"center\">Divis\u00e3o Central de Est\u00e1gios e Interc\u00e2mbios (DCEI)<\/td><td class=\"has-text-align-center\" data-align=\"center\">3371-4900<br>3371-4373<\/td><\/tr><tr><td class=\"has-text-align-center\" data-align=\"center\">Divis\u00e3o de Colegiados de Cursos e Curr\u00edculos (DCC)<\/td><td class=\"has-text-align-center\" data-align=\"center\">3371-4403<br>3371-4473<\/td><\/tr><tr><td class=\"has-text-align-center\" data-align=\"center\">Divis\u00e3o de Pol\u00edticas de Gradua\u00e7\u00e3o (DPG)<\/td><td class=\"has-text-align-center\" data-align=\"center\">3371-4363<br>3371-4353<\/td><\/tr><tr><td class=\"has-text-align-center\" data-align=\"center\">N\u00facleo de Acessibilidade (NAC)<\/td><td class=\"has-text-align-center\" data-align=\"center\">3371-4148<br>3371-4325<\/td><\/tr><tr><td class=\"has-text-align-center\" data-align=\"center\">N\u00facleo de Acessibilidade (NAC &#8211; LIBRAS)<\/td><td class=\"has-text-align-center\" data-align=\"center\">3371-4703<\/td><\/tr><\/tbody><\/table><\/figure>\n\n\n\n<figure class=\"wp-block-table is-style-regular\"><table class=\"has-cinza-claro-background-color has-background\"><tbody><tr><td class=\"has-text-align-center\" data-align=\"center\"><strong>DIRETORIA DE ASSUNTOS ACAD\u00caMICOS<\/strong><\/td><\/tr><\/tbody><\/table><\/figure>\n\n\n\n<figure class=\"wp-block-table is-style-regular\"><table class=\"has-fixed-layout\"><thead><tr><th class=\"has-text-align-center\" data-align=\"center\"><strong>DIVIS\u00c3O<\/strong>\/SETOR<\/th><th class=\"has-text-align-center\" data-align=\"center\"><strong>TELEFONE(S)<\/strong><\/th><\/tr><\/thead><tbody><tr><td class=\"has-text-align-center\" data-align=\"center\">Setor de Atendimento &#8211; balc\u00e3o (DAA\/PROGRAD)<br><strong>Obs: n\u00e3o \u00e9 telefone geral da UEL<\/strong>. <br>Para consultar outros n\u00fameros,&nbsp;<strong><a href=\"https:\/\/sites.uel.br\/proplan\/lista-telefonica-da-uel\/\" target=\"_blank\" rel=\"noreferrer noopener\">acesse aqui<\/a><\/strong>&nbsp;a lista telef\u00f4nica da Universidade.<\/td><td class=\"has-text-align-center\" data-align=\"center\">3371-4333<\/td><\/tr><tr><td class=\"has-text-align-center\" data-align=\"center\">Setor de Inform\u00e1tica (DAA)<br><br><em><strong>ATEN\u00c7\u00c3O: <\/strong><\/em><br><br><em><strong>Para suporte ao usu\u00e1rio (estudantes e docentes), entrar em contato com a Assessoria de Tecnologia de Informa\u00e7\u00e3o &#8211; ATI, <a href=\"https:\/\/sites.uel.br\/ati\/atendimento\/\" target=\"_blank\" rel=\"noreferrer noopener\">acesse aqui<\/a>. <\/strong><\/em><br><br><em><strong>Para suporte \u00e0 Pauta Eletr\u00f4nica &#8211; Divis\u00e3o de Registro &#8211; PRORAD (4453\/4433)<\/strong><\/em><\/td><td class=\"has-text-align-center\" data-align=\"center\">3371-4187<\/td><\/tr><tr><td class=\"has-text-align-center\" data-align=\"center\">Divis\u00e3o de Apoio T\u00e9cnico (DAT)<\/td><td class=\"has-text-align-center\" data-align=\"center\">3371-4423<br>3371-4303<\/td><\/tr><tr><td class=\"has-text-align-center\" data-align=\"center\">Divis\u00e3o de Arquivo Geral (DAG)<\/td><td class=\"has-text-align-center\" data-align=\"center\">3371-4343<\/td><\/tr><tr><td class=\"has-text-align-center\" data-align=\"center\">Divis\u00e3o Especial de Registro de Diplomas (DERD)<\/td><td class=\"has-text-align-center\" data-align=\"center\">3371-4383<br>3371-4443<\/td><\/tr><tr><td class=\"has-text-align-center\" data-align=\"center\">Divis\u00e3o de Matr\u00edcula e Documenta\u00e7\u00e3o (DMD)<\/td><td class=\"has-text-align-center\" data-align=\"center\">3371-4413<br>3371-4716<\/td><\/tr><tr><td class=\"has-text-align-center\" data-align=\"center\">Divis\u00e3o de Registro (DR)<\/td><td class=\"has-text-align-center\" data-align=\"center\">3371-4453<br>3371-4433<\/td><\/tr><\/tbody><\/table><\/figure>\n\n\n\n<p>Obs: o DDD para a cidade de Londrina (PR) \u00e9 43.<\/p>\n","protected":false},"excerpt":{"rendered":"<p>Telefones Estes telefones correspondem apenas aos ramais da Pr\u00f3-Reitoria de Gradua\u00e7\u00e3o da UEL.Para consultar outros n\u00fameros, acesse aqui a lista telef\u00f4nica da Universidade.A UEL n\u00e3o possui telefonista para atendimento geral. SETOR TELEFONE(S) Secretaria 3371-4746 DIRETORIA DE APOIO \u00c0 A\u00c7\u00c3O PEDAG\u00d3GICA DIVIS\u00c3O\/SETOR TELEFONE(S) Divis\u00e3o Central de Est\u00e1gios e Interc\u00e2mbios (DCEI) 3371-49003371-4373 Divis\u00e3o de Colegiados de Cursos [&hellip;]<\/p>\n","protected":false},"author":8,"featured_media":0,"parent":0,"menu_order":0,"comment_status":"closed","ping_status":"closed","template":"","meta":{"_acf_changed":false,"_themeisle_gutenberg_block_has_review":false,"footnotes":""},"class_list":["post-388","page","type-page","status-publish","hentry"],"acf":[],"_links":{"self":[{"href":"https:\/\/sites.uel.br\/prograd\/wp-json\/wp\/v2\/pages\/388","targetHints":{"allow":["GET"]}}],"collection":[{"href":"https:\/\/sites.uel.br\/prograd\/wp-json\/wp\/v2\/pages"}],"about":[{"href":"https:\/\/sites.uel.br\/prograd\/wp-json\/wp\/v2\/types\/page"}],"author":[{"embeddable":true,"href":"https:\/\/sites.uel.br\/prograd\/wp-json\/wp\/v2\/users\/8"}],"replies":[{"embeddable":true,"href":"https:\/\/sites.uel.br\/prograd\/wp-json\/wp\/v2\/comments?post=388"}],"version-history":[{"count":49,"href":"https:\/\/sites.uel.br\/prograd\/wp-json\/wp\/v2\/pages\/388\/revisions"}],"predecessor-version":[{"id":30725,"href":"https:\/\/sites.uel.br\/prograd\/wp-json\/wp\/v2\/pages\/388\/revisions\/30725"}],"wp:attachment":[{"href":"https:\/\/sites.uel.br\/prograd\/wp-json\/wp\/v2\/media?parent=388"}],"curies":[{"name":"wp","href":"https:\/\/api.w.org\/{rel}","templated":true}]}}