{"id":3870,"date":"2023-04-14T11:32:11","date_gmt":"2023-04-14T14:32:11","guid":{"rendered":"https:\/\/sites.uel.br\/prograd\/?page_id=3870"},"modified":"2024-05-21T16:02:27","modified_gmt":"2024-05-21T19:02:27","slug":"enade-objetivos","status":"publish","type":"page","link":"https:\/\/sites.uel.br\/prograd\/estudante\/enade\/enade-objetivos\/","title":{"rendered":"Enade (Exame Nacional de Desempenho dos Estudante)"},"content":{"rendered":"\n<hr class=\"wp-block-separator has-alpha-channel-opacity is-style-wide\"\/>\n\n\n\n<h3 class=\"wp-block-heading\">Objetivos<\/h3>\n\n\n\n<div style=\"height:20px\" aria-hidden=\"true\" class=\"wp-block-spacer\"><\/div>\n\n\n\n<p><strong>O objetivo do Enade<\/strong>&nbsp;\u00e9 avaliar o desempenho dos estudantes com rela\u00e7\u00e3o aos conte\u00fados program\u00e1ticos previstos nas diretrizes curriculares dos cursos de gradua\u00e7\u00e3o, o desenvolvimento de compet\u00eancias e habilidades necess\u00e1rias ao aprofundamento da forma\u00e7\u00e3o geral e profissional, e o n\u00edvel de atualiza\u00e7\u00e3o dos estudantes com rela\u00e7\u00e3o \u00e0 realidade brasileira e mundial, integrando o Sinaes, juntamente com a avalia\u00e7\u00e3o institucional e a avalia\u00e7\u00e3o dos cursos de gradua\u00e7\u00e3o.&nbsp;<\/p>\n","protected":false},"excerpt":{"rendered":"<p>Objetivos O objetivo do Enade&nbsp;\u00e9 avaliar o desempenho dos estudantes com rela\u00e7\u00e3o aos conte\u00fados program\u00e1ticos previstos nas diretrizes curriculares dos cursos de gradua\u00e7\u00e3o, o desenvolvimento de compet\u00eancias e habilidades necess\u00e1rias ao aprofundamento da forma\u00e7\u00e3o geral e profissional, e o n\u00edvel de atualiza\u00e7\u00e3o dos estudantes com rela\u00e7\u00e3o \u00e0 realidade brasileira e mundial, integrando o Sinaes, juntamente [&hellip;]<\/p>\n","protected":false},"author":8,"featured_media":0,"parent":120,"menu_order":0,"comment_status":"closed","ping_status":"closed","template":"","meta":{"_acf_changed":false,"_themeisle_gutenberg_block_has_review":false,"footnotes":""},"class_list":["post-3870","page","type-page","status-publish","hentry"],"acf":[],"_links":{"self":[{"href":"https:\/\/sites.uel.br\/prograd\/wp-json\/wp\/v2\/pages\/3870","targetHints":{"allow":["GET"]}}],"collection":[{"href":"https:\/\/sites.uel.br\/prograd\/wp-json\/wp\/v2\/pages"}],"about":[{"href":"https:\/\/sites.uel.br\/prograd\/wp-json\/wp\/v2\/types\/page"}],"author":[{"embeddable":true,"href":"https:\/\/sites.uel.br\/prograd\/wp-json\/wp\/v2\/users\/8"}],"replies":[{"embeddable":true,"href":"https:\/\/sites.uel.br\/prograd\/wp-json\/wp\/v2\/comments?post=3870"}],"version-history":[{"count":10,"href":"https:\/\/sites.uel.br\/prograd\/wp-json\/wp\/v2\/pages\/3870\/revisions"}],"predecessor-version":[{"id":30024,"href":"https:\/\/sites.uel.br\/prograd\/wp-json\/wp\/v2\/pages\/3870\/revisions\/30024"}],"up":[{"embeddable":true,"href":"https:\/\/sites.uel.br\/prograd\/wp-json\/wp\/v2\/pages\/120"}],"wp:attachment":[{"href":"https:\/\/sites.uel.br\/prograd\/wp-json\/wp\/v2\/media?parent=3870"}],"curies":[{"name":"wp","href":"https:\/\/api.w.org\/{rel}","templated":true}]}}