{"id":3869,"date":"2023-04-14T11:32:02","date_gmt":"2023-04-14T14:32:02","guid":{"rendered":"https:\/\/sites.uel.br\/prograd\/?page_id=3869"},"modified":"2024-05-21T16:02:23","modified_gmt":"2024-05-21T19:02:23","slug":"enade-apresentacao","status":"publish","type":"page","link":"https:\/\/sites.uel.br\/prograd\/estudante\/enade\/enade-apresentacao\/","title":{"rendered":"Enade (Exame Nacional de Desempenho dos Estudante)"},"content":{"rendered":"\n<hr class=\"wp-block-separator has-alpha-channel-opacity is-style-wide\"\/>\n\n\n\n<h3 class=\"wp-block-heading\">Apresenta\u00e7\u00e3o<\/h3>\n\n\n\n<div style=\"height:20px\" aria-hidden=\"true\" class=\"wp-block-spacer\"><\/div>\n\n\n\n<p>O&nbsp;<strong>Exame Nacional de Desempenho de Estudantes (Enade)<\/strong>, que integra o&nbsp;<strong><a href=\"http:\/\/portal.mec.gov.br\/component\/content\/270-programas-e-acoes-1921564125\/sinaes-2075672111\/12303-sistema-nacional-de-avaliacao-da-educacao-superior-sinaes\" target=\"_blank\" rel=\"noreferrer noopener\">Sistema Nacional de Avalia\u00e7\u00e3o da Educa\u00e7\u00e3o Superior (Sinaes)<\/a>,<\/strong>&nbsp;tem o objetivo de aferir o rendimento dos alunos dos cursos de gradua\u00e7\u00e3o em rela\u00e7\u00e3o aos conte\u00fados program\u00e1ticos, suas habilidades e compet\u00eancias.<\/p>\n\n\n\n<p>O&nbsp;<strong>Enade<\/strong>&nbsp;a partir de 2009 passa a ser universal, todos os estudantes ingressantes e concluintes dos cursos de gradua\u00e7\u00e3o avaliados dever\u00e3o realizar a prova e a participa\u00e7\u00e3o no Exame constar\u00e1 no hist\u00f3rico escolar do estudante ou, quando for o caso, sua dispensa pelo MEC.<\/p>\n\n\n\n<div style=\"height:40px\" aria-hidden=\"true\" class=\"wp-block-spacer\"><\/div>\n\n\n\n<h3 class=\"wp-block-heading has-text-align-left\"><strong>C<\/strong>omponente curricular obrigat\u00f3rio\/obrigatoriedade da participa\u00e7\u00e3o do estudante no ENADE<\/h3>\n\n\n\n<p>Tendo em vista o disposto no \u00a75\u00ba, artigo 5\u00ba&nbsp;da Lei n\u00ba 10.861 de 14 de abril de 2004, o Enade \u00e9 componente curricular obrigat\u00f3rio aos cursos de gradua\u00e7\u00e3o, sendo inscrita no hist\u00f3rico escolar do estudante a sua participa\u00e7\u00e3o regular com rela\u00e7\u00e3o a essa obriga\u00e7\u00e3o, atestada pela sua efetiva participa\u00e7\u00e3o ou, quando for o caso, dispensa oficial pela Minist\u00e9rio da Educa\u00e7\u00e3o, na forma estabelecida em regulamento.<br><br>Portanto, caso o estudante&nbsp;seja selecionado para fazer o exame do Enade, sua participa\u00e7\u00e3o \u00e9 obrigat\u00f3ria. No caso de aus\u00eancia, o estudante n\u00e3o poder\u00e1 colar grau nem receber o diploma.<\/p>\n\n\n\n<div style=\"height:40px\" aria-hidden=\"true\" class=\"wp-block-spacer\"><\/div>\n\n\n\n<h3 class=\"wp-block-heading\"><strong><strong>Caracter\u00edsticas da prova<\/strong><\/strong><\/h3>\n\n\n\n<p>\u00c9 aplicada, como prova \u00fanica, a ingressantes e concluintes;<\/p>\n\n\n\n<p>\u00c9 constru\u00edda com base no perfil do&nbsp;curso;<\/p>\n\n\n\n<p>\u00c9 aplicada a cada ano a estudantes de diferentes grupos de \u00e1rea;<\/p>\n\n\n\n<p>\u00c9 elaborada, aplicada e corrigida por institui\u00e7\u00f5es, contratadas pelo INEP, por meio de processo licitat\u00f3rio.<\/p>\n\n\n\n<div style=\"height:40px\" aria-hidden=\"true\" class=\"wp-block-spacer\"><\/div>\n\n\n\n<h3 class=\"wp-block-heading\">Partes da prova<\/h3>\n\n\n\n<p>Forma\u00e7\u00e3o Geral:&nbsp;&nbsp;10 (dez) quest\u00f5es, sendo 2 (duas) discursivas e 8 (oito) de m\u00faltipla escolha, envolvendo situa\u00e7\u00f5es-problema e estudos de casos.<\/p>\n\n\n\n<p>Espec\u00edfico da \u00e1rea: 30 (trinta) quest\u00f5es, sendo 3 (tr\u00eas) discursivas e 27 (vinte e sete) de m\u00faltipla escolha, envolvendo situa\u00e7\u00f5es-problema e estudos de casos.<\/p>\n\n\n\n<div style=\"height:40px\" aria-hidden=\"true\" class=\"wp-block-spacer\"><\/div>\n\n\n\n<h3 class=\"wp-block-heading\">O que \u00e9 avaliado<\/h3>\n\n\n\n<p>O desempenho com rela\u00e7\u00e3o aos conte\u00fados program\u00e1ticos previstos nas diretrizes curriculares das \u00e1reas;<br><br>O desenvolvimento de compet\u00eancias e habilidades necess\u00e1rias ao aprofundamento profissional e \u00e0 forma\u00e7\u00e3o geral.<\/p>\n","protected":false},"excerpt":{"rendered":"<p>Apresenta\u00e7\u00e3o O&nbsp;Exame Nacional de Desempenho de Estudantes (Enade), que integra o&nbsp;Sistema Nacional de Avalia\u00e7\u00e3o da Educa\u00e7\u00e3o Superior (Sinaes),&nbsp;tem o objetivo de aferir o rendimento dos alunos dos cursos de gradua\u00e7\u00e3o em rela\u00e7\u00e3o aos conte\u00fados program\u00e1ticos, suas habilidades e compet\u00eancias. O&nbsp;Enade&nbsp;a partir de 2009 passa a ser universal, todos os estudantes ingressantes e concluintes dos cursos [&hellip;]<\/p>\n","protected":false},"author":8,"featured_media":0,"parent":120,"menu_order":0,"comment_status":"closed","ping_status":"closed","template":"","meta":{"_acf_changed":false,"_themeisle_gutenberg_block_has_review":false,"footnotes":""},"class_list":["post-3869","page","type-page","status-publish","hentry"],"acf":[],"_links":{"self":[{"href":"https:\/\/sites.uel.br\/prograd\/wp-json\/wp\/v2\/pages\/3869","targetHints":{"allow":["GET"]}}],"collection":[{"href":"https:\/\/sites.uel.br\/prograd\/wp-json\/wp\/v2\/pages"}],"about":[{"href":"https:\/\/sites.uel.br\/prograd\/wp-json\/wp\/v2\/types\/page"}],"author":[{"embeddable":true,"href":"https:\/\/sites.uel.br\/prograd\/wp-json\/wp\/v2\/users\/8"}],"replies":[{"embeddable":true,"href":"https:\/\/sites.uel.br\/prograd\/wp-json\/wp\/v2\/comments?post=3869"}],"version-history":[{"count":16,"href":"https:\/\/sites.uel.br\/prograd\/wp-json\/wp\/v2\/pages\/3869\/revisions"}],"predecessor-version":[{"id":30023,"href":"https:\/\/sites.uel.br\/prograd\/wp-json\/wp\/v2\/pages\/3869\/revisions\/30023"}],"up":[{"embeddable":true,"href":"https:\/\/sites.uel.br\/prograd\/wp-json\/wp\/v2\/pages\/120"}],"wp:attachment":[{"href":"https:\/\/sites.uel.br\/prograd\/wp-json\/wp\/v2\/media?parent=3869"}],"curies":[{"name":"wp","href":"https:\/\/api.w.org\/{rel}","templated":true}]}}