{"id":3812,"date":"2023-04-14T10:27:53","date_gmt":"2023-04-14T13:27:53","guid":{"rendered":"https:\/\/sites.uel.br\/prograd\/?page_id=3812"},"modified":"2026-03-24T10:42:27","modified_gmt":"2026-03-24T13:42:27","slug":"cuia-comissao-universidade-para-os-indigenas-legislacao","status":"publish","type":"page","link":"https:\/\/sites.uel.br\/prograd\/graduacao\/acoes-afirmativas\/cuia-comissao-universidade-para-os-indigenas-legislacao\/","title":{"rendered":"CUIA (Comiss\u00e3o Universidade Para os Ind\u00edgenas)"},"content":{"rendered":"\n<hr class=\"wp-block-separator has-alpha-channel-opacity is-style-wide\"\/>\n\n\n\n<h3 class=\"wp-block-heading\">LEGISLA\u00c7\u00c3O<\/h3>\n\n\n\n<div style=\"height:20px\" aria-hidden=\"true\" class=\"wp-block-spacer\"><\/div>\n\n\n\n<p><strong>Portarias UEL:<\/strong><\/p>\n\n\n\n<p><a href=\"https:\/\/sites.uel.br\/prograd\/wp-content\/uploads\/cuia\/documentos\/portaria_690_26.pdf\" target=\"_blank\" rel=\"noreferrer noopener\">Portaria N\u00ba 690\/2026<\/a><\/p>\n\n\n\n<p><a href=\"https:\/\/sites.uel.br\/prograd\/wp-content\/uploads\/cuia\/documentos\/portaria_1456_25.pdf\" target=\"_blank\" rel=\"noreferrer noopener\">Portaria N\u00ba 1456\/2025<\/a><\/p>\n\n\n\n<p><a href=\"https:\/\/sites.uel.br\/prograd\/wp-content\/uploads\/cuia\/documentos\/portaria_1150_25.pdf\" target=\"_blank\" rel=\"noreferrer noopener\">Portaria N\u00ba 1150\/2025<\/a><\/p>\n\n\n\n<p><a href=\"https:\/\/sites.uel.br\/prograd\/wp-content\/uploads\/cuia\/documentos\/portaria_1149_25.pdf\" target=\"_blank\" rel=\"noreferrer noopener\">Portaria N\u00ba 1149\/2025<\/a><\/p>\n\n\n\n<p><a href=\"https:\/\/sites.uel.br\/prograd\/wp-content\/uploads\/cuia\/documentos\/portaria_1148_25.pdf\" target=\"_blank\" rel=\"noreferrer noopener\">Portaria N\u00ba 1148\/2025<\/a><\/p>\n\n\n\n<p><a href=\"https:\/\/sites.uel.br\/prograd\/wp-content\/uploads\/cuia\/documentos\/portaria_471_25.pdf\" target=\"_blank\" rel=\"noreferrer noopener\">Portaria N\u00ba 471\/2025<\/a><\/p>\n\n\n\n<p><a href=\"https:\/\/sites.uel.br\/prograd\/wp-content\/uploads\/cuia\/documentos\/portaria_3568_24.pdf\" target=\"_blank\" rel=\"noreferrer noopener\">Portaria N\u00ba 3568\/2024<\/a><\/p>\n\n\n\n<p><a href=\"https:\/\/sites.uel.br\/prograd\/wp-content\/uploads\/cuia\/documentos\/portaria_3305_24.pdf\" target=\"_blank\" rel=\"noreferrer noopener\">Portaria N\u00ba 3305\/2024<\/a><\/p>\n\n\n\n<p><a href=\"https:\/\/sites.uel.br\/prograd\/wp-content\/uploads\/cuia\/documentos\/portaria_2631_24.pdf\" target=\"_blank\" rel=\"noreferrer noopener\">Portaria N\u00ba 2631\/2024<\/a><\/p>\n\n\n\n<p><a href=\"https:\/\/sites.uel.br\/prograd\/wp-content\/uploads\/cuia\/documentos\/portaria_1647_24.pdf\" target=\"_blank\" rel=\"noreferrer noopener\">Portaria N\u00ba 1647\/2024<\/a><\/p>\n\n\n\n<p><a href=\"https:\/\/sites.uel.br\/prograd\/wp-content\/uploads\/cuia\/documentos\/portaria_1648_24.pdf\" target=\"_blank\" rel=\"noreferrer noopener\">Portaria N\u00ba 1648\/2024<\/a><\/p>\n\n\n\n<p><\/p>\n\n\n\n<p><\/p>\n\n\n\n<div style=\"height:20px\" aria-hidden=\"true\" class=\"wp-block-spacer\"><\/div>\n\n\n\n<p><strong>Resolu\u00e7\u00f5es:<\/strong><\/p>\n\n\n\n<p><a href=\"https:\/\/sites.uel.br\/prograd\/wp-content\/uploads\/documentos\/resolucoes\/2022\/resolucao_103_22.pdf\" target=\"_blank\" rel=\"noreferrer noopener\">Resolu\u00e7\u00e3o CEPE\/CA n\u00ba 103\/2022 &#8211; Estabelece normas e procedimentos referentes \u00e0 Comiss\u00e3o Universidade para os Ind\u00edgenas da Universidade Estadual de Londrina (CUIA-UEL) e \u00e0 regula\u00e7\u00e3o do acesso e perman\u00eancia dos estudantes ind\u00edgenas da Universidade Estadual de Londrina (UEL)<\/a><\/p>\n\n\n\n<p><a href=\"https:\/\/sites.uel.br\/prograd\/wp-content\/uploads\/documentos\/resolucoes\/2022\/resolucao_18_22.pdf\" target=\"_blank\" rel=\"noreferrer noopener\">Resolu\u00e7\u00e3o CEPE\/CA n\u00ba 18\/2022 &#8211; Aprova o Projeto Pedag\u00f3gico do Curso Ciclo Intercultural de Inicia\u00e7\u00e3o Acad\u00eamica de Estudantes Ind\u00edgenas da Universidade Estadual de Londrina<\/a><\/p>\n\n\n\n<p><a href=\"http:\/\/sites.uel.br\/prograd\/wp-content\/uploads\/cuia\/documentos\/resolucao_23_2016_seti.pdf\" target=\"_blank\" rel=\"noreferrer noopener\">Resolu\u00e7\u00e3o n\u00ba 23\/2016 &#8211; SETI&nbsp;&#8211; Bolsa Ind\u00edgena<\/a><\/p>\n\n\n\n<div style=\"height:20px\" aria-hidden=\"true\" class=\"wp-block-spacer\"><\/div>\n\n\n\n<p><strong>Leis:<\/strong><\/p>\n\n\n\n<p><a href=\"http:\/\/sites.uel.br\/prograd\/wp-content\/uploads\/cuia\/documentos\/lei_14995_06.pdf\" target=\"_blank\" rel=\"noreferrer noopener\">Lei N\u00ba 14995 de 09 de janeiro de 2006<\/a><\/p>\n\n\n\n<p><a href=\"http:\/\/sites.uel.br\/prograd\/wp-content\/uploads\/cuia\/documentos\/lei_14453_07.pdf\" target=\"_blank\" rel=\"noreferrer noopener\">Lei N\u00ba 14453 de 07 de julho de 2004<\/a><\/p>\n\n\n\n<p><a rel=\"noreferrer noopener\" href=\"http:\/\/sites.uel.br\/prograd\/wp-content\/uploads\/cuia\/documentos\/lei_13134_2001.pdf\" target=\"_blank\">Lei N\u00ba 13134 de 18 de abril de 2001<\/a><\/p>\n\n\n\n<p><a href=\"https:\/\/sites.uel.br\/prograd\/wp-content\/uploads\/cuia\/documentos\/portaria_37_22.pdf\" target=\"_blank\" rel=\"noreferrer noopener\">Portaria SETI n\u00ba 37\/2022<\/a><\/p>\n\n\n\n<div style=\"height:20px\" aria-hidden=\"true\" class=\"wp-block-spacer\"><\/div>\n\n\n\n<p><strong>S\u00famulas:<\/strong><\/p>\n\n\n\n<p><a href=\"http:\/\/sites.uel.br\/prograd\/wp-content\/uploads\/cuia\/documentos\/sumula_leis_cuia.pdf\" target=\"_blank\" rel=\"noreferrer noopener\">S\u00famula de leis da CUIA<\/a><\/p>\n","protected":false},"excerpt":{"rendered":"<p>LEGISLA\u00c7\u00c3O Portarias UEL: Portaria N\u00ba 690\/2026 Portaria N\u00ba 1456\/2025 Portaria N\u00ba 1150\/2025 Portaria N\u00ba 1149\/2025 Portaria N\u00ba 1148\/2025 Portaria N\u00ba 471\/2025 Portaria N\u00ba 3568\/2024 Portaria N\u00ba 3305\/2024 Portaria N\u00ba 2631\/2024 Portaria N\u00ba 1647\/2024 Portaria N\u00ba 1648\/2024 Resolu\u00e7\u00f5es: Resolu\u00e7\u00e3o CEPE\/CA n\u00ba 103\/2022 &#8211; Estabelece normas e procedimentos referentes \u00e0 Comiss\u00e3o Universidade para os Ind\u00edgenas da Universidade [&hellip;]<\/p>\n","protected":false},"author":8,"featured_media":0,"parent":164,"menu_order":0,"comment_status":"closed","ping_status":"closed","template":"","meta":{"_acf_changed":false,"_themeisle_gutenberg_block_has_review":false,"footnotes":""},"class_list":["post-3812","page","type-page","status-publish","hentry"],"acf":[],"_links":{"self":[{"href":"https:\/\/sites.uel.br\/prograd\/wp-json\/wp\/v2\/pages\/3812","targetHints":{"allow":["GET"]}}],"collection":[{"href":"https:\/\/sites.uel.br\/prograd\/wp-json\/wp\/v2\/pages"}],"about":[{"href":"https:\/\/sites.uel.br\/prograd\/wp-json\/wp\/v2\/types\/page"}],"author":[{"embeddable":true,"href":"https:\/\/sites.uel.br\/prograd\/wp-json\/wp\/v2\/users\/8"}],"replies":[{"embeddable":true,"href":"https:\/\/sites.uel.br\/prograd\/wp-json\/wp\/v2\/comments?post=3812"}],"version-history":[{"count":29,"href":"https:\/\/sites.uel.br\/prograd\/wp-json\/wp\/v2\/pages\/3812\/revisions"}],"predecessor-version":[{"id":37084,"href":"https:\/\/sites.uel.br\/prograd\/wp-json\/wp\/v2\/pages\/3812\/revisions\/37084"}],"up":[{"embeddable":true,"href":"https:\/\/sites.uel.br\/prograd\/wp-json\/wp\/v2\/pages\/164"}],"wp:attachment":[{"href":"https:\/\/sites.uel.br\/prograd\/wp-json\/wp\/v2\/media?parent=3812"}],"curies":[{"name":"wp","href":"https:\/\/api.w.org\/{rel}","templated":true}]}}