{"id":3811,"date":"2023-04-14T10:27:43","date_gmt":"2023-04-14T13:27:43","guid":{"rendered":"https:\/\/sites.uel.br\/prograd\/?page_id=3811"},"modified":"2024-06-12T16:24:56","modified_gmt":"2024-06-12T19:24:56","slug":"cuia-comissao-universidade-para-os-indigenas-relatorios","status":"publish","type":"page","link":"https:\/\/sites.uel.br\/prograd\/graduacao\/acoes-afirmativas\/cuia-comissao-universidade-para-os-indigenas-relatorios\/","title":{"rendered":"CUIA (Comiss\u00e3o Universidade Para os Ind\u00edgenas)"},"content":{"rendered":"\n<hr class=\"wp-block-separator has-alpha-channel-opacity is-style-wide\"\/>\n\n\n\n<h3 class=\"wp-block-heading\">RELAT\u00d3RIOS<\/h3>\n\n\n\n<div style=\"height:20px\" aria-hidden=\"true\" class=\"wp-block-spacer\"><\/div>\n\n\n\n<p><a href=\"https:\/\/sites.uel.br\/prograd\/wp-content\/uploads\/cuia\/documentos\/relatorio_ix_vestibular_indigena.pdf\" target=\"_blank\" rel=\"noreferrer noopener\">Relat\u00f3rio IX Vestibular dos Povos Ind\u00edgenas no Paran\u00e1<\/a><\/p>\n\n\n\n<p><a href=\"https:\/\/sites.uel.br\/prograd\/wp-content\/uploads\/cuia\/documentos\/relatorio_vii_vestibular_indigena.pdf\" target=\"_blank\" rel=\"noreferrer noopener\">Relat\u00f3rio VIII Vestibular dos Povos Ind\u00edgenas no Paran\u00e1<\/a><\/p>\n\n\n\n<p>Relat\u00f3rio sobre os Estudantes Ind\u00edgenas<\/p>\n","protected":false},"excerpt":{"rendered":"<p>RELAT\u00d3RIOS Relat\u00f3rio IX Vestibular dos Povos Ind\u00edgenas no Paran\u00e1 Relat\u00f3rio VIII Vestibular dos Povos Ind\u00edgenas no Paran\u00e1 Relat\u00f3rio sobre os Estudantes Ind\u00edgenas<\/p>\n","protected":false},"author":8,"featured_media":0,"parent":164,"menu_order":0,"comment_status":"closed","ping_status":"closed","template":"","meta":{"_acf_changed":false,"_themeisle_gutenberg_block_has_review":false,"footnotes":""},"class_list":["post-3811","page","type-page","status-publish","hentry"],"acf":[],"_links":{"self":[{"href":"https:\/\/sites.uel.br\/prograd\/wp-json\/wp\/v2\/pages\/3811","targetHints":{"allow":["GET"]}}],"collection":[{"href":"https:\/\/sites.uel.br\/prograd\/wp-json\/wp\/v2\/pages"}],"about":[{"href":"https:\/\/sites.uel.br\/prograd\/wp-json\/wp\/v2\/types\/page"}],"author":[{"embeddable":true,"href":"https:\/\/sites.uel.br\/prograd\/wp-json\/wp\/v2\/users\/8"}],"replies":[{"embeddable":true,"href":"https:\/\/sites.uel.br\/prograd\/wp-json\/wp\/v2\/comments?post=3811"}],"version-history":[{"count":8,"href":"https:\/\/sites.uel.br\/prograd\/wp-json\/wp\/v2\/pages\/3811\/revisions"}],"predecessor-version":[{"id":30559,"href":"https:\/\/sites.uel.br\/prograd\/wp-json\/wp\/v2\/pages\/3811\/revisions\/30559"}],"up":[{"embeddable":true,"href":"https:\/\/sites.uel.br\/prograd\/wp-json\/wp\/v2\/pages\/164"}],"wp:attachment":[{"href":"https:\/\/sites.uel.br\/prograd\/wp-json\/wp\/v2\/media?parent=3811"}],"curies":[{"name":"wp","href":"https:\/\/api.w.org\/{rel}","templated":true}]}}