{"id":3810,"date":"2023-04-14T10:27:31","date_gmt":"2023-04-14T13:27:31","guid":{"rendered":"https:\/\/sites.uel.br\/prograd\/?page_id=3810"},"modified":"2024-06-12T16:24:53","modified_gmt":"2024-06-12T19:24:53","slug":"cuia-comissao-universidade-para-os-indigenas-vestibular","status":"publish","type":"page","link":"https:\/\/sites.uel.br\/prograd\/graduacao\/acoes-afirmativas\/cuia-comissao-universidade-para-os-indigenas-vestibular\/","title":{"rendered":"CUIA (Comiss\u00e3o Universidade Para os Ind\u00edgenas)"},"content":{"rendered":"\n<hr class=\"wp-block-separator has-alpha-channel-opacity is-style-wide\"\/>\n\n\n\n<h3 class=\"wp-block-heading\">VESTIBULAR<\/h3>\n\n\n\n<div style=\"height:20px\" aria-hidden=\"true\" class=\"wp-block-spacer\"><\/div>\n\n\n\n<p>XXII Vestibular dos Povos Ind\u00edgenas no Paran\u00e1<\/p>\n\n\n\n<p>XVIII Vestibular dos Povos Ind\u00edgenas no Paran\u00e1<\/p>\n\n\n\n<p>XVII Vestibular dos Povos Ind\u00edgenas no Paran\u00e1<\/p>\n\n\n\n<p>XVI Vestibular dos Povos Ind\u00edgenas no Paran\u00e1<\/p>\n\n\n\n<p>XV Vestibular dos Povos Ind\u00edgenas no Paran\u00e1<\/p>\n\n\n\n<p>XIV Vestibular dos Povos Ind\u00edgenas no Paran\u00e1<\/p>\n\n\n\n<p>VIII Vestibular dos Povos Ind\u00edgenas no Paran\u00e1<\/p>\n","protected":false},"excerpt":{"rendered":"<p>VESTIBULAR XXII Vestibular dos Povos Ind\u00edgenas no Paran\u00e1 XVIII Vestibular dos Povos Ind\u00edgenas no Paran\u00e1 XVII Vestibular dos Povos Ind\u00edgenas no Paran\u00e1 XVI Vestibular dos Povos Ind\u00edgenas no Paran\u00e1 XV Vestibular dos Povos Ind\u00edgenas no Paran\u00e1 XIV Vestibular dos Povos Ind\u00edgenas no Paran\u00e1 VIII Vestibular dos Povos Ind\u00edgenas no Paran\u00e1<\/p>\n","protected":false},"author":8,"featured_media":0,"parent":164,"menu_order":0,"comment_status":"closed","ping_status":"closed","template":"","meta":{"_acf_changed":false,"_themeisle_gutenberg_block_has_review":false,"footnotes":""},"class_list":["post-3810","page","type-page","status-publish","hentry"],"acf":[],"_links":{"self":[{"href":"https:\/\/sites.uel.br\/prograd\/wp-json\/wp\/v2\/pages\/3810","targetHints":{"allow":["GET"]}}],"collection":[{"href":"https:\/\/sites.uel.br\/prograd\/wp-json\/wp\/v2\/pages"}],"about":[{"href":"https:\/\/sites.uel.br\/prograd\/wp-json\/wp\/v2\/types\/page"}],"author":[{"embeddable":true,"href":"https:\/\/sites.uel.br\/prograd\/wp-json\/wp\/v2\/users\/8"}],"replies":[{"embeddable":true,"href":"https:\/\/sites.uel.br\/prograd\/wp-json\/wp\/v2\/comments?post=3810"}],"version-history":[{"count":7,"href":"https:\/\/sites.uel.br\/prograd\/wp-json\/wp\/v2\/pages\/3810\/revisions"}],"predecessor-version":[{"id":30558,"href":"https:\/\/sites.uel.br\/prograd\/wp-json\/wp\/v2\/pages\/3810\/revisions\/30558"}],"up":[{"embeddable":true,"href":"https:\/\/sites.uel.br\/prograd\/wp-json\/wp\/v2\/pages\/164"}],"wp:attachment":[{"href":"https:\/\/sites.uel.br\/prograd\/wp-json\/wp\/v2\/media?parent=3810"}],"curies":[{"name":"wp","href":"https:\/\/api.w.org\/{rel}","templated":true}]}}