{"id":3809,"date":"2023-04-14T10:27:20","date_gmt":"2023-04-14T13:27:20","guid":{"rendered":"https:\/\/sites.uel.br\/prograd\/?page_id=3809"},"modified":"2024-06-12T16:24:50","modified_gmt":"2024-06-12T19:24:50","slug":"cuia-comissao-universidade-para-os-indigenas-membros","status":"publish","type":"page","link":"https:\/\/sites.uel.br\/prograd\/graduacao\/acoes-afirmativas\/cuia-comissao-universidade-para-os-indigenas-membros\/","title":{"rendered":"CUIA (Comiss\u00e3o Universidade Para os Ind\u00edgenas)"},"content":{"rendered":"\n<hr class=\"wp-block-separator has-alpha-channel-opacity is-style-wide\"\/>\n\n\n\n<h3 class=\"wp-block-heading\">MEMBROS<\/h3>\n\n\n\n<div style=\"height:20px\" aria-hidden=\"true\" class=\"wp-block-spacer\"><\/div>\n\n\n\n<p><strong>Coordena\u00e7\u00e3o Colegiada da CUIA\/UEL<\/strong><\/p>\n\n\n\n<p>BETTY ELMER FINATTI<br>(Servi\u00e7o de Bem-Estar \u00e0 Comunidade Universit\u00e1ria &#8211; SEBEC)<br><a rel=\"noreferrer noopener\" href=\"http:\/\/lattes.cnpq.br\/7502078247631532\" target=\"_blank\"><\/a><\/p>\n\n\n\n<p>MARIA JOS\u00c9 GUERRA DE FIGUEIREDO GARCIA<br>(Departamento de Letras Vern\u00e1culas &#8211; CCH)<br><a href=\"http:\/\/lattes.cnpq.br\/0191633197192824\" target=\"_blank\" rel=\"noreferrer noopener\"><\/a><\/p>\n\n\n\n<p>WAGNER ROBERTO DO AMARAL<br>(Departamento de Servi\u00e7o Social &#8211; CESA)<br><a href=\"http:\/\/lattes.cnpq.br\/9045524419196827\" target=\"_blank\" rel=\"noreferrer noopener\"><\/a><\/p>\n\n\n\n<p><br><strong>Docentes Membros da CUIA\/UEL<\/strong><\/p>\n\n\n\n<p>ADRIANA DE OLIVEIRA SILVA<br>(Departamento de Odontologia &#8211; CCS)<br><a rel=\"noreferrer noopener\" href=\"http:\/\/lattes.cnpq.br\/2484231270805015\" target=\"_blank\"><\/a><\/p>\n\n\n\n<p>D\u00c9BORA BEATRIZ MARTINS<br>(Departamento de Estudos de Desenvolvimento Humano \u2013 CEFE)<br><a href=\"http:\/\/lattes.cnpq.br\/7585231041071376\" target=\"_blank\" rel=\"noreferrer noopener\"><\/a><\/p>\n\n\n\n<p>ELIAS BARREIROS<br>(Departamento de Ci\u00eancias Sociais &#8211; CCH)<br><a href=\"http:\/\/lattes.cnpq.br\/3702602300578368\" target=\"_blank\" rel=\"noreferrer noopener\"><\/a><\/p>\n\n\n\n<p>ENEIDA SILVEIRA SANTIAGO<br>(Departamento de Psicologia Social e Institucional \u2013 CCB)<br><a href=\"http:\/\/lattes.cnpq.br\/7242553932852399\" target=\"_blank\" rel=\"noreferrer noopener\"><\/a><\/p>\n\n\n\n<p>GISELE KRODEL RECH<br>(Departamento de Jornalismo &#8211; CECA)<br><a href=\"http:\/\/lattes.cnpq.br\/4481034710600495\" target=\"_blank\" rel=\"noreferrer noopener\"><\/a><\/p>\n\n\n\n<p>KENNEDY PIAU FERREIRA<br>(Departamento de Artes Visuais &#8211; CECA)<br><a href=\"http:\/\/lattes.cnpq.br\/7695958082628876\" target=\"_blank\" rel=\"noreferrer noopener\"><\/a><\/p>\n\n\n\n<p>LUIS MIGUEL LUZIO DOS SANTOS<br>(Departamento de Administra\u00e7\u00e3o \u2013 CESA)<br><a href=\"http:\/\/lattes.cnpq.br\/1912315132182092\" target=\"_blank\" rel=\"noreferrer noopener\"><\/a><\/p>\n\n\n\n<p>MARIA HELENA DANTAS DE MENEZES GUARIENTE<br>(PROGRAD)<br><a href=\"http:\/\/lattes.cnpq.br\/3863628996794219\" target=\"_blank\" rel=\"noreferrer noopener\"><\/a><\/p>\n\n\n\n<p>NADIA MARIA EIDT PINHEIRO<br>(Departamento de Educa\u00e7\u00e3o &#8211; CECA)<br><a href=\"http:\/\/lattes.cnpq.br\/6422720355789299\" target=\"_blank\" rel=\"noreferrer noopener\"><\/a><\/p>\n\n\n\n<p>WANDER DE LARA PROEN\u00c7A<br>(Departamento de Hist\u00f3ria &#8211; CCH)<br><a href=\"http:\/\/lattes.cnpq.br\/3497875179823124\" target=\"_blank\" rel=\"noreferrer noopener\"><\/a><\/p>\n\n\n\n<p><br><strong>Representantes dos Estudantes Ind\u00edgenas na CUIA\/UEL<\/strong><\/p>\n\n\n\n<p>ALEXANDRO DA SILVA<br>(Estudante Guarani do Curso de Administra\u00e7\u00e3o e representante ind\u00edgena CUIA)<br><br>AMAU\u00ca LOUREN\u00c7O GUARANI JACINTHO<br>(Estudante Guarani do Curso de Ci\u00eancias Sociais e representante ind\u00edgena CUIA)<br><br>ELEANDRA DE OLIVEIRA CORDEIRO FRANCO<br>(Estudante Kaingang do Curso de Psicologia e representante ind\u00edgena CUIA)<br><br>SEILA KAVANKAG JUVENCIO SANTOS<br>(Estudante Kaingang do Curso de Pedagogia e representante ind\u00edgena CUIA)<br><br>VAL\u00c9RIA LOUREN\u00c7O JACINTHO<br>(Estudante Guarani do Curso de Medicina e representante ind\u00edgena CUIA)<br><br>YAGO JUNIO DOS SANTOS QUEIROZ<br>(Estudante Fulni-\u00f4 do Curso de Jornalismo e representante ind\u00edgena CUIA)<\/p>\n\n\n\n<p><strong><br>Convidado<\/strong><\/p>\n\n\n\n<p>MARIA IN\u00caS NOBRE OTA<br>(Docente S\u00eanior do Ciclo Intercultural de Inicia\u00e7\u00e3o Acad\u00eamica dos Estudantes Ind\u00edgenas \u2013 CUIA\/PROGRAD)<br><a rel=\"noreferrer noopener\" href=\"http:\/\/lattes.cnpq.br\/0736655035109402\" target=\"_blank\"><\/a><\/p>\n","protected":false},"excerpt":{"rendered":"<p>MEMBROS Coordena\u00e7\u00e3o Colegiada da CUIA\/UEL BETTY ELMER FINATTI(Servi\u00e7o de Bem-Estar \u00e0 Comunidade Universit\u00e1ria &#8211; SEBEC) MARIA JOS\u00c9 GUERRA DE FIGUEIREDO GARCIA(Departamento de Letras Vern\u00e1culas &#8211; CCH) WAGNER ROBERTO DO AMARAL(Departamento de Servi\u00e7o Social &#8211; CESA) Docentes Membros da CUIA\/UEL ADRIANA DE OLIVEIRA SILVA(Departamento de Odontologia &#8211; CCS) D\u00c9BORA BEATRIZ MARTINS(Departamento de Estudos de Desenvolvimento Humano [&hellip;]<\/p>\n","protected":false},"author":8,"featured_media":0,"parent":164,"menu_order":0,"comment_status":"closed","ping_status":"closed","template":"","meta":{"_acf_changed":false,"_themeisle_gutenberg_block_has_review":false,"footnotes":""},"class_list":["post-3809","page","type-page","status-publish","hentry"],"acf":[],"_links":{"self":[{"href":"https:\/\/sites.uel.br\/prograd\/wp-json\/wp\/v2\/pages\/3809","targetHints":{"allow":["GET"]}}],"collection":[{"href":"https:\/\/sites.uel.br\/prograd\/wp-json\/wp\/v2\/pages"}],"about":[{"href":"https:\/\/sites.uel.br\/prograd\/wp-json\/wp\/v2\/types\/page"}],"author":[{"embeddable":true,"href":"https:\/\/sites.uel.br\/prograd\/wp-json\/wp\/v2\/users\/8"}],"replies":[{"embeddable":true,"href":"https:\/\/sites.uel.br\/prograd\/wp-json\/wp\/v2\/comments?post=3809"}],"version-history":[{"count":11,"href":"https:\/\/sites.uel.br\/prograd\/wp-json\/wp\/v2\/pages\/3809\/revisions"}],"predecessor-version":[{"id":30557,"href":"https:\/\/sites.uel.br\/prograd\/wp-json\/wp\/v2\/pages\/3809\/revisions\/30557"}],"up":[{"embeddable":true,"href":"https:\/\/sites.uel.br\/prograd\/wp-json\/wp\/v2\/pages\/164"}],"wp:attachment":[{"href":"https:\/\/sites.uel.br\/prograd\/wp-json\/wp\/v2\/media?parent=3809"}],"curies":[{"name":"wp","href":"https:\/\/api.w.org\/{rel}","templated":true}]}}