{"id":3808,"date":"2023-04-14T10:27:10","date_gmt":"2023-04-14T13:27:10","guid":{"rendered":"https:\/\/sites.uel.br\/prograd\/?page_id=3808"},"modified":"2024-06-12T16:24:46","modified_gmt":"2024-06-12T19:24:46","slug":"cuia-comissao-universidade-para-os-indigenas-estudantes","status":"publish","type":"page","link":"https:\/\/sites.uel.br\/prograd\/graduacao\/acoes-afirmativas\/cuia-comissao-universidade-para-os-indigenas-estudantes\/","title":{"rendered":"CUIA (Comiss\u00e3o Universidade Para os Ind\u00edgenas)"},"content":{"rendered":"\n<hr class=\"wp-block-separator has-alpha-channel-opacity is-style-wide\"\/>\n\n\n\n<h3 class=\"wp-block-heading\">ESTUDANTES<\/h3>\n\n\n\n<div style=\"height:20px\" aria-hidden=\"true\" class=\"wp-block-spacer\"><\/div>\n\n\n\n<p class=\"has-text-align-center\"><strong>Presen\u00e7a Ind\u00edgena no Estado do Paran\u00e1<\/strong><\/p>\n\n\n<div class=\"wp-block-image\">\n<figure class=\"aligncenter size-full\"><img loading=\"lazy\" decoding=\"async\" width=\"569\" height=\"397\" src=\"https:\/\/sites.uel.br\/prograd\/wp-content\/uploads\/2023\/04\/mapa_indigena_569x397.jpg\" alt=\"\" class=\"wp-image-3833\" srcset=\"https:\/\/sites.uel.br\/prograd\/wp-content\/uploads\/2023\/04\/mapa_indigena_569x397.jpg 569w, https:\/\/sites.uel.br\/prograd\/wp-content\/uploads\/2023\/04\/mapa_indigena_569x397-300x209.jpg 300w\" sizes=\"auto, (max-width: 569px) 100vw, 569px\" \/><\/figure>\n<\/div>\n\n\n<figure class=\"wp-block-table\"><table><tbody><tr><td><strong>1<\/strong><\/td><td>Terra ind\u00edgena Oco\u00ed<\/td><\/tr><tr><td><strong>2<\/strong><\/td><td>Terra ind\u00edgena Rio das Cobras<\/td><\/tr><tr><td><strong>3<\/strong><\/td><td>Terra ind\u00edgena Mangueirinha<\/td><\/tr><tr><td><strong>4<\/strong><\/td><td>Terra ind\u00edgena Palmas<\/td><\/tr><tr><td><strong>5<\/strong><\/td><td>Terra ind\u00edgena Marrecas<\/td><\/tr><tr><td><strong>6<\/strong><\/td><td>Terra ind\u00edgena Iva\u00ed<\/td><\/tr><tr><td><strong>7<\/strong><\/td><td>Terra ind\u00edgena Faxinal<\/td><\/tr><tr><td><strong>8<\/strong><\/td><td>Terra ind\u00edgena Rio D&#8217;Areia<\/td><\/tr><tr><td><strong>9<\/strong><\/td><td>Terra ind\u00edgena Queimadas<\/td><\/tr><tr><td><strong>10<\/strong><\/td><td>Terra ind\u00edgena Apucaraninha<\/td><\/tr><tr><td><strong>11<\/strong><\/td><td>Terra ind\u00edgena Bar\u00e3o de Antonina<\/td><\/tr><tr><td><strong>12<\/strong><\/td><td>Terra ind\u00edgena S\u00e3o Jer\u00f4nimo da Serra<\/td><\/tr><tr><td><strong>13<\/strong><\/td><td>Terra ind\u00edgena Laranjinha<\/td><\/tr><tr><td><strong>14<\/strong><\/td><td>Terra ind\u00edgena Pinhalzinho<\/td><\/tr><tr><td><strong>15<\/strong><\/td><td>Terra ind\u00edgena Ilha da Cotinga<\/td><\/tr><tr><td><strong>16<\/strong><\/td><td>Terra ind\u00edgena Mococa<\/td><\/tr><tr><td><strong>17<\/strong><\/td><td>Terra ind\u00edgena Tekoha-A\u00f1etet\u00ea<\/td><\/tr><\/tbody><\/table><\/figure>\n\n\n\n<p><strong>Relatos e fotos de acad\u00eamicos ind\u00edgenas matriculados na UEL<\/strong><\/p>\n\n\n\n<div style=\"height:20px\" aria-hidden=\"true\" class=\"wp-block-spacer\"><\/div>\n\n\n\n<p><a rel=\"noreferrer noopener\" href=\"https:\/\/www.facebook.com\/alexandro.silva.792740?fref=nf\" target=\"_blank\"><strong>Alexandro Silva<\/strong><\/a><br><strong>Etnia: Guarani Nhandewa<br>Curso: Administra\u00e7\u00e3o<br>Terra Indigena Pinhalzinho<br>Munic\u00edpio: Tomazina<br><\/strong><em>Entrar na universidade foi a chance de adquirir mais conhecimentos para poder ajudar minha comunidade, sem deixar a cultura materna de lado, ou seja, n\u00e3o deixar o que aprendi com meu povo de lado mas sim, complementar esses novos conhecimentos em beneficio do nosso povo.<\/em><\/p>\n\n\n\n<div style=\"height:20px\" aria-hidden=\"true\" class=\"wp-block-spacer\"><\/div>\n\n\n\n<p><a rel=\"noreferrer noopener\" href=\"https:\/\/www.facebook.com\/aline.daniele.549?fref=nf\" target=\"_blank\"><strong>Aline Daniele Correia<\/strong><\/a><br><strong>Etnia: Guarani<br>curso: Servi\u00e7o Social<br>Terra Ind\u00edgena S\u00e3o Jer\u00f4nimo<\/strong><br><strong>Munic\u00edpio: S\u00e3o Jer\u00f4nimo da Serra<\/strong><br><em>Entrar na universidade me possibilitou deparar com um modo de vida diferente, com outros modos de pensar, de agir, de conceber o conhecimento, de apreender e dar significado ao mundo; ou seja, fez com que eu refletisse sobre outras culturas e sobre a minha pr\u00f3pria cultura. Sendo assim uma troca de experi\u00eancia e sem esquecer de onde eu vim e quem eu sou.<\/em><\/p>\n\n\n\n<div style=\"height:20px\" aria-hidden=\"true\" class=\"wp-block-spacer\"><\/div>\n\n\n\n<p><a rel=\"noreferrer noopener\" href=\"https:\/\/www.facebook.com\/amanda.ribas.90?fref=nf\" target=\"_blank\"><strong>Amanda Pinto Ribas<\/strong><\/a><br><strong>Etnia: Kaingang<br>Curso: Medicina<br>Aldeia: Cacique Kret\u00e3<\/strong><br><strong>Munic\u00edpio:<br><\/strong><em>&#8220;Tudo posso naquele que me fortalece.&#8221; Filipenses 4:13&nbsp;<br>Todos os dias Ele tem me fortalecido, se estou aqui \u00e9 porque existe um prop\u00f3sito no qual eu fui escolhida. Muitos julgam, mas poucos conhecem a sua hist\u00f3ria. Independente das circunst\u00e2ncias nunca podemos desistir. Minha fam\u00edlia e meu povo contam com minha ajuda.<\/em><\/p>\n\n\n\n<div style=\"height:20px\" aria-hidden=\"true\" class=\"wp-block-spacer\"><\/div>\n\n\n\n<p><strong>Amaue Jacintho<\/strong><br><strong>Etnia: Guarani<br>Curso: Ci\u00eancias Sociais<br>Terra Ind\u00edgena Laranjinha<br>Munic\u00edpio: Santa Am\u00e9lia<br><\/strong><em>Saber conviver com diferen\u00e7as nos torna humanos, respeitar o modo de vida de cada um nos torna civilizados, e aprender essas quest\u00f5es nas universidades, com certeza seria a maior prova da evolu\u00e7\u00e3o humana.<\/em><\/p>\n\n\n\n<div style=\"height:20px\" aria-hidden=\"true\" class=\"wp-block-spacer\"><\/div>\n\n\n\n<p><a rel=\"noreferrer noopener\" href=\"https:\/\/www.facebook.com\/danter.luanamaral?fref=nf\" target=\"_blank\"><strong>Danter Luan Amaral<\/strong><\/a><br><strong>Etnia: Kaingang<br>Curso: Educa\u00e7\u00e3o F\u00edsica<br>Terra Ind\u00edgena S\u00e3o Jer\u00f4nimo<\/strong><br><strong>Munic\u00edpio: S\u00e3o Jer\u00f4nimo da Serra<\/strong><br><em>Entrar em uma universidade foi uma das maiores conquista que j\u00e1 consegui realizar. Com isso, venho tentando buscar e aprimorar novos conhecimentos e viver novas experi\u00eancias, sem esquecer de minha cultura, de onde venho e de quem sou.<\/em><\/p>\n\n\n\n<div style=\"height:20px\" aria-hidden=\"true\" class=\"wp-block-spacer\"><\/div>\n\n\n\n<p><a rel=\"noreferrer noopener\" href=\"https:\/\/www.facebook.com\/elon.jacintho?fref=nf\" target=\"_blank\"><strong>Elon Lucas Jacintho<\/strong><\/a><br><strong>Curso: Ciclo Intercultural de Inicia\u00e7\u00e3o Acad\u00eamica dos Estudantes Ind\u00edgenas<br>Etnia: Guarani Nhandewa<br>Terra Ind\u00edgena Laranjinha<br>Munic\u00edpio: Santa Am\u00e9lia<br><\/strong><em>O que eu espero da universidade \u00e9 me formar.<\/em><\/p>\n\n\n\n<div style=\"height:20px\" aria-hidden=\"true\" class=\"wp-block-spacer\"><\/div>\n\n\n\n<p><a rel=\"noreferrer noopener\" href=\"https:\/\/www.facebook.com\/miriam.viegas.5?fref=nf\" target=\"_blank\"><strong>Miriam Alessandra de Moraes Viegas<\/strong><\/a><br><strong>Etnia: Guarani Nhandewa<br>Curso: Medicina<br>Terra Ind\u00edgena Laranjinha<br>Munic\u00edpio: Santa Am\u00e9lia<br><\/strong><em>&#8220;Opte por aquilo que faz seu cora\u00e7\u00e3o vibrar, apesar de todas as consequ\u00eancias&#8221;&nbsp;(Osho).<\/em><br><em>Foi o que fiz, realmente n\u00e3o esta sendo f\u00e1cil mas pretendo lutar, pois foi assim que aprendi: ser guerreira, m\u00e3e, amiga e, acima de tudo, ser vitoriosa, al\u00e9m de um dia, retornar com todos esses conhecimentos para o meu povo e fazer a diferen\u00e7a.<\/em><\/p>\n\n\n\n<div style=\"height:20px\" aria-hidden=\"true\" class=\"wp-block-spacer\"><\/div>\n\n\n\n<p><strong>Nadia Jacintho Alves<\/strong><br><strong>Curso: Medicina Veterin\u00e1ria<br>Etnia: Guarani Nhandewa<br>Terra Ind\u00edgena Laranjinha<br>Munic\u00edpio: Santa Am\u00e9lia<br><\/strong><em>&#8220;Tra\u00e7ar o meu caminho com novos conhecimentos,<br>Da adversidade vem a experi\u00eancia e a oportunidade&nbsp;<br>Para se ficar cada vez melhor e crescer&#8230;<br>E encarar o medo de novas mudan\u00e7as, coisas boas;<br>E outras melhores ainda&#8230;<br>&#8220;Ser sempre humilde&#8221; (como diz o meu Pai Mario Jacintho).<br>E que ao final eu possa sentir satisfa\u00e7\u00e3o e de alguma forma,<br>Passar esses conhecimentos adquiridos para a minha comunidade!!!<\/em><\/p>\n\n\n\n<div style=\"height:20px\" aria-hidden=\"true\" class=\"wp-block-spacer\"><\/div>\n\n\n\n<p><strong><a rel=\"noreferrer noopener\" href=\"https:\/\/www.facebook.com\/valeria.jacintho.9\" target=\"_blank\">Val\u00e9ria Louren\u00e7o Jacintho<\/a><\/strong><br><strong>Curso: Medicina&nbsp;<br>Etnia: Guarani Nhandewa<\/strong><br><strong>Terra Ind\u00edgena Laranjinha<\/strong><br><strong>Munic\u00edpio: Santa Am\u00e9lia<\/strong><br><em>A sociedade evolui o tempo todo e n\u00f3s como ind\u00edgenas precisamos acompanhar essa evolu\u00e7\u00e3o e a melhor maneira de encarar essa realidade \u00e9 atrav\u00e9s da educa\u00e7\u00e3o. Universidade representa a porta de entrada para conquista dos direitos de nossos Povos Ind\u00edgenas. \u00c9 aqui que vamos adquirir novos conhecimentos e trocar experi\u00eancias, enquanto estudantes, sem esquecermos de quem somos e de onde viemos.<\/em><\/p>\n\n\n\n<div style=\"height:20px\" aria-hidden=\"true\" class=\"wp-block-spacer\"><\/div>\n\n\n\n<p><strong><a rel=\"noreferrer noopener\" href=\"https:\/\/www.facebook.com\/seila.juvencio?fref=nf\" target=\"_blank\">Seila Kavankag Juv\u00eancio dos Santos<\/a><\/strong><br><strong>Etnia: Kaingang<br>Curso: Pedagogia<br>Terra Ind\u00edgena Bar\u00e3o de Antonina<\/strong><br><strong>Munic\u00edpio: S\u00e3o Jer\u00f4nimo da Serra<\/strong><br><em>Entrar na Universidade para mim \u00e9 um sonho que ser\u00e1 totalmente realizado quando eu concluir o curso que pretendo. Sendo assim, podendo levar todo o conhecimento que adquiri na Universidade para minha aldeia.<\/em><\/p>\n","protected":false},"excerpt":{"rendered":"<p>ESTUDANTES Presen\u00e7a Ind\u00edgena no Estado do Paran\u00e1 1 Terra ind\u00edgena Oco\u00ed 2 Terra ind\u00edgena Rio das Cobras 3 Terra ind\u00edgena Mangueirinha 4 Terra ind\u00edgena Palmas 5 Terra ind\u00edgena Marrecas 6 Terra ind\u00edgena Iva\u00ed 7 Terra ind\u00edgena Faxinal 8 Terra ind\u00edgena Rio D&#8217;Areia 9 Terra ind\u00edgena Queimadas 10 Terra ind\u00edgena Apucaraninha 11 Terra ind\u00edgena Bar\u00e3o de [&hellip;]<\/p>\n","protected":false},"author":8,"featured_media":0,"parent":164,"menu_order":0,"comment_status":"closed","ping_status":"closed","template":"","meta":{"_acf_changed":false,"_themeisle_gutenberg_block_has_review":false,"footnotes":""},"class_list":["post-3808","page","type-page","status-publish","hentry"],"acf":[],"_links":{"self":[{"href":"https:\/\/sites.uel.br\/prograd\/wp-json\/wp\/v2\/pages\/3808","targetHints":{"allow":["GET"]}}],"collection":[{"href":"https:\/\/sites.uel.br\/prograd\/wp-json\/wp\/v2\/pages"}],"about":[{"href":"https:\/\/sites.uel.br\/prograd\/wp-json\/wp\/v2\/types\/page"}],"author":[{"embeddable":true,"href":"https:\/\/sites.uel.br\/prograd\/wp-json\/wp\/v2\/users\/8"}],"replies":[{"embeddable":true,"href":"https:\/\/sites.uel.br\/prograd\/wp-json\/wp\/v2\/comments?post=3808"}],"version-history":[{"count":15,"href":"https:\/\/sites.uel.br\/prograd\/wp-json\/wp\/v2\/pages\/3808\/revisions"}],"predecessor-version":[{"id":30556,"href":"https:\/\/sites.uel.br\/prograd\/wp-json\/wp\/v2\/pages\/3808\/revisions\/30556"}],"up":[{"embeddable":true,"href":"https:\/\/sites.uel.br\/prograd\/wp-json\/wp\/v2\/pages\/164"}],"wp:attachment":[{"href":"https:\/\/sites.uel.br\/prograd\/wp-json\/wp\/v2\/media?parent=3808"}],"curies":[{"name":"wp","href":"https:\/\/api.w.org\/{rel}","templated":true}]}}