{"id":37193,"date":"2026-04-13T16:33:57","date_gmt":"2026-04-13T19:33:57","guid":{"rendered":"https:\/\/sites.uel.br\/prograd\/?page_id=37193"},"modified":"2026-04-14T09:08:13","modified_gmt":"2026-04-14T12:08:13","slug":"programa-paranaense-de-aprendizado-pratico-e-integracao-universidade-sociedade-nucleo-de-insercao-profissional-nip-uel-contato","status":"publish","type":"page","link":"https:\/\/sites.uel.br\/prograd\/programa-paranaense-de-aprendizado-pratico-e-integracao-universidade-sociedade-nucleo-de-insercao-profissional-nip-uel-contato\/","title":{"rendered":"Programa Paranaense de Aprendizado Pr\u00e1tico e Integra\u00e7\u00e3o Universidade-Sociedade \u2013 N\u00facleo de Inser\u00e7\u00e3o Profissional (NIP\/UEL)"},"content":{"rendered":"\n<hr class=\"wp-block-separator has-alpha-channel-opacity is-style-wide\"\/>\n\n\n\n<div style=\"height:10px\" aria-hidden=\"true\" class=\"wp-block-spacer\"><\/div>\n\n\n\n<div class=\"wp-block-columns is-layout-flex wp-container-core-columns-is-layout-9d6595d7 wp-block-columns-is-layout-flex\">\n<div class=\"wp-block-column is-layout-flow wp-block-column-is-layout-flow\">\n<div class=\"wp-block-buttons is-layout-flex wp-block-buttons-is-layout-flex\">\n<div class=\"wp-block-button has-custom-width wp-block-button__width-100 is-style-outline is-style-outline--1\"><a class=\"wp-block-button__link has-white-color has-verde-background-color has-text-color has-background has-medium-font-size has-custom-font-size wp-element-button\" href=\"https:\/\/sites.uel.br\/prograd\/programa-paranaense-de-aprendizado-pratico-e-integracao-universidade-sociedade-nucleo-de-insercao-profissional-nip-uel-apresentacao\/\" style=\"border-radius:0px\">APRESENTA\u00c7\u00c3O<\/a><\/div>\n<\/div>\n<\/div>\n\n\n\n<div class=\"wp-block-column is-layout-flow wp-block-column-is-layout-flow\">\n<div class=\"wp-block-buttons is-layout-flex wp-block-buttons-is-layout-flex\">\n<div class=\"wp-block-button has-custom-width wp-block-button__width-100 is-style-outline is-style-outline--2\"><a class=\"wp-block-button__link has-white-color has-verde-background-color has-text-color has-background has-medium-font-size has-custom-font-size wp-element-button\" href=\"https:\/\/sites.uel.br\/prograd\/programa-paranaense-de-aprendizado-pratico-e-integracao-universidade-sociedade-nucleo-de-insercao-profissional-nip-uel-contato\/\" style=\"border-radius:0px\">CONTATO<\/a><\/div>\n<\/div>\n<\/div>\n\n\n\n<div class=\"wp-block-column is-layout-flow wp-block-column-is-layout-flow\">\n<div class=\"wp-block-buttons is-layout-flex wp-block-buttons-is-layout-flex\"><\/div>\n<\/div>\n\n\n\n<div class=\"wp-block-column is-layout-flow wp-block-column-is-layout-flow\">\n<div class=\"wp-block-buttons is-layout-flex wp-block-buttons-is-layout-flex\"><\/div>\n<\/div>\n<\/div>\n\n\n\n<h2 class=\"wp-block-heading\">Contato<\/h2>\n\n\n\n<p class=\"has-text-align-left\">Siga <a href=\"https:\/\/www.instagram.com\/nip_uel\">@nip_uel<\/a> para saber mais.<\/p>\n\n\n\n<p class=\"has-text-align-left\">E-mail: <a href=\"mailto:nip@uel.br\">nip@uel.br<\/a><\/p>\n\n\n\n<p class=\"has-text-align-center\"><\/p>\n","protected":false},"excerpt":{"rendered":"<p>Contato Siga @nip_uel para saber mais. E-mail: nip@uel.br<\/p>\n","protected":false},"author":8,"featured_media":0,"parent":0,"menu_order":0,"comment_status":"closed","ping_status":"closed","template":"","meta":{"_acf_changed":false,"_themeisle_gutenberg_block_has_review":false,"footnotes":""},"class_list":["post-37193","page","type-page","status-publish","hentry"],"acf":[],"_links":{"self":[{"href":"https:\/\/sites.uel.br\/prograd\/wp-json\/wp\/v2\/pages\/37193","targetHints":{"allow":["GET"]}}],"collection":[{"href":"https:\/\/sites.uel.br\/prograd\/wp-json\/wp\/v2\/pages"}],"about":[{"href":"https:\/\/sites.uel.br\/prograd\/wp-json\/wp\/v2\/types\/page"}],"author":[{"embeddable":true,"href":"https:\/\/sites.uel.br\/prograd\/wp-json\/wp\/v2\/users\/8"}],"replies":[{"embeddable":true,"href":"https:\/\/sites.uel.br\/prograd\/wp-json\/wp\/v2\/comments?post=37193"}],"version-history":[{"count":7,"href":"https:\/\/sites.uel.br\/prograd\/wp-json\/wp\/v2\/pages\/37193\/revisions"}],"predecessor-version":[{"id":37219,"href":"https:\/\/sites.uel.br\/prograd\/wp-json\/wp\/v2\/pages\/37193\/revisions\/37219"}],"wp:attachment":[{"href":"https:\/\/sites.uel.br\/prograd\/wp-json\/wp\/v2\/media?parent=37193"}],"curies":[{"name":"wp","href":"https:\/\/api.w.org\/{rel}","templated":true}]}}