{"id":37145,"date":"2026-04-07T15:06:17","date_gmt":"2026-04-07T18:06:17","guid":{"rendered":"https:\/\/sites.uel.br\/prograd\/?page_id=37145"},"modified":"2026-04-07T15:17:16","modified_gmt":"2026-04-07T18:17:16","slug":"editais-2026-em-conjunto-com-outros-orgaos-setores-da-uel-prograd-ari","status":"publish","type":"page","link":"https:\/\/sites.uel.br\/prograd\/editais-2026-em-conjunto-com-outros-orgaos-setores-da-uel-prograd-ari\/","title":{"rendered":"Editais ARI"},"content":{"rendered":"\n<hr class=\"wp-block-separator has-alpha-channel-opacity is-style-wide\"\/>\n\n\n\n<h2 class=\"wp-block-heading\">Em Conjunto com Outros \u00d3rg\u00e3os\/Setores da UEL<\/h2>\n\n\n\n<h3 class=\"wp-block-heading\">PROGRAD\/ARI<\/h3>\n\n\n\n<h3 class=\"wp-block-heading\">2026<\/h3>\n\n\n\n<p><a href=\"https:\/\/sites.uel.br\/prograd\/wp-content\/uploads\/documentos\/editais\/2026\/ari\/edital_prograd_ari_01_26.pdf\" target=\"_blank\" rel=\"noreferrer noopener\">Edital Prograd\/Ari 01\/2026 \u2013 Torna p\u00fablico o edital de abertura de inscri\u00e7\u00f5es para sele\u00e7\u00e3o de estudantes de gradua\u00e7\u00e3o para indica\u00e7\u00e3o de candidaturas ao Programa Futuros L\u00edderes nas Am\u00e9ricas \/ Emerging Leaders in the Americas Program (ELAP), para mobilidade acad\u00eamica em universidades canadenses com as quais a UEL possui acordo bilateral<\/a><\/p>\n\n\n\n<p><\/p>\n\n\n\n<p><\/p>\n","protected":false},"excerpt":{"rendered":"<p>Em Conjunto com Outros \u00d3rg\u00e3os\/Setores da UEL PROGRAD\/ARI 2026 Edital Prograd\/Ari 01\/2026 \u2013 Torna p\u00fablico o edital de abertura de inscri\u00e7\u00f5es para sele\u00e7\u00e3o de estudantes de gradua\u00e7\u00e3o para indica\u00e7\u00e3o de candidaturas ao Programa Futuros L\u00edderes nas Am\u00e9ricas \/ Emerging Leaders in the Americas Program (ELAP), para mobilidade acad\u00eamica em universidades canadenses com as quais a [&hellip;]<\/p>\n","protected":false},"author":8,"featured_media":0,"parent":0,"menu_order":0,"comment_status":"closed","ping_status":"closed","template":"","meta":{"_acf_changed":false,"_themeisle_gutenberg_block_has_review":false,"footnotes":""},"class_list":["post-37145","page","type-page","status-publish","hentry"],"acf":[],"_links":{"self":[{"href":"https:\/\/sites.uel.br\/prograd\/wp-json\/wp\/v2\/pages\/37145","targetHints":{"allow":["GET"]}}],"collection":[{"href":"https:\/\/sites.uel.br\/prograd\/wp-json\/wp\/v2\/pages"}],"about":[{"href":"https:\/\/sites.uel.br\/prograd\/wp-json\/wp\/v2\/types\/page"}],"author":[{"embeddable":true,"href":"https:\/\/sites.uel.br\/prograd\/wp-json\/wp\/v2\/users\/8"}],"replies":[{"embeddable":true,"href":"https:\/\/sites.uel.br\/prograd\/wp-json\/wp\/v2\/comments?post=37145"}],"version-history":[{"count":3,"href":"https:\/\/sites.uel.br\/prograd\/wp-json\/wp\/v2\/pages\/37145\/revisions"}],"predecessor-version":[{"id":37152,"href":"https:\/\/sites.uel.br\/prograd\/wp-json\/wp\/v2\/pages\/37145\/revisions\/37152"}],"wp:attachment":[{"href":"https:\/\/sites.uel.br\/prograd\/wp-json\/wp\/v2\/media?parent=37145"}],"curies":[{"name":"wp","href":"https:\/\/api.w.org\/{rel}","templated":true}]}}