{"id":3713,"date":"2023-04-13T15:42:32","date_gmt":"2023-04-13T18:42:32","guid":{"rendered":"https:\/\/sites.uel.br\/prograd\/?page_id=3713"},"modified":"2024-01-18T08:34:36","modified_gmt":"2024-01-18T11:34:36","slug":"residencia-pedagogica-apresentacao","status":"publish","type":"page","link":"https:\/\/sites.uel.br\/prograd\/residencia-pedagogica-apresentacao\/","title":{"rendered":"Resid\u00eancia Pedag\u00f3gica"},"content":{"rendered":"\n<hr class=\"wp-block-separator has-alpha-channel-opacity is-style-wide\"\/>\n\n\n\n<h2 class=\"wp-block-heading\">Apresenta\u00e7\u00e3o<\/h2>\n\n\n\n<p><strong>O que \u00e9 a Resid\u00eancia Pedag\u00f3gica:<\/strong><\/p>\n\n\n\n<p>O Programa de Resid\u00eancia Pedag\u00f3gica \u00e9 uma das a\u00e7\u00f5es que integram a Pol\u00edtica Nacional de Forma\u00e7\u00e3o de Professores e tem por objetivo induzir o aperfei\u00e7oamento do est\u00e1gio curricular supervisionado nos cursos de licenciatura, promovendo a imers\u00e3o do licenciando na escola de educa\u00e7\u00e3o b\u00e1sica, a partir da segunda metade de seu curso.<\/p>\n\n\n\n<p>Essa imers\u00e3o deve contemplar, entre outras atividades, reg\u00eancia de sala de aula e interven\u00e7\u00e3o pedag\u00f3gica, acompanhadas por um professor da escola com experi\u00eancia na \u00e1rea de ensino do licenciando e orientada por um docente da sua Institui\u00e7\u00e3o Formadora.<\/p>\n\n\n\n<p>A Resid\u00eancia Pedag\u00f3gica, articulada aos demais programas da Capes comp\u00f5em a Pol\u00edtica Nacional, tem como premissas b\u00e1sicas o entendimento de que a forma\u00e7\u00e3o de professores nos cursos de licenciatura deve assegurar aos seus egressos, habilidades e compet\u00eancias que lhes permitam realizar um ensino de qualidade nas escolas de educa\u00e7\u00e3o b\u00e1sica.<\/p>\n","protected":false},"excerpt":{"rendered":"<p>Apresenta\u00e7\u00e3o O que \u00e9 a Resid\u00eancia Pedag\u00f3gica: O Programa de Resid\u00eancia Pedag\u00f3gica \u00e9 uma das a\u00e7\u00f5es que integram a Pol\u00edtica Nacional de Forma\u00e7\u00e3o de Professores e tem por objetivo induzir o aperfei\u00e7oamento do est\u00e1gio curricular supervisionado nos cursos de licenciatura, promovendo a imers\u00e3o do licenciando na escola de educa\u00e7\u00e3o b\u00e1sica, a partir da segunda metade [&hellip;]<\/p>\n","protected":false},"author":8,"featured_media":0,"parent":0,"menu_order":0,"comment_status":"closed","ping_status":"closed","template":"","meta":{"_acf_changed":false,"_themeisle_gutenberg_block_has_review":false,"footnotes":""},"class_list":["post-3713","page","type-page","status-publish","hentry"],"acf":[],"_links":{"self":[{"href":"https:\/\/sites.uel.br\/prograd\/wp-json\/wp\/v2\/pages\/3713","targetHints":{"allow":["GET"]}}],"collection":[{"href":"https:\/\/sites.uel.br\/prograd\/wp-json\/wp\/v2\/pages"}],"about":[{"href":"https:\/\/sites.uel.br\/prograd\/wp-json\/wp\/v2\/types\/page"}],"author":[{"embeddable":true,"href":"https:\/\/sites.uel.br\/prograd\/wp-json\/wp\/v2\/users\/8"}],"replies":[{"embeddable":true,"href":"https:\/\/sites.uel.br\/prograd\/wp-json\/wp\/v2\/comments?post=3713"}],"version-history":[{"count":4,"href":"https:\/\/sites.uel.br\/prograd\/wp-json\/wp\/v2\/pages\/3713\/revisions"}],"predecessor-version":[{"id":16752,"href":"https:\/\/sites.uel.br\/prograd\/wp-json\/wp\/v2\/pages\/3713\/revisions\/16752"}],"wp:attachment":[{"href":"https:\/\/sites.uel.br\/prograd\/wp-json\/wp\/v2\/media?parent=3713"}],"curies":[{"name":"wp","href":"https:\/\/api.w.org\/{rel}","templated":true}]}}